{"id":156290,"date":"2022-04-04T16:38:29","date_gmt":"2022-04-04T14:38:29","guid":{"rendered":"https:\/\/www.rimadesio.it\/?post_type=product&#038;p=156290"},"modified":"2025-07-28T12:24:55","modified_gmt":"2025-07-28T10:24:55","slug":"self-plan","status":"publish","type":"product","link":"https:\/\/www.rimadesio.it\/de\/produkt\/self-plan\/","title":{"rendered":"Self Plan"},"content":{"rendered":"<p>Das neue Self-Plan-System ist in Wandkompositionen oder Kompositionen erh\u00e4ltlich, die in die Modulor-Boiserie. Das Angebot umfasst besondere H\u00e4ngeregale, auf denen bestimmte Beh\u00e4lter frei abgestellt werden k\u00f6nnen.<\/p>\n","protected":false},"featured_media":0,"template":"","product_category":[279,611,271],"acf":[],"yoast_head":"<!-- This site is optimized with the Yoast SEO plugin v20.4 - https:\/\/yoast.com\/wordpress\/plugins\/seo\/ -->\n<title>Self Plan - Rimadesio<\/title>\n<meta name=\"description\" content=\"Das neue Self-Plan-System ist in Wandkompositionen oder Kompositionen erh\u00e4ltlich, die in die Modulor-Boiserie. Das Angebot umfasst besondere H\u00e4ngeregale,\" \/>\n<meta name=\"robots\" content=\"index, follow, max-snippet:-1, max-image-preview:large, max-video-preview:-1\" \/>\n<link rel=\"canonical\" href=\"https:\/\/www.rimadesio.it\/de\/produkt\/self-plan\/\" \/>\n<meta property=\"og:locale\" content=\"de_DE\" \/>\n<meta property=\"og:type\" content=\"article\" \/>\n<meta property=\"og:title\" content=\"Self Plan - Rimadesio\" \/>\n<meta property=\"og:description\" content=\"Das neue Self-Plan-System ist in Wandkompositionen oder Kompositionen erh\u00e4ltlich, die in die Modulor-Boiserie. Das Angebot umfasst besondere H\u00e4ngeregale,\" \/>\n<meta property=\"og:url\" content=\"https:\/\/www.rimadesio.it\/de\/produkt\/self-plan\/\" \/>\n<meta property=\"og:site_name\" content=\"Rimadesio\" \/>\n<meta property=\"article:modified_time\" content=\"2025-07-28T10:24:55+00:00\" \/>\n<meta name=\"twitter:card\" content=\"summary_large_image\" \/>\n<meta name=\"twitter:label1\" content=\"Est. reading time\" \/>\n\t<meta name=\"twitter:data1\" content=\"1 minute\" \/>\n<script type=\"application\/ld+json\" class=\"yoast-schema-graph\">{\"@context\":\"https:\/\/schema.org\",\"@graph\":[{\"@type\":\"WebPage\",\"@id\":\"https:\/\/www.rimadesio.it\/de\/produkt\/self-plan\/\",\"url\":\"https:\/\/www.rimadesio.it\/de\/produkt\/self-plan\/\",\"name\":\"Self Plan - Rimadesio\",\"isPartOf\":{\"@id\":\"https:\/\/www.rimadesio.it\/de\/#website\"},\"datePublished\":\"2022-04-04T14:38:29+00:00\",\"dateModified\":\"2025-07-28T10:24:55+00:00\",\"description\":\"Das neue Self-Plan-System ist in Wandkompositionen oder Kompositionen erh\u00e4ltlich, die in die Modulor-Boiserie. Das Angebot umfasst besondere H\u00e4ngeregale,\",\"breadcrumb\":{\"@id\":\"https:\/\/www.rimadesio.it\/de\/produkt\/self-plan\/#breadcrumb\"},\"inLanguage\":\"de-DE\",\"potentialAction\":[{\"@type\":\"ReadAction\",\"target\":[\"https:\/\/www.rimadesio.it\/de\/produkt\/self-plan\/\"]}]},{\"@type\":\"BreadcrumbList\",\"@id\":\"https:\/\/www.rimadesio.it\/de\/produkt\/self-plan\/#breadcrumb\",\"itemListElement\":[{\"@type\":\"ListItem\",\"position\":1,\"name\":\"Homepage\",\"item\":\"https:\/\/www.rimadesio.it\/de\/\"},{\"@type\":\"ListItem\",\"position\":2,\"name\":\"Produkte\",\"item\":\"https:\/\/www.rimadesio.it\/de\/produkt\/\"},{\"@type\":\"ListItem\",\"position\":3,\"name\":\"Wohnsysteme\",\"item\":\"https:\/\/www.rimadesio.it\/de\/produktkategorie\/wohnraum\/\"},{\"@type\":\"ListItem\",\"position\":4,\"name\":\"Modulare M\u00f6bel\",\"item\":\"https:\/\/www.rimadesio.it\/de\/produktkategorie\/wohnraum\/modulare-systeme\/\"},{\"@type\":\"ListItem\",\"position\":5,\"name\":\"Self Plan\"}]},{\"@type\":\"WebSite\",\"@id\":\"https:\/\/www.rimadesio.it\/de\/#website\",\"url\":\"https:\/\/www.rimadesio.it\/de\/\",\"name\":\"Rimadesio\",\"description\":\"Rimadesio official website\",\"publisher\":{\"@id\":\"https:\/\/www.rimadesio.it\/de\/#organization\"},\"potentialAction\":[{\"@type\":\"SearchAction\",\"target\":{\"@type\":\"EntryPoint\",\"urlTemplate\":\"https:\/\/www.rimadesio.it\/de\/?s={search_term_string}\"},\"query-input\":\"required name=search_term_string\"}],\"inLanguage\":\"de-DE\"},{\"@type\":\"Organization\",\"@id\":\"https:\/\/www.rimadesio.it\/de\/#organization\",\"name\":\"Rimadesio\",\"url\":\"https:\/\/www.rimadesio.it\/de\/\",\"logo\":{\"@type\":\"ImageObject\",\"inLanguage\":\"de-DE\",\"@id\":\"https:\/\/www.rimadesio.it\/de\/#\/schema\/logo\/image\/\",\"url\":\"https:\/\/static.rimadesio.it\/media\/2021\/08\/Logo.png\",\"contentUrl\":\"https:\/\/static.rimadesio.it\/media\/2021\/08\/Logo.png\",\"width\":102,\"height\":18,\"caption\":\"Rimadesio\"},\"image\":{\"@id\":\"https:\/\/www.rimadesio.it\/de\/#\/schema\/logo\/image\/\"}}]}<\/script>\n<!-- \/ Yoast SEO plugin. -->","yoast_head_json":{"title":"Self Plan - Rimadesio","description":"Das neue Self-Plan-System ist in Wandkompositionen oder Kompositionen erh\u00e4ltlich, die in die Modulor-Boiserie. Das Angebot umfasst besondere H\u00e4ngeregale,","robots":{"index":"index","follow":"follow","max-snippet":"max-snippet:-1","max-image-preview":"max-image-preview:large","max-video-preview":"max-video-preview:-1"},"canonical":"https:\/\/www.rimadesio.it\/de\/produkt\/self-plan\/","og_locale":"de_DE","og_type":"article","og_title":"Self Plan - Rimadesio","og_description":"Das neue Self-Plan-System ist in Wandkompositionen oder Kompositionen erh\u00e4ltlich, die in die Modulor-Boiserie. Das Angebot umfasst besondere H\u00e4ngeregale,","og_url":"https:\/\/www.rimadesio.it\/de\/produkt\/self-plan\/","og_site_name":"Rimadesio","article_modified_time":"2025-07-28T10:24:55+00:00","twitter_card":"summary_large_image","twitter_misc":{"Est. reading time":"1 minute"},"schema":{"@context":"https:\/\/schema.org","@graph":[{"@type":"WebPage","@id":"https:\/\/www.rimadesio.it\/de\/produkt\/self-plan\/","url":"https:\/\/www.rimadesio.it\/de\/produkt\/self-plan\/","name":"Self Plan - Rimadesio","isPartOf":{"@id":"https:\/\/www.rimadesio.it\/de\/#website"},"datePublished":"2022-04-04T14:38:29+00:00","dateModified":"2025-07-28T10:24:55+00:00","description":"Das neue Self-Plan-System ist in Wandkompositionen oder Kompositionen erh\u00e4ltlich, die in die Modulor-Boiserie. Das Angebot umfasst besondere H\u00e4ngeregale,","breadcrumb":{"@id":"https:\/\/www.rimadesio.it\/de\/produkt\/self-plan\/#breadcrumb"},"inLanguage":"de-DE","potentialAction":[{"@type":"ReadAction","target":["https:\/\/www.rimadesio.it\/de\/produkt\/self-plan\/"]}]},{"@type":"BreadcrumbList","@id":"https:\/\/www.rimadesio.it\/de\/produkt\/self-plan\/#breadcrumb","itemListElement":[{"@type":"ListItem","position":1,"name":"Homepage","item":"https:\/\/www.rimadesio.it\/de\/"},{"@type":"ListItem","position":2,"name":"Produkte","item":"https:\/\/www.rimadesio.it\/de\/produkt\/"},{"@type":"ListItem","position":3,"name":"Wohnsysteme","item":"https:\/\/www.rimadesio.it\/de\/produktkategorie\/wohnraum\/"},{"@type":"ListItem","position":4,"name":"Modulare M\u00f6bel","item":"https:\/\/www.rimadesio.it\/de\/produktkategorie\/wohnraum\/modulare-systeme\/"},{"@type":"ListItem","position":5,"name":"Self Plan"}]},{"@type":"WebSite","@id":"https:\/\/www.rimadesio.it\/de\/#website","url":"https:\/\/www.rimadesio.it\/de\/","name":"Rimadesio","description":"Rimadesio official website","publisher":{"@id":"https:\/\/www.rimadesio.it\/de\/#organization"},"potentialAction":[{"@type":"SearchAction","target":{"@type":"EntryPoint","urlTemplate":"https:\/\/www.rimadesio.it\/de\/?s={search_term_string}"},"query-input":"required name=search_term_string"}],"inLanguage":"de-DE"},{"@type":"Organization","@id":"https:\/\/www.rimadesio.it\/de\/#organization","name":"Rimadesio","url":"https:\/\/www.rimadesio.it\/de\/","logo":{"@type":"ImageObject","inLanguage":"de-DE","@id":"https:\/\/www.rimadesio.it\/de\/#\/schema\/logo\/image\/","url":"https:\/\/static.rimadesio.it\/media\/2021\/08\/Logo.png","contentUrl":"https:\/\/static.rimadesio.it\/media\/2021\/08\/Logo.png","width":102,"height":18,"caption":"Rimadesio"},"image":{"@id":"https:\/\/www.rimadesio.it\/de\/#\/schema\/logo\/image\/"}}]}},"_links":{"self":[{"href":"https:\/\/www.rimadesio.it\/de\/wp-json\/wp\/v2\/product\/156290"}],"collection":[{"href":"https:\/\/www.rimadesio.it\/de\/wp-json\/wp\/v2\/product"}],"about":[{"href":"https:\/\/www.rimadesio.it\/de\/wp-json\/wp\/v2\/types\/product"}],"wp:attachment":[{"href":"https:\/\/www.rimadesio.it\/de\/wp-json\/wp\/v2\/media?parent=156290"}],"wp:term":[{"taxonomy":"product_category","embeddable":true,"href":"https:\/\/www.rimadesio.it\/de\/wp-json\/wp\/v2\/product_category?post=156290"}],"curies":[{"name":"wp","href":"https:\/\/api.w.org\/{rel}","templated":true}]}}