{"id":152697,"date":"2022-02-18T21:36:29","date_gmt":"2022-02-18T20:36:29","guid":{"rendered":"https:\/\/www.rimadesio.it\/product\/modulor-office\/"},"modified":"2026-04-15T09:50:37","modified_gmt":"2026-04-15T07:50:37","slug":"modulor-office","status":"publish","type":"product","link":"https:\/\/www.rimadesio.it\/de\/produkt\/modulor-office\/","title":{"rendered":"Modulor"},"content":{"rendered":"<p>Ein Wandverkleidungssystem mit Ausstattung, eine neue L\u00f6sung, um private Wohnr\u00e4ume und Arbeitspl\u00e4tze aufzuwerten, auszustatten und zu personalisieren. Immer auf Ma\u00df gefertigt, anpassbar an jede architektonische Anforderung, erlaubt Modulor, geordnete geometrische Kompositionen zu planen und darin relativ frei Borde, H\u00e4ngeelemente und Vitrinen zu positionieren. Das System bietet eine reiche Auswahl an exklusiven Materialien und Oberfl\u00e4chen.<\/p>\n","protected":false},"featured_media":0,"template":"","product_category":[274],"acf":[],"yoast_head":"<!-- This site is optimized with the Yoast SEO plugin v20.4 - https:\/\/yoast.com\/wordpress\/plugins\/seo\/ -->\n<title>Modulor Design Boiserie System f\u00fcr das B\u00fcro | Rimadesio<\/title>\n<meta name=\"description\" content=\"Entdecken Sie das Boiserie-System von Rimadesio f\u00fcr das B\u00fcro. Ma\u00dfgeschneiderte Designl\u00f6sungen mit der Made in Italy-Qualit\u00e4t.\" \/>\n<meta name=\"robots\" content=\"index, follow, max-snippet:-1, max-image-preview:large, max-video-preview:-1\" \/>\n<link rel=\"canonical\" href=\"https:\/\/www.rimadesio.it\/de\/produkt\/modulor-office\/\" \/>\n<meta property=\"og:locale\" content=\"de_DE\" \/>\n<meta property=\"og:type\" content=\"article\" \/>\n<meta property=\"og:title\" content=\"Modulor Design Boiserie System f\u00fcr das B\u00fcro | Rimadesio\" \/>\n<meta property=\"og:description\" content=\"Entdecken Sie das Boiserie-System von Rimadesio f\u00fcr das B\u00fcro. Ma\u00dfgeschneiderte Designl\u00f6sungen mit der Made in Italy-Qualit\u00e4t.\" \/>\n<meta property=\"og:url\" content=\"https:\/\/www.rimadesio.it\/de\/produkt\/modulor-office\/\" \/>\n<meta property=\"og:site_name\" content=\"Rimadesio\" \/>\n<meta property=\"article:modified_time\" content=\"2026-04-15T07:50:37+00:00\" \/>\n<meta name=\"twitter:card\" content=\"summary_large_image\" \/>\n<script type=\"application\/ld+json\" class=\"yoast-schema-graph\">{\"@context\":\"https:\/\/schema.org\",\"@graph\":[{\"@type\":\"WebPage\",\"@id\":\"https:\/\/www.rimadesio.it\/de\/produkt\/modulor-office\/\",\"url\":\"https:\/\/www.rimadesio.it\/de\/produkt\/modulor-office\/\",\"name\":\"Modulor Design Boiserie System f\u00fcr das B\u00fcro | Rimadesio\",\"isPartOf\":{\"@id\":\"https:\/\/www.rimadesio.it\/de\/#website\"},\"datePublished\":\"2022-02-18T20:36:29+00:00\",\"dateModified\":\"2026-04-15T07:50:37+00:00\",\"description\":\"Entdecken Sie das Boiserie-System von Rimadesio f\u00fcr das B\u00fcro. Ma\u00dfgeschneiderte Designl\u00f6sungen mit der Made in Italy-Qualit\u00e4t.\",\"breadcrumb\":{\"@id\":\"https:\/\/www.rimadesio.it\/de\/produkt\/modulor-office\/#breadcrumb\"},\"inLanguage\":\"de-DE\",\"potentialAction\":[{\"@type\":\"ReadAction\",\"target\":[\"https:\/\/www.rimadesio.it\/de\/produkt\/modulor-office\/\"]}]},{\"@type\":\"BreadcrumbList\",\"@id\":\"https:\/\/www.rimadesio.it\/de\/produkt\/modulor-office\/#breadcrumb\",\"itemListElement\":[{\"@type\":\"ListItem\",\"position\":1,\"name\":\"Homepage\",\"item\":\"https:\/\/www.rimadesio.it\/de\/\"},{\"@type\":\"ListItem\",\"position\":2,\"name\":\"Produkte\",\"item\":\"https:\/\/www.rimadesio.it\/de\/produkt\/\"},{\"@type\":\"ListItem\",\"position\":3,\"name\":\"Modulor Boiserie\",\"item\":\"https:\/\/www.rimadesio.it\/de\/produktkategorie\/modulor-tag\/\"},{\"@type\":\"ListItem\",\"position\":4,\"name\":\"Modulor\"}]},{\"@type\":\"WebSite\",\"@id\":\"https:\/\/www.rimadesio.it\/de\/#website\",\"url\":\"https:\/\/www.rimadesio.it\/de\/\",\"name\":\"Rimadesio\",\"description\":\"Rimadesio official website\",\"publisher\":{\"@id\":\"https:\/\/www.rimadesio.it\/de\/#organization\"},\"potentialAction\":[{\"@type\":\"SearchAction\",\"target\":{\"@type\":\"EntryPoint\",\"urlTemplate\":\"https:\/\/www.rimadesio.it\/de\/?s={search_term_string}\"},\"query-input\":\"required name=search_term_string\"}],\"inLanguage\":\"de-DE\"},{\"@type\":\"Organization\",\"@id\":\"https:\/\/www.rimadesio.it\/de\/#organization\",\"name\":\"Rimadesio\",\"url\":\"https:\/\/www.rimadesio.it\/de\/\",\"logo\":{\"@type\":\"ImageObject\",\"inLanguage\":\"de-DE\",\"@id\":\"https:\/\/www.rimadesio.it\/de\/#\/schema\/logo\/image\/\",\"url\":\"https:\/\/static.rimadesio.it\/media\/2021\/08\/Logo.png\",\"contentUrl\":\"https:\/\/static.rimadesio.it\/media\/2021\/08\/Logo.png\",\"width\":102,\"height\":18,\"caption\":\"Rimadesio\"},\"image\":{\"@id\":\"https:\/\/www.rimadesio.it\/de\/#\/schema\/logo\/image\/\"}}]}<\/script>\n<!-- \/ Yoast SEO plugin. -->","yoast_head_json":{"title":"Modulor Design Boiserie System f\u00fcr das B\u00fcro | Rimadesio","description":"Entdecken Sie das Boiserie-System von Rimadesio f\u00fcr das B\u00fcro. Ma\u00dfgeschneiderte Designl\u00f6sungen mit der Made in Italy-Qualit\u00e4t.","robots":{"index":"index","follow":"follow","max-snippet":"max-snippet:-1","max-image-preview":"max-image-preview:large","max-video-preview":"max-video-preview:-1"},"canonical":"https:\/\/www.rimadesio.it\/de\/produkt\/modulor-office\/","og_locale":"de_DE","og_type":"article","og_title":"Modulor Design Boiserie System f\u00fcr das B\u00fcro | Rimadesio","og_description":"Entdecken Sie das Boiserie-System von Rimadesio f\u00fcr das B\u00fcro. Ma\u00dfgeschneiderte Designl\u00f6sungen mit der Made in Italy-Qualit\u00e4t.","og_url":"https:\/\/www.rimadesio.it\/de\/produkt\/modulor-office\/","og_site_name":"Rimadesio","article_modified_time":"2026-04-15T07:50:37+00:00","twitter_card":"summary_large_image","schema":{"@context":"https:\/\/schema.org","@graph":[{"@type":"WebPage","@id":"https:\/\/www.rimadesio.it\/de\/produkt\/modulor-office\/","url":"https:\/\/www.rimadesio.it\/de\/produkt\/modulor-office\/","name":"Modulor Design Boiserie System f\u00fcr das B\u00fcro | Rimadesio","isPartOf":{"@id":"https:\/\/www.rimadesio.it\/de\/#website"},"datePublished":"2022-02-18T20:36:29+00:00","dateModified":"2026-04-15T07:50:37+00:00","description":"Entdecken Sie das Boiserie-System von Rimadesio f\u00fcr das B\u00fcro. Ma\u00dfgeschneiderte Designl\u00f6sungen mit der Made in Italy-Qualit\u00e4t.","breadcrumb":{"@id":"https:\/\/www.rimadesio.it\/de\/produkt\/modulor-office\/#breadcrumb"},"inLanguage":"de-DE","potentialAction":[{"@type":"ReadAction","target":["https:\/\/www.rimadesio.it\/de\/produkt\/modulor-office\/"]}]},{"@type":"BreadcrumbList","@id":"https:\/\/www.rimadesio.it\/de\/produkt\/modulor-office\/#breadcrumb","itemListElement":[{"@type":"ListItem","position":1,"name":"Homepage","item":"https:\/\/www.rimadesio.it\/de\/"},{"@type":"ListItem","position":2,"name":"Produkte","item":"https:\/\/www.rimadesio.it\/de\/produkt\/"},{"@type":"ListItem","position":3,"name":"Modulor Boiserie","item":"https:\/\/www.rimadesio.it\/de\/produktkategorie\/modulor-tag\/"},{"@type":"ListItem","position":4,"name":"Modulor"}]},{"@type":"WebSite","@id":"https:\/\/www.rimadesio.it\/de\/#website","url":"https:\/\/www.rimadesio.it\/de\/","name":"Rimadesio","description":"Rimadesio official website","publisher":{"@id":"https:\/\/www.rimadesio.it\/de\/#organization"},"potentialAction":[{"@type":"SearchAction","target":{"@type":"EntryPoint","urlTemplate":"https:\/\/www.rimadesio.it\/de\/?s={search_term_string}"},"query-input":"required name=search_term_string"}],"inLanguage":"de-DE"},{"@type":"Organization","@id":"https:\/\/www.rimadesio.it\/de\/#organization","name":"Rimadesio","url":"https:\/\/www.rimadesio.it\/de\/","logo":{"@type":"ImageObject","inLanguage":"de-DE","@id":"https:\/\/www.rimadesio.it\/de\/#\/schema\/logo\/image\/","url":"https:\/\/static.rimadesio.it\/media\/2021\/08\/Logo.png","contentUrl":"https:\/\/static.rimadesio.it\/media\/2021\/08\/Logo.png","width":102,"height":18,"caption":"Rimadesio"},"image":{"@id":"https:\/\/www.rimadesio.it\/de\/#\/schema\/logo\/image\/"}}]}},"_links":{"self":[{"href":"https:\/\/www.rimadesio.it\/de\/wp-json\/wp\/v2\/product\/152697"}],"collection":[{"href":"https:\/\/www.rimadesio.it\/de\/wp-json\/wp\/v2\/product"}],"about":[{"href":"https:\/\/www.rimadesio.it\/de\/wp-json\/wp\/v2\/types\/product"}],"wp:attachment":[{"href":"https:\/\/www.rimadesio.it\/de\/wp-json\/wp\/v2\/media?parent=152697"}],"wp:term":[{"taxonomy":"product_category","embeddable":true,"href":"https:\/\/www.rimadesio.it\/de\/wp-json\/wp\/v2\/product_category?post=152697"}],"curies":[{"name":"wp","href":"https:\/\/api.w.org\/{rel}","templated":true}]}}