{"id":152694,"date":"2022-02-18T20:21:09","date_gmt":"2022-02-18T19:21:09","guid":{"rendered":"https:\/\/www.rimadesio.it\/product\/interior-four-2021\/"},"modified":"2022-02-24T17:28:31","modified_gmt":"2022-02-24T16:28:31","slug":"interior-four-2021","status":"publish","type":"product","link":"https:\/\/www.rimadesio.it\/de\/produkt\/interior-four-2021\/","title":{"rendered":"Interior four"},"content":{"rendered":"<p>Das Self-Plan-System bietet neue kompositorische L\u00f6sungen f\u00fcr Schreibtische und mobile living. Die Angebotsbandbreite umfasst spezielle H\u00e4ngeregale, auf denen spezielle Beh\u00e4lter frei angeordnet werden k\u00f6nnen. Im Ambiente reagiert Modulor auf unterschiedliche Design-, \u00c4sthetik- und Verstaufunktionen und passt sich m\u00fchelos an die Komplexit\u00e4t des Raums an.<\/p>\n","protected":false},"featured_media":0,"template":"","product_category":[],"acf":[],"yoast_head":"<!-- This site is optimized with the Yoast SEO plugin v20.4 - https:\/\/yoast.com\/wordpress\/plugins\/seo\/ -->\n<title>New Interiors 4 | Neuheiten der Rimadesio Kollektion<\/title>\n<meta name=\"description\" content=\"Das Self-Plan-System bietet neue kompositorische L\u00f6sungen f\u00fcr Schreibtische und mobile living. Die Angebotsbandbreite umfasst spezielle H\u00e4ngeregale, auf\" \/>\n<meta name=\"robots\" content=\"index, follow, max-snippet:-1, max-image-preview:large, max-video-preview:-1\" \/>\n<link rel=\"canonical\" href=\"https:\/\/www.rimadesio.it\/de\/produkt\/interior-four-2021\/\" \/>\n<meta property=\"og:locale\" content=\"de_DE\" \/>\n<meta property=\"og:type\" content=\"article\" \/>\n<meta property=\"og:title\" content=\"New Interiors 4 | Neuheiten der Rimadesio Kollektion\" \/>\n<meta property=\"og:description\" content=\"Das Self-Plan-System bietet neue kompositorische L\u00f6sungen f\u00fcr Schreibtische und mobile living. Die Angebotsbandbreite umfasst spezielle H\u00e4ngeregale, auf\" \/>\n<meta property=\"og:url\" content=\"https:\/\/www.rimadesio.it\/de\/produkt\/interior-four-2021\/\" \/>\n<meta property=\"og:site_name\" content=\"Rimadesio\" \/>\n<meta property=\"article:modified_time\" content=\"2022-02-24T16:28:31+00:00\" \/>\n<meta name=\"twitter:card\" content=\"summary_large_image\" \/>\n<script type=\"application\/ld+json\" class=\"yoast-schema-graph\">{\"@context\":\"https:\/\/schema.org\",\"@graph\":[{\"@type\":\"WebPage\",\"@id\":\"https:\/\/www.rimadesio.it\/de\/produkt\/interior-four-2021\/\",\"url\":\"https:\/\/www.rimadesio.it\/de\/produkt\/interior-four-2021\/\",\"name\":\"New Interiors 4 | Neuheiten der Rimadesio Kollektion\",\"isPartOf\":{\"@id\":\"https:\/\/www.rimadesio.it\/de\/#website\"},\"datePublished\":\"2022-02-18T19:21:09+00:00\",\"dateModified\":\"2022-02-24T16:28:31+00:00\",\"description\":\"Das Self-Plan-System bietet neue kompositorische L\u00f6sungen f\u00fcr Schreibtische und mobile living. Die Angebotsbandbreite umfasst spezielle H\u00e4ngeregale, auf\",\"breadcrumb\":{\"@id\":\"https:\/\/www.rimadesio.it\/de\/produkt\/interior-four-2021\/#breadcrumb\"},\"inLanguage\":\"de-DE\",\"potentialAction\":[{\"@type\":\"ReadAction\",\"target\":[\"https:\/\/www.rimadesio.it\/de\/produkt\/interior-four-2021\/\"]}]},{\"@type\":\"BreadcrumbList\",\"@id\":\"https:\/\/www.rimadesio.it\/de\/produkt\/interior-four-2021\/#breadcrumb\",\"itemListElement\":[{\"@type\":\"ListItem\",\"position\":1,\"name\":\"Homepage\",\"item\":\"https:\/\/www.rimadesio.it\/de\/\"},{\"@type\":\"ListItem\",\"position\":2,\"name\":\"Produkte\",\"item\":\"https:\/\/www.rimadesio.it\/de\/produkt\/\"},{\"@type\":\"ListItem\",\"position\":3,\"name\":\"Interior four\"}]},{\"@type\":\"WebSite\",\"@id\":\"https:\/\/www.rimadesio.it\/de\/#website\",\"url\":\"https:\/\/www.rimadesio.it\/de\/\",\"name\":\"Rimadesio\",\"description\":\"Rimadesio official website\",\"publisher\":{\"@id\":\"https:\/\/www.rimadesio.it\/de\/#organization\"},\"potentialAction\":[{\"@type\":\"SearchAction\",\"target\":{\"@type\":\"EntryPoint\",\"urlTemplate\":\"https:\/\/www.rimadesio.it\/de\/?s={search_term_string}\"},\"query-input\":\"required name=search_term_string\"}],\"inLanguage\":\"de-DE\"},{\"@type\":\"Organization\",\"@id\":\"https:\/\/www.rimadesio.it\/de\/#organization\",\"name\":\"Rimadesio\",\"url\":\"https:\/\/www.rimadesio.it\/de\/\",\"logo\":{\"@type\":\"ImageObject\",\"inLanguage\":\"de-DE\",\"@id\":\"https:\/\/www.rimadesio.it\/de\/#\/schema\/logo\/image\/\",\"url\":\"https:\/\/static.rimadesio.it\/media\/2021\/08\/Logo.png\",\"contentUrl\":\"https:\/\/static.rimadesio.it\/media\/2021\/08\/Logo.png\",\"width\":102,\"height\":18,\"caption\":\"Rimadesio\"},\"image\":{\"@id\":\"https:\/\/www.rimadesio.it\/de\/#\/schema\/logo\/image\/\"}}]}<\/script>\n<!-- \/ Yoast SEO plugin. -->","yoast_head_json":{"title":"New Interiors 4 | Neuheiten der Rimadesio Kollektion","description":"Das Self-Plan-System bietet neue kompositorische L\u00f6sungen f\u00fcr Schreibtische und mobile living. Die Angebotsbandbreite umfasst spezielle H\u00e4ngeregale, auf","robots":{"index":"index","follow":"follow","max-snippet":"max-snippet:-1","max-image-preview":"max-image-preview:large","max-video-preview":"max-video-preview:-1"},"canonical":"https:\/\/www.rimadesio.it\/de\/produkt\/interior-four-2021\/","og_locale":"de_DE","og_type":"article","og_title":"New Interiors 4 | Neuheiten der Rimadesio Kollektion","og_description":"Das Self-Plan-System bietet neue kompositorische L\u00f6sungen f\u00fcr Schreibtische und mobile living. Die Angebotsbandbreite umfasst spezielle H\u00e4ngeregale, auf","og_url":"https:\/\/www.rimadesio.it\/de\/produkt\/interior-four-2021\/","og_site_name":"Rimadesio","article_modified_time":"2022-02-24T16:28:31+00:00","twitter_card":"summary_large_image","schema":{"@context":"https:\/\/schema.org","@graph":[{"@type":"WebPage","@id":"https:\/\/www.rimadesio.it\/de\/produkt\/interior-four-2021\/","url":"https:\/\/www.rimadesio.it\/de\/produkt\/interior-four-2021\/","name":"New Interiors 4 | Neuheiten der Rimadesio Kollektion","isPartOf":{"@id":"https:\/\/www.rimadesio.it\/de\/#website"},"datePublished":"2022-02-18T19:21:09+00:00","dateModified":"2022-02-24T16:28:31+00:00","description":"Das Self-Plan-System bietet neue kompositorische L\u00f6sungen f\u00fcr Schreibtische und mobile living. Die Angebotsbandbreite umfasst spezielle H\u00e4ngeregale, auf","breadcrumb":{"@id":"https:\/\/www.rimadesio.it\/de\/produkt\/interior-four-2021\/#breadcrumb"},"inLanguage":"de-DE","potentialAction":[{"@type":"ReadAction","target":["https:\/\/www.rimadesio.it\/de\/produkt\/interior-four-2021\/"]}]},{"@type":"BreadcrumbList","@id":"https:\/\/www.rimadesio.it\/de\/produkt\/interior-four-2021\/#breadcrumb","itemListElement":[{"@type":"ListItem","position":1,"name":"Homepage","item":"https:\/\/www.rimadesio.it\/de\/"},{"@type":"ListItem","position":2,"name":"Produkte","item":"https:\/\/www.rimadesio.it\/de\/produkt\/"},{"@type":"ListItem","position":3,"name":"Interior four"}]},{"@type":"WebSite","@id":"https:\/\/www.rimadesio.it\/de\/#website","url":"https:\/\/www.rimadesio.it\/de\/","name":"Rimadesio","description":"Rimadesio official website","publisher":{"@id":"https:\/\/www.rimadesio.it\/de\/#organization"},"potentialAction":[{"@type":"SearchAction","target":{"@type":"EntryPoint","urlTemplate":"https:\/\/www.rimadesio.it\/de\/?s={search_term_string}"},"query-input":"required name=search_term_string"}],"inLanguage":"de-DE"},{"@type":"Organization","@id":"https:\/\/www.rimadesio.it\/de\/#organization","name":"Rimadesio","url":"https:\/\/www.rimadesio.it\/de\/","logo":{"@type":"ImageObject","inLanguage":"de-DE","@id":"https:\/\/www.rimadesio.it\/de\/#\/schema\/logo\/image\/","url":"https:\/\/static.rimadesio.it\/media\/2021\/08\/Logo.png","contentUrl":"https:\/\/static.rimadesio.it\/media\/2021\/08\/Logo.png","width":102,"height":18,"caption":"Rimadesio"},"image":{"@id":"https:\/\/www.rimadesio.it\/de\/#\/schema\/logo\/image\/"}}]}},"_links":{"self":[{"href":"https:\/\/www.rimadesio.it\/de\/wp-json\/wp\/v2\/product\/152694"}],"collection":[{"href":"https:\/\/www.rimadesio.it\/de\/wp-json\/wp\/v2\/product"}],"about":[{"href":"https:\/\/www.rimadesio.it\/de\/wp-json\/wp\/v2\/types\/product"}],"wp:attachment":[{"href":"https:\/\/www.rimadesio.it\/de\/wp-json\/wp\/v2\/media?parent=152694"}],"wp:term":[{"taxonomy":"product_category","embeddable":true,"href":"https:\/\/www.rimadesio.it\/de\/wp-json\/wp\/v2\/product_category?post=152694"}],"curies":[{"name":"wp","href":"https:\/\/api.w.org\/{rel}","templated":true}]}}