{"id":152668,"date":"2018-08-29T17:00:51","date_gmt":"2018-08-29T15:00:51","guid":{"rendered":"https:\/\/www.rimadesio.it\/product\/tray\/"},"modified":"2026-04-16T09:59:07","modified_gmt":"2026-04-16T07:59:07","slug":"tray","status":"publish","type":"product","link":"https:\/\/www.rimadesio.it\/de\/produkt\/tray\/","title":{"rendered":"Tray"},"content":{"rendered":"<p>In zwei H\u00f6hen und sechs Gr\u00f6\u00dfen erh\u00e4ltlich, bietet Tray sich f\u00fcr die Kombination verschiedener Formen und Materialien an.<br \/>\nSie zeichnen sich durch ein essentielles Design aus und passen sich mit extremer Vielseitigkeit den h\u00e4uslichen Bed\u00fcrfnissen vom Wohn- bis zum Schlafbereich an. Die Platten aus lackiertem Glas, Marmor und Nussbaumeinlagen k\u00f6nnen frei mit den Oberfl\u00e4chen der Aluminiumstrukturen kombiniert werden.<\/p>\n","protected":false},"featured_media":0,"template":"","product_category":[276,616,254,246],"acf":[],"yoast_head":"<!-- This site is optimized with the Yoast SEO plugin v20.4 - https:\/\/yoast.com\/wordpress\/plugins\/seo\/ -->\n<title>Tray tavolini di design| Rimadesio<\/title>\n<meta name=\"description\" content=\"Scopri la gamma di tavolini Tray by Rimadesio. Soluzioni di design, personalizzabili. Alta qualit\u00e0 made in Italy.\" \/>\n<meta name=\"robots\" content=\"index, follow, max-snippet:-1, max-image-preview:large, max-video-preview:-1\" \/>\n<link rel=\"canonical\" href=\"https:\/\/www.rimadesio.it\/de\/produkt\/tray\/\" \/>\n<meta property=\"og:locale\" content=\"de_DE\" \/>\n<meta property=\"og:type\" content=\"article\" \/>\n<meta property=\"og:title\" content=\"Tray tavolini di design| Rimadesio\" \/>\n<meta property=\"og:description\" content=\"Scopri la gamma di tavolini Tray by Rimadesio. Soluzioni di design, personalizzabili. Alta qualit\u00e0 made in Italy.\" \/>\n<meta property=\"og:url\" content=\"https:\/\/www.rimadesio.it\/de\/produkt\/tray\/\" \/>\n<meta property=\"og:site_name\" content=\"Rimadesio\" \/>\n<meta property=\"article:modified_time\" content=\"2026-04-16T07:59:07+00:00\" \/>\n<meta name=\"twitter:card\" content=\"summary_large_image\" \/>\n<script type=\"application\/ld+json\" class=\"yoast-schema-graph\">{\"@context\":\"https:\/\/schema.org\",\"@graph\":[{\"@type\":\"WebPage\",\"@id\":\"https:\/\/www.rimadesio.it\/de\/produkt\/tray\/\",\"url\":\"https:\/\/www.rimadesio.it\/de\/produkt\/tray\/\",\"name\":\"Tray tavolini di design| Rimadesio\",\"isPartOf\":{\"@id\":\"https:\/\/www.rimadesio.it\/de\/#website\"},\"datePublished\":\"2018-08-29T15:00:51+00:00\",\"dateModified\":\"2026-04-16T07:59:07+00:00\",\"description\":\"Scopri la gamma di tavolini Tray by Rimadesio. Soluzioni di design, personalizzabili. Alta qualit\u00e0 made in Italy.\",\"breadcrumb\":{\"@id\":\"https:\/\/www.rimadesio.it\/de\/produkt\/tray\/#breadcrumb\"},\"inLanguage\":\"de-DE\",\"potentialAction\":[{\"@type\":\"ReadAction\",\"target\":[\"https:\/\/www.rimadesio.it\/de\/produkt\/tray\/\"]}]},{\"@type\":\"BreadcrumbList\",\"@id\":\"https:\/\/www.rimadesio.it\/de\/produkt\/tray\/#breadcrumb\",\"itemListElement\":[{\"@type\":\"ListItem\",\"position\":1,\"name\":\"Homepage\",\"item\":\"https:\/\/www.rimadesio.it\/de\/\"},{\"@type\":\"ListItem\",\"position\":2,\"name\":\"Produkte\",\"item\":\"https:\/\/www.rimadesio.it\/de\/produkt\/\"},{\"@type\":\"ListItem\",\"position\":3,\"name\":\"Einrichtungsgegenst\u00e4nde\",\"item\":\"https:\/\/www.rimadesio.it\/de\/produktkategorie\/einzelmobel\/\"},{\"@type\":\"ListItem\",\"position\":4,\"name\":\"Couchtische\",\"item\":\"https:\/\/www.rimadesio.it\/de\/produktkategorie\/einzelmobel\/couchtische\/\"},{\"@type\":\"ListItem\",\"position\":5,\"name\":\"Tray\"}]},{\"@type\":\"WebSite\",\"@id\":\"https:\/\/www.rimadesio.it\/de\/#website\",\"url\":\"https:\/\/www.rimadesio.it\/de\/\",\"name\":\"Rimadesio\",\"description\":\"Rimadesio official website\",\"publisher\":{\"@id\":\"https:\/\/www.rimadesio.it\/de\/#organization\"},\"potentialAction\":[{\"@type\":\"SearchAction\",\"target\":{\"@type\":\"EntryPoint\",\"urlTemplate\":\"https:\/\/www.rimadesio.it\/de\/?s={search_term_string}\"},\"query-input\":\"required name=search_term_string\"}],\"inLanguage\":\"de-DE\"},{\"@type\":\"Organization\",\"@id\":\"https:\/\/www.rimadesio.it\/de\/#organization\",\"name\":\"Rimadesio\",\"url\":\"https:\/\/www.rimadesio.it\/de\/\",\"logo\":{\"@type\":\"ImageObject\",\"inLanguage\":\"de-DE\",\"@id\":\"https:\/\/www.rimadesio.it\/de\/#\/schema\/logo\/image\/\",\"url\":\"https:\/\/static.rimadesio.it\/media\/2021\/08\/Logo.png\",\"contentUrl\":\"https:\/\/static.rimadesio.it\/media\/2021\/08\/Logo.png\",\"width\":102,\"height\":18,\"caption\":\"Rimadesio\"},\"image\":{\"@id\":\"https:\/\/www.rimadesio.it\/de\/#\/schema\/logo\/image\/\"}}]}<\/script>\n<!-- \/ Yoast SEO plugin. -->","yoast_head_json":{"title":"Tray tavolini di design| Rimadesio","description":"Scopri la gamma di tavolini Tray by Rimadesio. Soluzioni di design, personalizzabili. Alta qualit\u00e0 made in Italy.","robots":{"index":"index","follow":"follow","max-snippet":"max-snippet:-1","max-image-preview":"max-image-preview:large","max-video-preview":"max-video-preview:-1"},"canonical":"https:\/\/www.rimadesio.it\/de\/produkt\/tray\/","og_locale":"de_DE","og_type":"article","og_title":"Tray tavolini di design| Rimadesio","og_description":"Scopri la gamma di tavolini Tray by Rimadesio. Soluzioni di design, personalizzabili. Alta qualit\u00e0 made in Italy.","og_url":"https:\/\/www.rimadesio.it\/de\/produkt\/tray\/","og_site_name":"Rimadesio","article_modified_time":"2026-04-16T07:59:07+00:00","twitter_card":"summary_large_image","schema":{"@context":"https:\/\/schema.org","@graph":[{"@type":"WebPage","@id":"https:\/\/www.rimadesio.it\/de\/produkt\/tray\/","url":"https:\/\/www.rimadesio.it\/de\/produkt\/tray\/","name":"Tray tavolini di design| Rimadesio","isPartOf":{"@id":"https:\/\/www.rimadesio.it\/de\/#website"},"datePublished":"2018-08-29T15:00:51+00:00","dateModified":"2026-04-16T07:59:07+00:00","description":"Scopri la gamma di tavolini Tray by Rimadesio. Soluzioni di design, personalizzabili. Alta qualit\u00e0 made in Italy.","breadcrumb":{"@id":"https:\/\/www.rimadesio.it\/de\/produkt\/tray\/#breadcrumb"},"inLanguage":"de-DE","potentialAction":[{"@type":"ReadAction","target":["https:\/\/www.rimadesio.it\/de\/produkt\/tray\/"]}]},{"@type":"BreadcrumbList","@id":"https:\/\/www.rimadesio.it\/de\/produkt\/tray\/#breadcrumb","itemListElement":[{"@type":"ListItem","position":1,"name":"Homepage","item":"https:\/\/www.rimadesio.it\/de\/"},{"@type":"ListItem","position":2,"name":"Produkte","item":"https:\/\/www.rimadesio.it\/de\/produkt\/"},{"@type":"ListItem","position":3,"name":"Einrichtungsgegenst\u00e4nde","item":"https:\/\/www.rimadesio.it\/de\/produktkategorie\/einzelmobel\/"},{"@type":"ListItem","position":4,"name":"Couchtische","item":"https:\/\/www.rimadesio.it\/de\/produktkategorie\/einzelmobel\/couchtische\/"},{"@type":"ListItem","position":5,"name":"Tray"}]},{"@type":"WebSite","@id":"https:\/\/www.rimadesio.it\/de\/#website","url":"https:\/\/www.rimadesio.it\/de\/","name":"Rimadesio","description":"Rimadesio official website","publisher":{"@id":"https:\/\/www.rimadesio.it\/de\/#organization"},"potentialAction":[{"@type":"SearchAction","target":{"@type":"EntryPoint","urlTemplate":"https:\/\/www.rimadesio.it\/de\/?s={search_term_string}"},"query-input":"required name=search_term_string"}],"inLanguage":"de-DE"},{"@type":"Organization","@id":"https:\/\/www.rimadesio.it\/de\/#organization","name":"Rimadesio","url":"https:\/\/www.rimadesio.it\/de\/","logo":{"@type":"ImageObject","inLanguage":"de-DE","@id":"https:\/\/www.rimadesio.it\/de\/#\/schema\/logo\/image\/","url":"https:\/\/static.rimadesio.it\/media\/2021\/08\/Logo.png","contentUrl":"https:\/\/static.rimadesio.it\/media\/2021\/08\/Logo.png","width":102,"height":18,"caption":"Rimadesio"},"image":{"@id":"https:\/\/www.rimadesio.it\/de\/#\/schema\/logo\/image\/"}}]}},"_links":{"self":[{"href":"https:\/\/www.rimadesio.it\/de\/wp-json\/wp\/v2\/product\/152668"}],"collection":[{"href":"https:\/\/www.rimadesio.it\/de\/wp-json\/wp\/v2\/product"}],"about":[{"href":"https:\/\/www.rimadesio.it\/de\/wp-json\/wp\/v2\/types\/product"}],"wp:attachment":[{"href":"https:\/\/www.rimadesio.it\/de\/wp-json\/wp\/v2\/media?parent=152668"}],"wp:term":[{"taxonomy":"product_category","embeddable":true,"href":"https:\/\/www.rimadesio.it\/de\/wp-json\/wp\/v2\/product_category?post=152668"}],"curies":[{"name":"wp","href":"https:\/\/api.w.org\/{rel}","templated":true}]}}