{"id":152643,"date":"2022-02-16T08:43:32","date_gmt":"2022-02-16T07:43:32","guid":{"rendered":"https:\/\/www.rimadesio.it\/product\/interior-six-2021-2\/"},"modified":"2022-02-24T17:28:13","modified_gmt":"2022-02-24T16:28:13","slug":"interior-six-2021-2","status":"publish","type":"product","link":"https:\/\/www.rimadesio.it\/de\/produkt\/interior-six-2021-2\/","title":{"rendered":"Interior six"},"content":{"rendered":"<p>Ob wandmontiert, freistehend oder in der offenen Version: Das Cover-System wird komplettiert, um mehr Gestaltungsfreiheit zu erm\u00f6glichen. Perfekt einheitlich in der Innenausstattung und den Oberfl\u00e4chen, ist Cover Open so konzipiert, dass es die anderen Versionen erg\u00e4nzt und zusammen mit diesen einen originellen und koh\u00e4renten Stil mit Pr\u00e4zision und formaler Qualit\u00e4t suggeriert.<\/p>\n","protected":false},"featured_media":0,"template":"","product_category":[],"acf":[],"yoast_head":"<!-- This site is optimized with the Yoast SEO plugin v20.4 - https:\/\/yoast.com\/wordpress\/plugins\/seo\/ -->\n<title>New Interiors 6 | News der Rimadesio Kollektion<\/title>\n<meta name=\"description\" content=\"Ob wandmontiert, freistehend oder in der offenen Version: Das Cover-System wird komplettiert, um mehr Gestaltungsfreiheit zu erm\u00f6glichen. Perfekt\" \/>\n<meta name=\"robots\" content=\"index, follow, max-snippet:-1, max-image-preview:large, max-video-preview:-1\" \/>\n<link rel=\"canonical\" href=\"https:\/\/www.rimadesio.it\/de\/produkt\/interior-six-2021-2\/\" \/>\n<meta property=\"og:locale\" content=\"de_DE\" \/>\n<meta property=\"og:type\" content=\"article\" \/>\n<meta property=\"og:title\" content=\"New Interiors 6 | News der Rimadesio Kollektion\" \/>\n<meta property=\"og:description\" content=\"Ob wandmontiert, freistehend oder in der offenen Version: Das Cover-System wird komplettiert, um mehr Gestaltungsfreiheit zu erm\u00f6glichen. Perfekt\" \/>\n<meta property=\"og:url\" content=\"https:\/\/www.rimadesio.it\/de\/produkt\/interior-six-2021-2\/\" \/>\n<meta property=\"og:site_name\" content=\"Rimadesio\" \/>\n<meta property=\"article:modified_time\" content=\"2022-02-24T16:28:13+00:00\" \/>\n<meta name=\"twitter:card\" content=\"summary_large_image\" \/>\n<script type=\"application\/ld+json\" class=\"yoast-schema-graph\">{\"@context\":\"https:\/\/schema.org\",\"@graph\":[{\"@type\":\"WebPage\",\"@id\":\"https:\/\/www.rimadesio.it\/de\/produkt\/interior-six-2021-2\/\",\"url\":\"https:\/\/www.rimadesio.it\/de\/produkt\/interior-six-2021-2\/\",\"name\":\"New Interiors 6 | News der Rimadesio Kollektion\",\"isPartOf\":{\"@id\":\"https:\/\/www.rimadesio.it\/de\/#website\"},\"datePublished\":\"2022-02-16T07:43:32+00:00\",\"dateModified\":\"2022-02-24T16:28:13+00:00\",\"description\":\"Ob wandmontiert, freistehend oder in der offenen Version: Das Cover-System wird komplettiert, um mehr Gestaltungsfreiheit zu erm\u00f6glichen. Perfekt\",\"breadcrumb\":{\"@id\":\"https:\/\/www.rimadesio.it\/de\/produkt\/interior-six-2021-2\/#breadcrumb\"},\"inLanguage\":\"de-DE\",\"potentialAction\":[{\"@type\":\"ReadAction\",\"target\":[\"https:\/\/www.rimadesio.it\/de\/produkt\/interior-six-2021-2\/\"]}]},{\"@type\":\"BreadcrumbList\",\"@id\":\"https:\/\/www.rimadesio.it\/de\/produkt\/interior-six-2021-2\/#breadcrumb\",\"itemListElement\":[{\"@type\":\"ListItem\",\"position\":1,\"name\":\"Homepage\",\"item\":\"https:\/\/www.rimadesio.it\/de\/\"},{\"@type\":\"ListItem\",\"position\":2,\"name\":\"Produkte\",\"item\":\"https:\/\/www.rimadesio.it\/de\/produkt\/\"},{\"@type\":\"ListItem\",\"position\":3,\"name\":\"Interior six\"}]},{\"@type\":\"WebSite\",\"@id\":\"https:\/\/www.rimadesio.it\/de\/#website\",\"url\":\"https:\/\/www.rimadesio.it\/de\/\",\"name\":\"Rimadesio\",\"description\":\"Rimadesio official website\",\"publisher\":{\"@id\":\"https:\/\/www.rimadesio.it\/de\/#organization\"},\"potentialAction\":[{\"@type\":\"SearchAction\",\"target\":{\"@type\":\"EntryPoint\",\"urlTemplate\":\"https:\/\/www.rimadesio.it\/de\/?s={search_term_string}\"},\"query-input\":\"required name=search_term_string\"}],\"inLanguage\":\"de-DE\"},{\"@type\":\"Organization\",\"@id\":\"https:\/\/www.rimadesio.it\/de\/#organization\",\"name\":\"Rimadesio\",\"url\":\"https:\/\/www.rimadesio.it\/de\/\",\"logo\":{\"@type\":\"ImageObject\",\"inLanguage\":\"de-DE\",\"@id\":\"https:\/\/www.rimadesio.it\/de\/#\/schema\/logo\/image\/\",\"url\":\"https:\/\/static.rimadesio.it\/media\/2021\/08\/Logo.png\",\"contentUrl\":\"https:\/\/static.rimadesio.it\/media\/2021\/08\/Logo.png\",\"width\":102,\"height\":18,\"caption\":\"Rimadesio\"},\"image\":{\"@id\":\"https:\/\/www.rimadesio.it\/de\/#\/schema\/logo\/image\/\"}}]}<\/script>\n<!-- \/ Yoast SEO plugin. -->","yoast_head_json":{"title":"New Interiors 6 | News der Rimadesio Kollektion","description":"Ob wandmontiert, freistehend oder in der offenen Version: Das Cover-System wird komplettiert, um mehr Gestaltungsfreiheit zu erm\u00f6glichen. Perfekt","robots":{"index":"index","follow":"follow","max-snippet":"max-snippet:-1","max-image-preview":"max-image-preview:large","max-video-preview":"max-video-preview:-1"},"canonical":"https:\/\/www.rimadesio.it\/de\/produkt\/interior-six-2021-2\/","og_locale":"de_DE","og_type":"article","og_title":"New Interiors 6 | News der Rimadesio Kollektion","og_description":"Ob wandmontiert, freistehend oder in der offenen Version: Das Cover-System wird komplettiert, um mehr Gestaltungsfreiheit zu erm\u00f6glichen. Perfekt","og_url":"https:\/\/www.rimadesio.it\/de\/produkt\/interior-six-2021-2\/","og_site_name":"Rimadesio","article_modified_time":"2022-02-24T16:28:13+00:00","twitter_card":"summary_large_image","schema":{"@context":"https:\/\/schema.org","@graph":[{"@type":"WebPage","@id":"https:\/\/www.rimadesio.it\/de\/produkt\/interior-six-2021-2\/","url":"https:\/\/www.rimadesio.it\/de\/produkt\/interior-six-2021-2\/","name":"New Interiors 6 | News der Rimadesio Kollektion","isPartOf":{"@id":"https:\/\/www.rimadesio.it\/de\/#website"},"datePublished":"2022-02-16T07:43:32+00:00","dateModified":"2022-02-24T16:28:13+00:00","description":"Ob wandmontiert, freistehend oder in der offenen Version: Das Cover-System wird komplettiert, um mehr Gestaltungsfreiheit zu erm\u00f6glichen. Perfekt","breadcrumb":{"@id":"https:\/\/www.rimadesio.it\/de\/produkt\/interior-six-2021-2\/#breadcrumb"},"inLanguage":"de-DE","potentialAction":[{"@type":"ReadAction","target":["https:\/\/www.rimadesio.it\/de\/produkt\/interior-six-2021-2\/"]}]},{"@type":"BreadcrumbList","@id":"https:\/\/www.rimadesio.it\/de\/produkt\/interior-six-2021-2\/#breadcrumb","itemListElement":[{"@type":"ListItem","position":1,"name":"Homepage","item":"https:\/\/www.rimadesio.it\/de\/"},{"@type":"ListItem","position":2,"name":"Produkte","item":"https:\/\/www.rimadesio.it\/de\/produkt\/"},{"@type":"ListItem","position":3,"name":"Interior six"}]},{"@type":"WebSite","@id":"https:\/\/www.rimadesio.it\/de\/#website","url":"https:\/\/www.rimadesio.it\/de\/","name":"Rimadesio","description":"Rimadesio official website","publisher":{"@id":"https:\/\/www.rimadesio.it\/de\/#organization"},"potentialAction":[{"@type":"SearchAction","target":{"@type":"EntryPoint","urlTemplate":"https:\/\/www.rimadesio.it\/de\/?s={search_term_string}"},"query-input":"required name=search_term_string"}],"inLanguage":"de-DE"},{"@type":"Organization","@id":"https:\/\/www.rimadesio.it\/de\/#organization","name":"Rimadesio","url":"https:\/\/www.rimadesio.it\/de\/","logo":{"@type":"ImageObject","inLanguage":"de-DE","@id":"https:\/\/www.rimadesio.it\/de\/#\/schema\/logo\/image\/","url":"https:\/\/static.rimadesio.it\/media\/2021\/08\/Logo.png","contentUrl":"https:\/\/static.rimadesio.it\/media\/2021\/08\/Logo.png","width":102,"height":18,"caption":"Rimadesio"},"image":{"@id":"https:\/\/www.rimadesio.it\/de\/#\/schema\/logo\/image\/"}}]}},"_links":{"self":[{"href":"https:\/\/www.rimadesio.it\/de\/wp-json\/wp\/v2\/product\/152643"}],"collection":[{"href":"https:\/\/www.rimadesio.it\/de\/wp-json\/wp\/v2\/product"}],"about":[{"href":"https:\/\/www.rimadesio.it\/de\/wp-json\/wp\/v2\/types\/product"}],"wp:attachment":[{"href":"https:\/\/www.rimadesio.it\/de\/wp-json\/wp\/v2\/media?parent=152643"}],"wp:term":[{"taxonomy":"product_category","embeddable":true,"href":"https:\/\/www.rimadesio.it\/de\/wp-json\/wp\/v2\/product_category?post=152643"}],"curies":[{"name":"wp","href":"https:\/\/api.w.org\/{rel}","templated":true}]}}