{"id":152640,"date":"2022-02-15T19:17:43","date_gmt":"2022-02-15T18:17:43","guid":{"rendered":"https:\/\/www.rimadesio.it\/product\/innenraum-funf-2021\/"},"modified":"2022-02-24T17:27:47","modified_gmt":"2022-02-24T16:27:47","slug":"interior-five-2021","status":"publish","type":"product","link":"https:\/\/www.rimadesio.it\/de\/produkt\/interior-five-2021\/","title":{"rendered":"Interior five"},"content":{"rendered":"<p>Diese Kollektion bietet L\u00f6sungen f\u00fcr unterschiedliche Verstaubed\u00fcrfnisse des Garderobenbereichs und suggeriert einen einzigartigen Stil, der das Ergebnis der Kombination aus Qualit\u00e4t der Details, Pr\u00e4zision der Bewegungen und Originalit\u00e4t der Materialien ist. Eine exklusive Dimension, interpretiert von Cover und Cover Freestanding\u00a0 mit Transparenzen, die subtile metallische Texturen und Oberfl\u00e4chen verbergen, die st\u00e4ndig wechselnde Lichtvibrationen erzeugen.<\/p>\n","protected":false},"featured_media":0,"template":"","product_category":[],"acf":[],"yoast_head":"<!-- This site is optimized with the Yoast SEO plugin v20.4 - https:\/\/yoast.com\/wordpress\/plugins\/seo\/ -->\n<title>New Interiors 5 | News der Rimadesio Kollektion<\/title>\n<meta name=\"description\" content=\"Diese Kollektion bietet L\u00f6sungen f\u00fcr unterschiedliche Verstaubed\u00fcrfnisse des Garderobenbereichs und suggeriert einen einzigartigen Stil, der das Ergebnis\" \/>\n<meta name=\"robots\" content=\"index, follow, max-snippet:-1, max-image-preview:large, max-video-preview:-1\" \/>\n<link rel=\"canonical\" href=\"https:\/\/www.rimadesio.it\/de\/produkt\/interior-five-2021\/\" \/>\n<meta property=\"og:locale\" content=\"de_DE\" \/>\n<meta property=\"og:type\" content=\"article\" \/>\n<meta property=\"og:title\" content=\"New Interiors 5 | News der Rimadesio Kollektion\" \/>\n<meta property=\"og:description\" content=\"Diese Kollektion bietet L\u00f6sungen f\u00fcr unterschiedliche Verstaubed\u00fcrfnisse des Garderobenbereichs und suggeriert einen einzigartigen Stil, der das Ergebnis\" \/>\n<meta property=\"og:url\" content=\"https:\/\/www.rimadesio.it\/de\/produkt\/interior-five-2021\/\" \/>\n<meta property=\"og:site_name\" content=\"Rimadesio\" \/>\n<meta property=\"article:modified_time\" content=\"2022-02-24T16:27:47+00:00\" \/>\n<meta name=\"twitter:card\" content=\"summary_large_image\" \/>\n<script type=\"application\/ld+json\" class=\"yoast-schema-graph\">{\"@context\":\"https:\/\/schema.org\",\"@graph\":[{\"@type\":\"WebPage\",\"@id\":\"https:\/\/www.rimadesio.it\/de\/produkt\/interior-five-2021\/\",\"url\":\"https:\/\/www.rimadesio.it\/de\/produkt\/interior-five-2021\/\",\"name\":\"New Interiors 5 | News der Rimadesio Kollektion\",\"isPartOf\":{\"@id\":\"https:\/\/www.rimadesio.it\/de\/#website\"},\"datePublished\":\"2022-02-15T18:17:43+00:00\",\"dateModified\":\"2022-02-24T16:27:47+00:00\",\"description\":\"Diese Kollektion bietet L\u00f6sungen f\u00fcr unterschiedliche Verstaubed\u00fcrfnisse des Garderobenbereichs und suggeriert einen einzigartigen Stil, der das Ergebnis\",\"breadcrumb\":{\"@id\":\"https:\/\/www.rimadesio.it\/de\/produkt\/interior-five-2021\/#breadcrumb\"},\"inLanguage\":\"de-DE\",\"potentialAction\":[{\"@type\":\"ReadAction\",\"target\":[\"https:\/\/www.rimadesio.it\/de\/produkt\/interior-five-2021\/\"]}]},{\"@type\":\"BreadcrumbList\",\"@id\":\"https:\/\/www.rimadesio.it\/de\/produkt\/interior-five-2021\/#breadcrumb\",\"itemListElement\":[{\"@type\":\"ListItem\",\"position\":1,\"name\":\"Homepage\",\"item\":\"https:\/\/www.rimadesio.it\/de\/\"},{\"@type\":\"ListItem\",\"position\":2,\"name\":\"Produkte\",\"item\":\"https:\/\/www.rimadesio.it\/de\/produkt\/\"},{\"@type\":\"ListItem\",\"position\":3,\"name\":\"Interior five\"}]},{\"@type\":\"WebSite\",\"@id\":\"https:\/\/www.rimadesio.it\/de\/#website\",\"url\":\"https:\/\/www.rimadesio.it\/de\/\",\"name\":\"Rimadesio\",\"description\":\"Rimadesio official website\",\"publisher\":{\"@id\":\"https:\/\/www.rimadesio.it\/de\/#organization\"},\"potentialAction\":[{\"@type\":\"SearchAction\",\"target\":{\"@type\":\"EntryPoint\",\"urlTemplate\":\"https:\/\/www.rimadesio.it\/de\/?s={search_term_string}\"},\"query-input\":\"required name=search_term_string\"}],\"inLanguage\":\"de-DE\"},{\"@type\":\"Organization\",\"@id\":\"https:\/\/www.rimadesio.it\/de\/#organization\",\"name\":\"Rimadesio\",\"url\":\"https:\/\/www.rimadesio.it\/de\/\",\"logo\":{\"@type\":\"ImageObject\",\"inLanguage\":\"de-DE\",\"@id\":\"https:\/\/www.rimadesio.it\/de\/#\/schema\/logo\/image\/\",\"url\":\"https:\/\/static.rimadesio.it\/media\/2021\/08\/Logo.png\",\"contentUrl\":\"https:\/\/static.rimadesio.it\/media\/2021\/08\/Logo.png\",\"width\":102,\"height\":18,\"caption\":\"Rimadesio\"},\"image\":{\"@id\":\"https:\/\/www.rimadesio.it\/de\/#\/schema\/logo\/image\/\"}}]}<\/script>\n<!-- \/ Yoast SEO plugin. -->","yoast_head_json":{"title":"New Interiors 5 | News der Rimadesio Kollektion","description":"Diese Kollektion bietet L\u00f6sungen f\u00fcr unterschiedliche Verstaubed\u00fcrfnisse des Garderobenbereichs und suggeriert einen einzigartigen Stil, der das Ergebnis","robots":{"index":"index","follow":"follow","max-snippet":"max-snippet:-1","max-image-preview":"max-image-preview:large","max-video-preview":"max-video-preview:-1"},"canonical":"https:\/\/www.rimadesio.it\/de\/produkt\/interior-five-2021\/","og_locale":"de_DE","og_type":"article","og_title":"New Interiors 5 | News der Rimadesio Kollektion","og_description":"Diese Kollektion bietet L\u00f6sungen f\u00fcr unterschiedliche Verstaubed\u00fcrfnisse des Garderobenbereichs und suggeriert einen einzigartigen Stil, der das Ergebnis","og_url":"https:\/\/www.rimadesio.it\/de\/produkt\/interior-five-2021\/","og_site_name":"Rimadesio","article_modified_time":"2022-02-24T16:27:47+00:00","twitter_card":"summary_large_image","schema":{"@context":"https:\/\/schema.org","@graph":[{"@type":"WebPage","@id":"https:\/\/www.rimadesio.it\/de\/produkt\/interior-five-2021\/","url":"https:\/\/www.rimadesio.it\/de\/produkt\/interior-five-2021\/","name":"New Interiors 5 | News der Rimadesio Kollektion","isPartOf":{"@id":"https:\/\/www.rimadesio.it\/de\/#website"},"datePublished":"2022-02-15T18:17:43+00:00","dateModified":"2022-02-24T16:27:47+00:00","description":"Diese Kollektion bietet L\u00f6sungen f\u00fcr unterschiedliche Verstaubed\u00fcrfnisse des Garderobenbereichs und suggeriert einen einzigartigen Stil, der das Ergebnis","breadcrumb":{"@id":"https:\/\/www.rimadesio.it\/de\/produkt\/interior-five-2021\/#breadcrumb"},"inLanguage":"de-DE","potentialAction":[{"@type":"ReadAction","target":["https:\/\/www.rimadesio.it\/de\/produkt\/interior-five-2021\/"]}]},{"@type":"BreadcrumbList","@id":"https:\/\/www.rimadesio.it\/de\/produkt\/interior-five-2021\/#breadcrumb","itemListElement":[{"@type":"ListItem","position":1,"name":"Homepage","item":"https:\/\/www.rimadesio.it\/de\/"},{"@type":"ListItem","position":2,"name":"Produkte","item":"https:\/\/www.rimadesio.it\/de\/produkt\/"},{"@type":"ListItem","position":3,"name":"Interior five"}]},{"@type":"WebSite","@id":"https:\/\/www.rimadesio.it\/de\/#website","url":"https:\/\/www.rimadesio.it\/de\/","name":"Rimadesio","description":"Rimadesio official website","publisher":{"@id":"https:\/\/www.rimadesio.it\/de\/#organization"},"potentialAction":[{"@type":"SearchAction","target":{"@type":"EntryPoint","urlTemplate":"https:\/\/www.rimadesio.it\/de\/?s={search_term_string}"},"query-input":"required name=search_term_string"}],"inLanguage":"de-DE"},{"@type":"Organization","@id":"https:\/\/www.rimadesio.it\/de\/#organization","name":"Rimadesio","url":"https:\/\/www.rimadesio.it\/de\/","logo":{"@type":"ImageObject","inLanguage":"de-DE","@id":"https:\/\/www.rimadesio.it\/de\/#\/schema\/logo\/image\/","url":"https:\/\/static.rimadesio.it\/media\/2021\/08\/Logo.png","contentUrl":"https:\/\/static.rimadesio.it\/media\/2021\/08\/Logo.png","width":102,"height":18,"caption":"Rimadesio"},"image":{"@id":"https:\/\/www.rimadesio.it\/de\/#\/schema\/logo\/image\/"}}]}},"_links":{"self":[{"href":"https:\/\/www.rimadesio.it\/de\/wp-json\/wp\/v2\/product\/152640"}],"collection":[{"href":"https:\/\/www.rimadesio.it\/de\/wp-json\/wp\/v2\/product"}],"about":[{"href":"https:\/\/www.rimadesio.it\/de\/wp-json\/wp\/v2\/types\/product"}],"wp:attachment":[{"href":"https:\/\/www.rimadesio.it\/de\/wp-json\/wp\/v2\/media?parent=152640"}],"wp:term":[{"taxonomy":"product_category","embeddable":true,"href":"https:\/\/www.rimadesio.it\/de\/wp-json\/wp\/v2\/product_category?post=152640"}],"curies":[{"name":"wp","href":"https:\/\/api.w.org\/{rel}","templated":true}]}}