{"id":150263,"date":"2022-01-09T08:29:09","date_gmt":"2022-01-09T07:29:09","guid":{"rendered":"https:\/\/www.rimadesio.it\/product\/sail-2\/"},"modified":"2026-04-15T16:06:08","modified_gmt":"2026-04-15T14:06:08","slug":"sail-2","status":"publish","type":"product","link":"https:\/\/www.rimadesio.it\/de\/produkt\/sail-2\/","title":{"rendered":"Sail"},"content":{"rendered":"<p>Eine perfekte doppelseitige Schiebet\u00fcr, die hohe technische und funktionale Leistung mit einer originellen \u00c4sthetik mit starkem Ausdruckswert verbindet.<br \/>\nAls Ergebnis sorgf\u00e4ltiger technologischer Forschung und komplexer Handarbeit bei der Montage der Komponenten, wird Sail im Tages- wie im Nachtbereich vorgeschlagen. Es gibt schier unendliche Kombinationsm\u00f6glichkeiten der Rimadesio Oberfl\u00e4chen der Strukturelemente Glas und Aluminium, die auch in der Version mit Nussbaum oder w\u00e4rmebehandelter Eiche erh\u00e4ltlich sind.<\/p>\n","protected":false},"featured_media":0,"template":"","product_category":[263,610,262,620],"acf":[],"yoast_head":"<!-- This site is optimized with the Yoast SEO plugin v20.4 - https:\/\/yoast.com\/wordpress\/plugins\/seo\/ -->\n<title>Sail - Rimadesio<\/title>\n<meta name=\"description\" content=\"Eine perfekte doppelseitige Schiebet\u00fcr, die hohe technische und funktionale Leistung mit einer originellen \u00c4sthetik mit starkem Ausdruckswert verbindet.\" \/>\n<meta name=\"robots\" content=\"index, follow, max-snippet:-1, max-image-preview:large, max-video-preview:-1\" \/>\n<link rel=\"canonical\" href=\"https:\/\/www.rimadesio.it\/de\/produkt\/sail-2\/\" \/>\n<meta property=\"og:locale\" content=\"de_DE\" \/>\n<meta property=\"og:type\" content=\"article\" \/>\n<meta property=\"og:title\" content=\"Sail - Rimadesio\" \/>\n<meta property=\"og:description\" content=\"Eine perfekte doppelseitige Schiebet\u00fcr, die hohe technische und funktionale Leistung mit einer originellen \u00c4sthetik mit starkem Ausdruckswert verbindet.\" \/>\n<meta property=\"og:url\" content=\"https:\/\/www.rimadesio.it\/de\/produkt\/sail-2\/\" \/>\n<meta property=\"og:site_name\" content=\"Rimadesio\" \/>\n<meta property=\"article:modified_time\" content=\"2026-04-15T14:06:08+00:00\" \/>\n<meta name=\"twitter:card\" content=\"summary_large_image\" \/>\n<script type=\"application\/ld+json\" class=\"yoast-schema-graph\">{\"@context\":\"https:\/\/schema.org\",\"@graph\":[{\"@type\":\"WebPage\",\"@id\":\"https:\/\/www.rimadesio.it\/de\/produkt\/sail-2\/\",\"url\":\"https:\/\/www.rimadesio.it\/de\/produkt\/sail-2\/\",\"name\":\"Sail - Rimadesio\",\"isPartOf\":{\"@id\":\"https:\/\/www.rimadesio.it\/de\/#website\"},\"datePublished\":\"2022-01-09T07:29:09+00:00\",\"dateModified\":\"2026-04-15T14:06:08+00:00\",\"description\":\"Eine perfekte doppelseitige Schiebet\u00fcr, die hohe technische und funktionale Leistung mit einer originellen \u00c4sthetik mit starkem Ausdruckswert verbindet.\",\"breadcrumb\":{\"@id\":\"https:\/\/www.rimadesio.it\/de\/produkt\/sail-2\/#breadcrumb\"},\"inLanguage\":\"de-DE\",\"potentialAction\":[{\"@type\":\"ReadAction\",\"target\":[\"https:\/\/www.rimadesio.it\/de\/produkt\/sail-2\/\"]}]},{\"@type\":\"BreadcrumbList\",\"@id\":\"https:\/\/www.rimadesio.it\/de\/produkt\/sail-2\/#breadcrumb\",\"itemListElement\":[{\"@type\":\"ListItem\",\"position\":1,\"name\":\"Homepage\",\"item\":\"https:\/\/www.rimadesio.it\/de\/\"},{\"@type\":\"ListItem\",\"position\":2,\"name\":\"Produkte\",\"item\":\"https:\/\/www.rimadesio.it\/de\/produkt\/\"},{\"@type\":\"ListItem\",\"position\":3,\"name\":\"Paneele\",\"item\":\"https:\/\/www.rimadesio.it\/de\/produktkategorie\/schiebeturen-2\/\"},{\"@type\":\"ListItem\",\"position\":4,\"name\":\"Sail\"}]},{\"@type\":\"WebSite\",\"@id\":\"https:\/\/www.rimadesio.it\/de\/#website\",\"url\":\"https:\/\/www.rimadesio.it\/de\/\",\"name\":\"Rimadesio\",\"description\":\"Rimadesio official website\",\"publisher\":{\"@id\":\"https:\/\/www.rimadesio.it\/de\/#organization\"},\"potentialAction\":[{\"@type\":\"SearchAction\",\"target\":{\"@type\":\"EntryPoint\",\"urlTemplate\":\"https:\/\/www.rimadesio.it\/de\/?s={search_term_string}\"},\"query-input\":\"required name=search_term_string\"}],\"inLanguage\":\"de-DE\"},{\"@type\":\"Organization\",\"@id\":\"https:\/\/www.rimadesio.it\/de\/#organization\",\"name\":\"Rimadesio\",\"url\":\"https:\/\/www.rimadesio.it\/de\/\",\"logo\":{\"@type\":\"ImageObject\",\"inLanguage\":\"de-DE\",\"@id\":\"https:\/\/www.rimadesio.it\/de\/#\/schema\/logo\/image\/\",\"url\":\"https:\/\/static.rimadesio.it\/media\/2021\/08\/Logo.png\",\"contentUrl\":\"https:\/\/static.rimadesio.it\/media\/2021\/08\/Logo.png\",\"width\":102,\"height\":18,\"caption\":\"Rimadesio\"},\"image\":{\"@id\":\"https:\/\/www.rimadesio.it\/de\/#\/schema\/logo\/image\/\"}}]}<\/script>\n<!-- \/ Yoast SEO plugin. -->","yoast_head_json":{"title":"Sail - Rimadesio","description":"Eine perfekte doppelseitige Schiebet\u00fcr, die hohe technische und funktionale Leistung mit einer originellen \u00c4sthetik mit starkem Ausdruckswert verbindet.","robots":{"index":"index","follow":"follow","max-snippet":"max-snippet:-1","max-image-preview":"max-image-preview:large","max-video-preview":"max-video-preview:-1"},"canonical":"https:\/\/www.rimadesio.it\/de\/produkt\/sail-2\/","og_locale":"de_DE","og_type":"article","og_title":"Sail - Rimadesio","og_description":"Eine perfekte doppelseitige Schiebet\u00fcr, die hohe technische und funktionale Leistung mit einer originellen \u00c4sthetik mit starkem Ausdruckswert verbindet.","og_url":"https:\/\/www.rimadesio.it\/de\/produkt\/sail-2\/","og_site_name":"Rimadesio","article_modified_time":"2026-04-15T14:06:08+00:00","twitter_card":"summary_large_image","schema":{"@context":"https:\/\/schema.org","@graph":[{"@type":"WebPage","@id":"https:\/\/www.rimadesio.it\/de\/produkt\/sail-2\/","url":"https:\/\/www.rimadesio.it\/de\/produkt\/sail-2\/","name":"Sail - Rimadesio","isPartOf":{"@id":"https:\/\/www.rimadesio.it\/de\/#website"},"datePublished":"2022-01-09T07:29:09+00:00","dateModified":"2026-04-15T14:06:08+00:00","description":"Eine perfekte doppelseitige Schiebet\u00fcr, die hohe technische und funktionale Leistung mit einer originellen \u00c4sthetik mit starkem Ausdruckswert verbindet.","breadcrumb":{"@id":"https:\/\/www.rimadesio.it\/de\/produkt\/sail-2\/#breadcrumb"},"inLanguage":"de-DE","potentialAction":[{"@type":"ReadAction","target":["https:\/\/www.rimadesio.it\/de\/produkt\/sail-2\/"]}]},{"@type":"BreadcrumbList","@id":"https:\/\/www.rimadesio.it\/de\/produkt\/sail-2\/#breadcrumb","itemListElement":[{"@type":"ListItem","position":1,"name":"Homepage","item":"https:\/\/www.rimadesio.it\/de\/"},{"@type":"ListItem","position":2,"name":"Produkte","item":"https:\/\/www.rimadesio.it\/de\/produkt\/"},{"@type":"ListItem","position":3,"name":"Paneele","item":"https:\/\/www.rimadesio.it\/de\/produktkategorie\/schiebeturen-2\/"},{"@type":"ListItem","position":4,"name":"Sail"}]},{"@type":"WebSite","@id":"https:\/\/www.rimadesio.it\/de\/#website","url":"https:\/\/www.rimadesio.it\/de\/","name":"Rimadesio","description":"Rimadesio official website","publisher":{"@id":"https:\/\/www.rimadesio.it\/de\/#organization"},"potentialAction":[{"@type":"SearchAction","target":{"@type":"EntryPoint","urlTemplate":"https:\/\/www.rimadesio.it\/de\/?s={search_term_string}"},"query-input":"required name=search_term_string"}],"inLanguage":"de-DE"},{"@type":"Organization","@id":"https:\/\/www.rimadesio.it\/de\/#organization","name":"Rimadesio","url":"https:\/\/www.rimadesio.it\/de\/","logo":{"@type":"ImageObject","inLanguage":"de-DE","@id":"https:\/\/www.rimadesio.it\/de\/#\/schema\/logo\/image\/","url":"https:\/\/static.rimadesio.it\/media\/2021\/08\/Logo.png","contentUrl":"https:\/\/static.rimadesio.it\/media\/2021\/08\/Logo.png","width":102,"height":18,"caption":"Rimadesio"},"image":{"@id":"https:\/\/www.rimadesio.it\/de\/#\/schema\/logo\/image\/"}}]}},"_links":{"self":[{"href":"https:\/\/www.rimadesio.it\/de\/wp-json\/wp\/v2\/product\/150263"}],"collection":[{"href":"https:\/\/www.rimadesio.it\/de\/wp-json\/wp\/v2\/product"}],"about":[{"href":"https:\/\/www.rimadesio.it\/de\/wp-json\/wp\/v2\/types\/product"}],"wp:attachment":[{"href":"https:\/\/www.rimadesio.it\/de\/wp-json\/wp\/v2\/media?parent=150263"}],"wp:term":[{"taxonomy":"product_category","embeddable":true,"href":"https:\/\/www.rimadesio.it\/de\/wp-json\/wp\/v2\/product_category?post=150263"}],"curies":[{"name":"wp","href":"https:\/\/api.w.org\/{rel}","templated":true}]}}