{"id":150198,"date":"2022-01-09T07:35:18","date_gmt":"2022-01-09T06:35:18","guid":{"rendered":"https:\/\/www.rimadesio.it\/product\/graphis-light-2\/"},"modified":"2026-04-15T15:59:36","modified_gmt":"2026-04-15T13:59:36","slug":"graphis-light-2","status":"publish","type":"product","link":"https:\/\/www.rimadesio.it\/de\/produkt\/graphis-light-2\/","title":{"rendered":"Graphis light"},"content":{"rendered":"<p>Graphis light ist das speziell f\u00fcr den Schlafbereich konzipierte System zum Schlie\u00dfen von begehbaren Kleiderschr\u00e4nken und Nischen. Es ist erg\u00e4nzt die Linie der Schiebet\u00fcren Graphis plus, die sich in der hellen Version durch die einseitig lackierte Glasscheibe auszeichnen und Leichtigkeit und klares Design vereinen. Das System wird durch ein Aluminium-Strukturprofil definiert, das mit exklusiven Silikongummi- und Polypropylen-Dichtungen ausgestattet ist, die eine perfekte Staubdichtheit garantieren.<\/p>\n","protected":false},"featured_media":0,"template":"","product_category":[263,262],"acf":[],"yoast_head":"<!-- This site is optimized with the Yoast SEO plugin v20.4 - https:\/\/yoast.com\/wordpress\/plugins\/seo\/ -->\n<title>Graphis light - Rimadesio<\/title>\n<meta name=\"description\" content=\"Graphis light ist das speziell f\u00fcr den Schlafbereich konzipierte System zum Schlie\u00dfen von begehbaren Kleiderschr\u00e4nken und Nischen. Es ist erg\u00e4nzt die\" \/>\n<meta name=\"robots\" content=\"index, follow, max-snippet:-1, max-image-preview:large, max-video-preview:-1\" \/>\n<link rel=\"canonical\" href=\"https:\/\/www.rimadesio.it\/de\/produkt\/graphis-light-2\/\" \/>\n<meta property=\"og:locale\" content=\"de_DE\" \/>\n<meta property=\"og:type\" content=\"article\" \/>\n<meta property=\"og:title\" content=\"Graphis light - Rimadesio\" \/>\n<meta property=\"og:description\" content=\"Graphis light ist das speziell f\u00fcr den Schlafbereich konzipierte System zum Schlie\u00dfen von begehbaren Kleiderschr\u00e4nken und Nischen. Es ist erg\u00e4nzt die\" \/>\n<meta property=\"og:url\" content=\"https:\/\/www.rimadesio.it\/de\/produkt\/graphis-light-2\/\" \/>\n<meta property=\"og:site_name\" content=\"Rimadesio\" \/>\n<meta property=\"article:modified_time\" content=\"2026-04-15T13:59:36+00:00\" \/>\n<meta name=\"twitter:card\" content=\"summary_large_image\" \/>\n<script type=\"application\/ld+json\" class=\"yoast-schema-graph\">{\"@context\":\"https:\/\/schema.org\",\"@graph\":[{\"@type\":\"WebPage\",\"@id\":\"https:\/\/www.rimadesio.it\/de\/produkt\/graphis-light-2\/\",\"url\":\"https:\/\/www.rimadesio.it\/de\/produkt\/graphis-light-2\/\",\"name\":\"Graphis light - Rimadesio\",\"isPartOf\":{\"@id\":\"https:\/\/www.rimadesio.it\/de\/#website\"},\"datePublished\":\"2022-01-09T06:35:18+00:00\",\"dateModified\":\"2026-04-15T13:59:36+00:00\",\"description\":\"Graphis light ist das speziell f\u00fcr den Schlafbereich konzipierte System zum Schlie\u00dfen von begehbaren Kleiderschr\u00e4nken und Nischen. Es ist erg\u00e4nzt die\",\"breadcrumb\":{\"@id\":\"https:\/\/www.rimadesio.it\/de\/produkt\/graphis-light-2\/#breadcrumb\"},\"inLanguage\":\"de-DE\",\"potentialAction\":[{\"@type\":\"ReadAction\",\"target\":[\"https:\/\/www.rimadesio.it\/de\/produkt\/graphis-light-2\/\"]}]},{\"@type\":\"BreadcrumbList\",\"@id\":\"https:\/\/www.rimadesio.it\/de\/produkt\/graphis-light-2\/#breadcrumb\",\"itemListElement\":[{\"@type\":\"ListItem\",\"position\":1,\"name\":\"Homepage\",\"item\":\"https:\/\/www.rimadesio.it\/de\/\"},{\"@type\":\"ListItem\",\"position\":2,\"name\":\"Produkte\",\"item\":\"https:\/\/www.rimadesio.it\/de\/produkt\/\"},{\"@type\":\"ListItem\",\"position\":3,\"name\":\"Paneele\",\"item\":\"https:\/\/www.rimadesio.it\/de\/produktkategorie\/schiebeturen-2\/\"},{\"@type\":\"ListItem\",\"position\":4,\"name\":\"Graphis light\"}]},{\"@type\":\"WebSite\",\"@id\":\"https:\/\/www.rimadesio.it\/de\/#website\",\"url\":\"https:\/\/www.rimadesio.it\/de\/\",\"name\":\"Rimadesio\",\"description\":\"Rimadesio official website\",\"publisher\":{\"@id\":\"https:\/\/www.rimadesio.it\/de\/#organization\"},\"potentialAction\":[{\"@type\":\"SearchAction\",\"target\":{\"@type\":\"EntryPoint\",\"urlTemplate\":\"https:\/\/www.rimadesio.it\/de\/?s={search_term_string}\"},\"query-input\":\"required name=search_term_string\"}],\"inLanguage\":\"de-DE\"},{\"@type\":\"Organization\",\"@id\":\"https:\/\/www.rimadesio.it\/de\/#organization\",\"name\":\"Rimadesio\",\"url\":\"https:\/\/www.rimadesio.it\/de\/\",\"logo\":{\"@type\":\"ImageObject\",\"inLanguage\":\"de-DE\",\"@id\":\"https:\/\/www.rimadesio.it\/de\/#\/schema\/logo\/image\/\",\"url\":\"https:\/\/static.rimadesio.it\/media\/2021\/08\/Logo.png\",\"contentUrl\":\"https:\/\/static.rimadesio.it\/media\/2021\/08\/Logo.png\",\"width\":102,\"height\":18,\"caption\":\"Rimadesio\"},\"image\":{\"@id\":\"https:\/\/www.rimadesio.it\/de\/#\/schema\/logo\/image\/\"}}]}<\/script>\n<!-- \/ Yoast SEO plugin. -->","yoast_head_json":{"title":"Graphis light - Rimadesio","description":"Graphis light ist das speziell f\u00fcr den Schlafbereich konzipierte System zum Schlie\u00dfen von begehbaren Kleiderschr\u00e4nken und Nischen. Es ist erg\u00e4nzt die","robots":{"index":"index","follow":"follow","max-snippet":"max-snippet:-1","max-image-preview":"max-image-preview:large","max-video-preview":"max-video-preview:-1"},"canonical":"https:\/\/www.rimadesio.it\/de\/produkt\/graphis-light-2\/","og_locale":"de_DE","og_type":"article","og_title":"Graphis light - Rimadesio","og_description":"Graphis light ist das speziell f\u00fcr den Schlafbereich konzipierte System zum Schlie\u00dfen von begehbaren Kleiderschr\u00e4nken und Nischen. Es ist erg\u00e4nzt die","og_url":"https:\/\/www.rimadesio.it\/de\/produkt\/graphis-light-2\/","og_site_name":"Rimadesio","article_modified_time":"2026-04-15T13:59:36+00:00","twitter_card":"summary_large_image","schema":{"@context":"https:\/\/schema.org","@graph":[{"@type":"WebPage","@id":"https:\/\/www.rimadesio.it\/de\/produkt\/graphis-light-2\/","url":"https:\/\/www.rimadesio.it\/de\/produkt\/graphis-light-2\/","name":"Graphis light - Rimadesio","isPartOf":{"@id":"https:\/\/www.rimadesio.it\/de\/#website"},"datePublished":"2022-01-09T06:35:18+00:00","dateModified":"2026-04-15T13:59:36+00:00","description":"Graphis light ist das speziell f\u00fcr den Schlafbereich konzipierte System zum Schlie\u00dfen von begehbaren Kleiderschr\u00e4nken und Nischen. Es ist erg\u00e4nzt die","breadcrumb":{"@id":"https:\/\/www.rimadesio.it\/de\/produkt\/graphis-light-2\/#breadcrumb"},"inLanguage":"de-DE","potentialAction":[{"@type":"ReadAction","target":["https:\/\/www.rimadesio.it\/de\/produkt\/graphis-light-2\/"]}]},{"@type":"BreadcrumbList","@id":"https:\/\/www.rimadesio.it\/de\/produkt\/graphis-light-2\/#breadcrumb","itemListElement":[{"@type":"ListItem","position":1,"name":"Homepage","item":"https:\/\/www.rimadesio.it\/de\/"},{"@type":"ListItem","position":2,"name":"Produkte","item":"https:\/\/www.rimadesio.it\/de\/produkt\/"},{"@type":"ListItem","position":3,"name":"Paneele","item":"https:\/\/www.rimadesio.it\/de\/produktkategorie\/schiebeturen-2\/"},{"@type":"ListItem","position":4,"name":"Graphis light"}]},{"@type":"WebSite","@id":"https:\/\/www.rimadesio.it\/de\/#website","url":"https:\/\/www.rimadesio.it\/de\/","name":"Rimadesio","description":"Rimadesio official website","publisher":{"@id":"https:\/\/www.rimadesio.it\/de\/#organization"},"potentialAction":[{"@type":"SearchAction","target":{"@type":"EntryPoint","urlTemplate":"https:\/\/www.rimadesio.it\/de\/?s={search_term_string}"},"query-input":"required name=search_term_string"}],"inLanguage":"de-DE"},{"@type":"Organization","@id":"https:\/\/www.rimadesio.it\/de\/#organization","name":"Rimadesio","url":"https:\/\/www.rimadesio.it\/de\/","logo":{"@type":"ImageObject","inLanguage":"de-DE","@id":"https:\/\/www.rimadesio.it\/de\/#\/schema\/logo\/image\/","url":"https:\/\/static.rimadesio.it\/media\/2021\/08\/Logo.png","contentUrl":"https:\/\/static.rimadesio.it\/media\/2021\/08\/Logo.png","width":102,"height":18,"caption":"Rimadesio"},"image":{"@id":"https:\/\/www.rimadesio.it\/de\/#\/schema\/logo\/image\/"}}]}},"_links":{"self":[{"href":"https:\/\/www.rimadesio.it\/de\/wp-json\/wp\/v2\/product\/150198"}],"collection":[{"href":"https:\/\/www.rimadesio.it\/de\/wp-json\/wp\/v2\/product"}],"about":[{"href":"https:\/\/www.rimadesio.it\/de\/wp-json\/wp\/v2\/types\/product"}],"wp:attachment":[{"href":"https:\/\/www.rimadesio.it\/de\/wp-json\/wp\/v2\/media?parent=150198"}],"wp:term":[{"taxonomy":"product_category","embeddable":true,"href":"https:\/\/www.rimadesio.it\/de\/wp-json\/wp\/v2\/product_category?post=150198"}],"curies":[{"name":"wp","href":"https:\/\/api.w.org\/{rel}","templated":true}]}}