{"id":149725,"date":"2022-01-08T21:48:00","date_gmt":"2022-01-08T20:48:00","guid":{"rendered":"https:\/\/www.rimadesio.it\/product\/siparium-2\/"},"modified":"2026-04-15T16:07:48","modified_gmt":"2026-04-15T14:07:48","slug":"siparium-2","status":"publish","type":"product","link":"https:\/\/www.rimadesio.it\/de\/produkt\/siparium-2\/","title":{"rendered":"Siparium"},"content":{"rendered":"<p>Siparium stammt urspr\u00fcnglich aus Rimadesios Schiebet\u00fcrkollektion und best\u00e4tigt heute die typologische Qualit\u00e4t der Idee, die im Laufe der Zeit durch eine Reihe technischer und \u00e4sthetischer Innovationen aktualisiert wurde. Bei diesen Neuheiten ist von den neuen Schienen mit Abdeckprofilen bis hin zu den neuesten Glas- und Strukturoberfl\u00e4chen die Rede.<\/p>\n<p>Dieses Angebot umfasst auch die Version mit Klapp\u00f6ffnung und zeichnet sich durch seine gestalterische Vielseitigkeit sowohl im Wohn- als auch im Arbeitsbereich aus.<\/p>\n","protected":false},"featured_media":0,"template":"","product_category":[263,610,264,262],"acf":[],"yoast_head":"<!-- This site is optimized with the Yoast SEO plugin v20.4 - https:\/\/yoast.com\/wordpress\/plugins\/seo\/ -->\n<title>Siparium - Rimadesio<\/title>\n<meta name=\"description\" content=\"Siparium stammt urspr\u00fcnglich aus Rimadesios Schiebet\u00fcrkollektion und best\u00e4tigt heute die typologische Qualit\u00e4t der Idee, die im Laufe der Zeit durch eine\" \/>\n<meta name=\"robots\" content=\"index, follow, max-snippet:-1, max-image-preview:large, max-video-preview:-1\" \/>\n<link rel=\"canonical\" href=\"https:\/\/www.rimadesio.it\/de\/produkt\/siparium-2\/\" \/>\n<meta property=\"og:locale\" content=\"de_DE\" \/>\n<meta property=\"og:type\" content=\"article\" \/>\n<meta property=\"og:title\" content=\"Siparium - Rimadesio\" \/>\n<meta property=\"og:description\" content=\"Siparium stammt urspr\u00fcnglich aus Rimadesios Schiebet\u00fcrkollektion und best\u00e4tigt heute die typologische Qualit\u00e4t der Idee, die im Laufe der Zeit durch eine\" \/>\n<meta property=\"og:url\" content=\"https:\/\/www.rimadesio.it\/de\/produkt\/siparium-2\/\" \/>\n<meta property=\"og:site_name\" content=\"Rimadesio\" \/>\n<meta property=\"article:modified_time\" content=\"2026-04-15T14:07:48+00:00\" \/>\n<meta name=\"twitter:card\" content=\"summary_large_image\" \/>\n<script type=\"application\/ld+json\" class=\"yoast-schema-graph\">{\"@context\":\"https:\/\/schema.org\",\"@graph\":[{\"@type\":\"WebPage\",\"@id\":\"https:\/\/www.rimadesio.it\/de\/produkt\/siparium-2\/\",\"url\":\"https:\/\/www.rimadesio.it\/de\/produkt\/siparium-2\/\",\"name\":\"Siparium - Rimadesio\",\"isPartOf\":{\"@id\":\"https:\/\/www.rimadesio.it\/de\/#website\"},\"datePublished\":\"2022-01-08T20:48:00+00:00\",\"dateModified\":\"2026-04-15T14:07:48+00:00\",\"description\":\"Siparium stammt urspr\u00fcnglich aus Rimadesios Schiebet\u00fcrkollektion und best\u00e4tigt heute die typologische Qualit\u00e4t der Idee, die im Laufe der Zeit durch eine\",\"breadcrumb\":{\"@id\":\"https:\/\/www.rimadesio.it\/de\/produkt\/siparium-2\/#breadcrumb\"},\"inLanguage\":\"de-DE\",\"potentialAction\":[{\"@type\":\"ReadAction\",\"target\":[\"https:\/\/www.rimadesio.it\/de\/produkt\/siparium-2\/\"]}]},{\"@type\":\"BreadcrumbList\",\"@id\":\"https:\/\/www.rimadesio.it\/de\/produkt\/siparium-2\/#breadcrumb\",\"itemListElement\":[{\"@type\":\"ListItem\",\"position\":1,\"name\":\"Homepage\",\"item\":\"https:\/\/www.rimadesio.it\/de\/\"},{\"@type\":\"ListItem\",\"position\":2,\"name\":\"Produkte\",\"item\":\"https:\/\/www.rimadesio.it\/de\/produkt\/\"},{\"@type\":\"ListItem\",\"position\":3,\"name\":\"Paneele\",\"item\":\"https:\/\/www.rimadesio.it\/de\/produktkategorie\/schiebeturen-2\/\"},{\"@type\":\"ListItem\",\"position\":4,\"name\":\"Siparium\"}]},{\"@type\":\"WebSite\",\"@id\":\"https:\/\/www.rimadesio.it\/de\/#website\",\"url\":\"https:\/\/www.rimadesio.it\/de\/\",\"name\":\"Rimadesio\",\"description\":\"Rimadesio official website\",\"publisher\":{\"@id\":\"https:\/\/www.rimadesio.it\/de\/#organization\"},\"potentialAction\":[{\"@type\":\"SearchAction\",\"target\":{\"@type\":\"EntryPoint\",\"urlTemplate\":\"https:\/\/www.rimadesio.it\/de\/?s={search_term_string}\"},\"query-input\":\"required name=search_term_string\"}],\"inLanguage\":\"de-DE\"},{\"@type\":\"Organization\",\"@id\":\"https:\/\/www.rimadesio.it\/de\/#organization\",\"name\":\"Rimadesio\",\"url\":\"https:\/\/www.rimadesio.it\/de\/\",\"logo\":{\"@type\":\"ImageObject\",\"inLanguage\":\"de-DE\",\"@id\":\"https:\/\/www.rimadesio.it\/de\/#\/schema\/logo\/image\/\",\"url\":\"https:\/\/static.rimadesio.it\/media\/2021\/08\/Logo.png\",\"contentUrl\":\"https:\/\/static.rimadesio.it\/media\/2021\/08\/Logo.png\",\"width\":102,\"height\":18,\"caption\":\"Rimadesio\"},\"image\":{\"@id\":\"https:\/\/www.rimadesio.it\/de\/#\/schema\/logo\/image\/\"}}]}<\/script>\n<!-- \/ Yoast SEO plugin. -->","yoast_head_json":{"title":"Siparium - Rimadesio","description":"Siparium stammt urspr\u00fcnglich aus Rimadesios Schiebet\u00fcrkollektion und best\u00e4tigt heute die typologische Qualit\u00e4t der Idee, die im Laufe der Zeit durch eine","robots":{"index":"index","follow":"follow","max-snippet":"max-snippet:-1","max-image-preview":"max-image-preview:large","max-video-preview":"max-video-preview:-1"},"canonical":"https:\/\/www.rimadesio.it\/de\/produkt\/siparium-2\/","og_locale":"de_DE","og_type":"article","og_title":"Siparium - Rimadesio","og_description":"Siparium stammt urspr\u00fcnglich aus Rimadesios Schiebet\u00fcrkollektion und best\u00e4tigt heute die typologische Qualit\u00e4t der Idee, die im Laufe der Zeit durch eine","og_url":"https:\/\/www.rimadesio.it\/de\/produkt\/siparium-2\/","og_site_name":"Rimadesio","article_modified_time":"2026-04-15T14:07:48+00:00","twitter_card":"summary_large_image","schema":{"@context":"https:\/\/schema.org","@graph":[{"@type":"WebPage","@id":"https:\/\/www.rimadesio.it\/de\/produkt\/siparium-2\/","url":"https:\/\/www.rimadesio.it\/de\/produkt\/siparium-2\/","name":"Siparium - Rimadesio","isPartOf":{"@id":"https:\/\/www.rimadesio.it\/de\/#website"},"datePublished":"2022-01-08T20:48:00+00:00","dateModified":"2026-04-15T14:07:48+00:00","description":"Siparium stammt urspr\u00fcnglich aus Rimadesios Schiebet\u00fcrkollektion und best\u00e4tigt heute die typologische Qualit\u00e4t der Idee, die im Laufe der Zeit durch eine","breadcrumb":{"@id":"https:\/\/www.rimadesio.it\/de\/produkt\/siparium-2\/#breadcrumb"},"inLanguage":"de-DE","potentialAction":[{"@type":"ReadAction","target":["https:\/\/www.rimadesio.it\/de\/produkt\/siparium-2\/"]}]},{"@type":"BreadcrumbList","@id":"https:\/\/www.rimadesio.it\/de\/produkt\/siparium-2\/#breadcrumb","itemListElement":[{"@type":"ListItem","position":1,"name":"Homepage","item":"https:\/\/www.rimadesio.it\/de\/"},{"@type":"ListItem","position":2,"name":"Produkte","item":"https:\/\/www.rimadesio.it\/de\/produkt\/"},{"@type":"ListItem","position":3,"name":"Paneele","item":"https:\/\/www.rimadesio.it\/de\/produktkategorie\/schiebeturen-2\/"},{"@type":"ListItem","position":4,"name":"Siparium"}]},{"@type":"WebSite","@id":"https:\/\/www.rimadesio.it\/de\/#website","url":"https:\/\/www.rimadesio.it\/de\/","name":"Rimadesio","description":"Rimadesio official website","publisher":{"@id":"https:\/\/www.rimadesio.it\/de\/#organization"},"potentialAction":[{"@type":"SearchAction","target":{"@type":"EntryPoint","urlTemplate":"https:\/\/www.rimadesio.it\/de\/?s={search_term_string}"},"query-input":"required name=search_term_string"}],"inLanguage":"de-DE"},{"@type":"Organization","@id":"https:\/\/www.rimadesio.it\/de\/#organization","name":"Rimadesio","url":"https:\/\/www.rimadesio.it\/de\/","logo":{"@type":"ImageObject","inLanguage":"de-DE","@id":"https:\/\/www.rimadesio.it\/de\/#\/schema\/logo\/image\/","url":"https:\/\/static.rimadesio.it\/media\/2021\/08\/Logo.png","contentUrl":"https:\/\/static.rimadesio.it\/media\/2021\/08\/Logo.png","width":102,"height":18,"caption":"Rimadesio"},"image":{"@id":"https:\/\/www.rimadesio.it\/de\/#\/schema\/logo\/image\/"}}]}},"_links":{"self":[{"href":"https:\/\/www.rimadesio.it\/de\/wp-json\/wp\/v2\/product\/149725"}],"collection":[{"href":"https:\/\/www.rimadesio.it\/de\/wp-json\/wp\/v2\/product"}],"about":[{"href":"https:\/\/www.rimadesio.it\/de\/wp-json\/wp\/v2\/types\/product"}],"wp:attachment":[{"href":"https:\/\/www.rimadesio.it\/de\/wp-json\/wp\/v2\/media?parent=149725"}],"wp:term":[{"taxonomy":"product_category","embeddable":true,"href":"https:\/\/www.rimadesio.it\/de\/wp-json\/wp\/v2\/product_category?post=149725"}],"curies":[{"name":"wp","href":"https:\/\/api.w.org\/{rel}","templated":true}]}}