{"id":149690,"date":"2022-01-08T20:56:07","date_gmt":"2022-01-08T19:56:07","guid":{"rendered":"https:\/\/www.rimadesio.it\/product\/vela-2\/"},"modified":"2026-04-15T16:39:56","modified_gmt":"2026-04-15T14:39:56","slug":"vela-2","status":"publish","type":"product","link":"https:\/\/www.rimadesio.it\/de\/produkt\/vela-2\/","title":{"rendered":"Vela"},"content":{"rendered":"<p>Vela ist eine Linie mit au\u00dfergew\u00f6hnlichen innovativen Eigenschaften. Sie kann von beiden Seiten ge\u00f6ffnet werden, dank der Zentralit\u00e4t der Pfosten und der Scharniere an der Unter- und Oberseite der T\u00fcr.<\/p>\n<p>Vela mit Scharnier\u00f6ffnung ist in zwei Ausf\u00fchrungen erh\u00e4ltlich: mit patentiertem Magnetverschlussprofil und mit Magnetverschluss. Beide nutzen ein physikalisches Grundprinzip, machen Mechanismen \u00fcberfl\u00fcssig und sorgen f\u00fcr immer leichte und leise Bewegungen.<\/p>\n","protected":false},"featured_media":0,"template":"","product_category":[267,270,265],"acf":[],"yoast_head":"<!-- This site is optimized with the Yoast SEO plugin v20.4 - https:\/\/yoast.com\/wordpress\/plugins\/seo\/ -->\n<title>Vela - Rimadesio<\/title>\n<meta name=\"description\" content=\"Vela ist eine Linie mit au\u00dfergew\u00f6hnlichen innovativen Eigenschaften. Sie kann von beiden Seiten ge\u00f6ffnet werden, dank der Zentralit\u00e4t der Pfosten und der\" \/>\n<meta name=\"robots\" content=\"index, follow, max-snippet:-1, max-image-preview:large, max-video-preview:-1\" \/>\n<link rel=\"canonical\" href=\"https:\/\/www.rimadesio.it\/de\/produkt\/vela-2\/\" \/>\n<meta property=\"og:locale\" content=\"de_DE\" \/>\n<meta property=\"og:type\" content=\"article\" \/>\n<meta property=\"og:title\" content=\"Vela - Rimadesio\" \/>\n<meta property=\"og:description\" content=\"Vela ist eine Linie mit au\u00dfergew\u00f6hnlichen innovativen Eigenschaften. Sie kann von beiden Seiten ge\u00f6ffnet werden, dank der Zentralit\u00e4t der Pfosten und der\" \/>\n<meta property=\"og:url\" content=\"https:\/\/www.rimadesio.it\/de\/produkt\/vela-2\/\" \/>\n<meta property=\"og:site_name\" content=\"Rimadesio\" \/>\n<meta property=\"article:modified_time\" content=\"2026-04-15T14:39:56+00:00\" \/>\n<meta name=\"twitter:card\" content=\"summary_large_image\" \/>\n<script type=\"application\/ld+json\" class=\"yoast-schema-graph\">{\"@context\":\"https:\/\/schema.org\",\"@graph\":[{\"@type\":\"WebPage\",\"@id\":\"https:\/\/www.rimadesio.it\/de\/produkt\/vela-2\/\",\"url\":\"https:\/\/www.rimadesio.it\/de\/produkt\/vela-2\/\",\"name\":\"Vela - Rimadesio\",\"isPartOf\":{\"@id\":\"https:\/\/www.rimadesio.it\/de\/#website\"},\"datePublished\":\"2022-01-08T19:56:07+00:00\",\"dateModified\":\"2026-04-15T14:39:56+00:00\",\"description\":\"Vela ist eine Linie mit au\u00dfergew\u00f6hnlichen innovativen Eigenschaften. Sie kann von beiden Seiten ge\u00f6ffnet werden, dank der Zentralit\u00e4t der Pfosten und der\",\"breadcrumb\":{\"@id\":\"https:\/\/www.rimadesio.it\/de\/produkt\/vela-2\/#breadcrumb\"},\"inLanguage\":\"de-DE\",\"potentialAction\":[{\"@type\":\"ReadAction\",\"target\":[\"https:\/\/www.rimadesio.it\/de\/produkt\/vela-2\/\"]}]},{\"@type\":\"BreadcrumbList\",\"@id\":\"https:\/\/www.rimadesio.it\/de\/produkt\/vela-2\/#breadcrumb\",\"itemListElement\":[{\"@type\":\"ListItem\",\"position\":1,\"name\":\"Homepage\",\"item\":\"https:\/\/www.rimadesio.it\/de\/\"},{\"@type\":\"ListItem\",\"position\":2,\"name\":\"Produkte\",\"item\":\"https:\/\/www.rimadesio.it\/de\/produkt\/\"},{\"@type\":\"ListItem\",\"position\":3,\"name\":\"T\u00fcren\",\"item\":\"https:\/\/www.rimadesio.it\/de\/produktkategorie\/turen\/\"},{\"@type\":\"ListItem\",\"position\":4,\"name\":\"Vela\"}]},{\"@type\":\"WebSite\",\"@id\":\"https:\/\/www.rimadesio.it\/de\/#website\",\"url\":\"https:\/\/www.rimadesio.it\/de\/\",\"name\":\"Rimadesio\",\"description\":\"Rimadesio official website\",\"publisher\":{\"@id\":\"https:\/\/www.rimadesio.it\/de\/#organization\"},\"potentialAction\":[{\"@type\":\"SearchAction\",\"target\":{\"@type\":\"EntryPoint\",\"urlTemplate\":\"https:\/\/www.rimadesio.it\/de\/?s={search_term_string}\"},\"query-input\":\"required name=search_term_string\"}],\"inLanguage\":\"de-DE\"},{\"@type\":\"Organization\",\"@id\":\"https:\/\/www.rimadesio.it\/de\/#organization\",\"name\":\"Rimadesio\",\"url\":\"https:\/\/www.rimadesio.it\/de\/\",\"logo\":{\"@type\":\"ImageObject\",\"inLanguage\":\"de-DE\",\"@id\":\"https:\/\/www.rimadesio.it\/de\/#\/schema\/logo\/image\/\",\"url\":\"https:\/\/static.rimadesio.it\/media\/2021\/08\/Logo.png\",\"contentUrl\":\"https:\/\/static.rimadesio.it\/media\/2021\/08\/Logo.png\",\"width\":102,\"height\":18,\"caption\":\"Rimadesio\"},\"image\":{\"@id\":\"https:\/\/www.rimadesio.it\/de\/#\/schema\/logo\/image\/\"}}]}<\/script>\n<!-- \/ Yoast SEO plugin. -->","yoast_head_json":{"title":"Vela - Rimadesio","description":"Vela ist eine Linie mit au\u00dfergew\u00f6hnlichen innovativen Eigenschaften. Sie kann von beiden Seiten ge\u00f6ffnet werden, dank der Zentralit\u00e4t der Pfosten und der","robots":{"index":"index","follow":"follow","max-snippet":"max-snippet:-1","max-image-preview":"max-image-preview:large","max-video-preview":"max-video-preview:-1"},"canonical":"https:\/\/www.rimadesio.it\/de\/produkt\/vela-2\/","og_locale":"de_DE","og_type":"article","og_title":"Vela - Rimadesio","og_description":"Vela ist eine Linie mit au\u00dfergew\u00f6hnlichen innovativen Eigenschaften. Sie kann von beiden Seiten ge\u00f6ffnet werden, dank der Zentralit\u00e4t der Pfosten und der","og_url":"https:\/\/www.rimadesio.it\/de\/produkt\/vela-2\/","og_site_name":"Rimadesio","article_modified_time":"2026-04-15T14:39:56+00:00","twitter_card":"summary_large_image","schema":{"@context":"https:\/\/schema.org","@graph":[{"@type":"WebPage","@id":"https:\/\/www.rimadesio.it\/de\/produkt\/vela-2\/","url":"https:\/\/www.rimadesio.it\/de\/produkt\/vela-2\/","name":"Vela - Rimadesio","isPartOf":{"@id":"https:\/\/www.rimadesio.it\/de\/#website"},"datePublished":"2022-01-08T19:56:07+00:00","dateModified":"2026-04-15T14:39:56+00:00","description":"Vela ist eine Linie mit au\u00dfergew\u00f6hnlichen innovativen Eigenschaften. Sie kann von beiden Seiten ge\u00f6ffnet werden, dank der Zentralit\u00e4t der Pfosten und der","breadcrumb":{"@id":"https:\/\/www.rimadesio.it\/de\/produkt\/vela-2\/#breadcrumb"},"inLanguage":"de-DE","potentialAction":[{"@type":"ReadAction","target":["https:\/\/www.rimadesio.it\/de\/produkt\/vela-2\/"]}]},{"@type":"BreadcrumbList","@id":"https:\/\/www.rimadesio.it\/de\/produkt\/vela-2\/#breadcrumb","itemListElement":[{"@type":"ListItem","position":1,"name":"Homepage","item":"https:\/\/www.rimadesio.it\/de\/"},{"@type":"ListItem","position":2,"name":"Produkte","item":"https:\/\/www.rimadesio.it\/de\/produkt\/"},{"@type":"ListItem","position":3,"name":"T\u00fcren","item":"https:\/\/www.rimadesio.it\/de\/produktkategorie\/turen\/"},{"@type":"ListItem","position":4,"name":"Vela"}]},{"@type":"WebSite","@id":"https:\/\/www.rimadesio.it\/de\/#website","url":"https:\/\/www.rimadesio.it\/de\/","name":"Rimadesio","description":"Rimadesio official website","publisher":{"@id":"https:\/\/www.rimadesio.it\/de\/#organization"},"potentialAction":[{"@type":"SearchAction","target":{"@type":"EntryPoint","urlTemplate":"https:\/\/www.rimadesio.it\/de\/?s={search_term_string}"},"query-input":"required name=search_term_string"}],"inLanguage":"de-DE"},{"@type":"Organization","@id":"https:\/\/www.rimadesio.it\/de\/#organization","name":"Rimadesio","url":"https:\/\/www.rimadesio.it\/de\/","logo":{"@type":"ImageObject","inLanguage":"de-DE","@id":"https:\/\/www.rimadesio.it\/de\/#\/schema\/logo\/image\/","url":"https:\/\/static.rimadesio.it\/media\/2021\/08\/Logo.png","contentUrl":"https:\/\/static.rimadesio.it\/media\/2021\/08\/Logo.png","width":102,"height":18,"caption":"Rimadesio"},"image":{"@id":"https:\/\/www.rimadesio.it\/de\/#\/schema\/logo\/image\/"}}]}},"_links":{"self":[{"href":"https:\/\/www.rimadesio.it\/de\/wp-json\/wp\/v2\/product\/149690"}],"collection":[{"href":"https:\/\/www.rimadesio.it\/de\/wp-json\/wp\/v2\/product"}],"about":[{"href":"https:\/\/www.rimadesio.it\/de\/wp-json\/wp\/v2\/types\/product"}],"wp:attachment":[{"href":"https:\/\/www.rimadesio.it\/de\/wp-json\/wp\/v2\/media?parent=149690"}],"wp:term":[{"taxonomy":"product_category","embeddable":true,"href":"https:\/\/www.rimadesio.it\/de\/wp-json\/wp\/v2\/product_category?post=149690"}],"curies":[{"name":"wp","href":"https:\/\/api.w.org\/{rel}","templated":true}]}}