{"id":149594,"date":"2022-01-08T18:50:21","date_gmt":"2022-01-08T17:50:21","guid":{"rendered":"https:\/\/www.rimadesio.it\/product\/spin-2\/"},"modified":"2026-04-15T16:37:38","modified_gmt":"2026-04-15T14:37:38","slug":"spin-2","status":"publish","type":"product","link":"https:\/\/www.rimadesio.it\/de\/produkt\/spin-2\/","title":{"rendered":"Spin"},"content":{"rendered":"<p>Die Einscheiben-Glast\u00fcr Spin ist in der Schwing- und Schiebeausf\u00fchrung erh\u00e4ltlich und beide mit dem verstellbarem Teleskop-T\u00fcrgelenk als standard oder slim.<\/p>\n<p>Die Schwingt\u00fcr ist mit reversiblen verdeckten Scharnieren ausgestattet, die eine Umkehr der \u00d6ffnungsrichtung und damit eine Reduzierung der Montagezeiten erm\u00f6glicht. Das magnetische Schlie\u00dfsystem des Schlosses ist ein exklusives Patent von Rimadesio.<\/p>\n","protected":false},"featured_media":0,"template":"","product_category":[266,270,265],"acf":[],"yoast_head":"<!-- This site is optimized with the Yoast SEO plugin v20.4 - https:\/\/yoast.com\/wordpress\/plugins\/seo\/ -->\n<title>Spin - Rimadesio<\/title>\n<meta name=\"description\" content=\"Die Einscheiben-Glast\u00fcr Spin ist in der Schwing- und Schiebeausf\u00fchrung erh\u00e4ltlich und beide mit dem verstellbarem Teleskop-T\u00fcrgelenk als standard oder\" \/>\n<meta name=\"robots\" content=\"index, follow, max-snippet:-1, max-image-preview:large, max-video-preview:-1\" \/>\n<link rel=\"canonical\" href=\"https:\/\/www.rimadesio.it\/de\/produkt\/spin-2\/\" \/>\n<meta property=\"og:locale\" content=\"de_DE\" \/>\n<meta property=\"og:type\" content=\"article\" \/>\n<meta property=\"og:title\" content=\"Spin - Rimadesio\" \/>\n<meta property=\"og:description\" content=\"Die Einscheiben-Glast\u00fcr Spin ist in der Schwing- und Schiebeausf\u00fchrung erh\u00e4ltlich und beide mit dem verstellbarem Teleskop-T\u00fcrgelenk als standard oder\" \/>\n<meta property=\"og:url\" content=\"https:\/\/www.rimadesio.it\/de\/produkt\/spin-2\/\" \/>\n<meta property=\"og:site_name\" content=\"Rimadesio\" \/>\n<meta property=\"article:modified_time\" content=\"2026-04-15T14:37:38+00:00\" \/>\n<meta name=\"twitter:card\" content=\"summary_large_image\" \/>\n<script type=\"application\/ld+json\" class=\"yoast-schema-graph\">{\"@context\":\"https:\/\/schema.org\",\"@graph\":[{\"@type\":\"WebPage\",\"@id\":\"https:\/\/www.rimadesio.it\/de\/produkt\/spin-2\/\",\"url\":\"https:\/\/www.rimadesio.it\/de\/produkt\/spin-2\/\",\"name\":\"Spin - Rimadesio\",\"isPartOf\":{\"@id\":\"https:\/\/www.rimadesio.it\/de\/#website\"},\"datePublished\":\"2022-01-08T17:50:21+00:00\",\"dateModified\":\"2026-04-15T14:37:38+00:00\",\"description\":\"Die Einscheiben-Glast\u00fcr Spin ist in der Schwing- und Schiebeausf\u00fchrung erh\u00e4ltlich und beide mit dem verstellbarem Teleskop-T\u00fcrgelenk als standard oder\",\"breadcrumb\":{\"@id\":\"https:\/\/www.rimadesio.it\/de\/produkt\/spin-2\/#breadcrumb\"},\"inLanguage\":\"de-DE\",\"potentialAction\":[{\"@type\":\"ReadAction\",\"target\":[\"https:\/\/www.rimadesio.it\/de\/produkt\/spin-2\/\"]}]},{\"@type\":\"BreadcrumbList\",\"@id\":\"https:\/\/www.rimadesio.it\/de\/produkt\/spin-2\/#breadcrumb\",\"itemListElement\":[{\"@type\":\"ListItem\",\"position\":1,\"name\":\"Homepage\",\"item\":\"https:\/\/www.rimadesio.it\/de\/\"},{\"@type\":\"ListItem\",\"position\":2,\"name\":\"Produkte\",\"item\":\"https:\/\/www.rimadesio.it\/de\/produkt\/\"},{\"@type\":\"ListItem\",\"position\":3,\"name\":\"T\u00fcren\",\"item\":\"https:\/\/www.rimadesio.it\/de\/produktkategorie\/turen\/\"},{\"@type\":\"ListItem\",\"position\":4,\"name\":\"Spin\"}]},{\"@type\":\"WebSite\",\"@id\":\"https:\/\/www.rimadesio.it\/de\/#website\",\"url\":\"https:\/\/www.rimadesio.it\/de\/\",\"name\":\"Rimadesio\",\"description\":\"Rimadesio official website\",\"publisher\":{\"@id\":\"https:\/\/www.rimadesio.it\/de\/#organization\"},\"potentialAction\":[{\"@type\":\"SearchAction\",\"target\":{\"@type\":\"EntryPoint\",\"urlTemplate\":\"https:\/\/www.rimadesio.it\/de\/?s={search_term_string}\"},\"query-input\":\"required name=search_term_string\"}],\"inLanguage\":\"de-DE\"},{\"@type\":\"Organization\",\"@id\":\"https:\/\/www.rimadesio.it\/de\/#organization\",\"name\":\"Rimadesio\",\"url\":\"https:\/\/www.rimadesio.it\/de\/\",\"logo\":{\"@type\":\"ImageObject\",\"inLanguage\":\"de-DE\",\"@id\":\"https:\/\/www.rimadesio.it\/de\/#\/schema\/logo\/image\/\",\"url\":\"https:\/\/static.rimadesio.it\/media\/2021\/08\/Logo.png\",\"contentUrl\":\"https:\/\/static.rimadesio.it\/media\/2021\/08\/Logo.png\",\"width\":102,\"height\":18,\"caption\":\"Rimadesio\"},\"image\":{\"@id\":\"https:\/\/www.rimadesio.it\/de\/#\/schema\/logo\/image\/\"}}]}<\/script>\n<!-- \/ Yoast SEO plugin. -->","yoast_head_json":{"title":"Spin - Rimadesio","description":"Die Einscheiben-Glast\u00fcr Spin ist in der Schwing- und Schiebeausf\u00fchrung erh\u00e4ltlich und beide mit dem verstellbarem Teleskop-T\u00fcrgelenk als standard oder","robots":{"index":"index","follow":"follow","max-snippet":"max-snippet:-1","max-image-preview":"max-image-preview:large","max-video-preview":"max-video-preview:-1"},"canonical":"https:\/\/www.rimadesio.it\/de\/produkt\/spin-2\/","og_locale":"de_DE","og_type":"article","og_title":"Spin - Rimadesio","og_description":"Die Einscheiben-Glast\u00fcr Spin ist in der Schwing- und Schiebeausf\u00fchrung erh\u00e4ltlich und beide mit dem verstellbarem Teleskop-T\u00fcrgelenk als standard oder","og_url":"https:\/\/www.rimadesio.it\/de\/produkt\/spin-2\/","og_site_name":"Rimadesio","article_modified_time":"2026-04-15T14:37:38+00:00","twitter_card":"summary_large_image","schema":{"@context":"https:\/\/schema.org","@graph":[{"@type":"WebPage","@id":"https:\/\/www.rimadesio.it\/de\/produkt\/spin-2\/","url":"https:\/\/www.rimadesio.it\/de\/produkt\/spin-2\/","name":"Spin - Rimadesio","isPartOf":{"@id":"https:\/\/www.rimadesio.it\/de\/#website"},"datePublished":"2022-01-08T17:50:21+00:00","dateModified":"2026-04-15T14:37:38+00:00","description":"Die Einscheiben-Glast\u00fcr Spin ist in der Schwing- und Schiebeausf\u00fchrung erh\u00e4ltlich und beide mit dem verstellbarem Teleskop-T\u00fcrgelenk als standard oder","breadcrumb":{"@id":"https:\/\/www.rimadesio.it\/de\/produkt\/spin-2\/#breadcrumb"},"inLanguage":"de-DE","potentialAction":[{"@type":"ReadAction","target":["https:\/\/www.rimadesio.it\/de\/produkt\/spin-2\/"]}]},{"@type":"BreadcrumbList","@id":"https:\/\/www.rimadesio.it\/de\/produkt\/spin-2\/#breadcrumb","itemListElement":[{"@type":"ListItem","position":1,"name":"Homepage","item":"https:\/\/www.rimadesio.it\/de\/"},{"@type":"ListItem","position":2,"name":"Produkte","item":"https:\/\/www.rimadesio.it\/de\/produkt\/"},{"@type":"ListItem","position":3,"name":"T\u00fcren","item":"https:\/\/www.rimadesio.it\/de\/produktkategorie\/turen\/"},{"@type":"ListItem","position":4,"name":"Spin"}]},{"@type":"WebSite","@id":"https:\/\/www.rimadesio.it\/de\/#website","url":"https:\/\/www.rimadesio.it\/de\/","name":"Rimadesio","description":"Rimadesio official website","publisher":{"@id":"https:\/\/www.rimadesio.it\/de\/#organization"},"potentialAction":[{"@type":"SearchAction","target":{"@type":"EntryPoint","urlTemplate":"https:\/\/www.rimadesio.it\/de\/?s={search_term_string}"},"query-input":"required name=search_term_string"}],"inLanguage":"de-DE"},{"@type":"Organization","@id":"https:\/\/www.rimadesio.it\/de\/#organization","name":"Rimadesio","url":"https:\/\/www.rimadesio.it\/de\/","logo":{"@type":"ImageObject","inLanguage":"de-DE","@id":"https:\/\/www.rimadesio.it\/de\/#\/schema\/logo\/image\/","url":"https:\/\/static.rimadesio.it\/media\/2021\/08\/Logo.png","contentUrl":"https:\/\/static.rimadesio.it\/media\/2021\/08\/Logo.png","width":102,"height":18,"caption":"Rimadesio"},"image":{"@id":"https:\/\/www.rimadesio.it\/de\/#\/schema\/logo\/image\/"}}]}},"_links":{"self":[{"href":"https:\/\/www.rimadesio.it\/de\/wp-json\/wp\/v2\/product\/149594"}],"collection":[{"href":"https:\/\/www.rimadesio.it\/de\/wp-json\/wp\/v2\/product"}],"about":[{"href":"https:\/\/www.rimadesio.it\/de\/wp-json\/wp\/v2\/types\/product"}],"wp:attachment":[{"href":"https:\/\/www.rimadesio.it\/de\/wp-json\/wp\/v2\/media?parent=149594"}],"wp:term":[{"taxonomy":"product_category","embeddable":true,"href":"https:\/\/www.rimadesio.it\/de\/wp-json\/wp\/v2\/product_category?post=149594"}],"curies":[{"name":"wp","href":"https:\/\/api.w.org\/{rel}","templated":true}]}}