{"id":149570,"date":"2022-01-08T17:55:26","date_gmt":"2022-01-08T16:55:26","guid":{"rendered":"https:\/\/www.rimadesio.it\/product\/even-2\/"},"modified":"2026-04-15T16:27:33","modified_gmt":"2026-04-15T14:27:33","slug":"even-2","status":"publish","type":"product","link":"https:\/\/www.rimadesio.it\/de\/produkt\/even-2\/","title":{"rendered":"Even"},"content":{"rendered":"<p>Erh\u00e4ltlich als Schwing- und Schiebet\u00fcren, ist Even die nat\u00fcrliche Erg\u00e4nzung der Stripe-Linie, die sich durch das besondere Design der horizontalen Querstreben auszeichnet, die die Glasscheibe auf beiden Seiten vervollst\u00e4ndigen. Das wesentliche Erscheinungsbild wird durch die perfekte Integration des Griffs unterstrichen, ein Ergebnis, das durch das besondere Design beider \u00d6ffnungsvarianten und durch die perfekte Gleichm\u00e4\u00dfigkeit der Verarbeitung erreicht wird.<\/p>\n","protected":false},"featured_media":0,"template":"","product_category":[266,270,265],"acf":[],"yoast_head":"<!-- This site is optimized with the Yoast SEO plugin v20.4 - https:\/\/yoast.com\/wordpress\/plugins\/seo\/ -->\n<title>Even - Rimadesio<\/title>\n<meta name=\"description\" content=\"Erh\u00e4ltlich als Schwing- und Schiebet\u00fcren, ist Even die nat\u00fcrliche Erg\u00e4nzung der Stripe-Linie, die sich durch das besondere Design der horizontalen\" \/>\n<meta name=\"robots\" content=\"index, follow, max-snippet:-1, max-image-preview:large, max-video-preview:-1\" \/>\n<link rel=\"canonical\" href=\"https:\/\/www.rimadesio.it\/de\/produkt\/even-2\/\" \/>\n<meta property=\"og:locale\" content=\"de_DE\" \/>\n<meta property=\"og:type\" content=\"article\" \/>\n<meta property=\"og:title\" content=\"Even - Rimadesio\" \/>\n<meta property=\"og:description\" content=\"Erh\u00e4ltlich als Schwing- und Schiebet\u00fcren, ist Even die nat\u00fcrliche Erg\u00e4nzung der Stripe-Linie, die sich durch das besondere Design der horizontalen\" \/>\n<meta property=\"og:url\" content=\"https:\/\/www.rimadesio.it\/de\/produkt\/even-2\/\" \/>\n<meta property=\"og:site_name\" content=\"Rimadesio\" \/>\n<meta property=\"article:modified_time\" content=\"2026-04-15T14:27:33+00:00\" \/>\n<meta name=\"twitter:card\" content=\"summary_large_image\" \/>\n<script type=\"application\/ld+json\" class=\"yoast-schema-graph\">{\"@context\":\"https:\/\/schema.org\",\"@graph\":[{\"@type\":\"WebPage\",\"@id\":\"https:\/\/www.rimadesio.it\/de\/produkt\/even-2\/\",\"url\":\"https:\/\/www.rimadesio.it\/de\/produkt\/even-2\/\",\"name\":\"Even - Rimadesio\",\"isPartOf\":{\"@id\":\"https:\/\/www.rimadesio.it\/de\/#website\"},\"datePublished\":\"2022-01-08T16:55:26+00:00\",\"dateModified\":\"2026-04-15T14:27:33+00:00\",\"description\":\"Erh\u00e4ltlich als Schwing- und Schiebet\u00fcren, ist Even die nat\u00fcrliche Erg\u00e4nzung der Stripe-Linie, die sich durch das besondere Design der horizontalen\",\"breadcrumb\":{\"@id\":\"https:\/\/www.rimadesio.it\/de\/produkt\/even-2\/#breadcrumb\"},\"inLanguage\":\"de-DE\",\"potentialAction\":[{\"@type\":\"ReadAction\",\"target\":[\"https:\/\/www.rimadesio.it\/de\/produkt\/even-2\/\"]}]},{\"@type\":\"BreadcrumbList\",\"@id\":\"https:\/\/www.rimadesio.it\/de\/produkt\/even-2\/#breadcrumb\",\"itemListElement\":[{\"@type\":\"ListItem\",\"position\":1,\"name\":\"Homepage\",\"item\":\"https:\/\/www.rimadesio.it\/de\/\"},{\"@type\":\"ListItem\",\"position\":2,\"name\":\"Produkte\",\"item\":\"https:\/\/www.rimadesio.it\/de\/produkt\/\"},{\"@type\":\"ListItem\",\"position\":3,\"name\":\"T\u00fcren\",\"item\":\"https:\/\/www.rimadesio.it\/de\/produktkategorie\/turen\/\"},{\"@type\":\"ListItem\",\"position\":4,\"name\":\"Even\"}]},{\"@type\":\"WebSite\",\"@id\":\"https:\/\/www.rimadesio.it\/de\/#website\",\"url\":\"https:\/\/www.rimadesio.it\/de\/\",\"name\":\"Rimadesio\",\"description\":\"Rimadesio official website\",\"publisher\":{\"@id\":\"https:\/\/www.rimadesio.it\/de\/#organization\"},\"potentialAction\":[{\"@type\":\"SearchAction\",\"target\":{\"@type\":\"EntryPoint\",\"urlTemplate\":\"https:\/\/www.rimadesio.it\/de\/?s={search_term_string}\"},\"query-input\":\"required name=search_term_string\"}],\"inLanguage\":\"de-DE\"},{\"@type\":\"Organization\",\"@id\":\"https:\/\/www.rimadesio.it\/de\/#organization\",\"name\":\"Rimadesio\",\"url\":\"https:\/\/www.rimadesio.it\/de\/\",\"logo\":{\"@type\":\"ImageObject\",\"inLanguage\":\"de-DE\",\"@id\":\"https:\/\/www.rimadesio.it\/de\/#\/schema\/logo\/image\/\",\"url\":\"https:\/\/static.rimadesio.it\/media\/2021\/08\/Logo.png\",\"contentUrl\":\"https:\/\/static.rimadesio.it\/media\/2021\/08\/Logo.png\",\"width\":102,\"height\":18,\"caption\":\"Rimadesio\"},\"image\":{\"@id\":\"https:\/\/www.rimadesio.it\/de\/#\/schema\/logo\/image\/\"}}]}<\/script>\n<!-- \/ Yoast SEO plugin. -->","yoast_head_json":{"title":"Even - Rimadesio","description":"Erh\u00e4ltlich als Schwing- und Schiebet\u00fcren, ist Even die nat\u00fcrliche Erg\u00e4nzung der Stripe-Linie, die sich durch das besondere Design der horizontalen","robots":{"index":"index","follow":"follow","max-snippet":"max-snippet:-1","max-image-preview":"max-image-preview:large","max-video-preview":"max-video-preview:-1"},"canonical":"https:\/\/www.rimadesio.it\/de\/produkt\/even-2\/","og_locale":"de_DE","og_type":"article","og_title":"Even - Rimadesio","og_description":"Erh\u00e4ltlich als Schwing- und Schiebet\u00fcren, ist Even die nat\u00fcrliche Erg\u00e4nzung der Stripe-Linie, die sich durch das besondere Design der horizontalen","og_url":"https:\/\/www.rimadesio.it\/de\/produkt\/even-2\/","og_site_name":"Rimadesio","article_modified_time":"2026-04-15T14:27:33+00:00","twitter_card":"summary_large_image","schema":{"@context":"https:\/\/schema.org","@graph":[{"@type":"WebPage","@id":"https:\/\/www.rimadesio.it\/de\/produkt\/even-2\/","url":"https:\/\/www.rimadesio.it\/de\/produkt\/even-2\/","name":"Even - Rimadesio","isPartOf":{"@id":"https:\/\/www.rimadesio.it\/de\/#website"},"datePublished":"2022-01-08T16:55:26+00:00","dateModified":"2026-04-15T14:27:33+00:00","description":"Erh\u00e4ltlich als Schwing- und Schiebet\u00fcren, ist Even die nat\u00fcrliche Erg\u00e4nzung der Stripe-Linie, die sich durch das besondere Design der horizontalen","breadcrumb":{"@id":"https:\/\/www.rimadesio.it\/de\/produkt\/even-2\/#breadcrumb"},"inLanguage":"de-DE","potentialAction":[{"@type":"ReadAction","target":["https:\/\/www.rimadesio.it\/de\/produkt\/even-2\/"]}]},{"@type":"BreadcrumbList","@id":"https:\/\/www.rimadesio.it\/de\/produkt\/even-2\/#breadcrumb","itemListElement":[{"@type":"ListItem","position":1,"name":"Homepage","item":"https:\/\/www.rimadesio.it\/de\/"},{"@type":"ListItem","position":2,"name":"Produkte","item":"https:\/\/www.rimadesio.it\/de\/produkt\/"},{"@type":"ListItem","position":3,"name":"T\u00fcren","item":"https:\/\/www.rimadesio.it\/de\/produktkategorie\/turen\/"},{"@type":"ListItem","position":4,"name":"Even"}]},{"@type":"WebSite","@id":"https:\/\/www.rimadesio.it\/de\/#website","url":"https:\/\/www.rimadesio.it\/de\/","name":"Rimadesio","description":"Rimadesio official website","publisher":{"@id":"https:\/\/www.rimadesio.it\/de\/#organization"},"potentialAction":[{"@type":"SearchAction","target":{"@type":"EntryPoint","urlTemplate":"https:\/\/www.rimadesio.it\/de\/?s={search_term_string}"},"query-input":"required name=search_term_string"}],"inLanguage":"de-DE"},{"@type":"Organization","@id":"https:\/\/www.rimadesio.it\/de\/#organization","name":"Rimadesio","url":"https:\/\/www.rimadesio.it\/de\/","logo":{"@type":"ImageObject","inLanguage":"de-DE","@id":"https:\/\/www.rimadesio.it\/de\/#\/schema\/logo\/image\/","url":"https:\/\/static.rimadesio.it\/media\/2021\/08\/Logo.png","contentUrl":"https:\/\/static.rimadesio.it\/media\/2021\/08\/Logo.png","width":102,"height":18,"caption":"Rimadesio"},"image":{"@id":"https:\/\/www.rimadesio.it\/de\/#\/schema\/logo\/image\/"}}]}},"_links":{"self":[{"href":"https:\/\/www.rimadesio.it\/de\/wp-json\/wp\/v2\/product\/149570"}],"collection":[{"href":"https:\/\/www.rimadesio.it\/de\/wp-json\/wp\/v2\/product"}],"about":[{"href":"https:\/\/www.rimadesio.it\/de\/wp-json\/wp\/v2\/types\/product"}],"wp:attachment":[{"href":"https:\/\/www.rimadesio.it\/de\/wp-json\/wp\/v2\/media?parent=149570"}],"wp:term":[{"taxonomy":"product_category","embeddable":true,"href":"https:\/\/www.rimadesio.it\/de\/wp-json\/wp\/v2\/product_category?post=149570"}],"curies":[{"name":"wp","href":"https:\/\/api.w.org\/{rel}","templated":true}]}}