{"id":149233,"date":"2022-01-08T14:52:45","date_gmt":"2022-01-08T13:52:45","guid":{"rendered":"https:\/\/www.rimadesio.it\/product\/self-up-2\/"},"modified":"2026-04-15T11:16:19","modified_gmt":"2026-04-15T09:16:19","slug":"self-up-2","status":"publish","type":"product","link":"https:\/\/www.rimadesio.it\/de\/produkt\/self-up-2\/","title":{"rendered":"Self up"},"content":{"rendered":"<p>Die Self Kompositionen kennzeichnen sich durch ihre Aluminiumf\u00fc\u00dfe. Self bietet eine gro\u00dfe Vielfalt an kompositorischen M\u00f6glichkeiten, definiert durch eine \u00c4sthetik, die von h\u00f6chster formaler Leichtigkeit inspiriert ist. Die in zwei H\u00f6hen vorgesehenen und zu den Profilen passenden F\u00fc\u00dfe sind in den Ausf\u00fchrungen Aluminium, brown oder lackiert und in den 46 Ecolorsystem-Farben erh\u00e4ltlich .<\/p>\n","protected":false},"featured_media":0,"template":"","product_category":[276,247,279,618,256,273,615,282,613,271],"acf":[],"yoast_head":"<!-- This site is optimized with the Yoast SEO plugin v20.4 - https:\/\/yoast.com\/wordpress\/plugins\/seo\/ -->\n<title>Self up - Rimadesio<\/title>\n<meta name=\"description\" content=\"Die Self Kompositionen kennzeichnen sich durch ihre Aluminiumf\u00fc\u00dfe. Self bietet eine gro\u00dfe Vielfalt an kompositorischen M\u00f6glichkeiten, definiert durch eine\" \/>\n<meta name=\"robots\" content=\"index, follow, max-snippet:-1, max-image-preview:large, max-video-preview:-1\" \/>\n<link rel=\"canonical\" href=\"https:\/\/www.rimadesio.it\/de\/produkt\/self-up-2\/\" \/>\n<meta property=\"og:locale\" content=\"de_DE\" \/>\n<meta property=\"og:type\" content=\"article\" \/>\n<meta property=\"og:title\" content=\"Self up - Rimadesio\" \/>\n<meta property=\"og:description\" content=\"Die Self Kompositionen kennzeichnen sich durch ihre Aluminiumf\u00fc\u00dfe. Self bietet eine gro\u00dfe Vielfalt an kompositorischen M\u00f6glichkeiten, definiert durch eine\" \/>\n<meta property=\"og:url\" content=\"https:\/\/www.rimadesio.it\/de\/produkt\/self-up-2\/\" \/>\n<meta property=\"og:site_name\" content=\"Rimadesio\" \/>\n<meta property=\"article:modified_time\" content=\"2026-04-15T09:16:19+00:00\" \/>\n<meta name=\"twitter:card\" content=\"summary_large_image\" \/>\n<script type=\"application\/ld+json\" class=\"yoast-schema-graph\">{\"@context\":\"https:\/\/schema.org\",\"@graph\":[{\"@type\":\"WebPage\",\"@id\":\"https:\/\/www.rimadesio.it\/de\/produkt\/self-up-2\/\",\"url\":\"https:\/\/www.rimadesio.it\/de\/produkt\/self-up-2\/\",\"name\":\"Self up - Rimadesio\",\"isPartOf\":{\"@id\":\"https:\/\/www.rimadesio.it\/de\/#website\"},\"datePublished\":\"2022-01-08T13:52:45+00:00\",\"dateModified\":\"2026-04-15T09:16:19+00:00\",\"description\":\"Die Self Kompositionen kennzeichnen sich durch ihre Aluminiumf\u00fc\u00dfe. Self bietet eine gro\u00dfe Vielfalt an kompositorischen M\u00f6glichkeiten, definiert durch eine\",\"breadcrumb\":{\"@id\":\"https:\/\/www.rimadesio.it\/de\/produkt\/self-up-2\/#breadcrumb\"},\"inLanguage\":\"de-DE\",\"potentialAction\":[{\"@type\":\"ReadAction\",\"target\":[\"https:\/\/www.rimadesio.it\/de\/produkt\/self-up-2\/\"]}]},{\"@type\":\"BreadcrumbList\",\"@id\":\"https:\/\/www.rimadesio.it\/de\/produkt\/self-up-2\/#breadcrumb\",\"itemListElement\":[{\"@type\":\"ListItem\",\"position\":1,\"name\":\"Homepage\",\"item\":\"https:\/\/www.rimadesio.it\/de\/\"},{\"@type\":\"ListItem\",\"position\":2,\"name\":\"Produkte\",\"item\":\"https:\/\/www.rimadesio.it\/de\/produkt\/\"},{\"@type\":\"ListItem\",\"position\":3,\"name\":\"Einrichtungsgegenst\u00e4nde\",\"item\":\"https:\/\/www.rimadesio.it\/de\/produktkategorie\/einzelmobel\/\"},{\"@type\":\"ListItem\",\"position\":4,\"name\":\"Schr\u00e4nkchen und Kommoden\",\"item\":\"https:\/\/www.rimadesio.it\/de\/produktkategorie\/einzelmobel\/schubladen-schranke-sekretar\/\"},{\"@type\":\"ListItem\",\"position\":5,\"name\":\"Self up\"}]},{\"@type\":\"WebSite\",\"@id\":\"https:\/\/www.rimadesio.it\/de\/#website\",\"url\":\"https:\/\/www.rimadesio.it\/de\/\",\"name\":\"Rimadesio\",\"description\":\"Rimadesio official website\",\"publisher\":{\"@id\":\"https:\/\/www.rimadesio.it\/de\/#organization\"},\"potentialAction\":[{\"@type\":\"SearchAction\",\"target\":{\"@type\":\"EntryPoint\",\"urlTemplate\":\"https:\/\/www.rimadesio.it\/de\/?s={search_term_string}\"},\"query-input\":\"required name=search_term_string\"}],\"inLanguage\":\"de-DE\"},{\"@type\":\"Organization\",\"@id\":\"https:\/\/www.rimadesio.it\/de\/#organization\",\"name\":\"Rimadesio\",\"url\":\"https:\/\/www.rimadesio.it\/de\/\",\"logo\":{\"@type\":\"ImageObject\",\"inLanguage\":\"de-DE\",\"@id\":\"https:\/\/www.rimadesio.it\/de\/#\/schema\/logo\/image\/\",\"url\":\"https:\/\/static.rimadesio.it\/media\/2021\/08\/Logo.png\",\"contentUrl\":\"https:\/\/static.rimadesio.it\/media\/2021\/08\/Logo.png\",\"width\":102,\"height\":18,\"caption\":\"Rimadesio\"},\"image\":{\"@id\":\"https:\/\/www.rimadesio.it\/de\/#\/schema\/logo\/image\/\"}}]}<\/script>\n<!-- \/ Yoast SEO plugin. -->","yoast_head_json":{"title":"Self up - Rimadesio","description":"Die Self Kompositionen kennzeichnen sich durch ihre Aluminiumf\u00fc\u00dfe. Self bietet eine gro\u00dfe Vielfalt an kompositorischen M\u00f6glichkeiten, definiert durch eine","robots":{"index":"index","follow":"follow","max-snippet":"max-snippet:-1","max-image-preview":"max-image-preview:large","max-video-preview":"max-video-preview:-1"},"canonical":"https:\/\/www.rimadesio.it\/de\/produkt\/self-up-2\/","og_locale":"de_DE","og_type":"article","og_title":"Self up - Rimadesio","og_description":"Die Self Kompositionen kennzeichnen sich durch ihre Aluminiumf\u00fc\u00dfe. Self bietet eine gro\u00dfe Vielfalt an kompositorischen M\u00f6glichkeiten, definiert durch eine","og_url":"https:\/\/www.rimadesio.it\/de\/produkt\/self-up-2\/","og_site_name":"Rimadesio","article_modified_time":"2026-04-15T09:16:19+00:00","twitter_card":"summary_large_image","schema":{"@context":"https:\/\/schema.org","@graph":[{"@type":"WebPage","@id":"https:\/\/www.rimadesio.it\/de\/produkt\/self-up-2\/","url":"https:\/\/www.rimadesio.it\/de\/produkt\/self-up-2\/","name":"Self up - Rimadesio","isPartOf":{"@id":"https:\/\/www.rimadesio.it\/de\/#website"},"datePublished":"2022-01-08T13:52:45+00:00","dateModified":"2026-04-15T09:16:19+00:00","description":"Die Self Kompositionen kennzeichnen sich durch ihre Aluminiumf\u00fc\u00dfe. Self bietet eine gro\u00dfe Vielfalt an kompositorischen M\u00f6glichkeiten, definiert durch eine","breadcrumb":{"@id":"https:\/\/www.rimadesio.it\/de\/produkt\/self-up-2\/#breadcrumb"},"inLanguage":"de-DE","potentialAction":[{"@type":"ReadAction","target":["https:\/\/www.rimadesio.it\/de\/produkt\/self-up-2\/"]}]},{"@type":"BreadcrumbList","@id":"https:\/\/www.rimadesio.it\/de\/produkt\/self-up-2\/#breadcrumb","itemListElement":[{"@type":"ListItem","position":1,"name":"Homepage","item":"https:\/\/www.rimadesio.it\/de\/"},{"@type":"ListItem","position":2,"name":"Produkte","item":"https:\/\/www.rimadesio.it\/de\/produkt\/"},{"@type":"ListItem","position":3,"name":"Einrichtungsgegenst\u00e4nde","item":"https:\/\/www.rimadesio.it\/de\/produktkategorie\/einzelmobel\/"},{"@type":"ListItem","position":4,"name":"Schr\u00e4nkchen und Kommoden","item":"https:\/\/www.rimadesio.it\/de\/produktkategorie\/einzelmobel\/schubladen-schranke-sekretar\/"},{"@type":"ListItem","position":5,"name":"Self up"}]},{"@type":"WebSite","@id":"https:\/\/www.rimadesio.it\/de\/#website","url":"https:\/\/www.rimadesio.it\/de\/","name":"Rimadesio","description":"Rimadesio official website","publisher":{"@id":"https:\/\/www.rimadesio.it\/de\/#organization"},"potentialAction":[{"@type":"SearchAction","target":{"@type":"EntryPoint","urlTemplate":"https:\/\/www.rimadesio.it\/de\/?s={search_term_string}"},"query-input":"required name=search_term_string"}],"inLanguage":"de-DE"},{"@type":"Organization","@id":"https:\/\/www.rimadesio.it\/de\/#organization","name":"Rimadesio","url":"https:\/\/www.rimadesio.it\/de\/","logo":{"@type":"ImageObject","inLanguage":"de-DE","@id":"https:\/\/www.rimadesio.it\/de\/#\/schema\/logo\/image\/","url":"https:\/\/static.rimadesio.it\/media\/2021\/08\/Logo.png","contentUrl":"https:\/\/static.rimadesio.it\/media\/2021\/08\/Logo.png","width":102,"height":18,"caption":"Rimadesio"},"image":{"@id":"https:\/\/www.rimadesio.it\/de\/#\/schema\/logo\/image\/"}}]}},"_links":{"self":[{"href":"https:\/\/www.rimadesio.it\/de\/wp-json\/wp\/v2\/product\/149233"}],"collection":[{"href":"https:\/\/www.rimadesio.it\/de\/wp-json\/wp\/v2\/product"}],"about":[{"href":"https:\/\/www.rimadesio.it\/de\/wp-json\/wp\/v2\/types\/product"}],"wp:attachment":[{"href":"https:\/\/www.rimadesio.it\/de\/wp-json\/wp\/v2\/media?parent=149233"}],"wp:term":[{"taxonomy":"product_category","embeddable":true,"href":"https:\/\/www.rimadesio.it\/de\/wp-json\/wp\/v2\/product_category?post=149233"}],"curies":[{"name":"wp","href":"https:\/\/api.w.org\/{rel}","templated":true}]}}