{"id":149212,"date":"2022-01-08T14:12:12","date_gmt":"2022-01-08T13:12:12","guid":{"rendered":"https:\/\/www.rimadesio.it\/product\/abacus-living-2\/"},"modified":"2026-04-15T09:13:23","modified_gmt":"2026-04-15T07:13:23","slug":"abacus-living-2","status":"publish","type":"product","link":"https:\/\/www.rimadesio.it\/de\/produkt\/abacus-living-2\/","title":{"rendered":"Abacus living"},"content":{"rendered":"<p>Dies ist ein neues Konzept f\u00fcr das Tagessystem. Die Linie besteht aus einer lackierten Glasboiserie, einer reinen Oberfl\u00e4che, die von Licht und Reflexionen lebt, in die Ganzglasbeh\u00e4lter mit Schubladen und Schiebet\u00fcren, sehr d\u00fcnne Regale und Vitrinen mit Klappt\u00fcren eingesetzt werden. Die R\u00fcckenw\u00e4nde sind oben und unten mit einem LED-Beleuchtungssystem ausgestattet. Die gro\u00dfe Auswahl an Beh\u00e4ltern und Zubeh\u00f6r f\u00fcr den Wohnbereich und HiFi erm\u00f6glicht es, Einrichtungsideen nach den modernsten Gewohnheiten zu formulieren, die sich durch die \u00c4sthetik von Glas auszeichnen.<\/p>\n","protected":false},"featured_media":0,"template":"","product_category":[279,611,271],"acf":[],"yoast_head":"<!-- This site is optimized with the Yoast SEO plugin v20.4 - https:\/\/yoast.com\/wordpress\/plugins\/seo\/ -->\n<title>Abacus living - Rimadesio<\/title>\n<meta name=\"description\" content=\"Dies ist ein neues Konzept f\u00fcr das Tagessystem. Die Linie besteht aus einer lackierten Glasboiserie, einer reinen Oberfl\u00e4che, die von Licht und\" \/>\n<meta name=\"robots\" content=\"index, follow, max-snippet:-1, max-image-preview:large, max-video-preview:-1\" \/>\n<link rel=\"canonical\" href=\"https:\/\/www.rimadesio.it\/de\/produkt\/abacus-living-2\/\" \/>\n<meta property=\"og:locale\" content=\"de_DE\" \/>\n<meta property=\"og:type\" content=\"article\" \/>\n<meta property=\"og:title\" content=\"Abacus living - Rimadesio\" \/>\n<meta property=\"og:description\" content=\"Dies ist ein neues Konzept f\u00fcr das Tagessystem. Die Linie besteht aus einer lackierten Glasboiserie, einer reinen Oberfl\u00e4che, die von Licht und\" \/>\n<meta property=\"og:url\" content=\"https:\/\/www.rimadesio.it\/de\/produkt\/abacus-living-2\/\" \/>\n<meta property=\"og:site_name\" content=\"Rimadesio\" \/>\n<meta property=\"article:modified_time\" content=\"2026-04-15T07:13:23+00:00\" \/>\n<meta name=\"twitter:card\" content=\"summary_large_image\" \/>\n<script type=\"application\/ld+json\" class=\"yoast-schema-graph\">{\"@context\":\"https:\/\/schema.org\",\"@graph\":[{\"@type\":\"WebPage\",\"@id\":\"https:\/\/www.rimadesio.it\/de\/produkt\/abacus-living-2\/\",\"url\":\"https:\/\/www.rimadesio.it\/de\/produkt\/abacus-living-2\/\",\"name\":\"Abacus living - Rimadesio\",\"isPartOf\":{\"@id\":\"https:\/\/www.rimadesio.it\/de\/#website\"},\"datePublished\":\"2022-01-08T13:12:12+00:00\",\"dateModified\":\"2026-04-15T07:13:23+00:00\",\"description\":\"Dies ist ein neues Konzept f\u00fcr das Tagessystem. Die Linie besteht aus einer lackierten Glasboiserie, einer reinen Oberfl\u00e4che, die von Licht und\",\"breadcrumb\":{\"@id\":\"https:\/\/www.rimadesio.it\/de\/produkt\/abacus-living-2\/#breadcrumb\"},\"inLanguage\":\"de-DE\",\"potentialAction\":[{\"@type\":\"ReadAction\",\"target\":[\"https:\/\/www.rimadesio.it\/de\/produkt\/abacus-living-2\/\"]}]},{\"@type\":\"BreadcrumbList\",\"@id\":\"https:\/\/www.rimadesio.it\/de\/produkt\/abacus-living-2\/#breadcrumb\",\"itemListElement\":[{\"@type\":\"ListItem\",\"position\":1,\"name\":\"Homepage\",\"item\":\"https:\/\/www.rimadesio.it\/de\/\"},{\"@type\":\"ListItem\",\"position\":2,\"name\":\"Produkte\",\"item\":\"https:\/\/www.rimadesio.it\/de\/produkt\/\"},{\"@type\":\"ListItem\",\"position\":3,\"name\":\"Wohnsysteme\",\"item\":\"https:\/\/www.rimadesio.it\/de\/produktkategorie\/wohnraum\/\"},{\"@type\":\"ListItem\",\"position\":4,\"name\":\"Abacus living\"}]},{\"@type\":\"WebSite\",\"@id\":\"https:\/\/www.rimadesio.it\/de\/#website\",\"url\":\"https:\/\/www.rimadesio.it\/de\/\",\"name\":\"Rimadesio\",\"description\":\"Rimadesio official website\",\"publisher\":{\"@id\":\"https:\/\/www.rimadesio.it\/de\/#organization\"},\"potentialAction\":[{\"@type\":\"SearchAction\",\"target\":{\"@type\":\"EntryPoint\",\"urlTemplate\":\"https:\/\/www.rimadesio.it\/de\/?s={search_term_string}\"},\"query-input\":\"required name=search_term_string\"}],\"inLanguage\":\"de-DE\"},{\"@type\":\"Organization\",\"@id\":\"https:\/\/www.rimadesio.it\/de\/#organization\",\"name\":\"Rimadesio\",\"url\":\"https:\/\/www.rimadesio.it\/de\/\",\"logo\":{\"@type\":\"ImageObject\",\"inLanguage\":\"de-DE\",\"@id\":\"https:\/\/www.rimadesio.it\/de\/#\/schema\/logo\/image\/\",\"url\":\"https:\/\/static.rimadesio.it\/media\/2021\/08\/Logo.png\",\"contentUrl\":\"https:\/\/static.rimadesio.it\/media\/2021\/08\/Logo.png\",\"width\":102,\"height\":18,\"caption\":\"Rimadesio\"},\"image\":{\"@id\":\"https:\/\/www.rimadesio.it\/de\/#\/schema\/logo\/image\/\"}}]}<\/script>\n<!-- \/ Yoast SEO plugin. -->","yoast_head_json":{"title":"Abacus living - Rimadesio","description":"Dies ist ein neues Konzept f\u00fcr das Tagessystem. Die Linie besteht aus einer lackierten Glasboiserie, einer reinen Oberfl\u00e4che, die von Licht und","robots":{"index":"index","follow":"follow","max-snippet":"max-snippet:-1","max-image-preview":"max-image-preview:large","max-video-preview":"max-video-preview:-1"},"canonical":"https:\/\/www.rimadesio.it\/de\/produkt\/abacus-living-2\/","og_locale":"de_DE","og_type":"article","og_title":"Abacus living - Rimadesio","og_description":"Dies ist ein neues Konzept f\u00fcr das Tagessystem. Die Linie besteht aus einer lackierten Glasboiserie, einer reinen Oberfl\u00e4che, die von Licht und","og_url":"https:\/\/www.rimadesio.it\/de\/produkt\/abacus-living-2\/","og_site_name":"Rimadesio","article_modified_time":"2026-04-15T07:13:23+00:00","twitter_card":"summary_large_image","schema":{"@context":"https:\/\/schema.org","@graph":[{"@type":"WebPage","@id":"https:\/\/www.rimadesio.it\/de\/produkt\/abacus-living-2\/","url":"https:\/\/www.rimadesio.it\/de\/produkt\/abacus-living-2\/","name":"Abacus living - Rimadesio","isPartOf":{"@id":"https:\/\/www.rimadesio.it\/de\/#website"},"datePublished":"2022-01-08T13:12:12+00:00","dateModified":"2026-04-15T07:13:23+00:00","description":"Dies ist ein neues Konzept f\u00fcr das Tagessystem. Die Linie besteht aus einer lackierten Glasboiserie, einer reinen Oberfl\u00e4che, die von Licht und","breadcrumb":{"@id":"https:\/\/www.rimadesio.it\/de\/produkt\/abacus-living-2\/#breadcrumb"},"inLanguage":"de-DE","potentialAction":[{"@type":"ReadAction","target":["https:\/\/www.rimadesio.it\/de\/produkt\/abacus-living-2\/"]}]},{"@type":"BreadcrumbList","@id":"https:\/\/www.rimadesio.it\/de\/produkt\/abacus-living-2\/#breadcrumb","itemListElement":[{"@type":"ListItem","position":1,"name":"Homepage","item":"https:\/\/www.rimadesio.it\/de\/"},{"@type":"ListItem","position":2,"name":"Produkte","item":"https:\/\/www.rimadesio.it\/de\/produkt\/"},{"@type":"ListItem","position":3,"name":"Wohnsysteme","item":"https:\/\/www.rimadesio.it\/de\/produktkategorie\/wohnraum\/"},{"@type":"ListItem","position":4,"name":"Abacus living"}]},{"@type":"WebSite","@id":"https:\/\/www.rimadesio.it\/de\/#website","url":"https:\/\/www.rimadesio.it\/de\/","name":"Rimadesio","description":"Rimadesio official website","publisher":{"@id":"https:\/\/www.rimadesio.it\/de\/#organization"},"potentialAction":[{"@type":"SearchAction","target":{"@type":"EntryPoint","urlTemplate":"https:\/\/www.rimadesio.it\/de\/?s={search_term_string}"},"query-input":"required name=search_term_string"}],"inLanguage":"de-DE"},{"@type":"Organization","@id":"https:\/\/www.rimadesio.it\/de\/#organization","name":"Rimadesio","url":"https:\/\/www.rimadesio.it\/de\/","logo":{"@type":"ImageObject","inLanguage":"de-DE","@id":"https:\/\/www.rimadesio.it\/de\/#\/schema\/logo\/image\/","url":"https:\/\/static.rimadesio.it\/media\/2021\/08\/Logo.png","contentUrl":"https:\/\/static.rimadesio.it\/media\/2021\/08\/Logo.png","width":102,"height":18,"caption":"Rimadesio"},"image":{"@id":"https:\/\/www.rimadesio.it\/de\/#\/schema\/logo\/image\/"}}]}},"_links":{"self":[{"href":"https:\/\/www.rimadesio.it\/de\/wp-json\/wp\/v2\/product\/149212"}],"collection":[{"href":"https:\/\/www.rimadesio.it\/de\/wp-json\/wp\/v2\/product"}],"about":[{"href":"https:\/\/www.rimadesio.it\/de\/wp-json\/wp\/v2\/types\/product"}],"wp:attachment":[{"href":"https:\/\/www.rimadesio.it\/de\/wp-json\/wp\/v2\/media?parent=149212"}],"wp:term":[{"taxonomy":"product_category","embeddable":true,"href":"https:\/\/www.rimadesio.it\/de\/wp-json\/wp\/v2\/product_category?post=149212"}],"curies":[{"name":"wp","href":"https:\/\/api.w.org\/{rel}","templated":true}]}}