{"id":149203,"date":"2022-01-08T13:58:19","date_gmt":"2022-01-08T12:58:19","guid":{"rendered":"https:\/\/www.rimadesio.it\/product\/cover-freestanding-day-2\/"},"modified":"2026-04-16T12:41:04","modified_gmt":"2026-04-16T10:41:04","slug":"cover-freestanding-day-2","status":"publish","type":"product","link":"https:\/\/www.rimadesio.it\/de\/produkt\/cover-freestanding-day-2\/","title":{"rendered":"Cover freestanding"},"content":{"rendered":"<p>Cover freestanding ist die freistehende Version des Cover-Systems und ist daher mit Seitenw\u00e4nden und R\u00fcckw\u00e4nden ausgestattet, um ma\u00dfgeschneiderte lineare-\u00a0 oder Eckkompositionen zu definieren.\u00a0Die perfekte Verarbeitung der R\u00fcckw\u00e4nde und der Innenseiten der T\u00fcren machen Cover freestanding auch f\u00fcr Wandl\u00f6sungen mit integrierten Durchg\u00e4ngen zu einem idealen System. Die Innenausstattung wird mit einem Stecksystem ohne sichtbare Schrauben an den St\u00e4ndern befestigt, was eine freie Anordnung erm\u00f6glicht und im Laufe der Zeit problemlos ge\u00e4ndert werden kann.<\/p>\n","protected":false},"featured_media":0,"template":"","product_category":[279,271],"acf":[],"yoast_head":"<!-- This site is optimized with the Yoast SEO plugin v20.4 - https:\/\/yoast.com\/wordpress\/plugins\/seo\/ -->\n<title>Cover freestanding - Rimadesio<\/title>\n<meta name=\"description\" content=\"Cover freestanding ist die freistehende Version des Cover-Systems und ist daher mit Seitenw\u00e4nden und R\u00fcckw\u00e4nden ausgestattet, um ma\u00dfgeschneiderte\" \/>\n<meta name=\"robots\" content=\"index, follow, max-snippet:-1, max-image-preview:large, max-video-preview:-1\" \/>\n<link rel=\"canonical\" href=\"https:\/\/www.rimadesio.it\/de\/produkt\/cover-freestanding-day-2\/\" \/>\n<meta property=\"og:locale\" content=\"de_DE\" \/>\n<meta property=\"og:type\" content=\"article\" \/>\n<meta property=\"og:title\" content=\"Cover freestanding - Rimadesio\" \/>\n<meta property=\"og:description\" content=\"Cover freestanding ist die freistehende Version des Cover-Systems und ist daher mit Seitenw\u00e4nden und R\u00fcckw\u00e4nden ausgestattet, um ma\u00dfgeschneiderte\" \/>\n<meta property=\"og:url\" content=\"https:\/\/www.rimadesio.it\/de\/produkt\/cover-freestanding-day-2\/\" \/>\n<meta property=\"og:site_name\" content=\"Rimadesio\" \/>\n<meta property=\"article:modified_time\" content=\"2026-04-16T10:41:04+00:00\" \/>\n<meta name=\"twitter:card\" content=\"summary_large_image\" \/>\n<script type=\"application\/ld+json\" class=\"yoast-schema-graph\">{\"@context\":\"https:\/\/schema.org\",\"@graph\":[{\"@type\":\"WebPage\",\"@id\":\"https:\/\/www.rimadesio.it\/de\/produkt\/cover-freestanding-day-2\/\",\"url\":\"https:\/\/www.rimadesio.it\/de\/produkt\/cover-freestanding-day-2\/\",\"name\":\"Cover freestanding - Rimadesio\",\"isPartOf\":{\"@id\":\"https:\/\/www.rimadesio.it\/de\/#website\"},\"datePublished\":\"2022-01-08T12:58:19+00:00\",\"dateModified\":\"2026-04-16T10:41:04+00:00\",\"description\":\"Cover freestanding ist die freistehende Version des Cover-Systems und ist daher mit Seitenw\u00e4nden und R\u00fcckw\u00e4nden ausgestattet, um ma\u00dfgeschneiderte\",\"breadcrumb\":{\"@id\":\"https:\/\/www.rimadesio.it\/de\/produkt\/cover-freestanding-day-2\/#breadcrumb\"},\"inLanguage\":\"de-DE\",\"potentialAction\":[{\"@type\":\"ReadAction\",\"target\":[\"https:\/\/www.rimadesio.it\/de\/produkt\/cover-freestanding-day-2\/\"]}]},{\"@type\":\"BreadcrumbList\",\"@id\":\"https:\/\/www.rimadesio.it\/de\/produkt\/cover-freestanding-day-2\/#breadcrumb\",\"itemListElement\":[{\"@type\":\"ListItem\",\"position\":1,\"name\":\"Homepage\",\"item\":\"https:\/\/www.rimadesio.it\/de\/\"},{\"@type\":\"ListItem\",\"position\":2,\"name\":\"Produkte\",\"item\":\"https:\/\/www.rimadesio.it\/de\/produkt\/\"},{\"@type\":\"ListItem\",\"position\":3,\"name\":\"Wohnsysteme\",\"item\":\"https:\/\/www.rimadesio.it\/de\/produktkategorie\/wohnraum\/\"},{\"@type\":\"ListItem\",\"position\":4,\"name\":\"Cover freestanding\"}]},{\"@type\":\"WebSite\",\"@id\":\"https:\/\/www.rimadesio.it\/de\/#website\",\"url\":\"https:\/\/www.rimadesio.it\/de\/\",\"name\":\"Rimadesio\",\"description\":\"Rimadesio official website\",\"publisher\":{\"@id\":\"https:\/\/www.rimadesio.it\/de\/#organization\"},\"potentialAction\":[{\"@type\":\"SearchAction\",\"target\":{\"@type\":\"EntryPoint\",\"urlTemplate\":\"https:\/\/www.rimadesio.it\/de\/?s={search_term_string}\"},\"query-input\":\"required name=search_term_string\"}],\"inLanguage\":\"de-DE\"},{\"@type\":\"Organization\",\"@id\":\"https:\/\/www.rimadesio.it\/de\/#organization\",\"name\":\"Rimadesio\",\"url\":\"https:\/\/www.rimadesio.it\/de\/\",\"logo\":{\"@type\":\"ImageObject\",\"inLanguage\":\"de-DE\",\"@id\":\"https:\/\/www.rimadesio.it\/de\/#\/schema\/logo\/image\/\",\"url\":\"https:\/\/static.rimadesio.it\/media\/2021\/08\/Logo.png\",\"contentUrl\":\"https:\/\/static.rimadesio.it\/media\/2021\/08\/Logo.png\",\"width\":102,\"height\":18,\"caption\":\"Rimadesio\"},\"image\":{\"@id\":\"https:\/\/www.rimadesio.it\/de\/#\/schema\/logo\/image\/\"}}]}<\/script>\n<!-- \/ Yoast SEO plugin. -->","yoast_head_json":{"title":"Cover freestanding - Rimadesio","description":"Cover freestanding ist die freistehende Version des Cover-Systems und ist daher mit Seitenw\u00e4nden und R\u00fcckw\u00e4nden ausgestattet, um ma\u00dfgeschneiderte","robots":{"index":"index","follow":"follow","max-snippet":"max-snippet:-1","max-image-preview":"max-image-preview:large","max-video-preview":"max-video-preview:-1"},"canonical":"https:\/\/www.rimadesio.it\/de\/produkt\/cover-freestanding-day-2\/","og_locale":"de_DE","og_type":"article","og_title":"Cover freestanding - Rimadesio","og_description":"Cover freestanding ist die freistehende Version des Cover-Systems und ist daher mit Seitenw\u00e4nden und R\u00fcckw\u00e4nden ausgestattet, um ma\u00dfgeschneiderte","og_url":"https:\/\/www.rimadesio.it\/de\/produkt\/cover-freestanding-day-2\/","og_site_name":"Rimadesio","article_modified_time":"2026-04-16T10:41:04+00:00","twitter_card":"summary_large_image","schema":{"@context":"https:\/\/schema.org","@graph":[{"@type":"WebPage","@id":"https:\/\/www.rimadesio.it\/de\/produkt\/cover-freestanding-day-2\/","url":"https:\/\/www.rimadesio.it\/de\/produkt\/cover-freestanding-day-2\/","name":"Cover freestanding - Rimadesio","isPartOf":{"@id":"https:\/\/www.rimadesio.it\/de\/#website"},"datePublished":"2022-01-08T12:58:19+00:00","dateModified":"2026-04-16T10:41:04+00:00","description":"Cover freestanding ist die freistehende Version des Cover-Systems und ist daher mit Seitenw\u00e4nden und R\u00fcckw\u00e4nden ausgestattet, um ma\u00dfgeschneiderte","breadcrumb":{"@id":"https:\/\/www.rimadesio.it\/de\/produkt\/cover-freestanding-day-2\/#breadcrumb"},"inLanguage":"de-DE","potentialAction":[{"@type":"ReadAction","target":["https:\/\/www.rimadesio.it\/de\/produkt\/cover-freestanding-day-2\/"]}]},{"@type":"BreadcrumbList","@id":"https:\/\/www.rimadesio.it\/de\/produkt\/cover-freestanding-day-2\/#breadcrumb","itemListElement":[{"@type":"ListItem","position":1,"name":"Homepage","item":"https:\/\/www.rimadesio.it\/de\/"},{"@type":"ListItem","position":2,"name":"Produkte","item":"https:\/\/www.rimadesio.it\/de\/produkt\/"},{"@type":"ListItem","position":3,"name":"Wohnsysteme","item":"https:\/\/www.rimadesio.it\/de\/produktkategorie\/wohnraum\/"},{"@type":"ListItem","position":4,"name":"Cover freestanding"}]},{"@type":"WebSite","@id":"https:\/\/www.rimadesio.it\/de\/#website","url":"https:\/\/www.rimadesio.it\/de\/","name":"Rimadesio","description":"Rimadesio official website","publisher":{"@id":"https:\/\/www.rimadesio.it\/de\/#organization"},"potentialAction":[{"@type":"SearchAction","target":{"@type":"EntryPoint","urlTemplate":"https:\/\/www.rimadesio.it\/de\/?s={search_term_string}"},"query-input":"required name=search_term_string"}],"inLanguage":"de-DE"},{"@type":"Organization","@id":"https:\/\/www.rimadesio.it\/de\/#organization","name":"Rimadesio","url":"https:\/\/www.rimadesio.it\/de\/","logo":{"@type":"ImageObject","inLanguage":"de-DE","@id":"https:\/\/www.rimadesio.it\/de\/#\/schema\/logo\/image\/","url":"https:\/\/static.rimadesio.it\/media\/2021\/08\/Logo.png","contentUrl":"https:\/\/static.rimadesio.it\/media\/2021\/08\/Logo.png","width":102,"height":18,"caption":"Rimadesio"},"image":{"@id":"https:\/\/www.rimadesio.it\/de\/#\/schema\/logo\/image\/"}}]}},"_links":{"self":[{"href":"https:\/\/www.rimadesio.it\/de\/wp-json\/wp\/v2\/product\/149203"}],"collection":[{"href":"https:\/\/www.rimadesio.it\/de\/wp-json\/wp\/v2\/product"}],"about":[{"href":"https:\/\/www.rimadesio.it\/de\/wp-json\/wp\/v2\/types\/product"}],"wp:attachment":[{"href":"https:\/\/www.rimadesio.it\/de\/wp-json\/wp\/v2\/media?parent=149203"}],"wp:term":[{"taxonomy":"product_category","embeddable":true,"href":"https:\/\/www.rimadesio.it\/de\/wp-json\/wp\/v2\/product_category?post=149203"}],"curies":[{"name":"wp","href":"https:\/\/api.w.org\/{rel}","templated":true}]}}