{"id":149179,"date":"2022-01-08T12:27:22","date_gmt":"2022-01-08T11:27:22","guid":{"rendered":"https:\/\/www.rimadesio.it\/product\/flat-system-2\/"},"modified":"2026-04-16T09:38:40","modified_gmt":"2026-04-16T07:38:40","slug":"flat-system-2","status":"publish","type":"product","link":"https:\/\/www.rimadesio.it\/de\/produkt\/flat-system-2\/","title":{"rendered":"Flat system"},"content":{"rendered":"<p>Dies ist ein Tischsystem f\u00fcr Arbeitsr\u00e4ume mit stranggepresster Aluminiumstruktur und Glasplatten. Als nat\u00fcrliche Weiterentwicklung des Tisches bietet Flat System Konfigurationen mit seitlichen Anschlusselementen und einer breiten Palette an spezifischen Ger\u00e4ten und Zubeh\u00f6rteilen. Das Angebot erm\u00f6glicht es, die typischen Bed\u00fcrfnisse neu definierter Arbeitsbereiche zu interpretieren und konkrete und funktionale L\u00f6sungen f\u00fcr jeden Betriebszustand bereitzustellen.<\/p>\n","protected":false},"featured_media":0,"template":"","product_category":[284,247,250],"acf":[],"yoast_head":"<!-- This site is optimized with the Yoast SEO plugin v20.4 - https:\/\/yoast.com\/wordpress\/plugins\/seo\/ -->\n<title>Flat system - Rimadesio<\/title>\n<meta name=\"description\" content=\"Dies ist ein Tischsystem f\u00fcr Arbeitsr\u00e4ume mit stranggepresster Aluminiumstruktur und Glasplatten. Als nat\u00fcrliche Weiterentwicklung des Tisches bietet Flat\" \/>\n<meta name=\"robots\" content=\"index, follow, max-snippet:-1, max-image-preview:large, max-video-preview:-1\" \/>\n<link rel=\"canonical\" href=\"https:\/\/www.rimadesio.it\/de\/produkt\/flat-system-2\/\" \/>\n<meta property=\"og:locale\" content=\"de_DE\" \/>\n<meta property=\"og:type\" content=\"article\" \/>\n<meta property=\"og:title\" content=\"Flat system - Rimadesio\" \/>\n<meta property=\"og:description\" content=\"Dies ist ein Tischsystem f\u00fcr Arbeitsr\u00e4ume mit stranggepresster Aluminiumstruktur und Glasplatten. Als nat\u00fcrliche Weiterentwicklung des Tisches bietet Flat\" \/>\n<meta property=\"og:url\" content=\"https:\/\/www.rimadesio.it\/de\/produkt\/flat-system-2\/\" \/>\n<meta property=\"og:site_name\" content=\"Rimadesio\" \/>\n<meta property=\"article:modified_time\" content=\"2026-04-16T07:38:40+00:00\" \/>\n<meta name=\"twitter:card\" content=\"summary_large_image\" \/>\n<script type=\"application\/ld+json\" class=\"yoast-schema-graph\">{\"@context\":\"https:\/\/schema.org\",\"@graph\":[{\"@type\":\"WebPage\",\"@id\":\"https:\/\/www.rimadesio.it\/de\/produkt\/flat-system-2\/\",\"url\":\"https:\/\/www.rimadesio.it\/de\/produkt\/flat-system-2\/\",\"name\":\"Flat system - Rimadesio\",\"isPartOf\":{\"@id\":\"https:\/\/www.rimadesio.it\/de\/#website\"},\"datePublished\":\"2022-01-08T11:27:22+00:00\",\"dateModified\":\"2026-04-16T07:38:40+00:00\",\"description\":\"Dies ist ein Tischsystem f\u00fcr Arbeitsr\u00e4ume mit stranggepresster Aluminiumstruktur und Glasplatten. Als nat\u00fcrliche Weiterentwicklung des Tisches bietet Flat\",\"breadcrumb\":{\"@id\":\"https:\/\/www.rimadesio.it\/de\/produkt\/flat-system-2\/#breadcrumb\"},\"inLanguage\":\"de-DE\",\"potentialAction\":[{\"@type\":\"ReadAction\",\"target\":[\"https:\/\/www.rimadesio.it\/de\/produkt\/flat-system-2\/\"]}]},{\"@type\":\"BreadcrumbList\",\"@id\":\"https:\/\/www.rimadesio.it\/de\/produkt\/flat-system-2\/#breadcrumb\",\"itemListElement\":[{\"@type\":\"ListItem\",\"position\":1,\"name\":\"Homepage\",\"item\":\"https:\/\/www.rimadesio.it\/de\/\"},{\"@type\":\"ListItem\",\"position\":2,\"name\":\"Produkte\",\"item\":\"https:\/\/www.rimadesio.it\/de\/produkt\/\"},{\"@type\":\"ListItem\",\"position\":3,\"name\":\"B\u00fcrosysteme\",\"item\":\"https:\/\/www.rimadesio.it\/de\/produktkategorie\/burosysteme\/\"},{\"@type\":\"ListItem\",\"position\":4,\"name\":\"Schreibtische\",\"item\":\"https:\/\/www.rimadesio.it\/de\/produktkategorie\/burosysteme\/schreibtische\/\"},{\"@type\":\"ListItem\",\"position\":5,\"name\":\"Flat system\"}]},{\"@type\":\"WebSite\",\"@id\":\"https:\/\/www.rimadesio.it\/de\/#website\",\"url\":\"https:\/\/www.rimadesio.it\/de\/\",\"name\":\"Rimadesio\",\"description\":\"Rimadesio official website\",\"publisher\":{\"@id\":\"https:\/\/www.rimadesio.it\/de\/#organization\"},\"potentialAction\":[{\"@type\":\"SearchAction\",\"target\":{\"@type\":\"EntryPoint\",\"urlTemplate\":\"https:\/\/www.rimadesio.it\/de\/?s={search_term_string}\"},\"query-input\":\"required name=search_term_string\"}],\"inLanguage\":\"de-DE\"},{\"@type\":\"Organization\",\"@id\":\"https:\/\/www.rimadesio.it\/de\/#organization\",\"name\":\"Rimadesio\",\"url\":\"https:\/\/www.rimadesio.it\/de\/\",\"logo\":{\"@type\":\"ImageObject\",\"inLanguage\":\"de-DE\",\"@id\":\"https:\/\/www.rimadesio.it\/de\/#\/schema\/logo\/image\/\",\"url\":\"https:\/\/static.rimadesio.it\/media\/2021\/08\/Logo.png\",\"contentUrl\":\"https:\/\/static.rimadesio.it\/media\/2021\/08\/Logo.png\",\"width\":102,\"height\":18,\"caption\":\"Rimadesio\"},\"image\":{\"@id\":\"https:\/\/www.rimadesio.it\/de\/#\/schema\/logo\/image\/\"}}]}<\/script>\n<!-- \/ Yoast SEO plugin. -->","yoast_head_json":{"title":"Flat system - Rimadesio","description":"Dies ist ein Tischsystem f\u00fcr Arbeitsr\u00e4ume mit stranggepresster Aluminiumstruktur und Glasplatten. Als nat\u00fcrliche Weiterentwicklung des Tisches bietet Flat","robots":{"index":"index","follow":"follow","max-snippet":"max-snippet:-1","max-image-preview":"max-image-preview:large","max-video-preview":"max-video-preview:-1"},"canonical":"https:\/\/www.rimadesio.it\/de\/produkt\/flat-system-2\/","og_locale":"de_DE","og_type":"article","og_title":"Flat system - Rimadesio","og_description":"Dies ist ein Tischsystem f\u00fcr Arbeitsr\u00e4ume mit stranggepresster Aluminiumstruktur und Glasplatten. Als nat\u00fcrliche Weiterentwicklung des Tisches bietet Flat","og_url":"https:\/\/www.rimadesio.it\/de\/produkt\/flat-system-2\/","og_site_name":"Rimadesio","article_modified_time":"2026-04-16T07:38:40+00:00","twitter_card":"summary_large_image","schema":{"@context":"https:\/\/schema.org","@graph":[{"@type":"WebPage","@id":"https:\/\/www.rimadesio.it\/de\/produkt\/flat-system-2\/","url":"https:\/\/www.rimadesio.it\/de\/produkt\/flat-system-2\/","name":"Flat system - Rimadesio","isPartOf":{"@id":"https:\/\/www.rimadesio.it\/de\/#website"},"datePublished":"2022-01-08T11:27:22+00:00","dateModified":"2026-04-16T07:38:40+00:00","description":"Dies ist ein Tischsystem f\u00fcr Arbeitsr\u00e4ume mit stranggepresster Aluminiumstruktur und Glasplatten. Als nat\u00fcrliche Weiterentwicklung des Tisches bietet Flat","breadcrumb":{"@id":"https:\/\/www.rimadesio.it\/de\/produkt\/flat-system-2\/#breadcrumb"},"inLanguage":"de-DE","potentialAction":[{"@type":"ReadAction","target":["https:\/\/www.rimadesio.it\/de\/produkt\/flat-system-2\/"]}]},{"@type":"BreadcrumbList","@id":"https:\/\/www.rimadesio.it\/de\/produkt\/flat-system-2\/#breadcrumb","itemListElement":[{"@type":"ListItem","position":1,"name":"Homepage","item":"https:\/\/www.rimadesio.it\/de\/"},{"@type":"ListItem","position":2,"name":"Produkte","item":"https:\/\/www.rimadesio.it\/de\/produkt\/"},{"@type":"ListItem","position":3,"name":"B\u00fcrosysteme","item":"https:\/\/www.rimadesio.it\/de\/produktkategorie\/burosysteme\/"},{"@type":"ListItem","position":4,"name":"Schreibtische","item":"https:\/\/www.rimadesio.it\/de\/produktkategorie\/burosysteme\/schreibtische\/"},{"@type":"ListItem","position":5,"name":"Flat system"}]},{"@type":"WebSite","@id":"https:\/\/www.rimadesio.it\/de\/#website","url":"https:\/\/www.rimadesio.it\/de\/","name":"Rimadesio","description":"Rimadesio official website","publisher":{"@id":"https:\/\/www.rimadesio.it\/de\/#organization"},"potentialAction":[{"@type":"SearchAction","target":{"@type":"EntryPoint","urlTemplate":"https:\/\/www.rimadesio.it\/de\/?s={search_term_string}"},"query-input":"required name=search_term_string"}],"inLanguage":"de-DE"},{"@type":"Organization","@id":"https:\/\/www.rimadesio.it\/de\/#organization","name":"Rimadesio","url":"https:\/\/www.rimadesio.it\/de\/","logo":{"@type":"ImageObject","inLanguage":"de-DE","@id":"https:\/\/www.rimadesio.it\/de\/#\/schema\/logo\/image\/","url":"https:\/\/static.rimadesio.it\/media\/2021\/08\/Logo.png","contentUrl":"https:\/\/static.rimadesio.it\/media\/2021\/08\/Logo.png","width":102,"height":18,"caption":"Rimadesio"},"image":{"@id":"https:\/\/www.rimadesio.it\/de\/#\/schema\/logo\/image\/"}}]}},"_links":{"self":[{"href":"https:\/\/www.rimadesio.it\/de\/wp-json\/wp\/v2\/product\/149179"}],"collection":[{"href":"https:\/\/www.rimadesio.it\/de\/wp-json\/wp\/v2\/product"}],"about":[{"href":"https:\/\/www.rimadesio.it\/de\/wp-json\/wp\/v2\/types\/product"}],"wp:attachment":[{"href":"https:\/\/www.rimadesio.it\/de\/wp-json\/wp\/v2\/media?parent=149179"}],"wp:term":[{"taxonomy":"product_category","embeddable":true,"href":"https:\/\/www.rimadesio.it\/de\/wp-json\/wp\/v2\/product_category?post=149179"}],"curies":[{"name":"wp","href":"https:\/\/api.w.org\/{rel}","templated":true}]}}