{"id":149025,"date":"2018-08-31T10:20:55","date_gmt":"2018-08-31T08:20:55","guid":{"rendered":"https:\/\/www.rimadesio.it\/product\/zenit-night-2\/"},"modified":"2026-04-15T09:41:22","modified_gmt":"2026-04-15T07:41:22","slug":"zenit-night","status":"publish","type":"product","link":"https:\/\/www.rimadesio.it\/de\/produkt\/zenit-night\/","title":{"rendered":"Zenit"},"content":{"rendered":"<p>Der begehbare Kleiderschrank Zenit steht im Zeichen von Leichtigkeit und kompositorischer Vielseitigkeit.<\/p>\n<p>Die immer vom Boden bis zur Decke ma\u00dfgefertigten St\u00e4nder erm\u00f6glichen eine freie Anordnung der Ger\u00e4te, in der Anzahl und in der gew\u00fcnschten H\u00f6he. Die angebotenen Oberfl\u00e4chen erm\u00f6glichen zwei \u00e4sthetische Versionen. Die erste besteht aus Glasb\u00f6den und Schubladen aus gl\u00e4nzend und matt lackiertem Glas, mit der der Kunde die au\u00dfergew\u00f6hnliche Vielfalt der 70 exklusiven Ecolorsystem-Farben erkunden kann, und die zweite Version besteht aus der Ausstattung aus L\u00e4rchen melaminico carbone, graue Eiche oder Ulme.<\/p>\n","protected":false},"featured_media":0,"template":"","product_category":[281,256],"acf":[],"yoast_head":"<!-- This site is optimized with the Yoast SEO plugin v20.4 - https:\/\/yoast.com\/wordpress\/plugins\/seo\/ -->\n<title>Zenit cabine armadio | Rimadesio<\/title>\n<meta name=\"description\" content=\"Scopri le cabine armadio Zenit by Rimadesio. Soluzioni dal design contemporaneo, realizzate su misura. Alta qualit\u00e0 Made in Italy.\" \/>\n<meta name=\"robots\" content=\"index, follow, max-snippet:-1, max-image-preview:large, max-video-preview:-1\" \/>\n<link rel=\"canonical\" href=\"https:\/\/www.rimadesio.it\/de\/produkt\/zenit-night\/\" \/>\n<meta property=\"og:locale\" content=\"de_DE\" \/>\n<meta property=\"og:type\" content=\"article\" \/>\n<meta property=\"og:title\" content=\"Zenit cabine armadio | Rimadesio\" \/>\n<meta property=\"og:description\" content=\"Scopri le cabine armadio Zenit by Rimadesio. Soluzioni dal design contemporaneo, realizzate su misura. Alta qualit\u00e0 Made in Italy.\" \/>\n<meta property=\"og:url\" content=\"https:\/\/www.rimadesio.it\/de\/produkt\/zenit-night\/\" \/>\n<meta property=\"og:site_name\" content=\"Rimadesio\" \/>\n<meta property=\"article:modified_time\" content=\"2026-04-15T07:41:22+00:00\" \/>\n<meta name=\"twitter:card\" content=\"summary_large_image\" \/>\n<script type=\"application\/ld+json\" class=\"yoast-schema-graph\">{\"@context\":\"https:\/\/schema.org\",\"@graph\":[{\"@type\":\"WebPage\",\"@id\":\"https:\/\/www.rimadesio.it\/de\/produkt\/zenit-night\/\",\"url\":\"https:\/\/www.rimadesio.it\/de\/produkt\/zenit-night\/\",\"name\":\"Zenit cabine armadio | Rimadesio\",\"isPartOf\":{\"@id\":\"https:\/\/www.rimadesio.it\/de\/#website\"},\"datePublished\":\"2018-08-31T08:20:55+00:00\",\"dateModified\":\"2026-04-15T07:41:22+00:00\",\"description\":\"Scopri le cabine armadio Zenit by Rimadesio. Soluzioni dal design contemporaneo, realizzate su misura. Alta qualit\u00e0 Made in Italy.\",\"breadcrumb\":{\"@id\":\"https:\/\/www.rimadesio.it\/de\/produkt\/zenit-night\/#breadcrumb\"},\"inLanguage\":\"de-DE\",\"potentialAction\":[{\"@type\":\"ReadAction\",\"target\":[\"https:\/\/www.rimadesio.it\/de\/produkt\/zenit-night\/\"]}]},{\"@type\":\"BreadcrumbList\",\"@id\":\"https:\/\/www.rimadesio.it\/de\/produkt\/zenit-night\/#breadcrumb\",\"itemListElement\":[{\"@type\":\"ListItem\",\"position\":1,\"name\":\"Homepage\",\"item\":\"https:\/\/www.rimadesio.it\/de\/\"},{\"@type\":\"ListItem\",\"position\":2,\"name\":\"Produkte\",\"item\":\"https:\/\/www.rimadesio.it\/de\/produkt\/\"},{\"@type\":\"ListItem\",\"position\":3,\"name\":\"Schlafzimmersysteme\",\"item\":\"https:\/\/www.rimadesio.it\/de\/produktkategorie\/schlafraum\/\"},{\"@type\":\"ListItem\",\"position\":4,\"name\":\"Begehbare Kleiderschr\u00e4nke\",\"item\":\"https:\/\/www.rimadesio.it\/de\/produktkategorie\/schlafraum\/garderobenkabinen\/\"},{\"@type\":\"ListItem\",\"position\":5,\"name\":\"Zenit\"}]},{\"@type\":\"WebSite\",\"@id\":\"https:\/\/www.rimadesio.it\/de\/#website\",\"url\":\"https:\/\/www.rimadesio.it\/de\/\",\"name\":\"Rimadesio\",\"description\":\"Rimadesio official website\",\"publisher\":{\"@id\":\"https:\/\/www.rimadesio.it\/de\/#organization\"},\"potentialAction\":[{\"@type\":\"SearchAction\",\"target\":{\"@type\":\"EntryPoint\",\"urlTemplate\":\"https:\/\/www.rimadesio.it\/de\/?s={search_term_string}\"},\"query-input\":\"required name=search_term_string\"}],\"inLanguage\":\"de-DE\"},{\"@type\":\"Organization\",\"@id\":\"https:\/\/www.rimadesio.it\/de\/#organization\",\"name\":\"Rimadesio\",\"url\":\"https:\/\/www.rimadesio.it\/de\/\",\"logo\":{\"@type\":\"ImageObject\",\"inLanguage\":\"de-DE\",\"@id\":\"https:\/\/www.rimadesio.it\/de\/#\/schema\/logo\/image\/\",\"url\":\"https:\/\/static.rimadesio.it\/media\/2021\/08\/Logo.png\",\"contentUrl\":\"https:\/\/static.rimadesio.it\/media\/2021\/08\/Logo.png\",\"width\":102,\"height\":18,\"caption\":\"Rimadesio\"},\"image\":{\"@id\":\"https:\/\/www.rimadesio.it\/de\/#\/schema\/logo\/image\/\"}}]}<\/script>\n<!-- \/ Yoast SEO plugin. -->","yoast_head_json":{"title":"Zenit cabine armadio | Rimadesio","description":"Scopri le cabine armadio Zenit by Rimadesio. Soluzioni dal design contemporaneo, realizzate su misura. Alta qualit\u00e0 Made in Italy.","robots":{"index":"index","follow":"follow","max-snippet":"max-snippet:-1","max-image-preview":"max-image-preview:large","max-video-preview":"max-video-preview:-1"},"canonical":"https:\/\/www.rimadesio.it\/de\/produkt\/zenit-night\/","og_locale":"de_DE","og_type":"article","og_title":"Zenit cabine armadio | Rimadesio","og_description":"Scopri le cabine armadio Zenit by Rimadesio. Soluzioni dal design contemporaneo, realizzate su misura. Alta qualit\u00e0 Made in Italy.","og_url":"https:\/\/www.rimadesio.it\/de\/produkt\/zenit-night\/","og_site_name":"Rimadesio","article_modified_time":"2026-04-15T07:41:22+00:00","twitter_card":"summary_large_image","schema":{"@context":"https:\/\/schema.org","@graph":[{"@type":"WebPage","@id":"https:\/\/www.rimadesio.it\/de\/produkt\/zenit-night\/","url":"https:\/\/www.rimadesio.it\/de\/produkt\/zenit-night\/","name":"Zenit cabine armadio | Rimadesio","isPartOf":{"@id":"https:\/\/www.rimadesio.it\/de\/#website"},"datePublished":"2018-08-31T08:20:55+00:00","dateModified":"2026-04-15T07:41:22+00:00","description":"Scopri le cabine armadio Zenit by Rimadesio. Soluzioni dal design contemporaneo, realizzate su misura. Alta qualit\u00e0 Made in Italy.","breadcrumb":{"@id":"https:\/\/www.rimadesio.it\/de\/produkt\/zenit-night\/#breadcrumb"},"inLanguage":"de-DE","potentialAction":[{"@type":"ReadAction","target":["https:\/\/www.rimadesio.it\/de\/produkt\/zenit-night\/"]}]},{"@type":"BreadcrumbList","@id":"https:\/\/www.rimadesio.it\/de\/produkt\/zenit-night\/#breadcrumb","itemListElement":[{"@type":"ListItem","position":1,"name":"Homepage","item":"https:\/\/www.rimadesio.it\/de\/"},{"@type":"ListItem","position":2,"name":"Produkte","item":"https:\/\/www.rimadesio.it\/de\/produkt\/"},{"@type":"ListItem","position":3,"name":"Schlafzimmersysteme","item":"https:\/\/www.rimadesio.it\/de\/produktkategorie\/schlafraum\/"},{"@type":"ListItem","position":4,"name":"Begehbare Kleiderschr\u00e4nke","item":"https:\/\/www.rimadesio.it\/de\/produktkategorie\/schlafraum\/garderobenkabinen\/"},{"@type":"ListItem","position":5,"name":"Zenit"}]},{"@type":"WebSite","@id":"https:\/\/www.rimadesio.it\/de\/#website","url":"https:\/\/www.rimadesio.it\/de\/","name":"Rimadesio","description":"Rimadesio official website","publisher":{"@id":"https:\/\/www.rimadesio.it\/de\/#organization"},"potentialAction":[{"@type":"SearchAction","target":{"@type":"EntryPoint","urlTemplate":"https:\/\/www.rimadesio.it\/de\/?s={search_term_string}"},"query-input":"required name=search_term_string"}],"inLanguage":"de-DE"},{"@type":"Organization","@id":"https:\/\/www.rimadesio.it\/de\/#organization","name":"Rimadesio","url":"https:\/\/www.rimadesio.it\/de\/","logo":{"@type":"ImageObject","inLanguage":"de-DE","@id":"https:\/\/www.rimadesio.it\/de\/#\/schema\/logo\/image\/","url":"https:\/\/static.rimadesio.it\/media\/2021\/08\/Logo.png","contentUrl":"https:\/\/static.rimadesio.it\/media\/2021\/08\/Logo.png","width":102,"height":18,"caption":"Rimadesio"},"image":{"@id":"https:\/\/www.rimadesio.it\/de\/#\/schema\/logo\/image\/"}}]}},"_links":{"self":[{"href":"https:\/\/www.rimadesio.it\/de\/wp-json\/wp\/v2\/product\/149025"}],"collection":[{"href":"https:\/\/www.rimadesio.it\/de\/wp-json\/wp\/v2\/product"}],"about":[{"href":"https:\/\/www.rimadesio.it\/de\/wp-json\/wp\/v2\/types\/product"}],"wp:attachment":[{"href":"https:\/\/www.rimadesio.it\/de\/wp-json\/wp\/v2\/media?parent=149025"}],"wp:term":[{"taxonomy":"product_category","embeddable":true,"href":"https:\/\/www.rimadesio.it\/de\/wp-json\/wp\/v2\/product_category?post=149025"}],"curies":[{"name":"wp","href":"https:\/\/api.w.org\/{rel}","templated":true}]}}