{"id":149000,"date":"2022-01-07T16:22:56","date_gmt":"2022-01-07T15:22:56","guid":{"rendered":"https:\/\/www.rimadesio.it\/product\/abacus-2\/"},"modified":"2026-04-15T09:15:24","modified_gmt":"2026-04-15T07:15:24","slug":"abacus-2","status":"publish","type":"product","link":"https:\/\/www.rimadesio.it\/de\/produkt\/abacus-2\/","title":{"rendered":"Abacus"},"content":{"rendered":"<p>Mit Abacus wird der begehbare Kleiderschrank zu einem Raum aus Kunstleder, in den horizontale Elemente von minimaler St\u00e4rke und maximaler geometrischer Strenge eingef\u00fcgt werden. Ein minimalistisch interpretiertes Design, das sich in jedem Detail widerspiegelt, von den Accessoires bis hin zu den Beh\u00e4ltern f\u00fcr die Organisation des Kleiderschranks, erh\u00e4ltlich in Kunstleder, Rafia, Stoff, Litech, gl\u00e4nzend und matt lackiertem Glas, Sahara oder Diamante.<\/p>\n","protected":false},"featured_media":0,"template":"","product_category":[281,256],"acf":[],"yoast_head":"<!-- This site is optimized with the Yoast SEO plugin v20.4 - https:\/\/yoast.com\/wordpress\/plugins\/seo\/ -->\n<title>Abacus - Rimadesio<\/title>\n<meta name=\"description\" content=\"Mit Abacus wird der begehbare Kleiderschrank zu einem Raum aus Kunstleder, in den horizontale Elemente von minimaler St\u00e4rke und maximaler geometrischer\" \/>\n<meta name=\"robots\" content=\"index, follow, max-snippet:-1, max-image-preview:large, max-video-preview:-1\" \/>\n<link rel=\"canonical\" href=\"https:\/\/www.rimadesio.it\/de\/produkt\/abacus-2\/\" \/>\n<meta property=\"og:locale\" content=\"de_DE\" \/>\n<meta property=\"og:type\" content=\"article\" \/>\n<meta property=\"og:title\" content=\"Abacus - Rimadesio\" \/>\n<meta property=\"og:description\" content=\"Mit Abacus wird der begehbare Kleiderschrank zu einem Raum aus Kunstleder, in den horizontale Elemente von minimaler St\u00e4rke und maximaler geometrischer\" \/>\n<meta property=\"og:url\" content=\"https:\/\/www.rimadesio.it\/de\/produkt\/abacus-2\/\" \/>\n<meta property=\"og:site_name\" content=\"Rimadesio\" \/>\n<meta property=\"article:modified_time\" content=\"2026-04-15T07:15:24+00:00\" \/>\n<meta name=\"twitter:card\" content=\"summary_large_image\" \/>\n<script type=\"application\/ld+json\" class=\"yoast-schema-graph\">{\"@context\":\"https:\/\/schema.org\",\"@graph\":[{\"@type\":\"WebPage\",\"@id\":\"https:\/\/www.rimadesio.it\/de\/produkt\/abacus-2\/\",\"url\":\"https:\/\/www.rimadesio.it\/de\/produkt\/abacus-2\/\",\"name\":\"Abacus - Rimadesio\",\"isPartOf\":{\"@id\":\"https:\/\/www.rimadesio.it\/de\/#website\"},\"datePublished\":\"2022-01-07T15:22:56+00:00\",\"dateModified\":\"2026-04-15T07:15:24+00:00\",\"description\":\"Mit Abacus wird der begehbare Kleiderschrank zu einem Raum aus Kunstleder, in den horizontale Elemente von minimaler St\u00e4rke und maximaler geometrischer\",\"breadcrumb\":{\"@id\":\"https:\/\/www.rimadesio.it\/de\/produkt\/abacus-2\/#breadcrumb\"},\"inLanguage\":\"de-DE\",\"potentialAction\":[{\"@type\":\"ReadAction\",\"target\":[\"https:\/\/www.rimadesio.it\/de\/produkt\/abacus-2\/\"]}]},{\"@type\":\"BreadcrumbList\",\"@id\":\"https:\/\/www.rimadesio.it\/de\/produkt\/abacus-2\/#breadcrumb\",\"itemListElement\":[{\"@type\":\"ListItem\",\"position\":1,\"name\":\"Homepage\",\"item\":\"https:\/\/www.rimadesio.it\/de\/\"},{\"@type\":\"ListItem\",\"position\":2,\"name\":\"Produkte\",\"item\":\"https:\/\/www.rimadesio.it\/de\/produkt\/\"},{\"@type\":\"ListItem\",\"position\":3,\"name\":\"Schlafzimmersysteme\",\"item\":\"https:\/\/www.rimadesio.it\/de\/produktkategorie\/schlafraum\/\"},{\"@type\":\"ListItem\",\"position\":4,\"name\":\"Abacus\"}]},{\"@type\":\"WebSite\",\"@id\":\"https:\/\/www.rimadesio.it\/de\/#website\",\"url\":\"https:\/\/www.rimadesio.it\/de\/\",\"name\":\"Rimadesio\",\"description\":\"Rimadesio official website\",\"publisher\":{\"@id\":\"https:\/\/www.rimadesio.it\/de\/#organization\"},\"potentialAction\":[{\"@type\":\"SearchAction\",\"target\":{\"@type\":\"EntryPoint\",\"urlTemplate\":\"https:\/\/www.rimadesio.it\/de\/?s={search_term_string}\"},\"query-input\":\"required name=search_term_string\"}],\"inLanguage\":\"de-DE\"},{\"@type\":\"Organization\",\"@id\":\"https:\/\/www.rimadesio.it\/de\/#organization\",\"name\":\"Rimadesio\",\"url\":\"https:\/\/www.rimadesio.it\/de\/\",\"logo\":{\"@type\":\"ImageObject\",\"inLanguage\":\"de-DE\",\"@id\":\"https:\/\/www.rimadesio.it\/de\/#\/schema\/logo\/image\/\",\"url\":\"https:\/\/static.rimadesio.it\/media\/2021\/08\/Logo.png\",\"contentUrl\":\"https:\/\/static.rimadesio.it\/media\/2021\/08\/Logo.png\",\"width\":102,\"height\":18,\"caption\":\"Rimadesio\"},\"image\":{\"@id\":\"https:\/\/www.rimadesio.it\/de\/#\/schema\/logo\/image\/\"}}]}<\/script>\n<!-- \/ Yoast SEO plugin. -->","yoast_head_json":{"title":"Abacus - Rimadesio","description":"Mit Abacus wird der begehbare Kleiderschrank zu einem Raum aus Kunstleder, in den horizontale Elemente von minimaler St\u00e4rke und maximaler geometrischer","robots":{"index":"index","follow":"follow","max-snippet":"max-snippet:-1","max-image-preview":"max-image-preview:large","max-video-preview":"max-video-preview:-1"},"canonical":"https:\/\/www.rimadesio.it\/de\/produkt\/abacus-2\/","og_locale":"de_DE","og_type":"article","og_title":"Abacus - Rimadesio","og_description":"Mit Abacus wird der begehbare Kleiderschrank zu einem Raum aus Kunstleder, in den horizontale Elemente von minimaler St\u00e4rke und maximaler geometrischer","og_url":"https:\/\/www.rimadesio.it\/de\/produkt\/abacus-2\/","og_site_name":"Rimadesio","article_modified_time":"2026-04-15T07:15:24+00:00","twitter_card":"summary_large_image","schema":{"@context":"https:\/\/schema.org","@graph":[{"@type":"WebPage","@id":"https:\/\/www.rimadesio.it\/de\/produkt\/abacus-2\/","url":"https:\/\/www.rimadesio.it\/de\/produkt\/abacus-2\/","name":"Abacus - Rimadesio","isPartOf":{"@id":"https:\/\/www.rimadesio.it\/de\/#website"},"datePublished":"2022-01-07T15:22:56+00:00","dateModified":"2026-04-15T07:15:24+00:00","description":"Mit Abacus wird der begehbare Kleiderschrank zu einem Raum aus Kunstleder, in den horizontale Elemente von minimaler St\u00e4rke und maximaler geometrischer","breadcrumb":{"@id":"https:\/\/www.rimadesio.it\/de\/produkt\/abacus-2\/#breadcrumb"},"inLanguage":"de-DE","potentialAction":[{"@type":"ReadAction","target":["https:\/\/www.rimadesio.it\/de\/produkt\/abacus-2\/"]}]},{"@type":"BreadcrumbList","@id":"https:\/\/www.rimadesio.it\/de\/produkt\/abacus-2\/#breadcrumb","itemListElement":[{"@type":"ListItem","position":1,"name":"Homepage","item":"https:\/\/www.rimadesio.it\/de\/"},{"@type":"ListItem","position":2,"name":"Produkte","item":"https:\/\/www.rimadesio.it\/de\/produkt\/"},{"@type":"ListItem","position":3,"name":"Schlafzimmersysteme","item":"https:\/\/www.rimadesio.it\/de\/produktkategorie\/schlafraum\/"},{"@type":"ListItem","position":4,"name":"Abacus"}]},{"@type":"WebSite","@id":"https:\/\/www.rimadesio.it\/de\/#website","url":"https:\/\/www.rimadesio.it\/de\/","name":"Rimadesio","description":"Rimadesio official website","publisher":{"@id":"https:\/\/www.rimadesio.it\/de\/#organization"},"potentialAction":[{"@type":"SearchAction","target":{"@type":"EntryPoint","urlTemplate":"https:\/\/www.rimadesio.it\/de\/?s={search_term_string}"},"query-input":"required name=search_term_string"}],"inLanguage":"de-DE"},{"@type":"Organization","@id":"https:\/\/www.rimadesio.it\/de\/#organization","name":"Rimadesio","url":"https:\/\/www.rimadesio.it\/de\/","logo":{"@type":"ImageObject","inLanguage":"de-DE","@id":"https:\/\/www.rimadesio.it\/de\/#\/schema\/logo\/image\/","url":"https:\/\/static.rimadesio.it\/media\/2021\/08\/Logo.png","contentUrl":"https:\/\/static.rimadesio.it\/media\/2021\/08\/Logo.png","width":102,"height":18,"caption":"Rimadesio"},"image":{"@id":"https:\/\/www.rimadesio.it\/de\/#\/schema\/logo\/image\/"}}]}},"_links":{"self":[{"href":"https:\/\/www.rimadesio.it\/de\/wp-json\/wp\/v2\/product\/149000"}],"collection":[{"href":"https:\/\/www.rimadesio.it\/de\/wp-json\/wp\/v2\/product"}],"about":[{"href":"https:\/\/www.rimadesio.it\/de\/wp-json\/wp\/v2\/types\/product"}],"wp:attachment":[{"href":"https:\/\/www.rimadesio.it\/de\/wp-json\/wp\/v2\/media?parent=149000"}],"wp:term":[{"taxonomy":"product_category","embeddable":true,"href":"https:\/\/www.rimadesio.it\/de\/wp-json\/wp\/v2\/product_category?post=149000"}],"curies":[{"name":"wp","href":"https:\/\/api.w.org\/{rel}","templated":true}]}}