{"id":148835,"date":"2022-01-07T15:44:52","date_gmt":"2022-01-07T14:44:52","guid":{"rendered":"https:\/\/www.rimadesio.it\/product\/cover-day-2\/"},"modified":"2025-04-16T12:34:10","modified_gmt":"2025-04-16T10:34:10","slug":"cover-day-2","status":"publish","type":"product","link":"https:\/\/www.rimadesio.it\/de\/produkt\/cover-day-2\/","title":{"rendered":"Cover"},"content":{"rendered":"<p>Verschlusssystem mit Fl\u00fcgelt\u00fcrbl\u00e4ttern aus Glas, Litech, Stoff, Kunstleder und Rafia. Das Herzst\u00fcck des Cover-Projekts sind die an der Decke und am Boden befestigten Pfosten, die die unsichtbaren Scharniere der T\u00fcrbl\u00e4tter und das einzigartige integrierte LED-Innenbeleuchtungssystem enthalten. Die Ablagen und Kommoden werden ohne sichtbare Schrauben mit einem Verriegelungssystem an den Pfosten befestigt, sodass sie frei angeordnet und im Laufe der Zeit leicht ver\u00e4ndert werden k\u00f6nnen. Die T\u00fcrbl\u00e4tter des Systems sind auch in den Holzausf\u00fchrungen Sahara und Taiga erh\u00e4ltlich.<\/p>\n","protected":false},"featured_media":0,"template":"","product_category":[279,271],"acf":[],"yoast_head":"<!-- This site is optimized with the Yoast SEO plugin v20.4 - https:\/\/yoast.com\/wordpress\/plugins\/seo\/ -->\n<title>Cover - Rimadesio<\/title>\n<meta name=\"description\" content=\"Verschlusssystem mit Fl\u00fcgelt\u00fcrbl\u00e4ttern aus Glas, Litech, Stoff, Kunstleder und Rafia. Das Herzst\u00fcck des Cover-Projekts sind die an der Decke und am Boden\" \/>\n<meta name=\"robots\" content=\"index, follow, max-snippet:-1, max-image-preview:large, max-video-preview:-1\" \/>\n<link rel=\"canonical\" href=\"https:\/\/www.rimadesio.it\/de\/produkt\/cover-day-2\/\" \/>\n<meta property=\"og:locale\" content=\"de_DE\" \/>\n<meta property=\"og:type\" content=\"article\" \/>\n<meta property=\"og:title\" content=\"Cover - Rimadesio\" \/>\n<meta property=\"og:description\" content=\"Verschlusssystem mit Fl\u00fcgelt\u00fcrbl\u00e4ttern aus Glas, Litech, Stoff, Kunstleder und Rafia. Das Herzst\u00fcck des Cover-Projekts sind die an der Decke und am Boden\" \/>\n<meta property=\"og:url\" content=\"https:\/\/www.rimadesio.it\/de\/produkt\/cover-day-2\/\" \/>\n<meta property=\"og:site_name\" content=\"Rimadesio\" \/>\n<meta property=\"article:modified_time\" content=\"2025-04-16T10:34:10+00:00\" \/>\n<meta name=\"twitter:card\" content=\"summary_large_image\" \/>\n<script type=\"application\/ld+json\" class=\"yoast-schema-graph\">{\"@context\":\"https:\/\/schema.org\",\"@graph\":[{\"@type\":\"WebPage\",\"@id\":\"https:\/\/www.rimadesio.it\/de\/produkt\/cover-day-2\/\",\"url\":\"https:\/\/www.rimadesio.it\/de\/produkt\/cover-day-2\/\",\"name\":\"Cover - Rimadesio\",\"isPartOf\":{\"@id\":\"https:\/\/www.rimadesio.it\/de\/#website\"},\"datePublished\":\"2022-01-07T14:44:52+00:00\",\"dateModified\":\"2025-04-16T10:34:10+00:00\",\"description\":\"Verschlusssystem mit Fl\u00fcgelt\u00fcrbl\u00e4ttern aus Glas, Litech, Stoff, Kunstleder und Rafia. Das Herzst\u00fcck des Cover-Projekts sind die an der Decke und am Boden\",\"breadcrumb\":{\"@id\":\"https:\/\/www.rimadesio.it\/de\/produkt\/cover-day-2\/#breadcrumb\"},\"inLanguage\":\"de-DE\",\"potentialAction\":[{\"@type\":\"ReadAction\",\"target\":[\"https:\/\/www.rimadesio.it\/de\/produkt\/cover-day-2\/\"]}]},{\"@type\":\"BreadcrumbList\",\"@id\":\"https:\/\/www.rimadesio.it\/de\/produkt\/cover-day-2\/#breadcrumb\",\"itemListElement\":[{\"@type\":\"ListItem\",\"position\":1,\"name\":\"Homepage\",\"item\":\"https:\/\/www.rimadesio.it\/de\/\"},{\"@type\":\"ListItem\",\"position\":2,\"name\":\"Produkte\",\"item\":\"https:\/\/www.rimadesio.it\/de\/produkt\/\"},{\"@type\":\"ListItem\",\"position\":3,\"name\":\"Wohnsysteme\",\"item\":\"https:\/\/www.rimadesio.it\/de\/produktkategorie\/wohnraum\/\"},{\"@type\":\"ListItem\",\"position\":4,\"name\":\"Cover\"}]},{\"@type\":\"WebSite\",\"@id\":\"https:\/\/www.rimadesio.it\/de\/#website\",\"url\":\"https:\/\/www.rimadesio.it\/de\/\",\"name\":\"Rimadesio\",\"description\":\"Rimadesio official website\",\"publisher\":{\"@id\":\"https:\/\/www.rimadesio.it\/de\/#organization\"},\"potentialAction\":[{\"@type\":\"SearchAction\",\"target\":{\"@type\":\"EntryPoint\",\"urlTemplate\":\"https:\/\/www.rimadesio.it\/de\/?s={search_term_string}\"},\"query-input\":\"required name=search_term_string\"}],\"inLanguage\":\"de-DE\"},{\"@type\":\"Organization\",\"@id\":\"https:\/\/www.rimadesio.it\/de\/#organization\",\"name\":\"Rimadesio\",\"url\":\"https:\/\/www.rimadesio.it\/de\/\",\"logo\":{\"@type\":\"ImageObject\",\"inLanguage\":\"de-DE\",\"@id\":\"https:\/\/www.rimadesio.it\/de\/#\/schema\/logo\/image\/\",\"url\":\"https:\/\/static.rimadesio.it\/media\/2021\/08\/Logo.png\",\"contentUrl\":\"https:\/\/static.rimadesio.it\/media\/2021\/08\/Logo.png\",\"width\":102,\"height\":18,\"caption\":\"Rimadesio\"},\"image\":{\"@id\":\"https:\/\/www.rimadesio.it\/de\/#\/schema\/logo\/image\/\"}}]}<\/script>\n<!-- \/ Yoast SEO plugin. -->","yoast_head_json":{"title":"Cover - Rimadesio","description":"Verschlusssystem mit Fl\u00fcgelt\u00fcrbl\u00e4ttern aus Glas, Litech, Stoff, Kunstleder und Rafia. Das Herzst\u00fcck des Cover-Projekts sind die an der Decke und am Boden","robots":{"index":"index","follow":"follow","max-snippet":"max-snippet:-1","max-image-preview":"max-image-preview:large","max-video-preview":"max-video-preview:-1"},"canonical":"https:\/\/www.rimadesio.it\/de\/produkt\/cover-day-2\/","og_locale":"de_DE","og_type":"article","og_title":"Cover - Rimadesio","og_description":"Verschlusssystem mit Fl\u00fcgelt\u00fcrbl\u00e4ttern aus Glas, Litech, Stoff, Kunstleder und Rafia. Das Herzst\u00fcck des Cover-Projekts sind die an der Decke und am Boden","og_url":"https:\/\/www.rimadesio.it\/de\/produkt\/cover-day-2\/","og_site_name":"Rimadesio","article_modified_time":"2025-04-16T10:34:10+00:00","twitter_card":"summary_large_image","schema":{"@context":"https:\/\/schema.org","@graph":[{"@type":"WebPage","@id":"https:\/\/www.rimadesio.it\/de\/produkt\/cover-day-2\/","url":"https:\/\/www.rimadesio.it\/de\/produkt\/cover-day-2\/","name":"Cover - Rimadesio","isPartOf":{"@id":"https:\/\/www.rimadesio.it\/de\/#website"},"datePublished":"2022-01-07T14:44:52+00:00","dateModified":"2025-04-16T10:34:10+00:00","description":"Verschlusssystem mit Fl\u00fcgelt\u00fcrbl\u00e4ttern aus Glas, Litech, Stoff, Kunstleder und Rafia. Das Herzst\u00fcck des Cover-Projekts sind die an der Decke und am Boden","breadcrumb":{"@id":"https:\/\/www.rimadesio.it\/de\/produkt\/cover-day-2\/#breadcrumb"},"inLanguage":"de-DE","potentialAction":[{"@type":"ReadAction","target":["https:\/\/www.rimadesio.it\/de\/produkt\/cover-day-2\/"]}]},{"@type":"BreadcrumbList","@id":"https:\/\/www.rimadesio.it\/de\/produkt\/cover-day-2\/#breadcrumb","itemListElement":[{"@type":"ListItem","position":1,"name":"Homepage","item":"https:\/\/www.rimadesio.it\/de\/"},{"@type":"ListItem","position":2,"name":"Produkte","item":"https:\/\/www.rimadesio.it\/de\/produkt\/"},{"@type":"ListItem","position":3,"name":"Wohnsysteme","item":"https:\/\/www.rimadesio.it\/de\/produktkategorie\/wohnraum\/"},{"@type":"ListItem","position":4,"name":"Cover"}]},{"@type":"WebSite","@id":"https:\/\/www.rimadesio.it\/de\/#website","url":"https:\/\/www.rimadesio.it\/de\/","name":"Rimadesio","description":"Rimadesio official website","publisher":{"@id":"https:\/\/www.rimadesio.it\/de\/#organization"},"potentialAction":[{"@type":"SearchAction","target":{"@type":"EntryPoint","urlTemplate":"https:\/\/www.rimadesio.it\/de\/?s={search_term_string}"},"query-input":"required name=search_term_string"}],"inLanguage":"de-DE"},{"@type":"Organization","@id":"https:\/\/www.rimadesio.it\/de\/#organization","name":"Rimadesio","url":"https:\/\/www.rimadesio.it\/de\/","logo":{"@type":"ImageObject","inLanguage":"de-DE","@id":"https:\/\/www.rimadesio.it\/de\/#\/schema\/logo\/image\/","url":"https:\/\/static.rimadesio.it\/media\/2021\/08\/Logo.png","contentUrl":"https:\/\/static.rimadesio.it\/media\/2021\/08\/Logo.png","width":102,"height":18,"caption":"Rimadesio"},"image":{"@id":"https:\/\/www.rimadesio.it\/de\/#\/schema\/logo\/image\/"}}]}},"_links":{"self":[{"href":"https:\/\/www.rimadesio.it\/de\/wp-json\/wp\/v2\/product\/148835"}],"collection":[{"href":"https:\/\/www.rimadesio.it\/de\/wp-json\/wp\/v2\/product"}],"about":[{"href":"https:\/\/www.rimadesio.it\/de\/wp-json\/wp\/v2\/types\/product"}],"wp:attachment":[{"href":"https:\/\/www.rimadesio.it\/de\/wp-json\/wp\/v2\/media?parent=148835"}],"wp:term":[{"taxonomy":"product_category","embeddable":true,"href":"https:\/\/www.rimadesio.it\/de\/wp-json\/wp\/v2\/product_category?post=148835"}],"curies":[{"name":"wp","href":"https:\/\/api.w.org\/{rel}","templated":true}]}}