{"id":148828,"date":"2022-01-07T15:31:19","date_gmt":"2022-01-07T14:31:19","guid":{"rendered":"https:\/\/www.rimadesio.it\/product\/manta-office-2\/"},"modified":"2026-04-16T09:48:21","modified_gmt":"2026-04-16T07:48:21","slug":"manta-office-2","status":"publish","type":"product","link":"https:\/\/www.rimadesio.it\/de\/produkt\/manta-office-2\/","title":{"rendered":"Manta"},"content":{"rendered":"<p>Manta ist das Ergebnis der Stilforschung Rimadesios und ist auch in gro\u00dfen Gr\u00f6\u00dfen erh\u00e4ltlich, um nicht nur im privaten -, sondern auch im beruflichen Bereich genutzt werden zu k\u00f6nnen.<\/p>\n<p>Die modulare Struktur aus Aluminiumdruckguss und die zentrale Zugstange aus geh\u00e4rteter Aluminiumlegierung sorgen f\u00fcr maximale Zuverl\u00e4ssigkeit mit Profilen von minimaler Dicke, w\u00e4hrend das modulare Konzept der Struktur eine Abweichung von au\u00dfergew\u00f6hnlichen Abmessungen erm\u00f6glicht.<\/p>\n","protected":false},"featured_media":0,"template":"","product_category":[247,250],"acf":[],"yoast_head":"<!-- This site is optimized with the Yoast SEO plugin v20.4 - https:\/\/yoast.com\/wordpress\/plugins\/seo\/ -->\n<title>Manta - Rimadesio<\/title>\n<meta name=\"description\" content=\"Manta ist das Ergebnis der Stilforschung Rimadesios und ist auch in gro\u00dfen Gr\u00f6\u00dfen erh\u00e4ltlich, um nicht nur im privaten -, sondern auch im beruflichen\" \/>\n<meta name=\"robots\" content=\"index, follow, max-snippet:-1, max-image-preview:large, max-video-preview:-1\" \/>\n<link rel=\"canonical\" href=\"https:\/\/www.rimadesio.it\/de\/produkt\/manta-office-2\/\" \/>\n<meta property=\"og:locale\" content=\"de_DE\" \/>\n<meta property=\"og:type\" content=\"article\" \/>\n<meta property=\"og:title\" content=\"Manta - Rimadesio\" \/>\n<meta property=\"og:description\" content=\"Manta ist das Ergebnis der Stilforschung Rimadesios und ist auch in gro\u00dfen Gr\u00f6\u00dfen erh\u00e4ltlich, um nicht nur im privaten -, sondern auch im beruflichen\" \/>\n<meta property=\"og:url\" content=\"https:\/\/www.rimadesio.it\/de\/produkt\/manta-office-2\/\" \/>\n<meta property=\"og:site_name\" content=\"Rimadesio\" \/>\n<meta property=\"article:modified_time\" content=\"2026-04-16T07:48:21+00:00\" \/>\n<meta name=\"twitter:card\" content=\"summary_large_image\" \/>\n<script type=\"application\/ld+json\" class=\"yoast-schema-graph\">{\"@context\":\"https:\/\/schema.org\",\"@graph\":[{\"@type\":\"WebPage\",\"@id\":\"https:\/\/www.rimadesio.it\/de\/produkt\/manta-office-2\/\",\"url\":\"https:\/\/www.rimadesio.it\/de\/produkt\/manta-office-2\/\",\"name\":\"Manta - Rimadesio\",\"isPartOf\":{\"@id\":\"https:\/\/www.rimadesio.it\/de\/#website\"},\"datePublished\":\"2022-01-07T14:31:19+00:00\",\"dateModified\":\"2026-04-16T07:48:21+00:00\",\"description\":\"Manta ist das Ergebnis der Stilforschung Rimadesios und ist auch in gro\u00dfen Gr\u00f6\u00dfen erh\u00e4ltlich, um nicht nur im privaten -, sondern auch im beruflichen\",\"breadcrumb\":{\"@id\":\"https:\/\/www.rimadesio.it\/de\/produkt\/manta-office-2\/#breadcrumb\"},\"inLanguage\":\"de-DE\",\"potentialAction\":[{\"@type\":\"ReadAction\",\"target\":[\"https:\/\/www.rimadesio.it\/de\/produkt\/manta-office-2\/\"]}]},{\"@type\":\"BreadcrumbList\",\"@id\":\"https:\/\/www.rimadesio.it\/de\/produkt\/manta-office-2\/#breadcrumb\",\"itemListElement\":[{\"@type\":\"ListItem\",\"position\":1,\"name\":\"Homepage\",\"item\":\"https:\/\/www.rimadesio.it\/de\/\"},{\"@type\":\"ListItem\",\"position\":2,\"name\":\"Produkte\",\"item\":\"https:\/\/www.rimadesio.it\/de\/produkt\/\"},{\"@type\":\"ListItem\",\"position\":3,\"name\":\"B\u00fcrosysteme\",\"item\":\"https:\/\/www.rimadesio.it\/de\/produktkategorie\/burosysteme\/\"},{\"@type\":\"ListItem\",\"position\":4,\"name\":\"Konferenztische\",\"item\":\"https:\/\/www.rimadesio.it\/de\/produktkategorie\/burosysteme\/besprechungstische\/\"},{\"@type\":\"ListItem\",\"position\":5,\"name\":\"Manta\"}]},{\"@type\":\"WebSite\",\"@id\":\"https:\/\/www.rimadesio.it\/de\/#website\",\"url\":\"https:\/\/www.rimadesio.it\/de\/\",\"name\":\"Rimadesio\",\"description\":\"Rimadesio official website\",\"publisher\":{\"@id\":\"https:\/\/www.rimadesio.it\/de\/#organization\"},\"potentialAction\":[{\"@type\":\"SearchAction\",\"target\":{\"@type\":\"EntryPoint\",\"urlTemplate\":\"https:\/\/www.rimadesio.it\/de\/?s={search_term_string}\"},\"query-input\":\"required name=search_term_string\"}],\"inLanguage\":\"de-DE\"},{\"@type\":\"Organization\",\"@id\":\"https:\/\/www.rimadesio.it\/de\/#organization\",\"name\":\"Rimadesio\",\"url\":\"https:\/\/www.rimadesio.it\/de\/\",\"logo\":{\"@type\":\"ImageObject\",\"inLanguage\":\"de-DE\",\"@id\":\"https:\/\/www.rimadesio.it\/de\/#\/schema\/logo\/image\/\",\"url\":\"https:\/\/static.rimadesio.it\/media\/2021\/08\/Logo.png\",\"contentUrl\":\"https:\/\/static.rimadesio.it\/media\/2021\/08\/Logo.png\",\"width\":102,\"height\":18,\"caption\":\"Rimadesio\"},\"image\":{\"@id\":\"https:\/\/www.rimadesio.it\/de\/#\/schema\/logo\/image\/\"}}]}<\/script>\n<!-- \/ Yoast SEO plugin. -->","yoast_head_json":{"title":"Manta - Rimadesio","description":"Manta ist das Ergebnis der Stilforschung Rimadesios und ist auch in gro\u00dfen Gr\u00f6\u00dfen erh\u00e4ltlich, um nicht nur im privaten -, sondern auch im beruflichen","robots":{"index":"index","follow":"follow","max-snippet":"max-snippet:-1","max-image-preview":"max-image-preview:large","max-video-preview":"max-video-preview:-1"},"canonical":"https:\/\/www.rimadesio.it\/de\/produkt\/manta-office-2\/","og_locale":"de_DE","og_type":"article","og_title":"Manta - Rimadesio","og_description":"Manta ist das Ergebnis der Stilforschung Rimadesios und ist auch in gro\u00dfen Gr\u00f6\u00dfen erh\u00e4ltlich, um nicht nur im privaten -, sondern auch im beruflichen","og_url":"https:\/\/www.rimadesio.it\/de\/produkt\/manta-office-2\/","og_site_name":"Rimadesio","article_modified_time":"2026-04-16T07:48:21+00:00","twitter_card":"summary_large_image","schema":{"@context":"https:\/\/schema.org","@graph":[{"@type":"WebPage","@id":"https:\/\/www.rimadesio.it\/de\/produkt\/manta-office-2\/","url":"https:\/\/www.rimadesio.it\/de\/produkt\/manta-office-2\/","name":"Manta - Rimadesio","isPartOf":{"@id":"https:\/\/www.rimadesio.it\/de\/#website"},"datePublished":"2022-01-07T14:31:19+00:00","dateModified":"2026-04-16T07:48:21+00:00","description":"Manta ist das Ergebnis der Stilforschung Rimadesios und ist auch in gro\u00dfen Gr\u00f6\u00dfen erh\u00e4ltlich, um nicht nur im privaten -, sondern auch im beruflichen","breadcrumb":{"@id":"https:\/\/www.rimadesio.it\/de\/produkt\/manta-office-2\/#breadcrumb"},"inLanguage":"de-DE","potentialAction":[{"@type":"ReadAction","target":["https:\/\/www.rimadesio.it\/de\/produkt\/manta-office-2\/"]}]},{"@type":"BreadcrumbList","@id":"https:\/\/www.rimadesio.it\/de\/produkt\/manta-office-2\/#breadcrumb","itemListElement":[{"@type":"ListItem","position":1,"name":"Homepage","item":"https:\/\/www.rimadesio.it\/de\/"},{"@type":"ListItem","position":2,"name":"Produkte","item":"https:\/\/www.rimadesio.it\/de\/produkt\/"},{"@type":"ListItem","position":3,"name":"B\u00fcrosysteme","item":"https:\/\/www.rimadesio.it\/de\/produktkategorie\/burosysteme\/"},{"@type":"ListItem","position":4,"name":"Konferenztische","item":"https:\/\/www.rimadesio.it\/de\/produktkategorie\/burosysteme\/besprechungstische\/"},{"@type":"ListItem","position":5,"name":"Manta"}]},{"@type":"WebSite","@id":"https:\/\/www.rimadesio.it\/de\/#website","url":"https:\/\/www.rimadesio.it\/de\/","name":"Rimadesio","description":"Rimadesio official website","publisher":{"@id":"https:\/\/www.rimadesio.it\/de\/#organization"},"potentialAction":[{"@type":"SearchAction","target":{"@type":"EntryPoint","urlTemplate":"https:\/\/www.rimadesio.it\/de\/?s={search_term_string}"},"query-input":"required name=search_term_string"}],"inLanguage":"de-DE"},{"@type":"Organization","@id":"https:\/\/www.rimadesio.it\/de\/#organization","name":"Rimadesio","url":"https:\/\/www.rimadesio.it\/de\/","logo":{"@type":"ImageObject","inLanguage":"de-DE","@id":"https:\/\/www.rimadesio.it\/de\/#\/schema\/logo\/image\/","url":"https:\/\/static.rimadesio.it\/media\/2021\/08\/Logo.png","contentUrl":"https:\/\/static.rimadesio.it\/media\/2021\/08\/Logo.png","width":102,"height":18,"caption":"Rimadesio"},"image":{"@id":"https:\/\/www.rimadesio.it\/de\/#\/schema\/logo\/image\/"}}]}},"_links":{"self":[{"href":"https:\/\/www.rimadesio.it\/de\/wp-json\/wp\/v2\/product\/148828"}],"collection":[{"href":"https:\/\/www.rimadesio.it\/de\/wp-json\/wp\/v2\/product"}],"about":[{"href":"https:\/\/www.rimadesio.it\/de\/wp-json\/wp\/v2\/types\/product"}],"wp:attachment":[{"href":"https:\/\/www.rimadesio.it\/de\/wp-json\/wp\/v2\/media?parent=148828"}],"wp:term":[{"taxonomy":"product_category","embeddable":true,"href":"https:\/\/www.rimadesio.it\/de\/wp-json\/wp\/v2\/product_category?post=148828"}],"curies":[{"name":"wp","href":"https:\/\/api.w.org\/{rel}","templated":true}]}}