{"id":148549,"date":"2022-01-07T13:25:52","date_gmt":"2022-01-07T12:25:52","guid":{"rendered":"https:\/\/www.rimadesio.it\/product\/interior-one-2\/"},"modified":"2022-02-23T15:40:15","modified_gmt":"2022-02-23T14:40:15","slug":"interior-one-2","status":"publish","type":"product","link":"https:\/\/www.rimadesio.it\/de\/produkt\/interior-one-2\/","title":{"rendered":"Interior one"},"content":{"rendered":"<p>Die Qualit\u00e4t eines Ambientes wird durch feine Gleichgewichte reguliert. Dazu geh\u00f6ren das Verh\u00e4ltnis zwischen dem Bed\u00fcrfnis nach Ordnung und dem Wunsch nach Originalit\u00e4t oder die Kombination der unterschiedlichen Ausdruckswerte der Oberfl\u00e4chen. Im pr\u00e4sentierten Wohnbereich kontrastiert die geometrische Strenge der Boiserie Modulor aus Sahara-Glas mit der Ausdruckskraft des Tisches Francis mit Nussbaumplatte, dem wahren Protagonisten des Raumes.<\/p>\n","protected":false},"featured_media":0,"template":"","product_category":[261],"acf":[],"yoast_head":"<!-- This site is optimized with the Yoast SEO plugin v20.4 - https:\/\/yoast.com\/wordpress\/plugins\/seo\/ -->\n<title>Interior one - Rimadesio<\/title>\n<meta name=\"description\" content=\"Die Qualit\u00e4t eines Ambientes wird durch feine Gleichgewichte reguliert. Dazu geh\u00f6ren das Verh\u00e4ltnis zwischen dem Bed\u00fcrfnis nach Ordnung und dem Wunsch\" \/>\n<meta name=\"robots\" content=\"index, follow, max-snippet:-1, max-image-preview:large, max-video-preview:-1\" \/>\n<link rel=\"canonical\" href=\"https:\/\/www.rimadesio.it\/de\/produkt\/interior-one-2\/\" \/>\n<meta property=\"og:locale\" content=\"de_DE\" \/>\n<meta property=\"og:type\" content=\"article\" \/>\n<meta property=\"og:title\" content=\"Interior one - Rimadesio\" \/>\n<meta property=\"og:description\" content=\"Die Qualit\u00e4t eines Ambientes wird durch feine Gleichgewichte reguliert. Dazu geh\u00f6ren das Verh\u00e4ltnis zwischen dem Bed\u00fcrfnis nach Ordnung und dem Wunsch\" \/>\n<meta property=\"og:url\" content=\"https:\/\/www.rimadesio.it\/de\/produkt\/interior-one-2\/\" \/>\n<meta property=\"og:site_name\" content=\"Rimadesio\" \/>\n<meta property=\"article:modified_time\" content=\"2022-02-23T14:40:15+00:00\" \/>\n<meta name=\"twitter:card\" content=\"summary_large_image\" \/>\n<script type=\"application\/ld+json\" class=\"yoast-schema-graph\">{\"@context\":\"https:\/\/schema.org\",\"@graph\":[{\"@type\":\"WebPage\",\"@id\":\"https:\/\/www.rimadesio.it\/de\/produkt\/interior-one-2\/\",\"url\":\"https:\/\/www.rimadesio.it\/de\/produkt\/interior-one-2\/\",\"name\":\"Interior one - Rimadesio\",\"isPartOf\":{\"@id\":\"https:\/\/www.rimadesio.it\/de\/#website\"},\"datePublished\":\"2022-01-07T12:25:52+00:00\",\"dateModified\":\"2022-02-23T14:40:15+00:00\",\"description\":\"Die Qualit\u00e4t eines Ambientes wird durch feine Gleichgewichte reguliert. Dazu geh\u00f6ren das Verh\u00e4ltnis zwischen dem Bed\u00fcrfnis nach Ordnung und dem Wunsch\",\"breadcrumb\":{\"@id\":\"https:\/\/www.rimadesio.it\/de\/produkt\/interior-one-2\/#breadcrumb\"},\"inLanguage\":\"de-DE\",\"potentialAction\":[{\"@type\":\"ReadAction\",\"target\":[\"https:\/\/www.rimadesio.it\/de\/produkt\/interior-one-2\/\"]}]},{\"@type\":\"BreadcrumbList\",\"@id\":\"https:\/\/www.rimadesio.it\/de\/produkt\/interior-one-2\/#breadcrumb\",\"itemListElement\":[{\"@type\":\"ListItem\",\"position\":1,\"name\":\"Homepage\",\"item\":\"https:\/\/www.rimadesio.it\/de\/\"},{\"@type\":\"ListItem\",\"position\":2,\"name\":\"Produkte\",\"item\":\"https:\/\/www.rimadesio.it\/de\/produkt\/\"},{\"@type\":\"ListItem\",\"position\":3,\"name\":\"New Interiors\",\"item\":\"https:\/\/www.rimadesio.it\/de\/produktkategorie\/new-interiors-de\/\"},{\"@type\":\"ListItem\",\"position\":4,\"name\":\"Interior one\"}]},{\"@type\":\"WebSite\",\"@id\":\"https:\/\/www.rimadesio.it\/de\/#website\",\"url\":\"https:\/\/www.rimadesio.it\/de\/\",\"name\":\"Rimadesio\",\"description\":\"Rimadesio official website\",\"publisher\":{\"@id\":\"https:\/\/www.rimadesio.it\/de\/#organization\"},\"potentialAction\":[{\"@type\":\"SearchAction\",\"target\":{\"@type\":\"EntryPoint\",\"urlTemplate\":\"https:\/\/www.rimadesio.it\/de\/?s={search_term_string}\"},\"query-input\":\"required name=search_term_string\"}],\"inLanguage\":\"de-DE\"},{\"@type\":\"Organization\",\"@id\":\"https:\/\/www.rimadesio.it\/de\/#organization\",\"name\":\"Rimadesio\",\"url\":\"https:\/\/www.rimadesio.it\/de\/\",\"logo\":{\"@type\":\"ImageObject\",\"inLanguage\":\"de-DE\",\"@id\":\"https:\/\/www.rimadesio.it\/de\/#\/schema\/logo\/image\/\",\"url\":\"https:\/\/static.rimadesio.it\/media\/2021\/08\/Logo.png\",\"contentUrl\":\"https:\/\/static.rimadesio.it\/media\/2021\/08\/Logo.png\",\"width\":102,\"height\":18,\"caption\":\"Rimadesio\"},\"image\":{\"@id\":\"https:\/\/www.rimadesio.it\/de\/#\/schema\/logo\/image\/\"}}]}<\/script>\n<!-- \/ Yoast SEO plugin. -->","yoast_head_json":{"title":"Interior one - Rimadesio","description":"Die Qualit\u00e4t eines Ambientes wird durch feine Gleichgewichte reguliert. Dazu geh\u00f6ren das Verh\u00e4ltnis zwischen dem Bed\u00fcrfnis nach Ordnung und dem Wunsch","robots":{"index":"index","follow":"follow","max-snippet":"max-snippet:-1","max-image-preview":"max-image-preview:large","max-video-preview":"max-video-preview:-1"},"canonical":"https:\/\/www.rimadesio.it\/de\/produkt\/interior-one-2\/","og_locale":"de_DE","og_type":"article","og_title":"Interior one - Rimadesio","og_description":"Die Qualit\u00e4t eines Ambientes wird durch feine Gleichgewichte reguliert. Dazu geh\u00f6ren das Verh\u00e4ltnis zwischen dem Bed\u00fcrfnis nach Ordnung und dem Wunsch","og_url":"https:\/\/www.rimadesio.it\/de\/produkt\/interior-one-2\/","og_site_name":"Rimadesio","article_modified_time":"2022-02-23T14:40:15+00:00","twitter_card":"summary_large_image","schema":{"@context":"https:\/\/schema.org","@graph":[{"@type":"WebPage","@id":"https:\/\/www.rimadesio.it\/de\/produkt\/interior-one-2\/","url":"https:\/\/www.rimadesio.it\/de\/produkt\/interior-one-2\/","name":"Interior one - Rimadesio","isPartOf":{"@id":"https:\/\/www.rimadesio.it\/de\/#website"},"datePublished":"2022-01-07T12:25:52+00:00","dateModified":"2022-02-23T14:40:15+00:00","description":"Die Qualit\u00e4t eines Ambientes wird durch feine Gleichgewichte reguliert. Dazu geh\u00f6ren das Verh\u00e4ltnis zwischen dem Bed\u00fcrfnis nach Ordnung und dem Wunsch","breadcrumb":{"@id":"https:\/\/www.rimadesio.it\/de\/produkt\/interior-one-2\/#breadcrumb"},"inLanguage":"de-DE","potentialAction":[{"@type":"ReadAction","target":["https:\/\/www.rimadesio.it\/de\/produkt\/interior-one-2\/"]}]},{"@type":"BreadcrumbList","@id":"https:\/\/www.rimadesio.it\/de\/produkt\/interior-one-2\/#breadcrumb","itemListElement":[{"@type":"ListItem","position":1,"name":"Homepage","item":"https:\/\/www.rimadesio.it\/de\/"},{"@type":"ListItem","position":2,"name":"Produkte","item":"https:\/\/www.rimadesio.it\/de\/produkt\/"},{"@type":"ListItem","position":3,"name":"New Interiors","item":"https:\/\/www.rimadesio.it\/de\/produktkategorie\/new-interiors-de\/"},{"@type":"ListItem","position":4,"name":"Interior one"}]},{"@type":"WebSite","@id":"https:\/\/www.rimadesio.it\/de\/#website","url":"https:\/\/www.rimadesio.it\/de\/","name":"Rimadesio","description":"Rimadesio official website","publisher":{"@id":"https:\/\/www.rimadesio.it\/de\/#organization"},"potentialAction":[{"@type":"SearchAction","target":{"@type":"EntryPoint","urlTemplate":"https:\/\/www.rimadesio.it\/de\/?s={search_term_string}"},"query-input":"required name=search_term_string"}],"inLanguage":"de-DE"},{"@type":"Organization","@id":"https:\/\/www.rimadesio.it\/de\/#organization","name":"Rimadesio","url":"https:\/\/www.rimadesio.it\/de\/","logo":{"@type":"ImageObject","inLanguage":"de-DE","@id":"https:\/\/www.rimadesio.it\/de\/#\/schema\/logo\/image\/","url":"https:\/\/static.rimadesio.it\/media\/2021\/08\/Logo.png","contentUrl":"https:\/\/static.rimadesio.it\/media\/2021\/08\/Logo.png","width":102,"height":18,"caption":"Rimadesio"},"image":{"@id":"https:\/\/www.rimadesio.it\/de\/#\/schema\/logo\/image\/"}}]}},"_links":{"self":[{"href":"https:\/\/www.rimadesio.it\/de\/wp-json\/wp\/v2\/product\/148549"}],"collection":[{"href":"https:\/\/www.rimadesio.it\/de\/wp-json\/wp\/v2\/product"}],"about":[{"href":"https:\/\/www.rimadesio.it\/de\/wp-json\/wp\/v2\/types\/product"}],"wp:attachment":[{"href":"https:\/\/www.rimadesio.it\/de\/wp-json\/wp\/v2\/media?parent=148549"}],"wp:term":[{"taxonomy":"product_category","embeddable":true,"href":"https:\/\/www.rimadesio.it\/de\/wp-json\/wp\/v2\/product_category?post=148549"}],"curies":[{"name":"wp","href":"https:\/\/api.w.org\/{rel}","templated":true}]}}