{"id":148507,"date":"2022-01-07T12:37:29","date_gmt":"2022-01-07T11:37:29","guid":{"rendered":"https:\/\/www.rimadesio.it\/product\/interior-two-2\/"},"modified":"2022-02-23T15:40:21","modified_gmt":"2022-02-23T14:40:21","slug":"interior-two-2","status":"publish","type":"product","link":"https:\/\/www.rimadesio.it\/de\/produkt\/interior-two-2\/","title":{"rendered":"Interior two"},"content":{"rendered":"<p>Die herausstechendsten Funktionen der Boiserie Modulor sind den Stil des Ambientes zu charakterisieren, die Aufbewahrungsfunktion zu erf\u00fcllen, die Pr\u00e4sentation zu gew\u00e4hrleisten und die Aufwertung von affektiven pers\u00f6nlichen Gegenst\u00e4nden zu leisten. Dar\u00fcber hinaus erm\u00f6glicht es das System, Unebenheiten in den W\u00e4nden auszugleichen und damit die Geometrien des Raumes bereits in der Planungsphase zu verbessern.<\/p>\n","protected":false},"featured_media":0,"template":"","product_category":[261],"acf":[],"yoast_head":"<!-- This site is optimized with the Yoast SEO plugin v20.4 - https:\/\/yoast.com\/wordpress\/plugins\/seo\/ -->\n<title>Interior two - Rimadesio<\/title>\n<meta name=\"description\" content=\"Die herausstechendsten Funktionen der Boiserie Modulor sind den Stil des Ambientes zu charakterisieren, die Aufbewahrungsfunktion zu erf\u00fcllen, die\" \/>\n<meta name=\"robots\" content=\"index, follow, max-snippet:-1, max-image-preview:large, max-video-preview:-1\" \/>\n<link rel=\"canonical\" href=\"https:\/\/www.rimadesio.it\/de\/produkt\/interior-two-2\/\" \/>\n<meta property=\"og:locale\" content=\"de_DE\" \/>\n<meta property=\"og:type\" content=\"article\" \/>\n<meta property=\"og:title\" content=\"Interior two - Rimadesio\" \/>\n<meta property=\"og:description\" content=\"Die herausstechendsten Funktionen der Boiserie Modulor sind den Stil des Ambientes zu charakterisieren, die Aufbewahrungsfunktion zu erf\u00fcllen, die\" \/>\n<meta property=\"og:url\" content=\"https:\/\/www.rimadesio.it\/de\/produkt\/interior-two-2\/\" \/>\n<meta property=\"og:site_name\" content=\"Rimadesio\" \/>\n<meta property=\"article:modified_time\" content=\"2022-02-23T14:40:21+00:00\" \/>\n<meta name=\"twitter:card\" content=\"summary_large_image\" \/>\n<script type=\"application\/ld+json\" class=\"yoast-schema-graph\">{\"@context\":\"https:\/\/schema.org\",\"@graph\":[{\"@type\":\"WebPage\",\"@id\":\"https:\/\/www.rimadesio.it\/de\/produkt\/interior-two-2\/\",\"url\":\"https:\/\/www.rimadesio.it\/de\/produkt\/interior-two-2\/\",\"name\":\"Interior two - Rimadesio\",\"isPartOf\":{\"@id\":\"https:\/\/www.rimadesio.it\/de\/#website\"},\"datePublished\":\"2022-01-07T11:37:29+00:00\",\"dateModified\":\"2022-02-23T14:40:21+00:00\",\"description\":\"Die herausstechendsten Funktionen der Boiserie Modulor sind den Stil des Ambientes zu charakterisieren, die Aufbewahrungsfunktion zu erf\u00fcllen, die\",\"breadcrumb\":{\"@id\":\"https:\/\/www.rimadesio.it\/de\/produkt\/interior-two-2\/#breadcrumb\"},\"inLanguage\":\"de-DE\",\"potentialAction\":[{\"@type\":\"ReadAction\",\"target\":[\"https:\/\/www.rimadesio.it\/de\/produkt\/interior-two-2\/\"]}]},{\"@type\":\"BreadcrumbList\",\"@id\":\"https:\/\/www.rimadesio.it\/de\/produkt\/interior-two-2\/#breadcrumb\",\"itemListElement\":[{\"@type\":\"ListItem\",\"position\":1,\"name\":\"Homepage\",\"item\":\"https:\/\/www.rimadesio.it\/de\/\"},{\"@type\":\"ListItem\",\"position\":2,\"name\":\"Produkte\",\"item\":\"https:\/\/www.rimadesio.it\/de\/produkt\/\"},{\"@type\":\"ListItem\",\"position\":3,\"name\":\"New Interiors\",\"item\":\"https:\/\/www.rimadesio.it\/de\/produktkategorie\/new-interiors-de\/\"},{\"@type\":\"ListItem\",\"position\":4,\"name\":\"Interior two\"}]},{\"@type\":\"WebSite\",\"@id\":\"https:\/\/www.rimadesio.it\/de\/#website\",\"url\":\"https:\/\/www.rimadesio.it\/de\/\",\"name\":\"Rimadesio\",\"description\":\"Rimadesio official website\",\"publisher\":{\"@id\":\"https:\/\/www.rimadesio.it\/de\/#organization\"},\"potentialAction\":[{\"@type\":\"SearchAction\",\"target\":{\"@type\":\"EntryPoint\",\"urlTemplate\":\"https:\/\/www.rimadesio.it\/de\/?s={search_term_string}\"},\"query-input\":\"required name=search_term_string\"}],\"inLanguage\":\"de-DE\"},{\"@type\":\"Organization\",\"@id\":\"https:\/\/www.rimadesio.it\/de\/#organization\",\"name\":\"Rimadesio\",\"url\":\"https:\/\/www.rimadesio.it\/de\/\",\"logo\":{\"@type\":\"ImageObject\",\"inLanguage\":\"de-DE\",\"@id\":\"https:\/\/www.rimadesio.it\/de\/#\/schema\/logo\/image\/\",\"url\":\"https:\/\/static.rimadesio.it\/media\/2021\/08\/Logo.png\",\"contentUrl\":\"https:\/\/static.rimadesio.it\/media\/2021\/08\/Logo.png\",\"width\":102,\"height\":18,\"caption\":\"Rimadesio\"},\"image\":{\"@id\":\"https:\/\/www.rimadesio.it\/de\/#\/schema\/logo\/image\/\"}}]}<\/script>\n<!-- \/ Yoast SEO plugin. -->","yoast_head_json":{"title":"Interior two - Rimadesio","description":"Die herausstechendsten Funktionen der Boiserie Modulor sind den Stil des Ambientes zu charakterisieren, die Aufbewahrungsfunktion zu erf\u00fcllen, die","robots":{"index":"index","follow":"follow","max-snippet":"max-snippet:-1","max-image-preview":"max-image-preview:large","max-video-preview":"max-video-preview:-1"},"canonical":"https:\/\/www.rimadesio.it\/de\/produkt\/interior-two-2\/","og_locale":"de_DE","og_type":"article","og_title":"Interior two - Rimadesio","og_description":"Die herausstechendsten Funktionen der Boiserie Modulor sind den Stil des Ambientes zu charakterisieren, die Aufbewahrungsfunktion zu erf\u00fcllen, die","og_url":"https:\/\/www.rimadesio.it\/de\/produkt\/interior-two-2\/","og_site_name":"Rimadesio","article_modified_time":"2022-02-23T14:40:21+00:00","twitter_card":"summary_large_image","schema":{"@context":"https:\/\/schema.org","@graph":[{"@type":"WebPage","@id":"https:\/\/www.rimadesio.it\/de\/produkt\/interior-two-2\/","url":"https:\/\/www.rimadesio.it\/de\/produkt\/interior-two-2\/","name":"Interior two - Rimadesio","isPartOf":{"@id":"https:\/\/www.rimadesio.it\/de\/#website"},"datePublished":"2022-01-07T11:37:29+00:00","dateModified":"2022-02-23T14:40:21+00:00","description":"Die herausstechendsten Funktionen der Boiserie Modulor sind den Stil des Ambientes zu charakterisieren, die Aufbewahrungsfunktion zu erf\u00fcllen, die","breadcrumb":{"@id":"https:\/\/www.rimadesio.it\/de\/produkt\/interior-two-2\/#breadcrumb"},"inLanguage":"de-DE","potentialAction":[{"@type":"ReadAction","target":["https:\/\/www.rimadesio.it\/de\/produkt\/interior-two-2\/"]}]},{"@type":"BreadcrumbList","@id":"https:\/\/www.rimadesio.it\/de\/produkt\/interior-two-2\/#breadcrumb","itemListElement":[{"@type":"ListItem","position":1,"name":"Homepage","item":"https:\/\/www.rimadesio.it\/de\/"},{"@type":"ListItem","position":2,"name":"Produkte","item":"https:\/\/www.rimadesio.it\/de\/produkt\/"},{"@type":"ListItem","position":3,"name":"New Interiors","item":"https:\/\/www.rimadesio.it\/de\/produktkategorie\/new-interiors-de\/"},{"@type":"ListItem","position":4,"name":"Interior two"}]},{"@type":"WebSite","@id":"https:\/\/www.rimadesio.it\/de\/#website","url":"https:\/\/www.rimadesio.it\/de\/","name":"Rimadesio","description":"Rimadesio official website","publisher":{"@id":"https:\/\/www.rimadesio.it\/de\/#organization"},"potentialAction":[{"@type":"SearchAction","target":{"@type":"EntryPoint","urlTemplate":"https:\/\/www.rimadesio.it\/de\/?s={search_term_string}"},"query-input":"required name=search_term_string"}],"inLanguage":"de-DE"},{"@type":"Organization","@id":"https:\/\/www.rimadesio.it\/de\/#organization","name":"Rimadesio","url":"https:\/\/www.rimadesio.it\/de\/","logo":{"@type":"ImageObject","inLanguage":"de-DE","@id":"https:\/\/www.rimadesio.it\/de\/#\/schema\/logo\/image\/","url":"https:\/\/static.rimadesio.it\/media\/2021\/08\/Logo.png","contentUrl":"https:\/\/static.rimadesio.it\/media\/2021\/08\/Logo.png","width":102,"height":18,"caption":"Rimadesio"},"image":{"@id":"https:\/\/www.rimadesio.it\/de\/#\/schema\/logo\/image\/"}}]}},"_links":{"self":[{"href":"https:\/\/www.rimadesio.it\/de\/wp-json\/wp\/v2\/product\/148507"}],"collection":[{"href":"https:\/\/www.rimadesio.it\/de\/wp-json\/wp\/v2\/product"}],"about":[{"href":"https:\/\/www.rimadesio.it\/de\/wp-json\/wp\/v2\/types\/product"}],"wp:attachment":[{"href":"https:\/\/www.rimadesio.it\/de\/wp-json\/wp\/v2\/media?parent=148507"}],"wp:term":[{"taxonomy":"product_category","embeddable":true,"href":"https:\/\/www.rimadesio.it\/de\/wp-json\/wp\/v2\/product_category?post=148507"}],"curies":[{"name":"wp","href":"https:\/\/api.w.org\/{rel}","templated":true}]}}