{"id":148503,"date":"2022-01-07T12:19:26","date_gmt":"2022-01-07T11:19:26","guid":{"rendered":"https:\/\/www.rimadesio.it\/product\/interior-three-2\/"},"modified":"2022-02-23T15:40:27","modified_gmt":"2022-02-23T14:40:27","slug":"interior-three-2","status":"publish","type":"product","link":"https:\/\/www.rimadesio.it\/de\/produkt\/interior-three-2\/","title":{"rendered":"Interior three"},"content":{"rendered":"<p>Dieses Ambiente ist dem Schlafbereich gewidmet, in dem Modulor, hier in der Ausf\u00fchrung Sahara Nussbaum, all seine Qualit\u00e4ten zum Ausdruck bringt. Als wichtige und zugleich dezente szenografische Pr\u00e4senz passt sich das Boiserie-System auf nat\u00fcrliche Weise einem komplexen Raum an, verwandelt sich bei Bedarf in ein T\u00fcr- oder Fensterfach oder gibt best\u00fcckte Stauf\u00e4cher frei.<\/p>\n","protected":false},"featured_media":0,"template":"","product_category":[261],"acf":[],"yoast_head":"<!-- This site is optimized with the Yoast SEO plugin v20.4 - https:\/\/yoast.com\/wordpress\/plugins\/seo\/ -->\n<title>Interior three - Rimadesio<\/title>\n<meta name=\"description\" content=\"Dieses Ambiente ist dem Schlafbereich gewidmet, in dem Modulor, hier in der Ausf\u00fchrung Sahara Nussbaum, all seine Qualit\u00e4ten zum Ausdruck bringt. Als\" \/>\n<meta name=\"robots\" content=\"index, follow, max-snippet:-1, max-image-preview:large, max-video-preview:-1\" \/>\n<link rel=\"canonical\" href=\"https:\/\/www.rimadesio.it\/de\/produkt\/interior-three-2\/\" \/>\n<meta property=\"og:locale\" content=\"de_DE\" \/>\n<meta property=\"og:type\" content=\"article\" \/>\n<meta property=\"og:title\" content=\"Interior three - Rimadesio\" \/>\n<meta property=\"og:description\" content=\"Dieses Ambiente ist dem Schlafbereich gewidmet, in dem Modulor, hier in der Ausf\u00fchrung Sahara Nussbaum, all seine Qualit\u00e4ten zum Ausdruck bringt. Als\" \/>\n<meta property=\"og:url\" content=\"https:\/\/www.rimadesio.it\/de\/produkt\/interior-three-2\/\" \/>\n<meta property=\"og:site_name\" content=\"Rimadesio\" \/>\n<meta property=\"article:modified_time\" content=\"2022-02-23T14:40:27+00:00\" \/>\n<meta name=\"twitter:card\" content=\"summary_large_image\" \/>\n<script type=\"application\/ld+json\" class=\"yoast-schema-graph\">{\"@context\":\"https:\/\/schema.org\",\"@graph\":[{\"@type\":\"WebPage\",\"@id\":\"https:\/\/www.rimadesio.it\/de\/produkt\/interior-three-2\/\",\"url\":\"https:\/\/www.rimadesio.it\/de\/produkt\/interior-three-2\/\",\"name\":\"Interior three - Rimadesio\",\"isPartOf\":{\"@id\":\"https:\/\/www.rimadesio.it\/de\/#website\"},\"datePublished\":\"2022-01-07T11:19:26+00:00\",\"dateModified\":\"2022-02-23T14:40:27+00:00\",\"description\":\"Dieses Ambiente ist dem Schlafbereich gewidmet, in dem Modulor, hier in der Ausf\u00fchrung Sahara Nussbaum, all seine Qualit\u00e4ten zum Ausdruck bringt. Als\",\"breadcrumb\":{\"@id\":\"https:\/\/www.rimadesio.it\/de\/produkt\/interior-three-2\/#breadcrumb\"},\"inLanguage\":\"de-DE\",\"potentialAction\":[{\"@type\":\"ReadAction\",\"target\":[\"https:\/\/www.rimadesio.it\/de\/produkt\/interior-three-2\/\"]}]},{\"@type\":\"BreadcrumbList\",\"@id\":\"https:\/\/www.rimadesio.it\/de\/produkt\/interior-three-2\/#breadcrumb\",\"itemListElement\":[{\"@type\":\"ListItem\",\"position\":1,\"name\":\"Homepage\",\"item\":\"https:\/\/www.rimadesio.it\/de\/\"},{\"@type\":\"ListItem\",\"position\":2,\"name\":\"Produkte\",\"item\":\"https:\/\/www.rimadesio.it\/de\/produkt\/\"},{\"@type\":\"ListItem\",\"position\":3,\"name\":\"New Interiors\",\"item\":\"https:\/\/www.rimadesio.it\/de\/produktkategorie\/new-interiors-de\/\"},{\"@type\":\"ListItem\",\"position\":4,\"name\":\"Interior three\"}]},{\"@type\":\"WebSite\",\"@id\":\"https:\/\/www.rimadesio.it\/de\/#website\",\"url\":\"https:\/\/www.rimadesio.it\/de\/\",\"name\":\"Rimadesio\",\"description\":\"Rimadesio official website\",\"publisher\":{\"@id\":\"https:\/\/www.rimadesio.it\/de\/#organization\"},\"potentialAction\":[{\"@type\":\"SearchAction\",\"target\":{\"@type\":\"EntryPoint\",\"urlTemplate\":\"https:\/\/www.rimadesio.it\/de\/?s={search_term_string}\"},\"query-input\":\"required name=search_term_string\"}],\"inLanguage\":\"de-DE\"},{\"@type\":\"Organization\",\"@id\":\"https:\/\/www.rimadesio.it\/de\/#organization\",\"name\":\"Rimadesio\",\"url\":\"https:\/\/www.rimadesio.it\/de\/\",\"logo\":{\"@type\":\"ImageObject\",\"inLanguage\":\"de-DE\",\"@id\":\"https:\/\/www.rimadesio.it\/de\/#\/schema\/logo\/image\/\",\"url\":\"https:\/\/static.rimadesio.it\/media\/2021\/08\/Logo.png\",\"contentUrl\":\"https:\/\/static.rimadesio.it\/media\/2021\/08\/Logo.png\",\"width\":102,\"height\":18,\"caption\":\"Rimadesio\"},\"image\":{\"@id\":\"https:\/\/www.rimadesio.it\/de\/#\/schema\/logo\/image\/\"}}]}<\/script>\n<!-- \/ Yoast SEO plugin. -->","yoast_head_json":{"title":"Interior three - Rimadesio","description":"Dieses Ambiente ist dem Schlafbereich gewidmet, in dem Modulor, hier in der Ausf\u00fchrung Sahara Nussbaum, all seine Qualit\u00e4ten zum Ausdruck bringt. Als","robots":{"index":"index","follow":"follow","max-snippet":"max-snippet:-1","max-image-preview":"max-image-preview:large","max-video-preview":"max-video-preview:-1"},"canonical":"https:\/\/www.rimadesio.it\/de\/produkt\/interior-three-2\/","og_locale":"de_DE","og_type":"article","og_title":"Interior three - Rimadesio","og_description":"Dieses Ambiente ist dem Schlafbereich gewidmet, in dem Modulor, hier in der Ausf\u00fchrung Sahara Nussbaum, all seine Qualit\u00e4ten zum Ausdruck bringt. Als","og_url":"https:\/\/www.rimadesio.it\/de\/produkt\/interior-three-2\/","og_site_name":"Rimadesio","article_modified_time":"2022-02-23T14:40:27+00:00","twitter_card":"summary_large_image","schema":{"@context":"https:\/\/schema.org","@graph":[{"@type":"WebPage","@id":"https:\/\/www.rimadesio.it\/de\/produkt\/interior-three-2\/","url":"https:\/\/www.rimadesio.it\/de\/produkt\/interior-three-2\/","name":"Interior three - Rimadesio","isPartOf":{"@id":"https:\/\/www.rimadesio.it\/de\/#website"},"datePublished":"2022-01-07T11:19:26+00:00","dateModified":"2022-02-23T14:40:27+00:00","description":"Dieses Ambiente ist dem Schlafbereich gewidmet, in dem Modulor, hier in der Ausf\u00fchrung Sahara Nussbaum, all seine Qualit\u00e4ten zum Ausdruck bringt. Als","breadcrumb":{"@id":"https:\/\/www.rimadesio.it\/de\/produkt\/interior-three-2\/#breadcrumb"},"inLanguage":"de-DE","potentialAction":[{"@type":"ReadAction","target":["https:\/\/www.rimadesio.it\/de\/produkt\/interior-three-2\/"]}]},{"@type":"BreadcrumbList","@id":"https:\/\/www.rimadesio.it\/de\/produkt\/interior-three-2\/#breadcrumb","itemListElement":[{"@type":"ListItem","position":1,"name":"Homepage","item":"https:\/\/www.rimadesio.it\/de\/"},{"@type":"ListItem","position":2,"name":"Produkte","item":"https:\/\/www.rimadesio.it\/de\/produkt\/"},{"@type":"ListItem","position":3,"name":"New Interiors","item":"https:\/\/www.rimadesio.it\/de\/produktkategorie\/new-interiors-de\/"},{"@type":"ListItem","position":4,"name":"Interior three"}]},{"@type":"WebSite","@id":"https:\/\/www.rimadesio.it\/de\/#website","url":"https:\/\/www.rimadesio.it\/de\/","name":"Rimadesio","description":"Rimadesio official website","publisher":{"@id":"https:\/\/www.rimadesio.it\/de\/#organization"},"potentialAction":[{"@type":"SearchAction","target":{"@type":"EntryPoint","urlTemplate":"https:\/\/www.rimadesio.it\/de\/?s={search_term_string}"},"query-input":"required name=search_term_string"}],"inLanguage":"de-DE"},{"@type":"Organization","@id":"https:\/\/www.rimadesio.it\/de\/#organization","name":"Rimadesio","url":"https:\/\/www.rimadesio.it\/de\/","logo":{"@type":"ImageObject","inLanguage":"de-DE","@id":"https:\/\/www.rimadesio.it\/de\/#\/schema\/logo\/image\/","url":"https:\/\/static.rimadesio.it\/media\/2021\/08\/Logo.png","contentUrl":"https:\/\/static.rimadesio.it\/media\/2021\/08\/Logo.png","width":102,"height":18,"caption":"Rimadesio"},"image":{"@id":"https:\/\/www.rimadesio.it\/de\/#\/schema\/logo\/image\/"}}]}},"_links":{"self":[{"href":"https:\/\/www.rimadesio.it\/de\/wp-json\/wp\/v2\/product\/148503"}],"collection":[{"href":"https:\/\/www.rimadesio.it\/de\/wp-json\/wp\/v2\/product"}],"about":[{"href":"https:\/\/www.rimadesio.it\/de\/wp-json\/wp\/v2\/types\/product"}],"wp:attachment":[{"href":"https:\/\/www.rimadesio.it\/de\/wp-json\/wp\/v2\/media?parent=148503"}],"wp:term":[{"taxonomy":"product_category","embeddable":true,"href":"https:\/\/www.rimadesio.it\/de\/wp-json\/wp\/v2\/product_category?post=148503"}],"curies":[{"name":"wp","href":"https:\/\/api.w.org\/{rel}","templated":true}]}}