{"id":148338,"date":"2022-01-06T17:40:57","date_gmt":"2022-01-06T16:40:57","guid":{"rendered":"https:\/\/www.rimadesio.it\/product\/interior-four-2\/"},"modified":"2022-02-23T15:40:32","modified_gmt":"2022-02-23T14:40:32","slug":"interior-four-2","status":"publish","type":"product","link":"https:\/\/www.rimadesio.it\/de\/produkt\/interior-four-2\/","title":{"rendered":"Interior four"},"content":{"rendered":"<p>Eine beispiellose \u00c4sthetik f\u00fcr das Nachtambiente. Tats\u00e4chlich ist es das Glas in der neuen Bronze-Diamant-Optik, das alle W\u00e4nde des Raumes pr\u00e4gt. Das System Modulor wird entweder als Kleiderschrank, T\u00fcr oder als einfache Wandverkleidung genutzt. Vanity, der neue ausgestattete Raum, der als praktische und wertvolle Privatecke konzipiert ist, pr\u00e4sentiert sich als Element der Diskontinuit\u00e4t in der Schrankwand.<\/p>\n","protected":false},"featured_media":0,"template":"","product_category":[261],"acf":[],"yoast_head":"<!-- This site is optimized with the Yoast SEO plugin v20.4 - https:\/\/yoast.com\/wordpress\/plugins\/seo\/ -->\n<title>Interior four - Rimadesio<\/title>\n<meta name=\"description\" content=\"Eine beispiellose \u00c4sthetik f\u00fcr das Nachtambiente. Tats\u00e4chlich ist es das Glas in der neuen Bronze-Diamant-Optik, das alle W\u00e4nde des Raumes pr\u00e4gt. Das\" \/>\n<meta name=\"robots\" content=\"index, follow, max-snippet:-1, max-image-preview:large, max-video-preview:-1\" \/>\n<link rel=\"canonical\" href=\"https:\/\/www.rimadesio.it\/de\/produkt\/interior-four-2\/\" \/>\n<meta property=\"og:locale\" content=\"de_DE\" \/>\n<meta property=\"og:type\" content=\"article\" \/>\n<meta property=\"og:title\" content=\"Interior four - Rimadesio\" \/>\n<meta property=\"og:description\" content=\"Eine beispiellose \u00c4sthetik f\u00fcr das Nachtambiente. Tats\u00e4chlich ist es das Glas in der neuen Bronze-Diamant-Optik, das alle W\u00e4nde des Raumes pr\u00e4gt. Das\" \/>\n<meta property=\"og:url\" content=\"https:\/\/www.rimadesio.it\/de\/produkt\/interior-four-2\/\" \/>\n<meta property=\"og:site_name\" content=\"Rimadesio\" \/>\n<meta property=\"article:modified_time\" content=\"2022-02-23T14:40:32+00:00\" \/>\n<meta name=\"twitter:card\" content=\"summary_large_image\" \/>\n<script type=\"application\/ld+json\" class=\"yoast-schema-graph\">{\"@context\":\"https:\/\/schema.org\",\"@graph\":[{\"@type\":\"WebPage\",\"@id\":\"https:\/\/www.rimadesio.it\/de\/produkt\/interior-four-2\/\",\"url\":\"https:\/\/www.rimadesio.it\/de\/produkt\/interior-four-2\/\",\"name\":\"Interior four - Rimadesio\",\"isPartOf\":{\"@id\":\"https:\/\/www.rimadesio.it\/de\/#website\"},\"datePublished\":\"2022-01-06T16:40:57+00:00\",\"dateModified\":\"2022-02-23T14:40:32+00:00\",\"description\":\"Eine beispiellose \u00c4sthetik f\u00fcr das Nachtambiente. Tats\u00e4chlich ist es das Glas in der neuen Bronze-Diamant-Optik, das alle W\u00e4nde des Raumes pr\u00e4gt. Das\",\"breadcrumb\":{\"@id\":\"https:\/\/www.rimadesio.it\/de\/produkt\/interior-four-2\/#breadcrumb\"},\"inLanguage\":\"de-DE\",\"potentialAction\":[{\"@type\":\"ReadAction\",\"target\":[\"https:\/\/www.rimadesio.it\/de\/produkt\/interior-four-2\/\"]}]},{\"@type\":\"BreadcrumbList\",\"@id\":\"https:\/\/www.rimadesio.it\/de\/produkt\/interior-four-2\/#breadcrumb\",\"itemListElement\":[{\"@type\":\"ListItem\",\"position\":1,\"name\":\"Homepage\",\"item\":\"https:\/\/www.rimadesio.it\/de\/\"},{\"@type\":\"ListItem\",\"position\":2,\"name\":\"Produkte\",\"item\":\"https:\/\/www.rimadesio.it\/de\/produkt\/\"},{\"@type\":\"ListItem\",\"position\":3,\"name\":\"New Interiors\",\"item\":\"https:\/\/www.rimadesio.it\/de\/produktkategorie\/new-interiors-de\/\"},{\"@type\":\"ListItem\",\"position\":4,\"name\":\"Interior four\"}]},{\"@type\":\"WebSite\",\"@id\":\"https:\/\/www.rimadesio.it\/de\/#website\",\"url\":\"https:\/\/www.rimadesio.it\/de\/\",\"name\":\"Rimadesio\",\"description\":\"Rimadesio official website\",\"publisher\":{\"@id\":\"https:\/\/www.rimadesio.it\/de\/#organization\"},\"potentialAction\":[{\"@type\":\"SearchAction\",\"target\":{\"@type\":\"EntryPoint\",\"urlTemplate\":\"https:\/\/www.rimadesio.it\/de\/?s={search_term_string}\"},\"query-input\":\"required name=search_term_string\"}],\"inLanguage\":\"de-DE\"},{\"@type\":\"Organization\",\"@id\":\"https:\/\/www.rimadesio.it\/de\/#organization\",\"name\":\"Rimadesio\",\"url\":\"https:\/\/www.rimadesio.it\/de\/\",\"logo\":{\"@type\":\"ImageObject\",\"inLanguage\":\"de-DE\",\"@id\":\"https:\/\/www.rimadesio.it\/de\/#\/schema\/logo\/image\/\",\"url\":\"https:\/\/static.rimadesio.it\/media\/2021\/08\/Logo.png\",\"contentUrl\":\"https:\/\/static.rimadesio.it\/media\/2021\/08\/Logo.png\",\"width\":102,\"height\":18,\"caption\":\"Rimadesio\"},\"image\":{\"@id\":\"https:\/\/www.rimadesio.it\/de\/#\/schema\/logo\/image\/\"}}]}<\/script>\n<!-- \/ Yoast SEO plugin. -->","yoast_head_json":{"title":"Interior four - Rimadesio","description":"Eine beispiellose \u00c4sthetik f\u00fcr das Nachtambiente. Tats\u00e4chlich ist es das Glas in der neuen Bronze-Diamant-Optik, das alle W\u00e4nde des Raumes pr\u00e4gt. Das","robots":{"index":"index","follow":"follow","max-snippet":"max-snippet:-1","max-image-preview":"max-image-preview:large","max-video-preview":"max-video-preview:-1"},"canonical":"https:\/\/www.rimadesio.it\/de\/produkt\/interior-four-2\/","og_locale":"de_DE","og_type":"article","og_title":"Interior four - Rimadesio","og_description":"Eine beispiellose \u00c4sthetik f\u00fcr das Nachtambiente. Tats\u00e4chlich ist es das Glas in der neuen Bronze-Diamant-Optik, das alle W\u00e4nde des Raumes pr\u00e4gt. Das","og_url":"https:\/\/www.rimadesio.it\/de\/produkt\/interior-four-2\/","og_site_name":"Rimadesio","article_modified_time":"2022-02-23T14:40:32+00:00","twitter_card":"summary_large_image","schema":{"@context":"https:\/\/schema.org","@graph":[{"@type":"WebPage","@id":"https:\/\/www.rimadesio.it\/de\/produkt\/interior-four-2\/","url":"https:\/\/www.rimadesio.it\/de\/produkt\/interior-four-2\/","name":"Interior four - Rimadesio","isPartOf":{"@id":"https:\/\/www.rimadesio.it\/de\/#website"},"datePublished":"2022-01-06T16:40:57+00:00","dateModified":"2022-02-23T14:40:32+00:00","description":"Eine beispiellose \u00c4sthetik f\u00fcr das Nachtambiente. Tats\u00e4chlich ist es das Glas in der neuen Bronze-Diamant-Optik, das alle W\u00e4nde des Raumes pr\u00e4gt. Das","breadcrumb":{"@id":"https:\/\/www.rimadesio.it\/de\/produkt\/interior-four-2\/#breadcrumb"},"inLanguage":"de-DE","potentialAction":[{"@type":"ReadAction","target":["https:\/\/www.rimadesio.it\/de\/produkt\/interior-four-2\/"]}]},{"@type":"BreadcrumbList","@id":"https:\/\/www.rimadesio.it\/de\/produkt\/interior-four-2\/#breadcrumb","itemListElement":[{"@type":"ListItem","position":1,"name":"Homepage","item":"https:\/\/www.rimadesio.it\/de\/"},{"@type":"ListItem","position":2,"name":"Produkte","item":"https:\/\/www.rimadesio.it\/de\/produkt\/"},{"@type":"ListItem","position":3,"name":"New Interiors","item":"https:\/\/www.rimadesio.it\/de\/produktkategorie\/new-interiors-de\/"},{"@type":"ListItem","position":4,"name":"Interior four"}]},{"@type":"WebSite","@id":"https:\/\/www.rimadesio.it\/de\/#website","url":"https:\/\/www.rimadesio.it\/de\/","name":"Rimadesio","description":"Rimadesio official website","publisher":{"@id":"https:\/\/www.rimadesio.it\/de\/#organization"},"potentialAction":[{"@type":"SearchAction","target":{"@type":"EntryPoint","urlTemplate":"https:\/\/www.rimadesio.it\/de\/?s={search_term_string}"},"query-input":"required name=search_term_string"}],"inLanguage":"de-DE"},{"@type":"Organization","@id":"https:\/\/www.rimadesio.it\/de\/#organization","name":"Rimadesio","url":"https:\/\/www.rimadesio.it\/de\/","logo":{"@type":"ImageObject","inLanguage":"de-DE","@id":"https:\/\/www.rimadesio.it\/de\/#\/schema\/logo\/image\/","url":"https:\/\/static.rimadesio.it\/media\/2021\/08\/Logo.png","contentUrl":"https:\/\/static.rimadesio.it\/media\/2021\/08\/Logo.png","width":102,"height":18,"caption":"Rimadesio"},"image":{"@id":"https:\/\/www.rimadesio.it\/de\/#\/schema\/logo\/image\/"}}]}},"_links":{"self":[{"href":"https:\/\/www.rimadesio.it\/de\/wp-json\/wp\/v2\/product\/148338"}],"collection":[{"href":"https:\/\/www.rimadesio.it\/de\/wp-json\/wp\/v2\/product"}],"about":[{"href":"https:\/\/www.rimadesio.it\/de\/wp-json\/wp\/v2\/types\/product"}],"wp:attachment":[{"href":"https:\/\/www.rimadesio.it\/de\/wp-json\/wp\/v2\/media?parent=148338"}],"wp:term":[{"taxonomy":"product_category","embeddable":true,"href":"https:\/\/www.rimadesio.it\/de\/wp-json\/wp\/v2\/product_category?post=148338"}],"curies":[{"name":"wp","href":"https:\/\/api.w.org\/{rel}","templated":true}]}}