{"id":148284,"date":"2022-01-06T16:30:51","date_gmt":"2022-01-06T15:30:51","guid":{"rendered":"https:\/\/www.rimadesio.it\/product\/sekretar-self\/"},"modified":"2026-04-15T11:14:21","modified_gmt":"2026-04-15T09:14:21","slug":"sekretar-self","status":"publish","type":"product","link":"https:\/\/www.rimadesio.it\/de\/produkt\/sekretar-self\/","title":{"rendered":"Sekret\u00e4r Self"},"content":{"rendered":"<p>Die Kollektion Self umfasst den Sekret\u00e4r, der mit allen f\u00fcr Glas und Struktur vorgesehenen Kombinationen personalisiert werden kann und in den drei Varianten \u201eSelf, Self up und Self bold\u201c erh\u00e4ltlich ist. Das System bietet eine interne LED-Beleuchtung mit einem Infrarot-Z\u00fcndsensor und einer internen Stromversorgung.<\/p>\n","protected":false},"featured_media":0,"template":"","product_category":[276,256,615],"acf":[],"yoast_head":"<!-- This site is optimized with the Yoast SEO plugin v20.4 - https:\/\/yoast.com\/wordpress\/plugins\/seo\/ -->\n<title>Sekret\u00e4r Self - Rimadesio<\/title>\n<meta name=\"description\" content=\"Die Kollektion Self umfasst den Sekret\u00e4r, der mit allen f\u00fcr Glas und Struktur vorgesehenen Kombinationen personalisiert werden kann und in den drei\" \/>\n<meta name=\"robots\" content=\"index, follow, max-snippet:-1, max-image-preview:large, max-video-preview:-1\" \/>\n<link rel=\"canonical\" href=\"https:\/\/www.rimadesio.it\/de\/produkt\/sekretar-self\/\" \/>\n<meta property=\"og:locale\" content=\"de_DE\" \/>\n<meta property=\"og:type\" content=\"article\" \/>\n<meta property=\"og:title\" content=\"Sekret\u00e4r Self - Rimadesio\" \/>\n<meta property=\"og:description\" content=\"Die Kollektion Self umfasst den Sekret\u00e4r, der mit allen f\u00fcr Glas und Struktur vorgesehenen Kombinationen personalisiert werden kann und in den drei\" \/>\n<meta property=\"og:url\" content=\"https:\/\/www.rimadesio.it\/de\/produkt\/sekretar-self\/\" \/>\n<meta property=\"og:site_name\" content=\"Rimadesio\" \/>\n<meta property=\"article:modified_time\" content=\"2026-04-15T09:14:21+00:00\" \/>\n<meta name=\"twitter:card\" content=\"summary_large_image\" \/>\n<script type=\"application\/ld+json\" class=\"yoast-schema-graph\">{\"@context\":\"https:\/\/schema.org\",\"@graph\":[{\"@type\":\"WebPage\",\"@id\":\"https:\/\/www.rimadesio.it\/de\/produkt\/sekretar-self\/\",\"url\":\"https:\/\/www.rimadesio.it\/de\/produkt\/sekretar-self\/\",\"name\":\"Sekret\u00e4r Self - Rimadesio\",\"isPartOf\":{\"@id\":\"https:\/\/www.rimadesio.it\/de\/#website\"},\"datePublished\":\"2022-01-06T15:30:51+00:00\",\"dateModified\":\"2026-04-15T09:14:21+00:00\",\"description\":\"Die Kollektion Self umfasst den Sekret\u00e4r, der mit allen f\u00fcr Glas und Struktur vorgesehenen Kombinationen personalisiert werden kann und in den drei\",\"breadcrumb\":{\"@id\":\"https:\/\/www.rimadesio.it\/de\/produkt\/sekretar-self\/#breadcrumb\"},\"inLanguage\":\"de-DE\",\"potentialAction\":[{\"@type\":\"ReadAction\",\"target\":[\"https:\/\/www.rimadesio.it\/de\/produkt\/sekretar-self\/\"]}]},{\"@type\":\"BreadcrumbList\",\"@id\":\"https:\/\/www.rimadesio.it\/de\/produkt\/sekretar-self\/#breadcrumb\",\"itemListElement\":[{\"@type\":\"ListItem\",\"position\":1,\"name\":\"Homepage\",\"item\":\"https:\/\/www.rimadesio.it\/de\/\"},{\"@type\":\"ListItem\",\"position\":2,\"name\":\"Produkte\",\"item\":\"https:\/\/www.rimadesio.it\/de\/produkt\/\"},{\"@type\":\"ListItem\",\"position\":3,\"name\":\"Schlafzimmersysteme\",\"item\":\"https:\/\/www.rimadesio.it\/de\/produktkategorie\/schlafraum\/\"},{\"@type\":\"ListItem\",\"position\":4,\"name\":\"Beh\u00e4lter\",\"item\":\"https:\/\/www.rimadesio.it\/de\/produktkategorie\/schlafraum\/behaelter\/\"},{\"@type\":\"ListItem\",\"position\":5,\"name\":\"Sekret\u00e4r Self\"}]},{\"@type\":\"WebSite\",\"@id\":\"https:\/\/www.rimadesio.it\/de\/#website\",\"url\":\"https:\/\/www.rimadesio.it\/de\/\",\"name\":\"Rimadesio\",\"description\":\"Rimadesio official website\",\"publisher\":{\"@id\":\"https:\/\/www.rimadesio.it\/de\/#organization\"},\"potentialAction\":[{\"@type\":\"SearchAction\",\"target\":{\"@type\":\"EntryPoint\",\"urlTemplate\":\"https:\/\/www.rimadesio.it\/de\/?s={search_term_string}\"},\"query-input\":\"required name=search_term_string\"}],\"inLanguage\":\"de-DE\"},{\"@type\":\"Organization\",\"@id\":\"https:\/\/www.rimadesio.it\/de\/#organization\",\"name\":\"Rimadesio\",\"url\":\"https:\/\/www.rimadesio.it\/de\/\",\"logo\":{\"@type\":\"ImageObject\",\"inLanguage\":\"de-DE\",\"@id\":\"https:\/\/www.rimadesio.it\/de\/#\/schema\/logo\/image\/\",\"url\":\"https:\/\/static.rimadesio.it\/media\/2021\/08\/Logo.png\",\"contentUrl\":\"https:\/\/static.rimadesio.it\/media\/2021\/08\/Logo.png\",\"width\":102,\"height\":18,\"caption\":\"Rimadesio\"},\"image\":{\"@id\":\"https:\/\/www.rimadesio.it\/de\/#\/schema\/logo\/image\/\"}}]}<\/script>\n<!-- \/ Yoast SEO plugin. -->","yoast_head_json":{"title":"Sekret\u00e4r Self - Rimadesio","description":"Die Kollektion Self umfasst den Sekret\u00e4r, der mit allen f\u00fcr Glas und Struktur vorgesehenen Kombinationen personalisiert werden kann und in den drei","robots":{"index":"index","follow":"follow","max-snippet":"max-snippet:-1","max-image-preview":"max-image-preview:large","max-video-preview":"max-video-preview:-1"},"canonical":"https:\/\/www.rimadesio.it\/de\/produkt\/sekretar-self\/","og_locale":"de_DE","og_type":"article","og_title":"Sekret\u00e4r Self - Rimadesio","og_description":"Die Kollektion Self umfasst den Sekret\u00e4r, der mit allen f\u00fcr Glas und Struktur vorgesehenen Kombinationen personalisiert werden kann und in den drei","og_url":"https:\/\/www.rimadesio.it\/de\/produkt\/sekretar-self\/","og_site_name":"Rimadesio","article_modified_time":"2026-04-15T09:14:21+00:00","twitter_card":"summary_large_image","schema":{"@context":"https:\/\/schema.org","@graph":[{"@type":"WebPage","@id":"https:\/\/www.rimadesio.it\/de\/produkt\/sekretar-self\/","url":"https:\/\/www.rimadesio.it\/de\/produkt\/sekretar-self\/","name":"Sekret\u00e4r Self - Rimadesio","isPartOf":{"@id":"https:\/\/www.rimadesio.it\/de\/#website"},"datePublished":"2022-01-06T15:30:51+00:00","dateModified":"2026-04-15T09:14:21+00:00","description":"Die Kollektion Self umfasst den Sekret\u00e4r, der mit allen f\u00fcr Glas und Struktur vorgesehenen Kombinationen personalisiert werden kann und in den drei","breadcrumb":{"@id":"https:\/\/www.rimadesio.it\/de\/produkt\/sekretar-self\/#breadcrumb"},"inLanguage":"de-DE","potentialAction":[{"@type":"ReadAction","target":["https:\/\/www.rimadesio.it\/de\/produkt\/sekretar-self\/"]}]},{"@type":"BreadcrumbList","@id":"https:\/\/www.rimadesio.it\/de\/produkt\/sekretar-self\/#breadcrumb","itemListElement":[{"@type":"ListItem","position":1,"name":"Homepage","item":"https:\/\/www.rimadesio.it\/de\/"},{"@type":"ListItem","position":2,"name":"Produkte","item":"https:\/\/www.rimadesio.it\/de\/produkt\/"},{"@type":"ListItem","position":3,"name":"Schlafzimmersysteme","item":"https:\/\/www.rimadesio.it\/de\/produktkategorie\/schlafraum\/"},{"@type":"ListItem","position":4,"name":"Beh\u00e4lter","item":"https:\/\/www.rimadesio.it\/de\/produktkategorie\/schlafraum\/behaelter\/"},{"@type":"ListItem","position":5,"name":"Sekret\u00e4r Self"}]},{"@type":"WebSite","@id":"https:\/\/www.rimadesio.it\/de\/#website","url":"https:\/\/www.rimadesio.it\/de\/","name":"Rimadesio","description":"Rimadesio official website","publisher":{"@id":"https:\/\/www.rimadesio.it\/de\/#organization"},"potentialAction":[{"@type":"SearchAction","target":{"@type":"EntryPoint","urlTemplate":"https:\/\/www.rimadesio.it\/de\/?s={search_term_string}"},"query-input":"required name=search_term_string"}],"inLanguage":"de-DE"},{"@type":"Organization","@id":"https:\/\/www.rimadesio.it\/de\/#organization","name":"Rimadesio","url":"https:\/\/www.rimadesio.it\/de\/","logo":{"@type":"ImageObject","inLanguage":"de-DE","@id":"https:\/\/www.rimadesio.it\/de\/#\/schema\/logo\/image\/","url":"https:\/\/static.rimadesio.it\/media\/2021\/08\/Logo.png","contentUrl":"https:\/\/static.rimadesio.it\/media\/2021\/08\/Logo.png","width":102,"height":18,"caption":"Rimadesio"},"image":{"@id":"https:\/\/www.rimadesio.it\/de\/#\/schema\/logo\/image\/"}}]}},"_links":{"self":[{"href":"https:\/\/www.rimadesio.it\/de\/wp-json\/wp\/v2\/product\/148284"}],"collection":[{"href":"https:\/\/www.rimadesio.it\/de\/wp-json\/wp\/v2\/product"}],"about":[{"href":"https:\/\/www.rimadesio.it\/de\/wp-json\/wp\/v2\/types\/product"}],"wp:attachment":[{"href":"https:\/\/www.rimadesio.it\/de\/wp-json\/wp\/v2\/media?parent=148284"}],"wp:term":[{"taxonomy":"product_category","embeddable":true,"href":"https:\/\/www.rimadesio.it\/de\/wp-json\/wp\/v2\/product_category?post=148284"}],"curies":[{"name":"wp","href":"https:\/\/api.w.org\/{rel}","templated":true}]}}