{"id":158943,"date":"2023-03-15T09:43:34","date_gmt":"2023-03-15T08:43:34","guid":{"rendered":"https:\/\/www.rimadesio.it\/?page_id=158943"},"modified":"2023-03-15T09:43:34","modified_gmt":"2023-03-15T08:43:34","slug":"gesundheit-sicherheit-umwelt","status":"publish","type":"page","link":"https:\/\/www.rimadesio.it\/de\/ueber-uns\/gesundheit-sicherheit-umwelt\/","title":{"rendered":"Gesundheit, Sicherheit, Umwelt"},"content":{"rendered":"<p>Neben dem seit langem bestehenden Schwerpunkt auf Umweltfragen engagiert sich das Unternehmen in besonderem Ma\u00dfe f\u00fcr Gesundheit und Sicherheit am Arbeitsplatz. Rimadesio hat sich schon immer f\u00fcr die Schaffung, Aufrechterhaltung und st\u00e4ndige Verbesserung eines gesunden und sicheren Arbeitsumfelds f\u00fcr seine Mitarbeiter und beteiligte Dritte eingesetzt.<\/p>\n","protected":false},"excerpt":{"rendered":"<p>Neben dem seit langem bestehenden Schwerpunkt auf Umweltfragen engagiert sich das Unternehmen in besonderem Ma\u00dfe f\u00fcr Gesundheit und Sicherheit am Arbeitsplatz. Rimadesio hat sich schon immer f\u00fcr die Schaffung, Aufrechterhaltung und st\u00e4ndige Verbesserung eines gesunden und sicheren Arbeitsumfelds f\u00fcr seine Mitarbeiter und beteiligte Dritte eingesetzt.<\/p>\n","protected":false},"author":4,"featured_media":0,"parent":152654,"menu_order":155,"comment_status":"closed","ping_status":"closed","template":"","meta":{"inline_featured_image":false},"acf":[],"yoast_head":"<!-- This site is optimized with the Yoast SEO plugin v20.4 - https:\/\/yoast.com\/wordpress\/plugins\/seo\/ -->\n<title>Gesundheit, Sicherheit, Umwelt - Rimadesio<\/title>\n<meta name=\"description\" content=\"Neben dem seit langem bestehenden Schwerpunkt auf Umweltfragen engagiert sich das Unternehmen in besonderem Ma\u00dfe f\u00fcr Gesundheit und Sicherheit am\" \/>\n<meta name=\"robots\" content=\"index, follow, max-snippet:-1, max-image-preview:large, max-video-preview:-1\" \/>\n<link rel=\"canonical\" href=\"https:\/\/www.rimadesio.it\/de\/ueber-uns\/gesundheit-sicherheit-umwelt\/\" \/>\n<meta property=\"og:locale\" content=\"de_DE\" \/>\n<meta property=\"og:type\" content=\"article\" \/>\n<meta property=\"og:title\" content=\"Gesundheit, Sicherheit, Umwelt - Rimadesio\" \/>\n<meta property=\"og:description\" content=\"Neben dem seit langem bestehenden Schwerpunkt auf Umweltfragen engagiert sich das Unternehmen in besonderem Ma\u00dfe f\u00fcr Gesundheit und Sicherheit am\" \/>\n<meta property=\"og:url\" content=\"https:\/\/www.rimadesio.it\/de\/ueber-uns\/gesundheit-sicherheit-umwelt\/\" \/>\n<meta property=\"og:site_name\" content=\"Rimadesio\" \/>\n<meta name=\"twitter:card\" content=\"summary_large_image\" \/>\n<script type=\"application\/ld+json\" class=\"yoast-schema-graph\">{\"@context\":\"https:\/\/schema.org\",\"@graph\":[{\"@type\":\"WebPage\",\"@id\":\"https:\/\/www.rimadesio.it\/de\/ueber-uns\/gesundheit-sicherheit-umwelt\/\",\"url\":\"https:\/\/www.rimadesio.it\/de\/ueber-uns\/gesundheit-sicherheit-umwelt\/\",\"name\":\"Gesundheit, Sicherheit, Umwelt - Rimadesio\",\"isPartOf\":{\"@id\":\"https:\/\/www.rimadesio.it\/de\/#website\"},\"datePublished\":\"2023-03-15T08:43:34+00:00\",\"dateModified\":\"2023-03-15T08:43:34+00:00\",\"description\":\"Neben dem seit langem bestehenden Schwerpunkt auf Umweltfragen engagiert sich das Unternehmen in besonderem Ma\u00dfe f\u00fcr Gesundheit und Sicherheit am\",\"breadcrumb\":{\"@id\":\"https:\/\/www.rimadesio.it\/de\/ueber-uns\/gesundheit-sicherheit-umwelt\/#breadcrumb\"},\"inLanguage\":\"de-DE\",\"potentialAction\":[{\"@type\":\"ReadAction\",\"target\":[\"https:\/\/www.rimadesio.it\/de\/ueber-uns\/gesundheit-sicherheit-umwelt\/\"]}]},{\"@type\":\"BreadcrumbList\",\"@id\":\"https:\/\/www.rimadesio.it\/de\/ueber-uns\/gesundheit-sicherheit-umwelt\/#breadcrumb\",\"itemListElement\":[{\"@type\":\"ListItem\",\"position\":1,\"name\":\"Homepage\",\"item\":\"https:\/\/www.rimadesio.it\/de\/\"},{\"@type\":\"ListItem\",\"position\":2,\"name\":\"\u00dcber uns\",\"item\":\"https:\/\/www.rimadesio.it\/de\/ueber-uns\/\"},{\"@type\":\"ListItem\",\"position\":3,\"name\":\"Gesundheit, Sicherheit, Umwelt\"}]},{\"@type\":\"WebSite\",\"@id\":\"https:\/\/www.rimadesio.it\/de\/#website\",\"url\":\"https:\/\/www.rimadesio.it\/de\/\",\"name\":\"Rimadesio\",\"description\":\"Rimadesio official website\",\"publisher\":{\"@id\":\"https:\/\/www.rimadesio.it\/de\/#organization\"},\"potentialAction\":[{\"@type\":\"SearchAction\",\"target\":{\"@type\":\"EntryPoint\",\"urlTemplate\":\"https:\/\/www.rimadesio.it\/de\/?s={search_term_string}\"},\"query-input\":\"required name=search_term_string\"}],\"inLanguage\":\"de-DE\"},{\"@type\":\"Organization\",\"@id\":\"https:\/\/www.rimadesio.it\/de\/#organization\",\"name\":\"Rimadesio\",\"url\":\"https:\/\/www.rimadesio.it\/de\/\",\"logo\":{\"@type\":\"ImageObject\",\"inLanguage\":\"de-DE\",\"@id\":\"https:\/\/www.rimadesio.it\/de\/#\/schema\/logo\/image\/\",\"url\":\"https:\/\/static.rimadesio.it\/media\/2021\/08\/Logo.png\",\"contentUrl\":\"https:\/\/static.rimadesio.it\/media\/2021\/08\/Logo.png\",\"width\":102,\"height\":18,\"caption\":\"Rimadesio\"},\"image\":{\"@id\":\"https:\/\/www.rimadesio.it\/de\/#\/schema\/logo\/image\/\"}}]}<\/script>\n<!-- \/ Yoast SEO plugin. -->","yoast_head_json":{"title":"Gesundheit, Sicherheit, Umwelt - Rimadesio","description":"Neben dem seit langem bestehenden Schwerpunkt auf Umweltfragen engagiert sich das Unternehmen in besonderem Ma\u00dfe f\u00fcr Gesundheit und Sicherheit am","robots":{"index":"index","follow":"follow","max-snippet":"max-snippet:-1","max-image-preview":"max-image-preview:large","max-video-preview":"max-video-preview:-1"},"canonical":"https:\/\/www.rimadesio.it\/de\/ueber-uns\/gesundheit-sicherheit-umwelt\/","og_locale":"de_DE","og_type":"article","og_title":"Gesundheit, Sicherheit, Umwelt - Rimadesio","og_description":"Neben dem seit langem bestehenden Schwerpunkt auf Umweltfragen engagiert sich das Unternehmen in besonderem Ma\u00dfe f\u00fcr Gesundheit und Sicherheit am","og_url":"https:\/\/www.rimadesio.it\/de\/ueber-uns\/gesundheit-sicherheit-umwelt\/","og_site_name":"Rimadesio","twitter_card":"summary_large_image","schema":{"@context":"https:\/\/schema.org","@graph":[{"@type":"WebPage","@id":"https:\/\/www.rimadesio.it\/de\/ueber-uns\/gesundheit-sicherheit-umwelt\/","url":"https:\/\/www.rimadesio.it\/de\/ueber-uns\/gesundheit-sicherheit-umwelt\/","name":"Gesundheit, Sicherheit, Umwelt - Rimadesio","isPartOf":{"@id":"https:\/\/www.rimadesio.it\/de\/#website"},"datePublished":"2023-03-15T08:43:34+00:00","dateModified":"2023-03-15T08:43:34+00:00","description":"Neben dem seit langem bestehenden Schwerpunkt auf Umweltfragen engagiert sich das Unternehmen in besonderem Ma\u00dfe f\u00fcr Gesundheit und Sicherheit am","breadcrumb":{"@id":"https:\/\/www.rimadesio.it\/de\/ueber-uns\/gesundheit-sicherheit-umwelt\/#breadcrumb"},"inLanguage":"de-DE","potentialAction":[{"@type":"ReadAction","target":["https:\/\/www.rimadesio.it\/de\/ueber-uns\/gesundheit-sicherheit-umwelt\/"]}]},{"@type":"BreadcrumbList","@id":"https:\/\/www.rimadesio.it\/de\/ueber-uns\/gesundheit-sicherheit-umwelt\/#breadcrumb","itemListElement":[{"@type":"ListItem","position":1,"name":"Homepage","item":"https:\/\/www.rimadesio.it\/de\/"},{"@type":"ListItem","position":2,"name":"\u00dcber uns","item":"https:\/\/www.rimadesio.it\/de\/ueber-uns\/"},{"@type":"ListItem","position":3,"name":"Gesundheit, Sicherheit, Umwelt"}]},{"@type":"WebSite","@id":"https:\/\/www.rimadesio.it\/de\/#website","url":"https:\/\/www.rimadesio.it\/de\/","name":"Rimadesio","description":"Rimadesio official website","publisher":{"@id":"https:\/\/www.rimadesio.it\/de\/#organization"},"potentialAction":[{"@type":"SearchAction","target":{"@type":"EntryPoint","urlTemplate":"https:\/\/www.rimadesio.it\/de\/?s={search_term_string}"},"query-input":"required name=search_term_string"}],"inLanguage":"de-DE"},{"@type":"Organization","@id":"https:\/\/www.rimadesio.it\/de\/#organization","name":"Rimadesio","url":"https:\/\/www.rimadesio.it\/de\/","logo":{"@type":"ImageObject","inLanguage":"de-DE","@id":"https:\/\/www.rimadesio.it\/de\/#\/schema\/logo\/image\/","url":"https:\/\/static.rimadesio.it\/media\/2021\/08\/Logo.png","contentUrl":"https:\/\/static.rimadesio.it\/media\/2021\/08\/Logo.png","width":102,"height":18,"caption":"Rimadesio"},"image":{"@id":"https:\/\/www.rimadesio.it\/de\/#\/schema\/logo\/image\/"}}]}},"_links":{"self":[{"href":"https:\/\/www.rimadesio.it\/de\/wp-json\/wp\/v2\/pages\/158943"}],"collection":[{"href":"https:\/\/www.rimadesio.it\/de\/wp-json\/wp\/v2\/pages"}],"about":[{"href":"https:\/\/www.rimadesio.it\/de\/wp-json\/wp\/v2\/types\/page"}],"author":[{"embeddable":true,"href":"https:\/\/www.rimadesio.it\/de\/wp-json\/wp\/v2\/users\/4"}],"replies":[{"embeddable":true,"href":"https:\/\/www.rimadesio.it\/de\/wp-json\/wp\/v2\/comments?post=158943"}],"version-history":[{"count":1,"href":"https:\/\/www.rimadesio.it\/de\/wp-json\/wp\/v2\/pages\/158943\/revisions"}],"predecessor-version":[{"id":158947,"href":"https:\/\/www.rimadesio.it\/de\/wp-json\/wp\/v2\/pages\/158943\/revisions\/158947"}],"up":[{"embeddable":true,"href":"https:\/\/www.rimadesio.it\/de\/wp-json\/wp\/v2\/pages\/152654"}],"wp:attachment":[{"href":"https:\/\/www.rimadesio.it\/de\/wp-json\/wp\/v2\/media?parent=158943"}],"curies":[{"name":"wp","href":"https:\/\/api.w.org\/{rel}","templated":true}]}}