{"id":152654,"date":"2022-02-16T20:48:41","date_gmt":"2022-02-16T19:48:41","guid":{"rendered":"https:\/\/www.rimadesio.it\/ueber-uns\/"},"modified":"2024-11-15T16:30:53","modified_gmt":"2024-11-15T15:30:53","slug":"ueber-uns","status":"publish","type":"page","link":"https:\/\/www.rimadesio.it\/de\/ueber-uns\/","title":{"rendered":"\u00dcber uns"},"content":{"rendered":"<p>Rimadesio produziert Systeme zur Raumaufteilung und zur architektonischen Definition von Innenr\u00e4umen. Im Sortiment befinden sich T\u00fcren, Schiebet\u00fcren, B\u00fccherregale und modulare Systeme f\u00fcr den Wohnbereich, begehbare Kleiderschr\u00e4nke und eine Accessoire-Kollektion. Seine Gesamtkollektion wird st\u00e4ndig erweitert und stilistisch weiterentwickelt und seine Projekte zeichnen sich durch Konkretheit aus, bei denen die Einfachheit des Konzepts durch au\u00dfergew\u00f6hnliches technisches Know-how ausgearbeitet wird. Das Ziel von Rimadesio ist es, seine eigene Designkultur und Produktionstechnologie weiterzuentwickeln, funktional innovative Vorschl\u00e4ge anzubieten, die in der Lage sind, im Laufe der Zeit maximale Zuverl\u00e4ssigkeit zu gew\u00e4hrleisten.<\/p>\n","protected":false},"excerpt":{"rendered":"<p>Rimadesio produziert Systeme zur Raumaufteilung und zur architektonischen Definition von Innenr\u00e4umen. Im Sortiment befinden sich T\u00fcren, Schiebet\u00fcren, B\u00fccherregale und modulare Systeme f\u00fcr den Wohnbereich, begehbare Kleiderschr\u00e4nke und eine Accessoire-Kollektion. Seine Gesamtkollektion wird st\u00e4ndig erweitert und stilistisch weiterentwickelt und seine Projekte zeichnen sich durch Konkretheit aus, bei denen die Einfachheit des Konzepts durch au\u00dfergew\u00f6hnliches technisches Know-how &hellip; <a href=\"https:\/\/www.rimadesio.it\/de\/ueber-uns\/\">Mehr<\/a><\/p>\n","protected":false},"author":65156,"featured_media":0,"parent":0,"menu_order":257,"comment_status":"closed","ping_status":"closed","template":"","meta":{"inline_featured_image":false},"acf":[],"yoast_head":"<!-- This site is optimized with the Yoast SEO plugin v20.4 - https:\/\/yoast.com\/wordpress\/plugins\/seo\/ -->\n<title>\u00dcber uns - Rimadesio<\/title>\n<meta name=\"description\" content=\"Rimadesio produziert Systeme zur Raumaufteilung und zur architektonischen Definition von Innenr\u00e4umen. Im Sortiment befinden sich T\u00fcren, Schiebet\u00fcren,\" \/>\n<meta name=\"robots\" content=\"index, follow, max-snippet:-1, max-image-preview:large, max-video-preview:-1\" \/>\n<link rel=\"canonical\" href=\"https:\/\/www.rimadesio.it\/de\/ueber-uns\/\" \/>\n<meta property=\"og:locale\" content=\"de_DE\" \/>\n<meta property=\"og:type\" content=\"article\" \/>\n<meta property=\"og:title\" content=\"\u00dcber uns - Rimadesio\" \/>\n<meta property=\"og:description\" content=\"Rimadesio produziert Systeme zur Raumaufteilung und zur architektonischen Definition von Innenr\u00e4umen. Im Sortiment befinden sich T\u00fcren, Schiebet\u00fcren,\" \/>\n<meta property=\"og:url\" content=\"https:\/\/www.rimadesio.it\/de\/ueber-uns\/\" \/>\n<meta property=\"og:site_name\" content=\"Rimadesio\" \/>\n<meta property=\"article:modified_time\" content=\"2024-11-15T15:30:53+00:00\" \/>\n<meta name=\"twitter:card\" content=\"summary_large_image\" \/>\n<script type=\"application\/ld+json\" class=\"yoast-schema-graph\">{\"@context\":\"https:\/\/schema.org\",\"@graph\":[{\"@type\":\"WebPage\",\"@id\":\"https:\/\/www.rimadesio.it\/de\/ueber-uns\/\",\"url\":\"https:\/\/www.rimadesio.it\/de\/ueber-uns\/\",\"name\":\"\u00dcber uns - Rimadesio\",\"isPartOf\":{\"@id\":\"https:\/\/www.rimadesio.it\/de\/#website\"},\"datePublished\":\"2022-02-16T19:48:41+00:00\",\"dateModified\":\"2024-11-15T15:30:53+00:00\",\"description\":\"Rimadesio produziert Systeme zur Raumaufteilung und zur architektonischen Definition von Innenr\u00e4umen. Im Sortiment befinden sich T\u00fcren, Schiebet\u00fcren,\",\"breadcrumb\":{\"@id\":\"https:\/\/www.rimadesio.it\/de\/ueber-uns\/#breadcrumb\"},\"inLanguage\":\"de-DE\",\"potentialAction\":[{\"@type\":\"ReadAction\",\"target\":[\"https:\/\/www.rimadesio.it\/de\/ueber-uns\/\"]}]},{\"@type\":\"BreadcrumbList\",\"@id\":\"https:\/\/www.rimadesio.it\/de\/ueber-uns\/#breadcrumb\",\"itemListElement\":[{\"@type\":\"ListItem\",\"position\":1,\"name\":\"Homepage\",\"item\":\"https:\/\/www.rimadesio.it\/de\/\"},{\"@type\":\"ListItem\",\"position\":2,\"name\":\"\u00dcber uns\"}]},{\"@type\":\"WebSite\",\"@id\":\"https:\/\/www.rimadesio.it\/de\/#website\",\"url\":\"https:\/\/www.rimadesio.it\/de\/\",\"name\":\"Rimadesio\",\"description\":\"Rimadesio official website\",\"publisher\":{\"@id\":\"https:\/\/www.rimadesio.it\/de\/#organization\"},\"potentialAction\":[{\"@type\":\"SearchAction\",\"target\":{\"@type\":\"EntryPoint\",\"urlTemplate\":\"https:\/\/www.rimadesio.it\/de\/?s={search_term_string}\"},\"query-input\":\"required name=search_term_string\"}],\"inLanguage\":\"de-DE\"},{\"@type\":\"Organization\",\"@id\":\"https:\/\/www.rimadesio.it\/de\/#organization\",\"name\":\"Rimadesio\",\"url\":\"https:\/\/www.rimadesio.it\/de\/\",\"logo\":{\"@type\":\"ImageObject\",\"inLanguage\":\"de-DE\",\"@id\":\"https:\/\/www.rimadesio.it\/de\/#\/schema\/logo\/image\/\",\"url\":\"https:\/\/static.rimadesio.it\/media\/2021\/08\/Logo.png\",\"contentUrl\":\"https:\/\/static.rimadesio.it\/media\/2021\/08\/Logo.png\",\"width\":102,\"height\":18,\"caption\":\"Rimadesio\"},\"image\":{\"@id\":\"https:\/\/www.rimadesio.it\/de\/#\/schema\/logo\/image\/\"}}]}<\/script>\n<!-- \/ Yoast SEO plugin. -->","yoast_head_json":{"title":"\u00dcber uns - Rimadesio","description":"Rimadesio produziert Systeme zur Raumaufteilung und zur architektonischen Definition von Innenr\u00e4umen. Im Sortiment befinden sich T\u00fcren, Schiebet\u00fcren,","robots":{"index":"index","follow":"follow","max-snippet":"max-snippet:-1","max-image-preview":"max-image-preview:large","max-video-preview":"max-video-preview:-1"},"canonical":"https:\/\/www.rimadesio.it\/de\/ueber-uns\/","og_locale":"de_DE","og_type":"article","og_title":"\u00dcber uns - Rimadesio","og_description":"Rimadesio produziert Systeme zur Raumaufteilung und zur architektonischen Definition von Innenr\u00e4umen. Im Sortiment befinden sich T\u00fcren, Schiebet\u00fcren,","og_url":"https:\/\/www.rimadesio.it\/de\/ueber-uns\/","og_site_name":"Rimadesio","article_modified_time":"2024-11-15T15:30:53+00:00","twitter_card":"summary_large_image","schema":{"@context":"https:\/\/schema.org","@graph":[{"@type":"WebPage","@id":"https:\/\/www.rimadesio.it\/de\/ueber-uns\/","url":"https:\/\/www.rimadesio.it\/de\/ueber-uns\/","name":"\u00dcber uns - Rimadesio","isPartOf":{"@id":"https:\/\/www.rimadesio.it\/de\/#website"},"datePublished":"2022-02-16T19:48:41+00:00","dateModified":"2024-11-15T15:30:53+00:00","description":"Rimadesio produziert Systeme zur Raumaufteilung und zur architektonischen Definition von Innenr\u00e4umen. Im Sortiment befinden sich T\u00fcren, Schiebet\u00fcren,","breadcrumb":{"@id":"https:\/\/www.rimadesio.it\/de\/ueber-uns\/#breadcrumb"},"inLanguage":"de-DE","potentialAction":[{"@type":"ReadAction","target":["https:\/\/www.rimadesio.it\/de\/ueber-uns\/"]}]},{"@type":"BreadcrumbList","@id":"https:\/\/www.rimadesio.it\/de\/ueber-uns\/#breadcrumb","itemListElement":[{"@type":"ListItem","position":1,"name":"Homepage","item":"https:\/\/www.rimadesio.it\/de\/"},{"@type":"ListItem","position":2,"name":"\u00dcber uns"}]},{"@type":"WebSite","@id":"https:\/\/www.rimadesio.it\/de\/#website","url":"https:\/\/www.rimadesio.it\/de\/","name":"Rimadesio","description":"Rimadesio official website","publisher":{"@id":"https:\/\/www.rimadesio.it\/de\/#organization"},"potentialAction":[{"@type":"SearchAction","target":{"@type":"EntryPoint","urlTemplate":"https:\/\/www.rimadesio.it\/de\/?s={search_term_string}"},"query-input":"required name=search_term_string"}],"inLanguage":"de-DE"},{"@type":"Organization","@id":"https:\/\/www.rimadesio.it\/de\/#organization","name":"Rimadesio","url":"https:\/\/www.rimadesio.it\/de\/","logo":{"@type":"ImageObject","inLanguage":"de-DE","@id":"https:\/\/www.rimadesio.it\/de\/#\/schema\/logo\/image\/","url":"https:\/\/static.rimadesio.it\/media\/2021\/08\/Logo.png","contentUrl":"https:\/\/static.rimadesio.it\/media\/2021\/08\/Logo.png","width":102,"height":18,"caption":"Rimadesio"},"image":{"@id":"https:\/\/www.rimadesio.it\/de\/#\/schema\/logo\/image\/"}}]}},"_links":{"self":[{"href":"https:\/\/www.rimadesio.it\/de\/wp-json\/wp\/v2\/pages\/152654"}],"collection":[{"href":"https:\/\/www.rimadesio.it\/de\/wp-json\/wp\/v2\/pages"}],"about":[{"href":"https:\/\/www.rimadesio.it\/de\/wp-json\/wp\/v2\/types\/page"}],"author":[{"embeddable":true,"href":"https:\/\/www.rimadesio.it\/de\/wp-json\/wp\/v2\/users\/65156"}],"replies":[{"embeddable":true,"href":"https:\/\/www.rimadesio.it\/de\/wp-json\/wp\/v2\/comments?post=152654"}],"version-history":[{"count":5,"href":"https:\/\/www.rimadesio.it\/de\/wp-json\/wp\/v2\/pages\/152654\/revisions"}],"predecessor-version":[{"id":167025,"href":"https:\/\/www.rimadesio.it\/de\/wp-json\/wp\/v2\/pages\/152654\/revisions\/167025"}],"wp:attachment":[{"href":"https:\/\/www.rimadesio.it\/de\/wp-json\/wp\/v2\/media?parent=152654"}],"curies":[{"name":"wp","href":"https:\/\/api.w.org\/{rel}","templated":true}]}}