{"id":151203,"date":"2022-01-09T19:46:08","date_gmt":"2022-01-09T18:46:08","guid":{"rendered":"https:\/\/www.rimadesio.it\/umweltschutzprojekt\/"},"modified":"2022-06-08T11:46:13","modified_gmt":"2022-06-08T09:46:13","slug":"umweltschutzprojekt","status":"publish","type":"page","link":"https:\/\/www.rimadesio.it\/de\/ueber-uns\/umweltschutzprojekt\/","title":{"rendered":"Umweltschutzprojekt"},"content":{"rendered":"<p>Die Aufmerksamkeit f\u00fcr die Umwelt und den Menschen ist seit jeher in der DNA von Rimadesio verankert: von der Erzeugung von Sonnenenergie \u00fcber Photovoltaik-Paneele bis hin zur Umwandlung des Firmenparkplates in Elektrizit\u00e4t; von der Verarbeitung von 100% recycelbaren Materialien wie Aluminium und Glas \u00fcber die ausschlie\u00dfliche Verwendung wasserl\u00f6slicher Lacke bis hin zum vollst\u00e4ndigen Verzicht auf Styropor, ersetzt durch Recyclingkarton und wiederum vollst\u00e4ndig recycelbar. Die Herausforderung von Rimadesio basiert auf Forschung, Innovation und wachsenden Investitionen: ein konkretes und greifbares Engagement, das sich in pr\u00e4zisen Daten zusammenfassen l\u00e4sst.<\/p>\n","protected":false},"excerpt":{"rendered":"<p>Die Aufmerksamkeit f\u00fcr die Umwelt und den Menschen ist seit jeher in der DNA von Rimadesio verankert: von der Erzeugung von Sonnenenergie \u00fcber Photovoltaik-Paneele bis hin zur Umwandlung des Firmenparkplates in Elektrizit\u00e4t; von der Verarbeitung von 100% recycelbaren Materialien wie Aluminium und Glas \u00fcber die ausschlie\u00dfliche Verwendung wasserl\u00f6slicher Lacke bis hin zum vollst\u00e4ndigen Verzicht auf &hellip; <a href=\"https:\/\/www.rimadesio.it\/de\/ueber-uns\/umweltschutzprojekt\/\">Mehr<\/a><\/p>\n","protected":false},"author":65156,"featured_media":21111,"parent":152654,"menu_order":279,"comment_status":"closed","ping_status":"closed","template":"template-sustainability.php","meta":{"inline_featured_image":false},"acf":[],"yoast_head":"<!-- This site is optimized with the Yoast SEO plugin v20.4 - https:\/\/yoast.com\/wordpress\/plugins\/seo\/ -->\n<title>Umweltschutzprojekt - Rimadesio<\/title>\n<meta name=\"description\" content=\"Die Aufmerksamkeit f\u00fcr die Umwelt und den Menschen ist seit jeher in der DNA von Rimadesio verankert: von der Erzeugung von Sonnenenergie \u00fcber\" \/>\n<meta name=\"robots\" content=\"index, follow, max-snippet:-1, max-image-preview:large, max-video-preview:-1\" \/>\n<link rel=\"canonical\" href=\"https:\/\/www.rimadesio.it\/de\/ueber-uns\/umweltschutzprojekt\/\" \/>\n<meta property=\"og:locale\" content=\"de_DE\" \/>\n<meta property=\"og:type\" content=\"article\" \/>\n<meta property=\"og:title\" content=\"Umweltschutzprojekt - Rimadesio\" \/>\n<meta property=\"og:description\" content=\"Die Aufmerksamkeit f\u00fcr die Umwelt und den Menschen ist seit jeher in der DNA von Rimadesio verankert: von der Erzeugung von Sonnenenergie \u00fcber\" \/>\n<meta property=\"og:url\" content=\"https:\/\/www.rimadesio.it\/de\/ueber-uns\/umweltschutzprojekt\/\" \/>\n<meta property=\"og:site_name\" content=\"Rimadesio\" \/>\n<meta property=\"article:modified_time\" content=\"2022-06-08T09:46:13+00:00\" \/>\n<meta property=\"og:image\" content=\"https:\/\/static.rimadesio.it\/media\/2021\/08\/3-rimadesio-sostenibilita.jpg\" \/>\n\t<meta property=\"og:image:width\" content=\"1920\" \/>\n\t<meta property=\"og:image:height\" content=\"1280\" \/>\n\t<meta property=\"og:image:type\" content=\"image\/jpeg\" \/>\n<meta name=\"twitter:card\" content=\"summary_large_image\" \/>\n<script type=\"application\/ld+json\" class=\"yoast-schema-graph\">{\"@context\":\"https:\/\/schema.org\",\"@graph\":[{\"@type\":\"WebPage\",\"@id\":\"https:\/\/www.rimadesio.it\/de\/ueber-uns\/umweltschutzprojekt\/\",\"url\":\"https:\/\/www.rimadesio.it\/de\/ueber-uns\/umweltschutzprojekt\/\",\"name\":\"Umweltschutzprojekt - Rimadesio\",\"isPartOf\":{\"@id\":\"https:\/\/www.rimadesio.it\/de\/#website\"},\"datePublished\":\"2022-01-09T18:46:08+00:00\",\"dateModified\":\"2022-06-08T09:46:13+00:00\",\"description\":\"Die Aufmerksamkeit f\u00fcr die Umwelt und den Menschen ist seit jeher in der DNA von Rimadesio verankert: von der Erzeugung von Sonnenenergie \u00fcber\",\"breadcrumb\":{\"@id\":\"https:\/\/www.rimadesio.it\/de\/ueber-uns\/umweltschutzprojekt\/#breadcrumb\"},\"inLanguage\":\"de-DE\",\"potentialAction\":[{\"@type\":\"ReadAction\",\"target\":[\"https:\/\/www.rimadesio.it\/de\/ueber-uns\/umweltschutzprojekt\/\"]}]},{\"@type\":\"BreadcrumbList\",\"@id\":\"https:\/\/www.rimadesio.it\/de\/ueber-uns\/umweltschutzprojekt\/#breadcrumb\",\"itemListElement\":[{\"@type\":\"ListItem\",\"position\":1,\"name\":\"Homepage\",\"item\":\"https:\/\/www.rimadesio.it\/de\/\"},{\"@type\":\"ListItem\",\"position\":2,\"name\":\"\u00dcber uns\",\"item\":\"https:\/\/www.rimadesio.it\/de\/ueber-uns\/\"},{\"@type\":\"ListItem\",\"position\":3,\"name\":\"Umweltschutzprojekt\"}]},{\"@type\":\"WebSite\",\"@id\":\"https:\/\/www.rimadesio.it\/de\/#website\",\"url\":\"https:\/\/www.rimadesio.it\/de\/\",\"name\":\"Rimadesio\",\"description\":\"Rimadesio official website\",\"publisher\":{\"@id\":\"https:\/\/www.rimadesio.it\/de\/#organization\"},\"potentialAction\":[{\"@type\":\"SearchAction\",\"target\":{\"@type\":\"EntryPoint\",\"urlTemplate\":\"https:\/\/www.rimadesio.it\/de\/?s={search_term_string}\"},\"query-input\":\"required name=search_term_string\"}],\"inLanguage\":\"de-DE\"},{\"@type\":\"Organization\",\"@id\":\"https:\/\/www.rimadesio.it\/de\/#organization\",\"name\":\"Rimadesio\",\"url\":\"https:\/\/www.rimadesio.it\/de\/\",\"logo\":{\"@type\":\"ImageObject\",\"inLanguage\":\"de-DE\",\"@id\":\"https:\/\/www.rimadesio.it\/de\/#\/schema\/logo\/image\/\",\"url\":\"https:\/\/static.rimadesio.it\/media\/2021\/08\/Logo.png\",\"contentUrl\":\"https:\/\/static.rimadesio.it\/media\/2021\/08\/Logo.png\",\"width\":102,\"height\":18,\"caption\":\"Rimadesio\"},\"image\":{\"@id\":\"https:\/\/www.rimadesio.it\/de\/#\/schema\/logo\/image\/\"}}]}<\/script>\n<!-- \/ Yoast SEO plugin. -->","yoast_head_json":{"title":"Umweltschutzprojekt - Rimadesio","description":"Die Aufmerksamkeit f\u00fcr die Umwelt und den Menschen ist seit jeher in der DNA von Rimadesio verankert: von der Erzeugung von Sonnenenergie \u00fcber","robots":{"index":"index","follow":"follow","max-snippet":"max-snippet:-1","max-image-preview":"max-image-preview:large","max-video-preview":"max-video-preview:-1"},"canonical":"https:\/\/www.rimadesio.it\/de\/ueber-uns\/umweltschutzprojekt\/","og_locale":"de_DE","og_type":"article","og_title":"Umweltschutzprojekt - Rimadesio","og_description":"Die Aufmerksamkeit f\u00fcr die Umwelt und den Menschen ist seit jeher in der DNA von Rimadesio verankert: von der Erzeugung von Sonnenenergie \u00fcber","og_url":"https:\/\/www.rimadesio.it\/de\/ueber-uns\/umweltschutzprojekt\/","og_site_name":"Rimadesio","article_modified_time":"2022-06-08T09:46:13+00:00","og_image":[{"width":1920,"height":1280,"url":"https:\/\/static.rimadesio.it\/media\/2021\/08\/3-rimadesio-sostenibilita.jpg","type":"image\/jpeg"}],"twitter_card":"summary_large_image","schema":{"@context":"https:\/\/schema.org","@graph":[{"@type":"WebPage","@id":"https:\/\/www.rimadesio.it\/de\/ueber-uns\/umweltschutzprojekt\/","url":"https:\/\/www.rimadesio.it\/de\/ueber-uns\/umweltschutzprojekt\/","name":"Umweltschutzprojekt - Rimadesio","isPartOf":{"@id":"https:\/\/www.rimadesio.it\/de\/#website"},"datePublished":"2022-01-09T18:46:08+00:00","dateModified":"2022-06-08T09:46:13+00:00","description":"Die Aufmerksamkeit f\u00fcr die Umwelt und den Menschen ist seit jeher in der DNA von Rimadesio verankert: von der Erzeugung von Sonnenenergie \u00fcber","breadcrumb":{"@id":"https:\/\/www.rimadesio.it\/de\/ueber-uns\/umweltschutzprojekt\/#breadcrumb"},"inLanguage":"de-DE","potentialAction":[{"@type":"ReadAction","target":["https:\/\/www.rimadesio.it\/de\/ueber-uns\/umweltschutzprojekt\/"]}]},{"@type":"BreadcrumbList","@id":"https:\/\/www.rimadesio.it\/de\/ueber-uns\/umweltschutzprojekt\/#breadcrumb","itemListElement":[{"@type":"ListItem","position":1,"name":"Homepage","item":"https:\/\/www.rimadesio.it\/de\/"},{"@type":"ListItem","position":2,"name":"\u00dcber uns","item":"https:\/\/www.rimadesio.it\/de\/ueber-uns\/"},{"@type":"ListItem","position":3,"name":"Umweltschutzprojekt"}]},{"@type":"WebSite","@id":"https:\/\/www.rimadesio.it\/de\/#website","url":"https:\/\/www.rimadesio.it\/de\/","name":"Rimadesio","description":"Rimadesio official website","publisher":{"@id":"https:\/\/www.rimadesio.it\/de\/#organization"},"potentialAction":[{"@type":"SearchAction","target":{"@type":"EntryPoint","urlTemplate":"https:\/\/www.rimadesio.it\/de\/?s={search_term_string}"},"query-input":"required name=search_term_string"}],"inLanguage":"de-DE"},{"@type":"Organization","@id":"https:\/\/www.rimadesio.it\/de\/#organization","name":"Rimadesio","url":"https:\/\/www.rimadesio.it\/de\/","logo":{"@type":"ImageObject","inLanguage":"de-DE","@id":"https:\/\/www.rimadesio.it\/de\/#\/schema\/logo\/image\/","url":"https:\/\/static.rimadesio.it\/media\/2021\/08\/Logo.png","contentUrl":"https:\/\/static.rimadesio.it\/media\/2021\/08\/Logo.png","width":102,"height":18,"caption":"Rimadesio"},"image":{"@id":"https:\/\/www.rimadesio.it\/de\/#\/schema\/logo\/image\/"}}]}},"_links":{"self":[{"href":"https:\/\/www.rimadesio.it\/de\/wp-json\/wp\/v2\/pages\/151203"}],"collection":[{"href":"https:\/\/www.rimadesio.it\/de\/wp-json\/wp\/v2\/pages"}],"about":[{"href":"https:\/\/www.rimadesio.it\/de\/wp-json\/wp\/v2\/types\/page"}],"author":[{"embeddable":true,"href":"https:\/\/www.rimadesio.it\/de\/wp-json\/wp\/v2\/users\/65156"}],"replies":[{"embeddable":true,"href":"https:\/\/www.rimadesio.it\/de\/wp-json\/wp\/v2\/comments?post=151203"}],"version-history":[{"count":3,"href":"https:\/\/www.rimadesio.it\/de\/wp-json\/wp\/v2\/pages\/151203\/revisions"}],"predecessor-version":[{"id":157372,"href":"https:\/\/www.rimadesio.it\/de\/wp-json\/wp\/v2\/pages\/151203\/revisions\/157372"}],"up":[{"embeddable":true,"href":"https:\/\/www.rimadesio.it\/de\/wp-json\/wp\/v2\/pages\/152654"}],"wp:featuredmedia":[{"embeddable":true,"href":"https:\/\/www.rimadesio.it\/de\/wp-json\/wp\/v2\/media\/21111"}],"wp:attachment":[{"href":"https:\/\/www.rimadesio.it\/de\/wp-json\/wp\/v2\/media?parent=151203"}],"curies":[{"name":"wp","href":"https:\/\/api.w.org\/{rel}","templated":true}]}}