{"id":150740,"date":"2022-01-09T16:54:08","date_gmt":"2022-01-09T15:54:08","guid":{"rendered":"https:\/\/www.rimadesio.it\/firmenverantwortung\/"},"modified":"2022-01-09T16:54:08","modified_gmt":"2022-01-09T15:54:08","slug":"firmenverantwortung","status":"publish","type":"page","link":"https:\/\/www.rimadesio.it\/de\/firmenverantwortung\/","title":{"rendered":"Firmenverantwortung"},"content":{"rendered":"<p>In dem durch das Gesetzesdekret 231\/2001 definierten neuen Regulierungsrahmen, der das Konzept der Verwaltungsverantwortung des Unternehmens festlegt, hat der Verwaltungsrat von Rimadesio das Governance- und Kontrollhandbuch genehmigt, das den Verhaltenskodex und die interne Organisationsdisziplin des Unternehmens enth\u00e4lt. Mit der Verabschiedung des Verhaltenskodex best\u00e4tigt Rimadesio als inspirierenden Grundsatz im Rahmen seiner T\u00e4tigkeit die Einhaltung der Gesetze und aller italienischen und ausl\u00e4ndischen Vorschriften im Rahmen von Integrit\u00e4t und Fairness. Der Kodex legt die ethischen Werte fest, die sowohl vom Unternehmen Rimadesio bei seinen strategischen Entscheidungen als auch von allen Mitarbeitern in ihrer individuellen Verantwortung geteilt werden.<\/p>\n","protected":false},"excerpt":{"rendered":"<p>In dem durch das Gesetzesdekret 231\/2001 definierten neuen Regulierungsrahmen, der das Konzept der Verwaltungsverantwortung des Unternehmens festlegt, hat der Verwaltungsrat von Rimadesio das Governance- und Kontrollhandbuch genehmigt, das den Verhaltenskodex und die interne Organisationsdisziplin des Unternehmens enth\u00e4lt. Mit der Verabschiedung des Verhaltenskodex best\u00e4tigt Rimadesio als inspirierenden Grundsatz im Rahmen seiner T\u00e4tigkeit die Einhaltung der Gesetze &hellip; <a href=\"https:\/\/www.rimadesio.it\/de\/firmenverantwortung\/\">Mehr<\/a><\/p>\n","protected":false},"author":64297,"featured_media":0,"parent":0,"menu_order":287,"comment_status":"closed","ping_status":"closed","template":"","meta":{"inline_featured_image":false},"acf":[],"yoast_head":"<!-- This site is optimized with the Yoast SEO plugin v20.4 - https:\/\/yoast.com\/wordpress\/plugins\/seo\/ -->\n<title>Firmenverantwortung - Rimadesio<\/title>\n<meta name=\"description\" content=\"In dem durch das Gesetzesdekret 231\/2001 definierten neuen Regulierungsrahmen, der das Konzept der Verwaltungsverantwortung des Unternehmens festlegt, hat\" \/>\n<meta name=\"robots\" content=\"index, follow, max-snippet:-1, max-image-preview:large, max-video-preview:-1\" \/>\n<link rel=\"canonical\" href=\"https:\/\/www.rimadesio.it\/de\/firmenverantwortung\/\" \/>\n<meta property=\"og:locale\" content=\"de_DE\" \/>\n<meta property=\"og:type\" content=\"article\" \/>\n<meta property=\"og:title\" content=\"Firmenverantwortung - Rimadesio\" \/>\n<meta property=\"og:description\" content=\"In dem durch das Gesetzesdekret 231\/2001 definierten neuen Regulierungsrahmen, der das Konzept der Verwaltungsverantwortung des Unternehmens festlegt, hat\" \/>\n<meta property=\"og:url\" content=\"https:\/\/www.rimadesio.it\/de\/firmenverantwortung\/\" \/>\n<meta property=\"og:site_name\" content=\"Rimadesio\" \/>\n<meta name=\"twitter:card\" content=\"summary_large_image\" \/>\n<script type=\"application\/ld+json\" class=\"yoast-schema-graph\">{\"@context\":\"https:\/\/schema.org\",\"@graph\":[{\"@type\":\"WebPage\",\"@id\":\"https:\/\/www.rimadesio.it\/de\/firmenverantwortung\/\",\"url\":\"https:\/\/www.rimadesio.it\/de\/firmenverantwortung\/\",\"name\":\"Firmenverantwortung - Rimadesio\",\"isPartOf\":{\"@id\":\"https:\/\/www.rimadesio.it\/de\/#website\"},\"datePublished\":\"2022-01-09T15:54:08+00:00\",\"dateModified\":\"2022-01-09T15:54:08+00:00\",\"description\":\"In dem durch das Gesetzesdekret 231\/2001 definierten neuen Regulierungsrahmen, der das Konzept der Verwaltungsverantwortung des Unternehmens festlegt, hat\",\"breadcrumb\":{\"@id\":\"https:\/\/www.rimadesio.it\/de\/firmenverantwortung\/#breadcrumb\"},\"inLanguage\":\"de-DE\",\"potentialAction\":[{\"@type\":\"ReadAction\",\"target\":[\"https:\/\/www.rimadesio.it\/de\/firmenverantwortung\/\"]}]},{\"@type\":\"BreadcrumbList\",\"@id\":\"https:\/\/www.rimadesio.it\/de\/firmenverantwortung\/#breadcrumb\",\"itemListElement\":[{\"@type\":\"ListItem\",\"position\":1,\"name\":\"Homepage\",\"item\":\"https:\/\/www.rimadesio.it\/de\/\"},{\"@type\":\"ListItem\",\"position\":2,\"name\":\"Firmenverantwortung\"}]},{\"@type\":\"WebSite\",\"@id\":\"https:\/\/www.rimadesio.it\/de\/#website\",\"url\":\"https:\/\/www.rimadesio.it\/de\/\",\"name\":\"Rimadesio\",\"description\":\"Rimadesio official website\",\"publisher\":{\"@id\":\"https:\/\/www.rimadesio.it\/de\/#organization\"},\"potentialAction\":[{\"@type\":\"SearchAction\",\"target\":{\"@type\":\"EntryPoint\",\"urlTemplate\":\"https:\/\/www.rimadesio.it\/de\/?s={search_term_string}\"},\"query-input\":\"required name=search_term_string\"}],\"inLanguage\":\"de-DE\"},{\"@type\":\"Organization\",\"@id\":\"https:\/\/www.rimadesio.it\/de\/#organization\",\"name\":\"Rimadesio\",\"url\":\"https:\/\/www.rimadesio.it\/de\/\",\"logo\":{\"@type\":\"ImageObject\",\"inLanguage\":\"de-DE\",\"@id\":\"https:\/\/www.rimadesio.it\/de\/#\/schema\/logo\/image\/\",\"url\":\"https:\/\/static.rimadesio.it\/media\/2021\/08\/Logo.png\",\"contentUrl\":\"https:\/\/static.rimadesio.it\/media\/2021\/08\/Logo.png\",\"width\":102,\"height\":18,\"caption\":\"Rimadesio\"},\"image\":{\"@id\":\"https:\/\/www.rimadesio.it\/de\/#\/schema\/logo\/image\/\"}}]}<\/script>\n<!-- \/ Yoast SEO plugin. -->","yoast_head_json":{"title":"Firmenverantwortung - Rimadesio","description":"In dem durch das Gesetzesdekret 231\/2001 definierten neuen Regulierungsrahmen, der das Konzept der Verwaltungsverantwortung des Unternehmens festlegt, hat","robots":{"index":"index","follow":"follow","max-snippet":"max-snippet:-1","max-image-preview":"max-image-preview:large","max-video-preview":"max-video-preview:-1"},"canonical":"https:\/\/www.rimadesio.it\/de\/firmenverantwortung\/","og_locale":"de_DE","og_type":"article","og_title":"Firmenverantwortung - Rimadesio","og_description":"In dem durch das Gesetzesdekret 231\/2001 definierten neuen Regulierungsrahmen, der das Konzept der Verwaltungsverantwortung des Unternehmens festlegt, hat","og_url":"https:\/\/www.rimadesio.it\/de\/firmenverantwortung\/","og_site_name":"Rimadesio","twitter_card":"summary_large_image","schema":{"@context":"https:\/\/schema.org","@graph":[{"@type":"WebPage","@id":"https:\/\/www.rimadesio.it\/de\/firmenverantwortung\/","url":"https:\/\/www.rimadesio.it\/de\/firmenverantwortung\/","name":"Firmenverantwortung - Rimadesio","isPartOf":{"@id":"https:\/\/www.rimadesio.it\/de\/#website"},"datePublished":"2022-01-09T15:54:08+00:00","dateModified":"2022-01-09T15:54:08+00:00","description":"In dem durch das Gesetzesdekret 231\/2001 definierten neuen Regulierungsrahmen, der das Konzept der Verwaltungsverantwortung des Unternehmens festlegt, hat","breadcrumb":{"@id":"https:\/\/www.rimadesio.it\/de\/firmenverantwortung\/#breadcrumb"},"inLanguage":"de-DE","potentialAction":[{"@type":"ReadAction","target":["https:\/\/www.rimadesio.it\/de\/firmenverantwortung\/"]}]},{"@type":"BreadcrumbList","@id":"https:\/\/www.rimadesio.it\/de\/firmenverantwortung\/#breadcrumb","itemListElement":[{"@type":"ListItem","position":1,"name":"Homepage","item":"https:\/\/www.rimadesio.it\/de\/"},{"@type":"ListItem","position":2,"name":"Firmenverantwortung"}]},{"@type":"WebSite","@id":"https:\/\/www.rimadesio.it\/de\/#website","url":"https:\/\/www.rimadesio.it\/de\/","name":"Rimadesio","description":"Rimadesio official website","publisher":{"@id":"https:\/\/www.rimadesio.it\/de\/#organization"},"potentialAction":[{"@type":"SearchAction","target":{"@type":"EntryPoint","urlTemplate":"https:\/\/www.rimadesio.it\/de\/?s={search_term_string}"},"query-input":"required name=search_term_string"}],"inLanguage":"de-DE"},{"@type":"Organization","@id":"https:\/\/www.rimadesio.it\/de\/#organization","name":"Rimadesio","url":"https:\/\/www.rimadesio.it\/de\/","logo":{"@type":"ImageObject","inLanguage":"de-DE","@id":"https:\/\/www.rimadesio.it\/de\/#\/schema\/logo\/image\/","url":"https:\/\/static.rimadesio.it\/media\/2021\/08\/Logo.png","contentUrl":"https:\/\/static.rimadesio.it\/media\/2021\/08\/Logo.png","width":102,"height":18,"caption":"Rimadesio"},"image":{"@id":"https:\/\/www.rimadesio.it\/de\/#\/schema\/logo\/image\/"}}]}},"_links":{"self":[{"href":"https:\/\/www.rimadesio.it\/de\/wp-json\/wp\/v2\/pages\/150740"}],"collection":[{"href":"https:\/\/www.rimadesio.it\/de\/wp-json\/wp\/v2\/pages"}],"about":[{"href":"https:\/\/www.rimadesio.it\/de\/wp-json\/wp\/v2\/types\/page"}],"author":[{"embeddable":true,"href":"https:\/\/www.rimadesio.it\/de\/wp-json\/wp\/v2\/users\/64297"}],"replies":[{"embeddable":true,"href":"https:\/\/www.rimadesio.it\/de\/wp-json\/wp\/v2\/comments?post=150740"}],"version-history":[{"count":0,"href":"https:\/\/www.rimadesio.it\/de\/wp-json\/wp\/v2\/pages\/150740\/revisions"}],"wp:attachment":[{"href":"https:\/\/www.rimadesio.it\/de\/wp-json\/wp\/v2\/media?parent=150740"}],"curies":[{"name":"wp","href":"https:\/\/api.w.org\/{rel}","templated":true}]}}