{"id":150695,"date":"2022-01-09T16:08:08","date_gmt":"2022-01-09T15:08:08","guid":{"rendered":"https:\/\/www.rimadesio.it\/produkte-nach-mass\/"},"modified":"2022-02-23T16:16:29","modified_gmt":"2022-02-23T15:16:29","slug":"produkte-nach-mass","status":"publish","type":"page","link":"https:\/\/www.rimadesio.it\/de\/philosophie\/produkte-nach-mass\/","title":{"rendered":"Produkte nach Ma\u00df"},"content":{"rendered":"<p>Eine fast vollst\u00e4ndig ma\u00dfgefertigte Anpassung in Bezug auf Ausstattung, kompositorische Eigenschaften, Abmessungen und Ausf\u00fchrungen begleitet und macht jedes Rimadesio-Angebot einzigartig.<br \/>\nDiese Wahl umfasst eine exklusive Beziehung zu einem ausgew\u00e4hlten Netzwerk lokaler Lieferanten, sowie eine strenge interne Verwaltung der Produktionsphase.<\/p>\n","protected":false},"excerpt":{"rendered":"<p>Eine fast vollst\u00e4ndig ma\u00dfgefertigte Anpassung in Bezug auf Ausstattung, kompositorische Eigenschaften, Abmessungen und Ausf\u00fchrungen begleitet und macht jedes Rimadesio-Angebot einzigartig. Diese Wahl umfasst eine exklusive Beziehung zu einem ausgew\u00e4hlten Netzwerk lokaler Lieferanten, sowie eine strenge interne Verwaltung der Produktionsphase.<\/p>\n","protected":false},"author":65156,"featured_media":150696,"parent":151289,"menu_order":290,"comment_status":"closed","ping_status":"closed","template":"","meta":{"inline_featured_image":false},"acf":[],"yoast_head":"<!-- This site is optimized with the Yoast SEO plugin v20.4 - https:\/\/yoast.com\/wordpress\/plugins\/seo\/ -->\n<title>Produkte nach Ma\u00df - Rimadesio<\/title>\n<meta name=\"description\" content=\"Eine fast vollst\u00e4ndig ma\u00dfgefertigte Anpassung in Bezug auf Ausstattung, kompositorische Eigenschaften, Abmessungen und Ausf\u00fchrungen begleitet und macht\" \/>\n<meta name=\"robots\" content=\"index, follow, max-snippet:-1, max-image-preview:large, max-video-preview:-1\" \/>\n<link rel=\"canonical\" href=\"https:\/\/www.rimadesio.it\/de\/philosophie\/produkte-nach-mass\/\" \/>\n<meta property=\"og:locale\" content=\"de_DE\" \/>\n<meta property=\"og:type\" content=\"article\" \/>\n<meta property=\"og:title\" content=\"Produkte nach Ma\u00df - Rimadesio\" \/>\n<meta property=\"og:description\" content=\"Eine fast vollst\u00e4ndig ma\u00dfgefertigte Anpassung in Bezug auf Ausstattung, kompositorische Eigenschaften, Abmessungen und Ausf\u00fchrungen begleitet und macht\" \/>\n<meta property=\"og:url\" content=\"https:\/\/www.rimadesio.it\/de\/philosophie\/produkte-nach-mass\/\" \/>\n<meta property=\"og:site_name\" content=\"Rimadesio\" \/>\n<meta property=\"article:modified_time\" content=\"2022-02-23T15:16:29+00:00\" \/>\n<meta property=\"og:image\" content=\"https:\/\/static.rimadesio.it\/media\/2021\/08\/custom-made-1.png\" \/>\n\t<meta property=\"og:image:width\" content=\"1360\" \/>\n\t<meta property=\"og:image:height\" content=\"765\" \/>\n\t<meta property=\"og:image:type\" content=\"image\/png\" \/>\n<meta name=\"twitter:card\" content=\"summary_large_image\" \/>\n<script type=\"application\/ld+json\" class=\"yoast-schema-graph\">{\"@context\":\"https:\/\/schema.org\",\"@graph\":[{\"@type\":\"WebPage\",\"@id\":\"https:\/\/www.rimadesio.it\/de\/philosophie\/produkte-nach-mass\/\",\"url\":\"https:\/\/www.rimadesio.it\/de\/philosophie\/produkte-nach-mass\/\",\"name\":\"Produkte nach Ma\u00df - Rimadesio\",\"isPartOf\":{\"@id\":\"https:\/\/www.rimadesio.it\/de\/#website\"},\"datePublished\":\"2022-01-09T15:08:08+00:00\",\"dateModified\":\"2022-02-23T15:16:29+00:00\",\"description\":\"Eine fast vollst\u00e4ndig ma\u00dfgefertigte Anpassung in Bezug auf Ausstattung, kompositorische Eigenschaften, Abmessungen und Ausf\u00fchrungen begleitet und macht\",\"breadcrumb\":{\"@id\":\"https:\/\/www.rimadesio.it\/de\/philosophie\/produkte-nach-mass\/#breadcrumb\"},\"inLanguage\":\"de-DE\",\"potentialAction\":[{\"@type\":\"ReadAction\",\"target\":[\"https:\/\/www.rimadesio.it\/de\/philosophie\/produkte-nach-mass\/\"]}]},{\"@type\":\"BreadcrumbList\",\"@id\":\"https:\/\/www.rimadesio.it\/de\/philosophie\/produkte-nach-mass\/#breadcrumb\",\"itemListElement\":[{\"@type\":\"ListItem\",\"position\":1,\"name\":\"Homepage\",\"item\":\"https:\/\/www.rimadesio.it\/de\/\"},{\"@type\":\"ListItem\",\"position\":2,\"name\":\"Philosophie\",\"item\":\"https:\/\/www.rimadesio.it\/de\/philosophie\/\"},{\"@type\":\"ListItem\",\"position\":3,\"name\":\"Produkte nach Ma\u00df\"}]},{\"@type\":\"WebSite\",\"@id\":\"https:\/\/www.rimadesio.it\/de\/#website\",\"url\":\"https:\/\/www.rimadesio.it\/de\/\",\"name\":\"Rimadesio\",\"description\":\"Rimadesio official website\",\"publisher\":{\"@id\":\"https:\/\/www.rimadesio.it\/de\/#organization\"},\"potentialAction\":[{\"@type\":\"SearchAction\",\"target\":{\"@type\":\"EntryPoint\",\"urlTemplate\":\"https:\/\/www.rimadesio.it\/de\/?s={search_term_string}\"},\"query-input\":\"required name=search_term_string\"}],\"inLanguage\":\"de-DE\"},{\"@type\":\"Organization\",\"@id\":\"https:\/\/www.rimadesio.it\/de\/#organization\",\"name\":\"Rimadesio\",\"url\":\"https:\/\/www.rimadesio.it\/de\/\",\"logo\":{\"@type\":\"ImageObject\",\"inLanguage\":\"de-DE\",\"@id\":\"https:\/\/www.rimadesio.it\/de\/#\/schema\/logo\/image\/\",\"url\":\"https:\/\/static.rimadesio.it\/media\/2021\/08\/Logo.png\",\"contentUrl\":\"https:\/\/static.rimadesio.it\/media\/2021\/08\/Logo.png\",\"width\":102,\"height\":18,\"caption\":\"Rimadesio\"},\"image\":{\"@id\":\"https:\/\/www.rimadesio.it\/de\/#\/schema\/logo\/image\/\"}}]}<\/script>\n<!-- \/ Yoast SEO plugin. -->","yoast_head_json":{"title":"Produkte nach Ma\u00df - Rimadesio","description":"Eine fast vollst\u00e4ndig ma\u00dfgefertigte Anpassung in Bezug auf Ausstattung, kompositorische Eigenschaften, Abmessungen und Ausf\u00fchrungen begleitet und macht","robots":{"index":"index","follow":"follow","max-snippet":"max-snippet:-1","max-image-preview":"max-image-preview:large","max-video-preview":"max-video-preview:-1"},"canonical":"https:\/\/www.rimadesio.it\/de\/philosophie\/produkte-nach-mass\/","og_locale":"de_DE","og_type":"article","og_title":"Produkte nach Ma\u00df - Rimadesio","og_description":"Eine fast vollst\u00e4ndig ma\u00dfgefertigte Anpassung in Bezug auf Ausstattung, kompositorische Eigenschaften, Abmessungen und Ausf\u00fchrungen begleitet und macht","og_url":"https:\/\/www.rimadesio.it\/de\/philosophie\/produkte-nach-mass\/","og_site_name":"Rimadesio","article_modified_time":"2022-02-23T15:16:29+00:00","og_image":[{"width":1360,"height":765,"url":"https:\/\/static.rimadesio.it\/media\/2021\/08\/custom-made-1.png","type":"image\/png"}],"twitter_card":"summary_large_image","schema":{"@context":"https:\/\/schema.org","@graph":[{"@type":"WebPage","@id":"https:\/\/www.rimadesio.it\/de\/philosophie\/produkte-nach-mass\/","url":"https:\/\/www.rimadesio.it\/de\/philosophie\/produkte-nach-mass\/","name":"Produkte nach Ma\u00df - Rimadesio","isPartOf":{"@id":"https:\/\/www.rimadesio.it\/de\/#website"},"datePublished":"2022-01-09T15:08:08+00:00","dateModified":"2022-02-23T15:16:29+00:00","description":"Eine fast vollst\u00e4ndig ma\u00dfgefertigte Anpassung in Bezug auf Ausstattung, kompositorische Eigenschaften, Abmessungen und Ausf\u00fchrungen begleitet und macht","breadcrumb":{"@id":"https:\/\/www.rimadesio.it\/de\/philosophie\/produkte-nach-mass\/#breadcrumb"},"inLanguage":"de-DE","potentialAction":[{"@type":"ReadAction","target":["https:\/\/www.rimadesio.it\/de\/philosophie\/produkte-nach-mass\/"]}]},{"@type":"BreadcrumbList","@id":"https:\/\/www.rimadesio.it\/de\/philosophie\/produkte-nach-mass\/#breadcrumb","itemListElement":[{"@type":"ListItem","position":1,"name":"Homepage","item":"https:\/\/www.rimadesio.it\/de\/"},{"@type":"ListItem","position":2,"name":"Philosophie","item":"https:\/\/www.rimadesio.it\/de\/philosophie\/"},{"@type":"ListItem","position":3,"name":"Produkte nach Ma\u00df"}]},{"@type":"WebSite","@id":"https:\/\/www.rimadesio.it\/de\/#website","url":"https:\/\/www.rimadesio.it\/de\/","name":"Rimadesio","description":"Rimadesio official website","publisher":{"@id":"https:\/\/www.rimadesio.it\/de\/#organization"},"potentialAction":[{"@type":"SearchAction","target":{"@type":"EntryPoint","urlTemplate":"https:\/\/www.rimadesio.it\/de\/?s={search_term_string}"},"query-input":"required name=search_term_string"}],"inLanguage":"de-DE"},{"@type":"Organization","@id":"https:\/\/www.rimadesio.it\/de\/#organization","name":"Rimadesio","url":"https:\/\/www.rimadesio.it\/de\/","logo":{"@type":"ImageObject","inLanguage":"de-DE","@id":"https:\/\/www.rimadesio.it\/de\/#\/schema\/logo\/image\/","url":"https:\/\/static.rimadesio.it\/media\/2021\/08\/Logo.png","contentUrl":"https:\/\/static.rimadesio.it\/media\/2021\/08\/Logo.png","width":102,"height":18,"caption":"Rimadesio"},"image":{"@id":"https:\/\/www.rimadesio.it\/de\/#\/schema\/logo\/image\/"}}]}},"_links":{"self":[{"href":"https:\/\/www.rimadesio.it\/de\/wp-json\/wp\/v2\/pages\/150695"}],"collection":[{"href":"https:\/\/www.rimadesio.it\/de\/wp-json\/wp\/v2\/pages"}],"about":[{"href":"https:\/\/www.rimadesio.it\/de\/wp-json\/wp\/v2\/types\/page"}],"author":[{"embeddable":true,"href":"https:\/\/www.rimadesio.it\/de\/wp-json\/wp\/v2\/users\/65156"}],"replies":[{"embeddable":true,"href":"https:\/\/www.rimadesio.it\/de\/wp-json\/wp\/v2\/comments?post=150695"}],"version-history":[{"count":4,"href":"https:\/\/www.rimadesio.it\/de\/wp-json\/wp\/v2\/pages\/150695\/revisions"}],"predecessor-version":[{"id":153147,"href":"https:\/\/www.rimadesio.it\/de\/wp-json\/wp\/v2\/pages\/150695\/revisions\/153147"}],"up":[{"embeddable":true,"href":"https:\/\/www.rimadesio.it\/de\/wp-json\/wp\/v2\/pages\/151289"}],"wp:featuredmedia":[{"embeddable":true,"href":"https:\/\/www.rimadesio.it\/de\/wp-json\/wp\/v2\/media\/150696"}],"wp:attachment":[{"href":"https:\/\/www.rimadesio.it\/de\/wp-json\/wp\/v2\/media?parent=150695"}],"curies":[{"name":"wp","href":"https:\/\/api.w.org\/{rel}","templated":true}]}}