{"id":149046,"date":"2021-08-19T15:28:58","date_gmt":"2021-08-19T13:28:58","guid":{"rendered":"https:\/\/www.rimadesio.it\/firmenhauptsitz\/"},"modified":"2025-04-24T12:39:15","modified_gmt":"2025-04-24T10:39:15","slug":"headquarters","status":"publish","type":"page","link":"https:\/\/www.rimadesio.it\/de\/ueber-uns\/headquarters\/","title":{"rendered":"Headquarters"},"content":{"rendered":"<p>Der Hauptsitz von Rimadesio erstreckt sich auf einer Fl\u00e4che von 30.000 Quadratmetern und b\u00fcndelt die strategischen Aktivit\u00e4ten der Marke: von der Produktion \u00fcber die Logistik und das kaufm\u00e4nnische Management bis hin zu den verschiedenen Marketing- und Kommunikationsaktivit\u00e4ten.<\/p>\n","protected":false},"excerpt":{"rendered":"<p>Der Hauptsitz von Rimadesio erstreckt sich auf einer Fl\u00e4che von 30.000 Quadratmetern und b\u00fcndelt die strategischen Aktivit\u00e4ten der Marke: von der Produktion \u00fcber die Logistik und das kaufm\u00e4nnische Management bis hin zu den verschiedenen Marketing- und Kommunikationsaktivit\u00e4ten.<\/p>\n","protected":false},"author":65156,"featured_media":21108,"parent":152654,"menu_order":390,"comment_status":"closed","ping_status":"closed","template":"","meta":{"inline_featured_image":false},"acf":[],"yoast_head":"<!-- This site is optimized with the Yoast SEO plugin v20.4 - https:\/\/yoast.com\/wordpress\/plugins\/seo\/ -->\n<title>Headquarters - Rimadesio<\/title>\n<meta name=\"description\" content=\"Der Hauptsitz von Rimadesio erstreckt sich auf einer Fl\u00e4che von 30.000 Quadratmetern und b\u00fcndelt die strategischen Aktivit\u00e4ten der Marke: von der\" \/>\n<meta name=\"robots\" content=\"index, follow, max-snippet:-1, max-image-preview:large, max-video-preview:-1\" \/>\n<link rel=\"canonical\" href=\"https:\/\/www.rimadesio.it\/de\/ueber-uns\/headquarters\/\" \/>\n<meta property=\"og:locale\" content=\"de_DE\" \/>\n<meta property=\"og:type\" content=\"article\" \/>\n<meta property=\"og:title\" content=\"Headquarters - Rimadesio\" \/>\n<meta property=\"og:description\" content=\"Der Hauptsitz von Rimadesio erstreckt sich auf einer Fl\u00e4che von 30.000 Quadratmetern und b\u00fcndelt die strategischen Aktivit\u00e4ten der Marke: von der\" \/>\n<meta property=\"og:url\" content=\"https:\/\/www.rimadesio.it\/de\/ueber-uns\/headquarters\/\" \/>\n<meta property=\"og:site_name\" content=\"Rimadesio\" \/>\n<meta property=\"article:modified_time\" content=\"2025-04-24T10:39:15+00:00\" \/>\n<meta property=\"og:image\" content=\"https:\/\/static.rimadesio.it\/media\/2021\/08\/1-rimadesio-headquarters.jpg\" \/>\n\t<meta property=\"og:image:width\" content=\"1920\" \/>\n\t<meta property=\"og:image:height\" content=\"1280\" \/>\n\t<meta property=\"og:image:type\" content=\"image\/jpeg\" \/>\n<meta name=\"twitter:card\" content=\"summary_large_image\" \/>\n<script type=\"application\/ld+json\" class=\"yoast-schema-graph\">{\"@context\":\"https:\/\/schema.org\",\"@graph\":[{\"@type\":\"WebPage\",\"@id\":\"https:\/\/www.rimadesio.it\/de\/ueber-uns\/headquarters\/\",\"url\":\"https:\/\/www.rimadesio.it\/de\/ueber-uns\/headquarters\/\",\"name\":\"Headquarters - Rimadesio\",\"isPartOf\":{\"@id\":\"https:\/\/www.rimadesio.it\/de\/#website\"},\"datePublished\":\"2021-08-19T13:28:58+00:00\",\"dateModified\":\"2025-04-24T10:39:15+00:00\",\"description\":\"Der Hauptsitz von Rimadesio erstreckt sich auf einer Fl\u00e4che von 30.000 Quadratmetern und b\u00fcndelt die strategischen Aktivit\u00e4ten der Marke: von der\",\"breadcrumb\":{\"@id\":\"https:\/\/www.rimadesio.it\/de\/ueber-uns\/headquarters\/#breadcrumb\"},\"inLanguage\":\"de-DE\",\"potentialAction\":[{\"@type\":\"ReadAction\",\"target\":[\"https:\/\/www.rimadesio.it\/de\/ueber-uns\/headquarters\/\"]}]},{\"@type\":\"BreadcrumbList\",\"@id\":\"https:\/\/www.rimadesio.it\/de\/ueber-uns\/headquarters\/#breadcrumb\",\"itemListElement\":[{\"@type\":\"ListItem\",\"position\":1,\"name\":\"Homepage\",\"item\":\"https:\/\/www.rimadesio.it\/de\/\"},{\"@type\":\"ListItem\",\"position\":2,\"name\":\"\u00dcber uns\",\"item\":\"https:\/\/www.rimadesio.it\/de\/ueber-uns\/\"},{\"@type\":\"ListItem\",\"position\":3,\"name\":\"Headquarters\"}]},{\"@type\":\"WebSite\",\"@id\":\"https:\/\/www.rimadesio.it\/de\/#website\",\"url\":\"https:\/\/www.rimadesio.it\/de\/\",\"name\":\"Rimadesio\",\"description\":\"Rimadesio official website\",\"publisher\":{\"@id\":\"https:\/\/www.rimadesio.it\/de\/#organization\"},\"potentialAction\":[{\"@type\":\"SearchAction\",\"target\":{\"@type\":\"EntryPoint\",\"urlTemplate\":\"https:\/\/www.rimadesio.it\/de\/?s={search_term_string}\"},\"query-input\":\"required name=search_term_string\"}],\"inLanguage\":\"de-DE\"},{\"@type\":\"Organization\",\"@id\":\"https:\/\/www.rimadesio.it\/de\/#organization\",\"name\":\"Rimadesio\",\"url\":\"https:\/\/www.rimadesio.it\/de\/\",\"logo\":{\"@type\":\"ImageObject\",\"inLanguage\":\"de-DE\",\"@id\":\"https:\/\/www.rimadesio.it\/de\/#\/schema\/logo\/image\/\",\"url\":\"https:\/\/static.rimadesio.it\/media\/2021\/08\/Logo.png\",\"contentUrl\":\"https:\/\/static.rimadesio.it\/media\/2021\/08\/Logo.png\",\"width\":102,\"height\":18,\"caption\":\"Rimadesio\"},\"image\":{\"@id\":\"https:\/\/www.rimadesio.it\/de\/#\/schema\/logo\/image\/\"}}]}<\/script>\n<!-- \/ Yoast SEO plugin. -->","yoast_head_json":{"title":"Headquarters - Rimadesio","description":"Der Hauptsitz von Rimadesio erstreckt sich auf einer Fl\u00e4che von 30.000 Quadratmetern und b\u00fcndelt die strategischen Aktivit\u00e4ten der Marke: von der","robots":{"index":"index","follow":"follow","max-snippet":"max-snippet:-1","max-image-preview":"max-image-preview:large","max-video-preview":"max-video-preview:-1"},"canonical":"https:\/\/www.rimadesio.it\/de\/ueber-uns\/headquarters\/","og_locale":"de_DE","og_type":"article","og_title":"Headquarters - Rimadesio","og_description":"Der Hauptsitz von Rimadesio erstreckt sich auf einer Fl\u00e4che von 30.000 Quadratmetern und b\u00fcndelt die strategischen Aktivit\u00e4ten der Marke: von der","og_url":"https:\/\/www.rimadesio.it\/de\/ueber-uns\/headquarters\/","og_site_name":"Rimadesio","article_modified_time":"2025-04-24T10:39:15+00:00","og_image":[{"width":1920,"height":1280,"url":"https:\/\/static.rimadesio.it\/media\/2021\/08\/1-rimadesio-headquarters.jpg","type":"image\/jpeg"}],"twitter_card":"summary_large_image","schema":{"@context":"https:\/\/schema.org","@graph":[{"@type":"WebPage","@id":"https:\/\/www.rimadesio.it\/de\/ueber-uns\/headquarters\/","url":"https:\/\/www.rimadesio.it\/de\/ueber-uns\/headquarters\/","name":"Headquarters - Rimadesio","isPartOf":{"@id":"https:\/\/www.rimadesio.it\/de\/#website"},"datePublished":"2021-08-19T13:28:58+00:00","dateModified":"2025-04-24T10:39:15+00:00","description":"Der Hauptsitz von Rimadesio erstreckt sich auf einer Fl\u00e4che von 30.000 Quadratmetern und b\u00fcndelt die strategischen Aktivit\u00e4ten der Marke: von der","breadcrumb":{"@id":"https:\/\/www.rimadesio.it\/de\/ueber-uns\/headquarters\/#breadcrumb"},"inLanguage":"de-DE","potentialAction":[{"@type":"ReadAction","target":["https:\/\/www.rimadesio.it\/de\/ueber-uns\/headquarters\/"]}]},{"@type":"BreadcrumbList","@id":"https:\/\/www.rimadesio.it\/de\/ueber-uns\/headquarters\/#breadcrumb","itemListElement":[{"@type":"ListItem","position":1,"name":"Homepage","item":"https:\/\/www.rimadesio.it\/de\/"},{"@type":"ListItem","position":2,"name":"\u00dcber uns","item":"https:\/\/www.rimadesio.it\/de\/ueber-uns\/"},{"@type":"ListItem","position":3,"name":"Headquarters"}]},{"@type":"WebSite","@id":"https:\/\/www.rimadesio.it\/de\/#website","url":"https:\/\/www.rimadesio.it\/de\/","name":"Rimadesio","description":"Rimadesio official website","publisher":{"@id":"https:\/\/www.rimadesio.it\/de\/#organization"},"potentialAction":[{"@type":"SearchAction","target":{"@type":"EntryPoint","urlTemplate":"https:\/\/www.rimadesio.it\/de\/?s={search_term_string}"},"query-input":"required name=search_term_string"}],"inLanguage":"de-DE"},{"@type":"Organization","@id":"https:\/\/www.rimadesio.it\/de\/#organization","name":"Rimadesio","url":"https:\/\/www.rimadesio.it\/de\/","logo":{"@type":"ImageObject","inLanguage":"de-DE","@id":"https:\/\/www.rimadesio.it\/de\/#\/schema\/logo\/image\/","url":"https:\/\/static.rimadesio.it\/media\/2021\/08\/Logo.png","contentUrl":"https:\/\/static.rimadesio.it\/media\/2021\/08\/Logo.png","width":102,"height":18,"caption":"Rimadesio"},"image":{"@id":"https:\/\/www.rimadesio.it\/de\/#\/schema\/logo\/image\/"}}]}},"_links":{"self":[{"href":"https:\/\/www.rimadesio.it\/de\/wp-json\/wp\/v2\/pages\/149046"}],"collection":[{"href":"https:\/\/www.rimadesio.it\/de\/wp-json\/wp\/v2\/pages"}],"about":[{"href":"https:\/\/www.rimadesio.it\/de\/wp-json\/wp\/v2\/types\/page"}],"author":[{"embeddable":true,"href":"https:\/\/www.rimadesio.it\/de\/wp-json\/wp\/v2\/users\/65156"}],"replies":[{"embeddable":true,"href":"https:\/\/www.rimadesio.it\/de\/wp-json\/wp\/v2\/comments?post=149046"}],"version-history":[{"count":3,"href":"https:\/\/www.rimadesio.it\/de\/wp-json\/wp\/v2\/pages\/149046\/revisions"}],"predecessor-version":[{"id":168738,"href":"https:\/\/www.rimadesio.it\/de\/wp-json\/wp\/v2\/pages\/149046\/revisions\/168738"}],"up":[{"embeddable":true,"href":"https:\/\/www.rimadesio.it\/de\/wp-json\/wp\/v2\/pages\/152654"}],"wp:featuredmedia":[{"embeddable":true,"href":"https:\/\/www.rimadesio.it\/de\/wp-json\/wp\/v2\/media\/21108"}],"wp:attachment":[{"href":"https:\/\/www.rimadesio.it\/de\/wp-json\/wp\/v2\/media?parent=149046"}],"curies":[{"name":"wp","href":"https:\/\/api.w.org\/{rel}","templated":true}]}}