{"id":149045,"date":"2022-01-07T17:30:47","date_gmt":"2022-01-07T16:30:47","guid":{"rendered":"https:\/\/www.rimadesio.it\/stil\/"},"modified":"2022-02-23T16:24:35","modified_gmt":"2022-02-23T15:24:35","slug":"stil","status":"publish","type":"page","link":"https:\/\/www.rimadesio.it\/de\/philosophie\/stil\/","title":{"rendered":"Stil"},"content":{"rendered":"<p>Jeder Aspekt von Rimadesio, von der Kollektion bis zu den Materialien und Oberfl\u00e4chen, von der Produktionsst\u00e4tte bis zu internationalen Ausstellungsr\u00e4umen, von der digitalen Kommunikation bis hin zu Verkaufstools, wird von der Idee der formalen Qualit\u00e4t inspiriert, die sich aus Wesentlichkeit, Harmonie und Pr\u00e4zision zusammensetzt. Die Suche nach Konsistenz in jedem Detail ist unabdingbar, um die Corporate Identity und damit alle Qualit\u00e4ten des Angebots wirkungsvoll zum Ausdruck zu bringen.<\/p>\n","protected":false},"excerpt":{"rendered":"<p>Jeder Aspekt von Rimadesio, von der Kollektion bis zu den Materialien und Oberfl\u00e4chen, von der Produktionsst\u00e4tte bis zu internationalen Ausstellungsr\u00e4umen, von der digitalen Kommunikation bis hin zu Verkaufstools, wird von der Idee der formalen Qualit\u00e4t inspiriert, die sich aus Wesentlichkeit, Harmonie und Pr\u00e4zision zusammensetzt. Die Suche nach Konsistenz in jedem Detail ist unabdingbar, um die &hellip; <a href=\"https:\/\/www.rimadesio.it\/de\/philosophie\/stil\/\">Mehr<\/a><\/p>\n","protected":false},"author":65156,"featured_media":20633,"parent":151289,"menu_order":295,"comment_status":"closed","ping_status":"closed","template":"","meta":{"inline_featured_image":false},"acf":[],"yoast_head":"<!-- This site is optimized with the Yoast SEO plugin v20.4 - https:\/\/yoast.com\/wordpress\/plugins\/seo\/ -->\n<title>Stil - Rimadesio<\/title>\n<meta name=\"description\" content=\"Jeder Aspekt von Rimadesio, von der Kollektion bis zu den Materialien und Oberfl\u00e4chen, von der Produktionsst\u00e4tte bis zu internationalen\" \/>\n<meta name=\"robots\" content=\"index, follow, max-snippet:-1, max-image-preview:large, max-video-preview:-1\" \/>\n<link rel=\"canonical\" href=\"https:\/\/www.rimadesio.it\/de\/philosophie\/stil\/\" \/>\n<meta property=\"og:locale\" content=\"de_DE\" \/>\n<meta property=\"og:type\" content=\"article\" \/>\n<meta property=\"og:title\" content=\"Stil - Rimadesio\" \/>\n<meta property=\"og:description\" content=\"Jeder Aspekt von Rimadesio, von der Kollektion bis zu den Materialien und Oberfl\u00e4chen, von der Produktionsst\u00e4tte bis zu internationalen\" \/>\n<meta property=\"og:url\" content=\"https:\/\/www.rimadesio.it\/de\/philosophie\/stil\/\" \/>\n<meta property=\"og:site_name\" content=\"Rimadesio\" \/>\n<meta property=\"article:modified_time\" content=\"2022-02-23T15:24:35+00:00\" \/>\n<meta property=\"og:image\" content=\"https:\/\/static.rimadesio.it\/media\/2021\/08\/img-style.png\" \/>\n\t<meta property=\"og:image:width\" content=\"672\" \/>\n\t<meta property=\"og:image:height\" content=\"449\" \/>\n\t<meta property=\"og:image:type\" content=\"image\/png\" \/>\n<meta name=\"twitter:card\" content=\"summary_large_image\" \/>\n<script type=\"application\/ld+json\" class=\"yoast-schema-graph\">{\"@context\":\"https:\/\/schema.org\",\"@graph\":[{\"@type\":\"WebPage\",\"@id\":\"https:\/\/www.rimadesio.it\/de\/philosophie\/stil\/\",\"url\":\"https:\/\/www.rimadesio.it\/de\/philosophie\/stil\/\",\"name\":\"Stil - Rimadesio\",\"isPartOf\":{\"@id\":\"https:\/\/www.rimadesio.it\/de\/#website\"},\"datePublished\":\"2022-01-07T16:30:47+00:00\",\"dateModified\":\"2022-02-23T15:24:35+00:00\",\"description\":\"Jeder Aspekt von Rimadesio, von der Kollektion bis zu den Materialien und Oberfl\u00e4chen, von der Produktionsst\u00e4tte bis zu internationalen\",\"breadcrumb\":{\"@id\":\"https:\/\/www.rimadesio.it\/de\/philosophie\/stil\/#breadcrumb\"},\"inLanguage\":\"de-DE\",\"potentialAction\":[{\"@type\":\"ReadAction\",\"target\":[\"https:\/\/www.rimadesio.it\/de\/philosophie\/stil\/\"]}]},{\"@type\":\"BreadcrumbList\",\"@id\":\"https:\/\/www.rimadesio.it\/de\/philosophie\/stil\/#breadcrumb\",\"itemListElement\":[{\"@type\":\"ListItem\",\"position\":1,\"name\":\"Homepage\",\"item\":\"https:\/\/www.rimadesio.it\/de\/\"},{\"@type\":\"ListItem\",\"position\":2,\"name\":\"Philosophie\",\"item\":\"https:\/\/www.rimadesio.it\/de\/philosophie\/\"},{\"@type\":\"ListItem\",\"position\":3,\"name\":\"Stil\"}]},{\"@type\":\"WebSite\",\"@id\":\"https:\/\/www.rimadesio.it\/de\/#website\",\"url\":\"https:\/\/www.rimadesio.it\/de\/\",\"name\":\"Rimadesio\",\"description\":\"Rimadesio official website\",\"publisher\":{\"@id\":\"https:\/\/www.rimadesio.it\/de\/#organization\"},\"potentialAction\":[{\"@type\":\"SearchAction\",\"target\":{\"@type\":\"EntryPoint\",\"urlTemplate\":\"https:\/\/www.rimadesio.it\/de\/?s={search_term_string}\"},\"query-input\":\"required name=search_term_string\"}],\"inLanguage\":\"de-DE\"},{\"@type\":\"Organization\",\"@id\":\"https:\/\/www.rimadesio.it\/de\/#organization\",\"name\":\"Rimadesio\",\"url\":\"https:\/\/www.rimadesio.it\/de\/\",\"logo\":{\"@type\":\"ImageObject\",\"inLanguage\":\"de-DE\",\"@id\":\"https:\/\/www.rimadesio.it\/de\/#\/schema\/logo\/image\/\",\"url\":\"https:\/\/static.rimadesio.it\/media\/2021\/08\/Logo.png\",\"contentUrl\":\"https:\/\/static.rimadesio.it\/media\/2021\/08\/Logo.png\",\"width\":102,\"height\":18,\"caption\":\"Rimadesio\"},\"image\":{\"@id\":\"https:\/\/www.rimadesio.it\/de\/#\/schema\/logo\/image\/\"}}]}<\/script>\n<!-- \/ Yoast SEO plugin. -->","yoast_head_json":{"title":"Stil - Rimadesio","description":"Jeder Aspekt von Rimadesio, von der Kollektion bis zu den Materialien und Oberfl\u00e4chen, von der Produktionsst\u00e4tte bis zu internationalen","robots":{"index":"index","follow":"follow","max-snippet":"max-snippet:-1","max-image-preview":"max-image-preview:large","max-video-preview":"max-video-preview:-1"},"canonical":"https:\/\/www.rimadesio.it\/de\/philosophie\/stil\/","og_locale":"de_DE","og_type":"article","og_title":"Stil - Rimadesio","og_description":"Jeder Aspekt von Rimadesio, von der Kollektion bis zu den Materialien und Oberfl\u00e4chen, von der Produktionsst\u00e4tte bis zu internationalen","og_url":"https:\/\/www.rimadesio.it\/de\/philosophie\/stil\/","og_site_name":"Rimadesio","article_modified_time":"2022-02-23T15:24:35+00:00","og_image":[{"width":672,"height":449,"url":"https:\/\/static.rimadesio.it\/media\/2021\/08\/img-style.png","type":"image\/png"}],"twitter_card":"summary_large_image","schema":{"@context":"https:\/\/schema.org","@graph":[{"@type":"WebPage","@id":"https:\/\/www.rimadesio.it\/de\/philosophie\/stil\/","url":"https:\/\/www.rimadesio.it\/de\/philosophie\/stil\/","name":"Stil - Rimadesio","isPartOf":{"@id":"https:\/\/www.rimadesio.it\/de\/#website"},"datePublished":"2022-01-07T16:30:47+00:00","dateModified":"2022-02-23T15:24:35+00:00","description":"Jeder Aspekt von Rimadesio, von der Kollektion bis zu den Materialien und Oberfl\u00e4chen, von der Produktionsst\u00e4tte bis zu internationalen","breadcrumb":{"@id":"https:\/\/www.rimadesio.it\/de\/philosophie\/stil\/#breadcrumb"},"inLanguage":"de-DE","potentialAction":[{"@type":"ReadAction","target":["https:\/\/www.rimadesio.it\/de\/philosophie\/stil\/"]}]},{"@type":"BreadcrumbList","@id":"https:\/\/www.rimadesio.it\/de\/philosophie\/stil\/#breadcrumb","itemListElement":[{"@type":"ListItem","position":1,"name":"Homepage","item":"https:\/\/www.rimadesio.it\/de\/"},{"@type":"ListItem","position":2,"name":"Philosophie","item":"https:\/\/www.rimadesio.it\/de\/philosophie\/"},{"@type":"ListItem","position":3,"name":"Stil"}]},{"@type":"WebSite","@id":"https:\/\/www.rimadesio.it\/de\/#website","url":"https:\/\/www.rimadesio.it\/de\/","name":"Rimadesio","description":"Rimadesio official website","publisher":{"@id":"https:\/\/www.rimadesio.it\/de\/#organization"},"potentialAction":[{"@type":"SearchAction","target":{"@type":"EntryPoint","urlTemplate":"https:\/\/www.rimadesio.it\/de\/?s={search_term_string}"},"query-input":"required name=search_term_string"}],"inLanguage":"de-DE"},{"@type":"Organization","@id":"https:\/\/www.rimadesio.it\/de\/#organization","name":"Rimadesio","url":"https:\/\/www.rimadesio.it\/de\/","logo":{"@type":"ImageObject","inLanguage":"de-DE","@id":"https:\/\/www.rimadesio.it\/de\/#\/schema\/logo\/image\/","url":"https:\/\/static.rimadesio.it\/media\/2021\/08\/Logo.png","contentUrl":"https:\/\/static.rimadesio.it\/media\/2021\/08\/Logo.png","width":102,"height":18,"caption":"Rimadesio"},"image":{"@id":"https:\/\/www.rimadesio.it\/de\/#\/schema\/logo\/image\/"}}]}},"_links":{"self":[{"href":"https:\/\/www.rimadesio.it\/de\/wp-json\/wp\/v2\/pages\/149045"}],"collection":[{"href":"https:\/\/www.rimadesio.it\/de\/wp-json\/wp\/v2\/pages"}],"about":[{"href":"https:\/\/www.rimadesio.it\/de\/wp-json\/wp\/v2\/types\/page"}],"author":[{"embeddable":true,"href":"https:\/\/www.rimadesio.it\/de\/wp-json\/wp\/v2\/users\/65156"}],"replies":[{"embeddable":true,"href":"https:\/\/www.rimadesio.it\/de\/wp-json\/wp\/v2\/comments?post=149045"}],"version-history":[{"count":4,"href":"https:\/\/www.rimadesio.it\/de\/wp-json\/wp\/v2\/pages\/149045\/revisions"}],"predecessor-version":[{"id":153148,"href":"https:\/\/www.rimadesio.it\/de\/wp-json\/wp\/v2\/pages\/149045\/revisions\/153148"}],"up":[{"embeddable":true,"href":"https:\/\/www.rimadesio.it\/de\/wp-json\/wp\/v2\/pages\/151289"}],"wp:featuredmedia":[{"embeddable":true,"href":"https:\/\/www.rimadesio.it\/de\/wp-json\/wp\/v2\/media\/20633"}],"wp:attachment":[{"href":"https:\/\/www.rimadesio.it\/de\/wp-json\/wp\/v2\/media?parent=149045"}],"curies":[{"name":"wp","href":"https:\/\/api.w.org\/{rel}","templated":true}]}}