{"id":149044,"date":"2022-01-07T17:17:52","date_gmt":"2022-01-07T16:17:52","guid":{"rendered":"https:\/\/www.rimadesio.it\/produkte\/"},"modified":"2022-01-07T17:17:52","modified_gmt":"2022-01-07T16:17:52","slug":"produkte","status":"publish","type":"page","link":"https:\/\/www.rimadesio.it\/de\/produkte\/","title":{"rendered":"Produkte"},"content":{"rendered":"<p>Die Produktkollektion von Rimadesio ist das Ergebnis kontinuierlicher technischer und stilistischer Forschung, die auf die beste Balance zwischen Design, Innovation und Zuverl\u00e4ssigkeit abzielt.<br \/>\nDie gestalterische und stilistische Vielseitigkeit der Kollektion wird durch das au\u00dfergew\u00f6hnliche Angebot an frei kombinierbaren Glas-, Metall- und Holzoberfl\u00e4chen unterstrichen.<\/p>\n","protected":false},"excerpt":{"rendered":"<p>Die Produktkollektion von Rimadesio ist das Ergebnis kontinuierlicher technischer und stilistischer Forschung, die auf die beste Balance zwischen Design, Innovation und Zuverl\u00e4ssigkeit abzielt. Die gestalterische und stilistische Vielseitigkeit der Kollektion wird durch das au\u00dfergew\u00f6hnliche Angebot an frei kombinierbaren Glas-, Metall- und Holzoberfl\u00e4chen unterstrichen.<\/p>\n","protected":false},"author":65156,"featured_media":0,"parent":0,"menu_order":296,"comment_status":"closed","ping_status":"closed","template":"template-products.php","meta":{"inline_featured_image":false},"acf":[],"yoast_head":"<!-- This site is optimized with the Yoast SEO plugin v20.4 - https:\/\/yoast.com\/wordpress\/plugins\/seo\/ -->\n<title>Produkte - Rimadesio<\/title>\n<meta name=\"description\" content=\"Die Produktkollektion von Rimadesio ist das Ergebnis kontinuierlicher technischer und stilistischer Forschung, die auf die beste Balance zwischen Design,\" \/>\n<meta name=\"robots\" content=\"index, follow, max-snippet:-1, max-image-preview:large, max-video-preview:-1\" \/>\n<link rel=\"canonical\" href=\"https:\/\/www.rimadesio.it\/de\/produkte\/\" \/>\n<meta property=\"og:locale\" content=\"de_DE\" \/>\n<meta property=\"og:type\" content=\"article\" \/>\n<meta property=\"og:title\" content=\"Produkte - Rimadesio\" \/>\n<meta property=\"og:description\" content=\"Die Produktkollektion von Rimadesio ist das Ergebnis kontinuierlicher technischer und stilistischer Forschung, die auf die beste Balance zwischen Design,\" \/>\n<meta property=\"og:url\" content=\"https:\/\/www.rimadesio.it\/de\/produkte\/\" \/>\n<meta property=\"og:site_name\" content=\"Rimadesio\" \/>\n<meta name=\"twitter:card\" content=\"summary_large_image\" \/>\n<script type=\"application\/ld+json\" class=\"yoast-schema-graph\">{\"@context\":\"https:\/\/schema.org\",\"@graph\":[{\"@type\":\"WebPage\",\"@id\":\"https:\/\/www.rimadesio.it\/de\/produkte\/\",\"url\":\"https:\/\/www.rimadesio.it\/de\/produkte\/\",\"name\":\"Produkte - Rimadesio\",\"isPartOf\":{\"@id\":\"https:\/\/www.rimadesio.it\/de\/#website\"},\"datePublished\":\"2022-01-07T16:17:52+00:00\",\"dateModified\":\"2022-01-07T16:17:52+00:00\",\"description\":\"Die Produktkollektion von Rimadesio ist das Ergebnis kontinuierlicher technischer und stilistischer Forschung, die auf die beste Balance zwischen Design,\",\"breadcrumb\":{\"@id\":\"https:\/\/www.rimadesio.it\/de\/produkte\/#breadcrumb\"},\"inLanguage\":\"de-DE\",\"potentialAction\":[{\"@type\":\"ReadAction\",\"target\":[\"https:\/\/www.rimadesio.it\/de\/produkte\/\"]}]},{\"@type\":\"BreadcrumbList\",\"@id\":\"https:\/\/www.rimadesio.it\/de\/produkte\/#breadcrumb\",\"itemListElement\":[{\"@type\":\"ListItem\",\"position\":1,\"name\":\"Homepage\",\"item\":\"https:\/\/www.rimadesio.it\/de\/\"},{\"@type\":\"ListItem\",\"position\":2,\"name\":\"Produkte\"}]},{\"@type\":\"WebSite\",\"@id\":\"https:\/\/www.rimadesio.it\/de\/#website\",\"url\":\"https:\/\/www.rimadesio.it\/de\/\",\"name\":\"Rimadesio\",\"description\":\"Rimadesio official website\",\"publisher\":{\"@id\":\"https:\/\/www.rimadesio.it\/de\/#organization\"},\"potentialAction\":[{\"@type\":\"SearchAction\",\"target\":{\"@type\":\"EntryPoint\",\"urlTemplate\":\"https:\/\/www.rimadesio.it\/de\/?s={search_term_string}\"},\"query-input\":\"required name=search_term_string\"}],\"inLanguage\":\"de-DE\"},{\"@type\":\"Organization\",\"@id\":\"https:\/\/www.rimadesio.it\/de\/#organization\",\"name\":\"Rimadesio\",\"url\":\"https:\/\/www.rimadesio.it\/de\/\",\"logo\":{\"@type\":\"ImageObject\",\"inLanguage\":\"de-DE\",\"@id\":\"https:\/\/www.rimadesio.it\/de\/#\/schema\/logo\/image\/\",\"url\":\"https:\/\/static.rimadesio.it\/media\/2021\/08\/Logo.png\",\"contentUrl\":\"https:\/\/static.rimadesio.it\/media\/2021\/08\/Logo.png\",\"width\":102,\"height\":18,\"caption\":\"Rimadesio\"},\"image\":{\"@id\":\"https:\/\/www.rimadesio.it\/de\/#\/schema\/logo\/image\/\"}}]}<\/script>\n<!-- \/ Yoast SEO plugin. -->","yoast_head_json":{"title":"Produkte - Rimadesio","description":"Die Produktkollektion von Rimadesio ist das Ergebnis kontinuierlicher technischer und stilistischer Forschung, die auf die beste Balance zwischen Design,","robots":{"index":"index","follow":"follow","max-snippet":"max-snippet:-1","max-image-preview":"max-image-preview:large","max-video-preview":"max-video-preview:-1"},"canonical":"https:\/\/www.rimadesio.it\/de\/produkte\/","og_locale":"de_DE","og_type":"article","og_title":"Produkte - Rimadesio","og_description":"Die Produktkollektion von Rimadesio ist das Ergebnis kontinuierlicher technischer und stilistischer Forschung, die auf die beste Balance zwischen Design,","og_url":"https:\/\/www.rimadesio.it\/de\/produkte\/","og_site_name":"Rimadesio","twitter_card":"summary_large_image","schema":{"@context":"https:\/\/schema.org","@graph":[{"@type":"WebPage","@id":"https:\/\/www.rimadesio.it\/de\/produkte\/","url":"https:\/\/www.rimadesio.it\/de\/produkte\/","name":"Produkte - Rimadesio","isPartOf":{"@id":"https:\/\/www.rimadesio.it\/de\/#website"},"datePublished":"2022-01-07T16:17:52+00:00","dateModified":"2022-01-07T16:17:52+00:00","description":"Die Produktkollektion von Rimadesio ist das Ergebnis kontinuierlicher technischer und stilistischer Forschung, die auf die beste Balance zwischen Design,","breadcrumb":{"@id":"https:\/\/www.rimadesio.it\/de\/produkte\/#breadcrumb"},"inLanguage":"de-DE","potentialAction":[{"@type":"ReadAction","target":["https:\/\/www.rimadesio.it\/de\/produkte\/"]}]},{"@type":"BreadcrumbList","@id":"https:\/\/www.rimadesio.it\/de\/produkte\/#breadcrumb","itemListElement":[{"@type":"ListItem","position":1,"name":"Homepage","item":"https:\/\/www.rimadesio.it\/de\/"},{"@type":"ListItem","position":2,"name":"Produkte"}]},{"@type":"WebSite","@id":"https:\/\/www.rimadesio.it\/de\/#website","url":"https:\/\/www.rimadesio.it\/de\/","name":"Rimadesio","description":"Rimadesio official website","publisher":{"@id":"https:\/\/www.rimadesio.it\/de\/#organization"},"potentialAction":[{"@type":"SearchAction","target":{"@type":"EntryPoint","urlTemplate":"https:\/\/www.rimadesio.it\/de\/?s={search_term_string}"},"query-input":"required name=search_term_string"}],"inLanguage":"de-DE"},{"@type":"Organization","@id":"https:\/\/www.rimadesio.it\/de\/#organization","name":"Rimadesio","url":"https:\/\/www.rimadesio.it\/de\/","logo":{"@type":"ImageObject","inLanguage":"de-DE","@id":"https:\/\/www.rimadesio.it\/de\/#\/schema\/logo\/image\/","url":"https:\/\/static.rimadesio.it\/media\/2021\/08\/Logo.png","contentUrl":"https:\/\/static.rimadesio.it\/media\/2021\/08\/Logo.png","width":102,"height":18,"caption":"Rimadesio"},"image":{"@id":"https:\/\/www.rimadesio.it\/de\/#\/schema\/logo\/image\/"}}]}},"_links":{"self":[{"href":"https:\/\/www.rimadesio.it\/de\/wp-json\/wp\/v2\/pages\/149044"}],"collection":[{"href":"https:\/\/www.rimadesio.it\/de\/wp-json\/wp\/v2\/pages"}],"about":[{"href":"https:\/\/www.rimadesio.it\/de\/wp-json\/wp\/v2\/types\/page"}],"author":[{"embeddable":true,"href":"https:\/\/www.rimadesio.it\/de\/wp-json\/wp\/v2\/users\/65156"}],"replies":[{"embeddable":true,"href":"https:\/\/www.rimadesio.it\/de\/wp-json\/wp\/v2\/comments?post=149044"}],"version-history":[{"count":0,"href":"https:\/\/www.rimadesio.it\/de\/wp-json\/wp\/v2\/pages\/149044\/revisions"}],"wp:attachment":[{"href":"https:\/\/www.rimadesio.it\/de\/wp-json\/wp\/v2\/media?parent=149044"}],"curies":[{"name":"wp","href":"https:\/\/api.w.org\/{rel}","templated":true}]}}