{"id":149042,"date":"2022-01-07T17:11:11","date_gmt":"2022-01-07T16:11:11","guid":{"rendered":"https:\/\/www.rimadesio.it\/rimadesio-project-2\/"},"modified":"2022-02-24T10:24:24","modified_gmt":"2022-02-24T09:24:24","slug":"rimadesio-project-2","status":"publish","type":"page","link":"https:\/\/www.rimadesio.it\/de\/rimadesio-project-2\/","title":{"rendered":"Rimadesio Project"},"content":{"rendered":"<p>Rimadesio project ist die Abteilung, die sich der Gro\u00dflieferung und Ausstattung von \u00f6ffentlichen Geb\u00e4uden, Hotels, Gemeinschaftsr\u00e4umen und allen Arten von Projekten widmet, die einen ma\u00dfgeschneiderten Ansatz erfordern. Es ist ein exklusiver Service f\u00fcr Fachleute in der Vertragswelt, der die Beratungsphasen f\u00fcr Design, Materialrecherche, logistische Unterst\u00fctzung, Montage und technische Unterst\u00fctzung umfasst.<\/p>\n","protected":false},"excerpt":{"rendered":"<p>Rimadesio project ist die Abteilung, die sich der Gro\u00dflieferung und Ausstattung von \u00f6ffentlichen Geb\u00e4uden, Hotels, Gemeinschaftsr\u00e4umen und allen Arten von Projekten widmet, die einen ma\u00dfgeschneiderten Ansatz erfordern. Es ist ein exklusiver Service f\u00fcr Fachleute in der Vertragswelt, der die Beratungsphasen f\u00fcr Design, Materialrecherche, logistische Unterst\u00fctzung, Montage und technische Unterst\u00fctzung umfasst.<\/p>\n","protected":false},"author":65156,"featured_media":0,"parent":0,"menu_order":371,"comment_status":"closed","ping_status":"closed","template":"","meta":{"inline_featured_image":false},"acf":[],"yoast_head":"<!-- This site is optimized with the Yoast SEO plugin v20.4 - https:\/\/yoast.com\/wordpress\/plugins\/seo\/ -->\n<title>Rimadesio Project - Rimadesio<\/title>\n<meta name=\"description\" content=\"Rimadesio project ist die Abteilung, die sich der Gro\u00dflieferung und Ausstattung von \u00f6ffentlichen Geb\u00e4uden, Hotels, Gemeinschaftsr\u00e4umen und allen Arten von\" \/>\n<meta name=\"robots\" content=\"index, follow, max-snippet:-1, max-image-preview:large, max-video-preview:-1\" \/>\n<link rel=\"canonical\" href=\"https:\/\/www.rimadesio.it\/de\/rimadesio-project-2\/\" \/>\n<meta property=\"og:locale\" content=\"de_DE\" \/>\n<meta property=\"og:type\" content=\"article\" \/>\n<meta property=\"og:title\" content=\"Rimadesio Project - Rimadesio\" \/>\n<meta property=\"og:description\" content=\"Rimadesio project ist die Abteilung, die sich der Gro\u00dflieferung und Ausstattung von \u00f6ffentlichen Geb\u00e4uden, Hotels, Gemeinschaftsr\u00e4umen und allen Arten von\" \/>\n<meta property=\"og:url\" content=\"https:\/\/www.rimadesio.it\/de\/rimadesio-project-2\/\" \/>\n<meta property=\"og:site_name\" content=\"Rimadesio\" \/>\n<meta property=\"article:modified_time\" content=\"2022-02-24T09:24:24+00:00\" \/>\n<meta name=\"twitter:card\" content=\"summary_large_image\" \/>\n<script type=\"application\/ld+json\" class=\"yoast-schema-graph\">{\"@context\":\"https:\/\/schema.org\",\"@graph\":[{\"@type\":\"WebPage\",\"@id\":\"https:\/\/www.rimadesio.it\/de\/rimadesio-project-2\/\",\"url\":\"https:\/\/www.rimadesio.it\/de\/rimadesio-project-2\/\",\"name\":\"Rimadesio Project - Rimadesio\",\"isPartOf\":{\"@id\":\"https:\/\/www.rimadesio.it\/de\/#website\"},\"datePublished\":\"2022-01-07T16:11:11+00:00\",\"dateModified\":\"2022-02-24T09:24:24+00:00\",\"description\":\"Rimadesio project ist die Abteilung, die sich der Gro\u00dflieferung und Ausstattung von \u00f6ffentlichen Geb\u00e4uden, Hotels, Gemeinschaftsr\u00e4umen und allen Arten von\",\"breadcrumb\":{\"@id\":\"https:\/\/www.rimadesio.it\/de\/rimadesio-project-2\/#breadcrumb\"},\"inLanguage\":\"de-DE\",\"potentialAction\":[{\"@type\":\"ReadAction\",\"target\":[\"https:\/\/www.rimadesio.it\/de\/rimadesio-project-2\/\"]}]},{\"@type\":\"BreadcrumbList\",\"@id\":\"https:\/\/www.rimadesio.it\/de\/rimadesio-project-2\/#breadcrumb\",\"itemListElement\":[{\"@type\":\"ListItem\",\"position\":1,\"name\":\"Homepage\",\"item\":\"https:\/\/www.rimadesio.it\/de\/\"},{\"@type\":\"ListItem\",\"position\":2,\"name\":\"Rimadesio Project\"}]},{\"@type\":\"WebSite\",\"@id\":\"https:\/\/www.rimadesio.it\/de\/#website\",\"url\":\"https:\/\/www.rimadesio.it\/de\/\",\"name\":\"Rimadesio\",\"description\":\"Rimadesio official website\",\"publisher\":{\"@id\":\"https:\/\/www.rimadesio.it\/de\/#organization\"},\"potentialAction\":[{\"@type\":\"SearchAction\",\"target\":{\"@type\":\"EntryPoint\",\"urlTemplate\":\"https:\/\/www.rimadesio.it\/de\/?s={search_term_string}\"},\"query-input\":\"required name=search_term_string\"}],\"inLanguage\":\"de-DE\"},{\"@type\":\"Organization\",\"@id\":\"https:\/\/www.rimadesio.it\/de\/#organization\",\"name\":\"Rimadesio\",\"url\":\"https:\/\/www.rimadesio.it\/de\/\",\"logo\":{\"@type\":\"ImageObject\",\"inLanguage\":\"de-DE\",\"@id\":\"https:\/\/www.rimadesio.it\/de\/#\/schema\/logo\/image\/\",\"url\":\"https:\/\/static.rimadesio.it\/media\/2021\/08\/Logo.png\",\"contentUrl\":\"https:\/\/static.rimadesio.it\/media\/2021\/08\/Logo.png\",\"width\":102,\"height\":18,\"caption\":\"Rimadesio\"},\"image\":{\"@id\":\"https:\/\/www.rimadesio.it\/de\/#\/schema\/logo\/image\/\"}}]}<\/script>\n<!-- \/ Yoast SEO plugin. -->","yoast_head_json":{"title":"Rimadesio Project - Rimadesio","description":"Rimadesio project ist die Abteilung, die sich der Gro\u00dflieferung und Ausstattung von \u00f6ffentlichen Geb\u00e4uden, Hotels, Gemeinschaftsr\u00e4umen und allen Arten von","robots":{"index":"index","follow":"follow","max-snippet":"max-snippet:-1","max-image-preview":"max-image-preview:large","max-video-preview":"max-video-preview:-1"},"canonical":"https:\/\/www.rimadesio.it\/de\/rimadesio-project-2\/","og_locale":"de_DE","og_type":"article","og_title":"Rimadesio Project - Rimadesio","og_description":"Rimadesio project ist die Abteilung, die sich der Gro\u00dflieferung und Ausstattung von \u00f6ffentlichen Geb\u00e4uden, Hotels, Gemeinschaftsr\u00e4umen und allen Arten von","og_url":"https:\/\/www.rimadesio.it\/de\/rimadesio-project-2\/","og_site_name":"Rimadesio","article_modified_time":"2022-02-24T09:24:24+00:00","twitter_card":"summary_large_image","schema":{"@context":"https:\/\/schema.org","@graph":[{"@type":"WebPage","@id":"https:\/\/www.rimadesio.it\/de\/rimadesio-project-2\/","url":"https:\/\/www.rimadesio.it\/de\/rimadesio-project-2\/","name":"Rimadesio Project - Rimadesio","isPartOf":{"@id":"https:\/\/www.rimadesio.it\/de\/#website"},"datePublished":"2022-01-07T16:11:11+00:00","dateModified":"2022-02-24T09:24:24+00:00","description":"Rimadesio project ist die Abteilung, die sich der Gro\u00dflieferung und Ausstattung von \u00f6ffentlichen Geb\u00e4uden, Hotels, Gemeinschaftsr\u00e4umen und allen Arten von","breadcrumb":{"@id":"https:\/\/www.rimadesio.it\/de\/rimadesio-project-2\/#breadcrumb"},"inLanguage":"de-DE","potentialAction":[{"@type":"ReadAction","target":["https:\/\/www.rimadesio.it\/de\/rimadesio-project-2\/"]}]},{"@type":"BreadcrumbList","@id":"https:\/\/www.rimadesio.it\/de\/rimadesio-project-2\/#breadcrumb","itemListElement":[{"@type":"ListItem","position":1,"name":"Homepage","item":"https:\/\/www.rimadesio.it\/de\/"},{"@type":"ListItem","position":2,"name":"Rimadesio Project"}]},{"@type":"WebSite","@id":"https:\/\/www.rimadesio.it\/de\/#website","url":"https:\/\/www.rimadesio.it\/de\/","name":"Rimadesio","description":"Rimadesio official website","publisher":{"@id":"https:\/\/www.rimadesio.it\/de\/#organization"},"potentialAction":[{"@type":"SearchAction","target":{"@type":"EntryPoint","urlTemplate":"https:\/\/www.rimadesio.it\/de\/?s={search_term_string}"},"query-input":"required name=search_term_string"}],"inLanguage":"de-DE"},{"@type":"Organization","@id":"https:\/\/www.rimadesio.it\/de\/#organization","name":"Rimadesio","url":"https:\/\/www.rimadesio.it\/de\/","logo":{"@type":"ImageObject","inLanguage":"de-DE","@id":"https:\/\/www.rimadesio.it\/de\/#\/schema\/logo\/image\/","url":"https:\/\/static.rimadesio.it\/media\/2021\/08\/Logo.png","contentUrl":"https:\/\/static.rimadesio.it\/media\/2021\/08\/Logo.png","width":102,"height":18,"caption":"Rimadesio"},"image":{"@id":"https:\/\/www.rimadesio.it\/de\/#\/schema\/logo\/image\/"}}]}},"_links":{"self":[{"href":"https:\/\/www.rimadesio.it\/de\/wp-json\/wp\/v2\/pages\/149042"}],"collection":[{"href":"https:\/\/www.rimadesio.it\/de\/wp-json\/wp\/v2\/pages"}],"about":[{"href":"https:\/\/www.rimadesio.it\/de\/wp-json\/wp\/v2\/types\/page"}],"author":[{"embeddable":true,"href":"https:\/\/www.rimadesio.it\/de\/wp-json\/wp\/v2\/users\/65156"}],"replies":[{"embeddable":true,"href":"https:\/\/www.rimadesio.it\/de\/wp-json\/wp\/v2\/comments?post=149042"}],"version-history":[{"count":5,"href":"https:\/\/www.rimadesio.it\/de\/wp-json\/wp\/v2\/pages\/149042\/revisions"}],"predecessor-version":[{"id":153171,"href":"https:\/\/www.rimadesio.it\/de\/wp-json\/wp\/v2\/pages\/149042\/revisions\/153171"}],"wp:attachment":[{"href":"https:\/\/www.rimadesio.it\/de\/wp-json\/wp\/v2\/media?parent=149042"}],"curies":[{"name":"wp","href":"https:\/\/api.w.org\/{rel}","templated":true}]}}