{"id":146258,"date":"2022-01-01T15:15:03","date_gmt":"2022-01-01T14:15:03","guid":{"rendered":"https:\/\/www.rimadesio.it\/registrieren\/"},"modified":"2022-02-22T16:36:55","modified_gmt":"2022-02-22T15:36:55","slug":"register","status":"publish","type":"page","link":"https:\/\/www.rimadesio.it\/de\/register\/","title":{"rendered":"Registrieren"},"content":{"rendered":"<div class=\"tml tml-rimadesio_register\">\n<div class=\"tml-alerts\"><\/div><form name=\"rimadesio_register\" action=\"https:\/\/www.rimadesio.it\/de\/register\/\" method=\"post\" novalidate=\"novalidate\">\n<div class=\"tml-field-wrap tml-intro_text-wrap\">\nFelder, die mit * markiert sind, sind Pflichtfelder<\/div>\n\n<div class=\"rimadesio-register-grid\">\n<div class=\"tml-field-wrap tml-first_name-wrap\">\n<input name=\"first_name\" type=\"text\" value=\"\" id=\"first_name\" autocapitalize=\"off\" placeholder=\"Vorname*\" class=\"tml-field\">\n<\/div>\n\n<div class=\"tml-field-wrap tml-last_name-wrap\">\n<input name=\"last_name\" type=\"text\" value=\"\" id=\"last_name\" autocapitalize=\"off\" placeholder=\"Nachname*\" class=\"tml-field\">\n<\/div>\n\n<div class=\"tml-field-wrap tml-company-wrap\">\n<input name=\"company\" type=\"text\" value=\"\" id=\"company\" autocapitalize=\"off\" placeholder=\"Company\" required=\"\" class=\"tml-field\">\n<\/div>\n\n<div class=\"tml-field-wrap tml-work-wrap\">\n<select name=\"work\" id=\"work\" autocapitalize=\"off\" placeholder=\"Beruf*\" required=\"1\" class=\"tml-field\">\n<option value=\"\" selected=\"selected\">Job title*<\/option>\n<option value=\"Private\">Private<\/option>\n<option value=\"Architects_and_more\">Architects, Designer &amp; Developers<\/option>\n<option value=\"Dealers_and_more\">Dealers &amp; Distributors<\/option>\n<option value=\"Press\">Press<\/option>\n<\/select>\n<\/div>\n\n<div class=\"tml-field-wrap tml-phone-wrap\">\n<input name=\"phone\" type=\"text\" value=\"\" id=\"phone\" autocapitalize=\"off\" placeholder=\"Telefon\" class=\"tml-field\">\n<\/div>\n\n<div class=\"tml-field-wrap tml-email-wrap\">\n<input name=\"email\" type=\"email\" value=\"\" id=\"email\" autocapitalize=\"off\" placeholder=\"Email*\" class=\"tml-field\">\n<\/div>\n\n<div class=\"tml-field-wrap tml-autocomplete-wrap\">\n<input name=\"autocomplete\" type=\"text\" value=\"\" id=\"autocomplete\" placeholder=\"Stadt*\" class=\"tml-field\">\n<\/div>\n\n<input name=\"country_iso\" type=\"hidden\" value=\"\" id=\"country_iso\">\n\n<input name=\"country\" type=\"hidden\" value=\"\" id=\"country\">\n\n<input name=\"state\" type=\"hidden\" value=\"\" id=\"state\">\n\n<input name=\"postal_code\" type=\"hidden\" value=\"\" id=\"postal_code\">\n\n<input name=\"city\" type=\"hidden\" value=\"\" id=\"city\">\n\n<\/div>\n<div class=\"tml-field-wrap tml-register_privacy_text-wrap\">\nGem\u00e4\u00df den Artikeln 7, 13 und ff der EU-Verordnung 2016\/679 informiert Sie der Datenverantwortliche in Person des aktuellen gesetzlichen Vertreters auf Zeit der Rimadesio SpA mit Sitz in der Via Furlanelli 96 in Giussano (MB) dar\u00fcber, dass die Verarbeitung Ihrer elektronisch und manuell verarbeiteter Daten unter maximaler Vertraulichkeit auch in Hinsicht auf externe Parteien gem\u00e4\u00df Artikel 5.1 geschieht und folgenden Zwecken dient:\nA) damit verbundene administrative, buchhalterische und vorvertragliche T\u00e4tigkeiten, z.B. Datenerhebung zum Erhalt von Informationen, Katalogen nach der Veranstaltung\/ Ausstellung, an der Sie teilgenommen haben 6 par. 1, Bstb. b) DSGVO\nB) vorbehaltlich Ihrer Zustimmung bedarf und bis zu Ihrem Widerspruch, f\u00fcr Direktmarketing-Aktivit\u00e4ten durch den Datenverantwortlichen, z.B. Newsletter, Marktforschung, um Informationsmaterial \"auf automatisiertem Wege per E-Mail und Papierpost\" zu erhalten, zur Feststellung des Grads der Zufriedenheit, materielle Werbung oder im Zusammenhang mit Veranstaltungen und Initiativen des Eigent\u00fcmers dient - Art. 6 par. 1, Bstb. a) DSGVO - Einwilligung. Die Daten werden nicht weitergegeben, k\u00f6nnen jedoch an Dritte weitergegeben werden, einschlie\u00dflich zum Versenden von Werbemitteilungen. Die bereitgestellten personenbezogenen Daten k\u00f6nnen innerhalb der Grenzen und unter den in den Artikeln festgelegten Bedingungen au\u00dferhalb der EU \u00fcbermittelt werden. 44 und ff der EU-Verordnung 2016\/679, um die mit der \u00dcbertragung selbst verbundenen Zwecke zu erf\u00fcllen. Die erteilte Einwilligung k\u00f6nnen Sie ungeachtet des Zwecks A) jederzeit widerrufen. Auskunft \u00fcber die Dauer der Datenspeicherung und die Auftragsverarbeiter auf Anfrage. Die in den Artikeln genannten Rechte 15 ff der EU-Verordnung 2016\/679 k\u00f6nnen diese aus\u00fcben, indem Sie eine E-Mail an <a href=\"mailto:privacy@rimadesio.it\"> privacy@rimadesio.it<\/a> senden. Die erweiterten Informationen sind am Informationsschalter oder per E-Mail unter <a href=\"mailto:privacy@rimadesio.it\">privacy@rimadesio.it<\/a> erh\u00e4ltlich.<\/div>\n\n<div class=\"tml-field-wrap tml-register_password-wrap\">\n<span class=\"tml-label\">Acconsento al trattamento dei dati per la creazione e comunicazione di password di accesso<\/span>\n<input name=\"register_password\" id=\"register_password_1\" type=\"radio\" value=\"1\" class=\"tml-checkbox\">\n<label class=\"tml-label\" for=\"register_password_1\">Ich stimme zu<\/label>\n<br \/><input name=\"register_password\" id=\"register_password_0\" type=\"radio\" value=\"0\" class=\"tml-checkbox\">\n<label class=\"tml-label\" for=\"register_password_0\">ich stimme nicht zu<\/label>\n<\/div>\n\n<div class=\"tml-field-wrap tml-register_newsletter-wrap\">\n<span class=\"tml-label\">Acconsento al trattamento dei miei dati personali per finalit\u00e0 di marketing e di invio di comunicazioni commerciali di Rimadesio S.p.A.<\/span>\n<input name=\"register_newsletter\" id=\"register_newsletter_1\" type=\"radio\" value=\"1\" class=\"tml-checkbox\">\n<label class=\"tml-label\" for=\"register_newsletter_1\">Ich stimme zu<\/label>\n<br \/><input name=\"register_newsletter\" id=\"register_newsletter_0\" type=\"radio\" value=\"0\" class=\"tml-checkbox\">\n<label class=\"tml-label\" for=\"register_newsletter_0\">ich stimme nicht zu<\/label>\n<\/div>\n\n<div class=\"tml-field-wrap tml-register_profilazione-wrap\">\n<span class=\"tml-label\">Acconsento al trattamento dei miei dati personali per individuare e definire i gusti, le preferenze, le abitudini, i bisogni e le scelte di consumo della mia persona (\u201cprofilazione\u201d)<\/span>\n<input name=\"register_profilazione\" id=\"register_profilazione_1\" type=\"radio\" value=\"1\" class=\"tml-checkbox\">\n<label class=\"tml-label\" for=\"register_profilazione_1\">Ich stimme zu<\/label>\n<br \/><input name=\"register_profilazione\" id=\"register_profilazione_0\" type=\"radio\" value=\"0\" class=\"tml-checkbox\">\n<label class=\"tml-label\" for=\"register_profilazione_0\">ich stimme nicht zu<\/label>\n<\/div>\n\n<div class=\"tml-field-wrap tml-recaptcha-wrap\">\n<div class=\"g-recaptcha\" data-sitekey=\"6Lc1mj8kAAAAADixcXyOUGuWTfTBQrNX2ZQfPKE8\" data-theme=\"light\"><\/div><\/div>\n\n\n<div class=\"tml-field-wrap tml-submit-wrap\">\n<button name=\"submit\" type=\"submit\" class=\"tml-button\">Anmelden<\/button>\n<\/div>\n\n<input name=\"redirect_to\" type=\"hidden\" value=\"https:\/\/www.rimadesio.it\/de\/reserved-area\/\">\n\n<input name=\"form_name_register\" type=\"hidden\" value=\"register_form\">\n\n<\/form>\n<\/div>\n\n","protected":false},"excerpt":{"rendered":"","protected":false},"author":64297,"featured_media":0,"parent":0,"menu_order":308,"comment_status":"closed","ping_status":"closed","template":"template-register-login.php","meta":{"inline_featured_image":false},"acf":[],"yoast_head":"<!-- This site is optimized with the Yoast SEO plugin v20.4 - https:\/\/yoast.com\/wordpress\/plugins\/seo\/ -->\n<title>Registrieren - Rimadesio<\/title>\n<meta name=\"robots\" content=\"index, follow, max-snippet:-1, max-image-preview:large, max-video-preview:-1\" \/>\n<link rel=\"canonical\" href=\"https:\/\/www.rimadesio.it\/de\/register\/\" \/>\n<meta property=\"og:locale\" content=\"de_DE\" \/>\n<meta property=\"og:type\" content=\"article\" \/>\n<meta property=\"og:title\" content=\"Registrieren - Rimadesio\" \/>\n<meta property=\"og:url\" content=\"https:\/\/www.rimadesio.it\/de\/register\/\" \/>\n<meta property=\"og:site_name\" content=\"Rimadesio\" \/>\n<meta property=\"article:modified_time\" content=\"2022-02-22T15:36:55+00:00\" \/>\n<meta name=\"twitter:card\" content=\"summary_large_image\" \/>\n<script type=\"application\/ld+json\" class=\"yoast-schema-graph\">{\"@context\":\"https:\/\/schema.org\",\"@graph\":[{\"@type\":\"WebPage\",\"@id\":\"https:\/\/www.rimadesio.it\/de\/register\/\",\"url\":\"https:\/\/www.rimadesio.it\/de\/register\/\",\"name\":\"Registrieren - Rimadesio\",\"isPartOf\":{\"@id\":\"https:\/\/www.rimadesio.it\/de\/#website\"},\"datePublished\":\"2022-01-01T14:15:03+00:00\",\"dateModified\":\"2022-02-22T15:36:55+00:00\",\"breadcrumb\":{\"@id\":\"https:\/\/www.rimadesio.it\/de\/register\/#breadcrumb\"},\"inLanguage\":\"de-DE\",\"potentialAction\":[{\"@type\":\"ReadAction\",\"target\":[\"https:\/\/www.rimadesio.it\/de\/register\/\"]}]},{\"@type\":\"BreadcrumbList\",\"@id\":\"https:\/\/www.rimadesio.it\/de\/register\/#breadcrumb\",\"itemListElement\":[{\"@type\":\"ListItem\",\"position\":1,\"name\":\"Homepage\",\"item\":\"https:\/\/www.rimadesio.it\/de\/\"},{\"@type\":\"ListItem\",\"position\":2,\"name\":\"Registrieren\"}]},{\"@type\":\"WebSite\",\"@id\":\"https:\/\/www.rimadesio.it\/de\/#website\",\"url\":\"https:\/\/www.rimadesio.it\/de\/\",\"name\":\"Rimadesio\",\"description\":\"Rimadesio official website\",\"publisher\":{\"@id\":\"https:\/\/www.rimadesio.it\/de\/#organization\"},\"potentialAction\":[{\"@type\":\"SearchAction\",\"target\":{\"@type\":\"EntryPoint\",\"urlTemplate\":\"https:\/\/www.rimadesio.it\/de\/?s={search_term_string}\"},\"query-input\":\"required name=search_term_string\"}],\"inLanguage\":\"de-DE\"},{\"@type\":\"Organization\",\"@id\":\"https:\/\/www.rimadesio.it\/de\/#organization\",\"name\":\"Rimadesio\",\"url\":\"https:\/\/www.rimadesio.it\/de\/\",\"logo\":{\"@type\":\"ImageObject\",\"inLanguage\":\"de-DE\",\"@id\":\"https:\/\/www.rimadesio.it\/de\/#\/schema\/logo\/image\/\",\"url\":\"https:\/\/static.rimadesio.it\/media\/2021\/08\/Logo.png\",\"contentUrl\":\"https:\/\/static.rimadesio.it\/media\/2021\/08\/Logo.png\",\"width\":102,\"height\":18,\"caption\":\"Rimadesio\"},\"image\":{\"@id\":\"https:\/\/www.rimadesio.it\/de\/#\/schema\/logo\/image\/\"}}]}<\/script>\n<!-- \/ Yoast SEO plugin. -->","yoast_head_json":{"title":"Registrieren - Rimadesio","robots":{"index":"index","follow":"follow","max-snippet":"max-snippet:-1","max-image-preview":"max-image-preview:large","max-video-preview":"max-video-preview:-1"},"canonical":"https:\/\/www.rimadesio.it\/de\/register\/","og_locale":"de_DE","og_type":"article","og_title":"Registrieren - Rimadesio","og_url":"https:\/\/www.rimadesio.it\/de\/register\/","og_site_name":"Rimadesio","article_modified_time":"2022-02-22T15:36:55+00:00","twitter_card":"summary_large_image","schema":{"@context":"https:\/\/schema.org","@graph":[{"@type":"WebPage","@id":"https:\/\/www.rimadesio.it\/de\/register\/","url":"https:\/\/www.rimadesio.it\/de\/register\/","name":"Registrieren - Rimadesio","isPartOf":{"@id":"https:\/\/www.rimadesio.it\/de\/#website"},"datePublished":"2022-01-01T14:15:03+00:00","dateModified":"2022-02-22T15:36:55+00:00","breadcrumb":{"@id":"https:\/\/www.rimadesio.it\/de\/register\/#breadcrumb"},"inLanguage":"de-DE","potentialAction":[{"@type":"ReadAction","target":["https:\/\/www.rimadesio.it\/de\/register\/"]}]},{"@type":"BreadcrumbList","@id":"https:\/\/www.rimadesio.it\/de\/register\/#breadcrumb","itemListElement":[{"@type":"ListItem","position":1,"name":"Homepage","item":"https:\/\/www.rimadesio.it\/de\/"},{"@type":"ListItem","position":2,"name":"Registrieren"}]},{"@type":"WebSite","@id":"https:\/\/www.rimadesio.it\/de\/#website","url":"https:\/\/www.rimadesio.it\/de\/","name":"Rimadesio","description":"Rimadesio official website","publisher":{"@id":"https:\/\/www.rimadesio.it\/de\/#organization"},"potentialAction":[{"@type":"SearchAction","target":{"@type":"EntryPoint","urlTemplate":"https:\/\/www.rimadesio.it\/de\/?s={search_term_string}"},"query-input":"required name=search_term_string"}],"inLanguage":"de-DE"},{"@type":"Organization","@id":"https:\/\/www.rimadesio.it\/de\/#organization","name":"Rimadesio","url":"https:\/\/www.rimadesio.it\/de\/","logo":{"@type":"ImageObject","inLanguage":"de-DE","@id":"https:\/\/www.rimadesio.it\/de\/#\/schema\/logo\/image\/","url":"https:\/\/static.rimadesio.it\/media\/2021\/08\/Logo.png","contentUrl":"https:\/\/static.rimadesio.it\/media\/2021\/08\/Logo.png","width":102,"height":18,"caption":"Rimadesio"},"image":{"@id":"https:\/\/www.rimadesio.it\/de\/#\/schema\/logo\/image\/"}}]}},"_links":{"self":[{"href":"https:\/\/www.rimadesio.it\/de\/wp-json\/wp\/v2\/pages\/146258"}],"collection":[{"href":"https:\/\/www.rimadesio.it\/de\/wp-json\/wp\/v2\/pages"}],"about":[{"href":"https:\/\/www.rimadesio.it\/de\/wp-json\/wp\/v2\/types\/page"}],"author":[{"embeddable":true,"href":"https:\/\/www.rimadesio.it\/de\/wp-json\/wp\/v2\/users\/64297"}],"replies":[{"embeddable":true,"href":"https:\/\/www.rimadesio.it\/de\/wp-json\/wp\/v2\/comments?post=146258"}],"version-history":[{"count":1,"href":"https:\/\/www.rimadesio.it\/de\/wp-json\/wp\/v2\/pages\/146258\/revisions"}],"predecessor-version":[{"id":152885,"href":"https:\/\/www.rimadesio.it\/de\/wp-json\/wp\/v2\/pages\/146258\/revisions\/152885"}],"wp:attachment":[{"href":"https:\/\/www.rimadesio.it\/de\/wp-json\/wp\/v2\/media?parent=146258"}],"curies":[{"name":"wp","href":"https:\/\/api.w.org\/{rel}","templated":true}]}}