{"id":146092,"date":"2022-01-01T09:34:55","date_gmt":"2022-01-01T08:34:55","guid":{"rendered":"https:\/\/www.rimadesio.it\/ausfuhrungskollektion\/"},"modified":"2022-02-17T17:35:23","modified_gmt":"2022-02-17T16:35:23","slug":"ausfuhrungskollektion","status":"publish","type":"page","link":"https:\/\/www.rimadesio.it\/de\/philosophie\/ausfuhrungskollektion\/","title":{"rendered":"Ausf\u00fchrungskollektion"},"content":{"rendered":"<p>Heute kommen zu Glas und Aluminium neue Materialien hinzu, die nach pr\u00e4ziser Logik ausgew\u00e4hlt werden. Bei Marmor, Holzen und Stoffen handelt es sich um Kriterien stilistischer und \u00e4sthetischer Natur. Bei neuen Konzeptvorschl\u00e4gen wie Litech, Kunstleder und Melamin, hingegen, steht der Umweltschutz im Vordergrund.<\/p>\n","protected":false},"excerpt":{"rendered":"<p>Heute kommen zu Glas und Aluminium neue Materialien hinzu, die nach pr\u00e4ziser Logik ausgew\u00e4hlt werden. Bei Marmor, Holzen und Stoffen handelt es sich um Kriterien stilistischer und \u00e4sthetischer Natur. Bei neuen Konzeptvorschl\u00e4gen wie Litech, Kunstleder und Melamin, hingegen, steht der Umweltschutz im Vordergrund.<\/p>\n","protected":false},"author":65156,"featured_media":142257,"parent":151289,"menu_order":310,"comment_status":"closed","ping_status":"closed","template":"","meta":{"inline_featured_image":false},"acf":[],"yoast_head":"<!-- This site is optimized with the Yoast SEO plugin v20.4 - https:\/\/yoast.com\/wordpress\/plugins\/seo\/ -->\n<title>Ausf\u00fchrungskollektion - Rimadesio<\/title>\n<meta name=\"description\" content=\"Heute kommen zu Glas und Aluminium neue Materialien hinzu, die nach pr\u00e4ziser Logik ausgew\u00e4hlt werden. Bei Marmor, Holzen und Stoffen handelt es sich um\" \/>\n<meta name=\"robots\" content=\"index, follow, max-snippet:-1, max-image-preview:large, max-video-preview:-1\" \/>\n<link rel=\"canonical\" href=\"https:\/\/www.rimadesio.it\/de\/philosophie\/ausfuhrungskollektion\/\" \/>\n<meta property=\"og:locale\" content=\"de_DE\" \/>\n<meta property=\"og:type\" content=\"article\" \/>\n<meta property=\"og:title\" content=\"Ausf\u00fchrungskollektion - Rimadesio\" \/>\n<meta property=\"og:description\" content=\"Heute kommen zu Glas und Aluminium neue Materialien hinzu, die nach pr\u00e4ziser Logik ausgew\u00e4hlt werden. Bei Marmor, Holzen und Stoffen handelt es sich um\" \/>\n<meta property=\"og:url\" content=\"https:\/\/www.rimadesio.it\/de\/philosophie\/ausfuhrungskollektion\/\" \/>\n<meta property=\"og:site_name\" content=\"Rimadesio\" \/>\n<meta property=\"article:modified_time\" content=\"2022-02-17T16:35:23+00:00\" \/>\n<meta property=\"og:image\" content=\"https:\/\/static.rimadesio.it\/media\/2021\/08\/5-rimadesio-materialifiniture.jpg\" \/>\n\t<meta property=\"og:image:width\" content=\"1920\" \/>\n\t<meta property=\"og:image:height\" content=\"1280\" \/>\n\t<meta property=\"og:image:type\" content=\"image\/jpeg\" \/>\n<meta name=\"twitter:card\" content=\"summary_large_image\" \/>\n<script type=\"application\/ld+json\" class=\"yoast-schema-graph\">{\"@context\":\"https:\/\/schema.org\",\"@graph\":[{\"@type\":\"WebPage\",\"@id\":\"https:\/\/www.rimadesio.it\/de\/philosophie\/ausfuhrungskollektion\/\",\"url\":\"https:\/\/www.rimadesio.it\/de\/philosophie\/ausfuhrungskollektion\/\",\"name\":\"Ausf\u00fchrungskollektion - Rimadesio\",\"isPartOf\":{\"@id\":\"https:\/\/www.rimadesio.it\/de\/#website\"},\"datePublished\":\"2022-01-01T08:34:55+00:00\",\"dateModified\":\"2022-02-17T16:35:23+00:00\",\"description\":\"Heute kommen zu Glas und Aluminium neue Materialien hinzu, die nach pr\u00e4ziser Logik ausgew\u00e4hlt werden. Bei Marmor, Holzen und Stoffen handelt es sich um\",\"breadcrumb\":{\"@id\":\"https:\/\/www.rimadesio.it\/de\/philosophie\/ausfuhrungskollektion\/#breadcrumb\"},\"inLanguage\":\"de-DE\",\"potentialAction\":[{\"@type\":\"ReadAction\",\"target\":[\"https:\/\/www.rimadesio.it\/de\/philosophie\/ausfuhrungskollektion\/\"]}]},{\"@type\":\"BreadcrumbList\",\"@id\":\"https:\/\/www.rimadesio.it\/de\/philosophie\/ausfuhrungskollektion\/#breadcrumb\",\"itemListElement\":[{\"@type\":\"ListItem\",\"position\":1,\"name\":\"Homepage\",\"item\":\"https:\/\/www.rimadesio.it\/de\/\"},{\"@type\":\"ListItem\",\"position\":2,\"name\":\"Philosophie\",\"item\":\"https:\/\/www.rimadesio.it\/de\/philosophie\/\"},{\"@type\":\"ListItem\",\"position\":3,\"name\":\"Ausf\u00fchrungskollektion\"}]},{\"@type\":\"WebSite\",\"@id\":\"https:\/\/www.rimadesio.it\/de\/#website\",\"url\":\"https:\/\/www.rimadesio.it\/de\/\",\"name\":\"Rimadesio\",\"description\":\"Rimadesio official website\",\"publisher\":{\"@id\":\"https:\/\/www.rimadesio.it\/de\/#organization\"},\"potentialAction\":[{\"@type\":\"SearchAction\",\"target\":{\"@type\":\"EntryPoint\",\"urlTemplate\":\"https:\/\/www.rimadesio.it\/de\/?s={search_term_string}\"},\"query-input\":\"required name=search_term_string\"}],\"inLanguage\":\"de-DE\"},{\"@type\":\"Organization\",\"@id\":\"https:\/\/www.rimadesio.it\/de\/#organization\",\"name\":\"Rimadesio\",\"url\":\"https:\/\/www.rimadesio.it\/de\/\",\"logo\":{\"@type\":\"ImageObject\",\"inLanguage\":\"de-DE\",\"@id\":\"https:\/\/www.rimadesio.it\/de\/#\/schema\/logo\/image\/\",\"url\":\"https:\/\/static.rimadesio.it\/media\/2021\/08\/Logo.png\",\"contentUrl\":\"https:\/\/static.rimadesio.it\/media\/2021\/08\/Logo.png\",\"width\":102,\"height\":18,\"caption\":\"Rimadesio\"},\"image\":{\"@id\":\"https:\/\/www.rimadesio.it\/de\/#\/schema\/logo\/image\/\"}}]}<\/script>\n<!-- \/ Yoast SEO plugin. -->","yoast_head_json":{"title":"Ausf\u00fchrungskollektion - Rimadesio","description":"Heute kommen zu Glas und Aluminium neue Materialien hinzu, die nach pr\u00e4ziser Logik ausgew\u00e4hlt werden. Bei Marmor, Holzen und Stoffen handelt es sich um","robots":{"index":"index","follow":"follow","max-snippet":"max-snippet:-1","max-image-preview":"max-image-preview:large","max-video-preview":"max-video-preview:-1"},"canonical":"https:\/\/www.rimadesio.it\/de\/philosophie\/ausfuhrungskollektion\/","og_locale":"de_DE","og_type":"article","og_title":"Ausf\u00fchrungskollektion - Rimadesio","og_description":"Heute kommen zu Glas und Aluminium neue Materialien hinzu, die nach pr\u00e4ziser Logik ausgew\u00e4hlt werden. Bei Marmor, Holzen und Stoffen handelt es sich um","og_url":"https:\/\/www.rimadesio.it\/de\/philosophie\/ausfuhrungskollektion\/","og_site_name":"Rimadesio","article_modified_time":"2022-02-17T16:35:23+00:00","og_image":[{"width":1920,"height":1280,"url":"https:\/\/static.rimadesio.it\/media\/2021\/08\/5-rimadesio-materialifiniture.jpg","type":"image\/jpeg"}],"twitter_card":"summary_large_image","schema":{"@context":"https:\/\/schema.org","@graph":[{"@type":"WebPage","@id":"https:\/\/www.rimadesio.it\/de\/philosophie\/ausfuhrungskollektion\/","url":"https:\/\/www.rimadesio.it\/de\/philosophie\/ausfuhrungskollektion\/","name":"Ausf\u00fchrungskollektion - Rimadesio","isPartOf":{"@id":"https:\/\/www.rimadesio.it\/de\/#website"},"datePublished":"2022-01-01T08:34:55+00:00","dateModified":"2022-02-17T16:35:23+00:00","description":"Heute kommen zu Glas und Aluminium neue Materialien hinzu, die nach pr\u00e4ziser Logik ausgew\u00e4hlt werden. Bei Marmor, Holzen und Stoffen handelt es sich um","breadcrumb":{"@id":"https:\/\/www.rimadesio.it\/de\/philosophie\/ausfuhrungskollektion\/#breadcrumb"},"inLanguage":"de-DE","potentialAction":[{"@type":"ReadAction","target":["https:\/\/www.rimadesio.it\/de\/philosophie\/ausfuhrungskollektion\/"]}]},{"@type":"BreadcrumbList","@id":"https:\/\/www.rimadesio.it\/de\/philosophie\/ausfuhrungskollektion\/#breadcrumb","itemListElement":[{"@type":"ListItem","position":1,"name":"Homepage","item":"https:\/\/www.rimadesio.it\/de\/"},{"@type":"ListItem","position":2,"name":"Philosophie","item":"https:\/\/www.rimadesio.it\/de\/philosophie\/"},{"@type":"ListItem","position":3,"name":"Ausf\u00fchrungskollektion"}]},{"@type":"WebSite","@id":"https:\/\/www.rimadesio.it\/de\/#website","url":"https:\/\/www.rimadesio.it\/de\/","name":"Rimadesio","description":"Rimadesio official website","publisher":{"@id":"https:\/\/www.rimadesio.it\/de\/#organization"},"potentialAction":[{"@type":"SearchAction","target":{"@type":"EntryPoint","urlTemplate":"https:\/\/www.rimadesio.it\/de\/?s={search_term_string}"},"query-input":"required name=search_term_string"}],"inLanguage":"de-DE"},{"@type":"Organization","@id":"https:\/\/www.rimadesio.it\/de\/#organization","name":"Rimadesio","url":"https:\/\/www.rimadesio.it\/de\/","logo":{"@type":"ImageObject","inLanguage":"de-DE","@id":"https:\/\/www.rimadesio.it\/de\/#\/schema\/logo\/image\/","url":"https:\/\/static.rimadesio.it\/media\/2021\/08\/Logo.png","contentUrl":"https:\/\/static.rimadesio.it\/media\/2021\/08\/Logo.png","width":102,"height":18,"caption":"Rimadesio"},"image":{"@id":"https:\/\/www.rimadesio.it\/de\/#\/schema\/logo\/image\/"}}]}},"_links":{"self":[{"href":"https:\/\/www.rimadesio.it\/de\/wp-json\/wp\/v2\/pages\/146092"}],"collection":[{"href":"https:\/\/www.rimadesio.it\/de\/wp-json\/wp\/v2\/pages"}],"about":[{"href":"https:\/\/www.rimadesio.it\/de\/wp-json\/wp\/v2\/types\/page"}],"author":[{"embeddable":true,"href":"https:\/\/www.rimadesio.it\/de\/wp-json\/wp\/v2\/users\/65156"}],"replies":[{"embeddable":true,"href":"https:\/\/www.rimadesio.it\/de\/wp-json\/wp\/v2\/comments?post=146092"}],"version-history":[{"count":1,"href":"https:\/\/www.rimadesio.it\/de\/wp-json\/wp\/v2\/pages\/146092\/revisions"}],"predecessor-version":[{"id":152667,"href":"https:\/\/www.rimadesio.it\/de\/wp-json\/wp\/v2\/pages\/146092\/revisions\/152667"}],"up":[{"embeddable":true,"href":"https:\/\/www.rimadesio.it\/de\/wp-json\/wp\/v2\/pages\/151289"}],"wp:featuredmedia":[{"embeddable":true,"href":"https:\/\/www.rimadesio.it\/de\/wp-json\/wp\/v2\/media\/142257"}],"wp:attachment":[{"href":"https:\/\/www.rimadesio.it\/de\/wp-json\/wp\/v2\/media?parent=146092"}],"curies":[{"name":"wp","href":"https:\/\/api.w.org\/{rel}","templated":true}]}}